{"id":663,"date":"2020-06-10T13:00:34","date_gmt":"2020-06-10T11:00:34","guid":{"rendered":"http:\/\/agora.xtec.cat\/iessantaeugenia\/?page_id=663"},"modified":"2025-02-21T13:38:26","modified_gmt":"2025-02-21T12:38:26","slug":"ampa","status":"publish","type":"page","link":"https:\/\/agora.xtec.cat\/iessantaeugenia\/ampa\/","title":{"rendered":"Associaci\u00f3 de Mares i Pares d&#8217;Alumnes (AMPA)"},"content":{"rendered":"<p>L&#8217;<strong>Associaci\u00f3 de Mares i Pares d&#8217;Alumnes (AMPA)<\/strong> de l&#8217;Institut Santa Eug\u00e8nia\u00a0facilita la participaci\u00f3 de les fam\u00edlies en les activitats del centre, afavorint el contacte i la comunicaci\u00f3, per promoure aix\u00ed el sentiment de pertinen\u00e7a a la comunitat educativa.<\/p>\n<p>L&#8217;AMPA necessita fam\u00edlies que col\u00b7laborin. Contacteu si us plau indicant el tel\u00e8fon de contacte escrivint a\u00a0<strong><a href=\"mailto:ampainstitutsantaeugenia@gmail.com\" target=\"_blank\" rel=\"noopener noreferrer\">ampainstitutsantaeugenia@gmail.com<\/a><\/strong><\/p>\n<p><a href=\"https:\/\/drive.google.com\/file\/d\/1BxpPzJpQLVTdRK9CSybn7lGgL2uQDdsk\/view?usp=sharing\" target=\"_blank\" rel=\"noopener\"><span style=\"color: #000000;\"><b>CARTA INFORMATIVA DE L&#8217;ASSOCIACI\u00d3 DE MARES I PARES (AMPA) PER L&#8217;ADQUISICI\u00d3 DE LLIBRES DE TEXT<\/b><\/span><\/a><\/p>\n<h3 style=\"text-align: left;\"><strong><span style=\"color: #ff0000;\"><a href=\"https:\/\/drive.google.com\/file\/d\/1Tj-F0-tn_rkl9pIcGRx0mNWDP21IDqF2\/view?usp=sharing\" target=\"_blank\" rel=\"noopener\">PRESENTACI\u00d3 DE L&#8217;AMPA DE L&#8217;INSTITUT SANTA EUG\u00c8NIA<\/a><\/span><\/strong><\/h3>\n","protected":false},"excerpt":{"rendered":"<p>L&#8217;Associaci\u00f3 de Mares i Pares d&#8217;Alumnes (AMPA) de l&#8217;Institut Santa Eug\u00e8nia\u00a0facilita la participaci\u00f3 de les fam\u00edlies en les activitats del centre, afavorint el contacte i la comunicaci\u00f3, per promoure aix\u00ed el sentiment de pertinen\u00e7a a la comunitat educativa.<br \/>\nL&#8217;AMPA necessita fam\u00edlies que col\u00b7laborin. Contacteu si us&hellip;  <a href=\"https:\/\/agora.xtec.cat\/iessantaeugenia\/ampa\/\" title=\"Read Associaci\u00f3 de Mares i Pares d&#8217;Alumnes (AMPA)\">Llegeix m\u00e9s\u00bb<\/a><\/p>\n","protected":false},"author":1,"featured_media":0,"parent":0,"menu_order":3,"comment_status":"closed","ping_status":"closed","template":"page-templates\/side-menu.php","meta":{"_bbp_topic_count":0,"_bbp_reply_count":0,"_bbp_total_topic_count":0,"_bbp_total_reply_count":0,"_bbp_voice_count":0,"_bbp_anonymous_reply_count":0,"_bbp_topic_count_hidden":0,"_bbp_reply_count_hidden":0,"_bbp_forum_subforum_count":0,"footnotes":""},"class_list":["post-663","page","type-page","status-publish","hentry"],"post_mailing_queue_ids":[],"_links":{"self":[{"href":"https:\/\/agora.xtec.cat\/iessantaeugenia\/wp-json\/wp\/v2\/pages\/663","targetHints":{"allow":["GET"]}}],"collection":[{"href":"https:\/\/agora.xtec.cat\/iessantaeugenia\/wp-json\/wp\/v2\/pages"}],"about":[{"href":"https:\/\/agora.xtec.cat\/iessantaeugenia\/wp-json\/wp\/v2\/types\/page"}],"author":[{"embeddable":true,"href":"https:\/\/agora.xtec.cat\/iessantaeugenia\/wp-json\/wp\/v2\/users\/1"}],"replies":[{"embeddable":true,"href":"https:\/\/agora.xtec.cat\/iessantaeugenia\/wp-json\/wp\/v2\/comments?post=663"}],"version-history":[{"count":4,"href":"https:\/\/agora.xtec.cat\/iessantaeugenia\/wp-json\/wp\/v2\/pages\/663\/revisions"}],"predecessor-version":[{"id":12118,"href":"https:\/\/agora.xtec.cat\/iessantaeugenia\/wp-json\/wp\/v2\/pages\/663\/revisions\/12118"}],"wp:attachment":[{"href":"https:\/\/agora.xtec.cat\/iessantaeugenia\/wp-json\/wp\/v2\/media?parent=663"}],"curies":[{"name":"wp","href":"https:\/\/api.w.org\/{rel}","templated":true}]}}