{"id":656,"date":"2020-06-10T13:05:19","date_gmt":"2020-06-10T11:05:19","guid":{"rendered":"http:\/\/agora.xtec.cat\/iessantaeugenia\/?page_id=656"},"modified":"2022-03-09T11:23:56","modified_gmt":"2022-03-09T10:23:56","slug":"titols-sollicituds-i-beques","status":"publish","type":"page","link":"https:\/\/agora.xtec.cat\/iessantaeugenia\/secretaria\/titols-sollicituds-i-beques\/","title":{"rendered":"Tramitaci\u00f3 de t\u00edtols"},"content":{"rendered":"<p>La\u00a0<strong>Secretaria\u00a0<\/strong>de l\u2019Institut Santa Eug\u00e8nia gestiona la sol\u00b7licitud i recollida de t\u00edtols acad\u00e8mics.<\/p>\n<h5 id=\"titolApartat\"><strong>TRAMITACI\u00d3 I RECOLLIDA DE T\u00cdTOLS<\/strong><\/h5>\n<div id=\"contingutApartat\">\n<div id=\"textApartat\">\n<p align=\"justify\"><strong><em>Com es fa la sol\u00b7licitud?<\/em><\/strong><\/p>\n<div align=\"justify\">\n<ul>\n<li>Un cop finalitzats els estudis postobligatoris, l\u2019alumne\/a ha de presentar la <span style=\"text-decoration: underline;\"><strong><a href=\"https:\/\/drive.google.com\/file\/d\/1K2qI4do8CsJArIMHC_6630rY2THfI4sT\/view?usp=sharing\">SOL\u00b7LICITUD T\u00cdTOL<\/a>,<\/strong><\/span> presencialment a secretaria o b\u00e9 al correu <strong>secretaria@isantaeugenia.cat<\/strong> signat digitalment.<\/li>\n<li>En aquest moment, a Secretaria, us facilitaran l\u2019impr\u00e8s per anar a pagar les taxes del t\u00edtol. El cost est\u00e0 en funci\u00f3 dels estudis cursats<\/li>\n<li>Un cop pagades les taxes i presentada la documentaci\u00f3 necess\u00e0ria, es lliurar\u00e0 a l\u2019alumne\/a un resguard del t\u00edtol, que \u00e9s v\u00e0lid fins que es rebi el t\u00edtol oficial. Cal conservar aquest resguard ja que \u00e9s necessari a l&#8217;hora de recollir el t\u00edtol.<\/li>\n<li>La documentaci\u00f3 que cal presentar \u00e9s <strong>l\u2019original i la fotoc\u00f2pia del DNI\/NIE.<\/strong><\/li>\n<li>En el cas de tenir dret a<strong>\u00a0exempci\u00f3 o reducci\u00f3 de les taxes\u00a0<\/strong>d&#8217;expedici\u00f3 del t\u00edtol, caldr\u00e0 aportar el\u00a0<strong>document original que\u00a0<u>haur\u00e0 d&#8217;estar vigent<\/u><\/strong>, per tal d&#8217;acreditar la condici\u00f3 que hi d\u00f3na dret<\/li>\n<\/ul>\n<div>\n<p><strong><em>Qui t\u00e9 dret a una exempci\u00f3?<\/em><\/strong><\/p>\n<\/div>\n<\/div>\n<\/div>\n<div><\/div>\n<div id=\"textApartat\">\n<div align=\"justify\">\n<div>\n<ul>\n<li>Persones que acreditin una discapacitat igual o superior al 33%<\/li>\n<li>Persones que formin part d&#8217;una fam\u00edlia nombrosa de categoria especial<\/li>\n<li>V\u00edctimes d&#8217;actes terroristes, aix\u00ed com els seus c\u00f2njuges i fills<\/li>\n<\/ul>\n<div>\n<p><strong><em>Qui t\u00e9 dret a una redacci\u00f3 del 50%?<\/em><\/strong><\/p>\n<ul>\n<li>Persones que formin part d&#8217;una fam\u00edlia nombrosa de car\u00e0cter general i les fam\u00edlies monoparentals.<\/li>\n<\/ul>\n<p><em style=\"font-family: inherit; font-size: 1em;\">Les fam\u00edlies monoparentals tenen un m\u00e0xim de reducci\u00f3 del 50%, tant si s\u00f3n de categoria general com de categoria especial.<\/em><\/p>\n<\/div>\n<\/div>\n<div>\n<p><em>No obstant, si aquesta fam\u00edlia monoparental t\u00e9 tamb\u00e9 el carnet de fam\u00edlia nombrosa de categoria especial, tindr\u00e0 una reducci\u00f3 del 100%, \u00e9s a dir, l&#8217;exempci\u00f3 total<\/em><\/p>\n<\/div>\n<\/div>\n<p><strong><em>Com es recull el t\u00edtol?<\/em><\/strong><\/p>\n<ul>\n<li>Quan el t\u00edtol arriba a l\u2019Institut, s\u2019avisa a l\u2019interessat\/da mitjan\u00e7ant correu postal al domicili que consta al seu expedient acad\u00e8mic, indicant-li que ja pot passar a recollir-lo.<\/li>\n<li>En rebre aquest av\u00eds, cal adre\u00e7ar-se a la Secretaria del\u00a0 centre per poder recollir el t\u00edtol. \u00c9s imprescindible presentar el resguard del t\u00edtol i el DNI\/NIE.<\/li>\n<li>En el cas que la persona interessada no pugui recollir el t\u00edtol personalment, pot autoritzar a alg\u00fa altre que ho faci en nom seu. En aquest cas, caldr\u00e0 portar l\u2019 <span style=\"text-decoration: underline;\"><strong><a href=\"https:\/\/drive.google.com\/file\/d\/10648WcHHV51NpJCbbuQZ_54QH8D-q4Cw\/view?usp=sharing\" target=\"_blank\" rel=\"noopener\">AUTORITZACI\u00d3 PER AL LLIURAMENT D&#8217;UN T\u00cdTOL<\/a><\/strong><\/span> signat i l\u2019original i fotoc\u00f2pia del DNI\/NIE de la persona interessada i de la que vingui a fer el tr\u00e0mit.<\/li>\n<\/ul>\n<p><strong><em>Com es pot sol\u00b7licitar un duplicat de t\u00edtol?<\/em><\/strong><\/p>\n<ul>\n<li>Per sol\u00b7licitar un duplicat del t\u00edtol s&#8217;ha de seguir els mateixos passos que per la sol\u00b7licitud del t\u00edtol per\u00f2 amb la <span style=\"text-decoration: underline;\"><strong><a href=\"https:\/\/drive.google.com\/file\/d\/1Ic2Fn4dDS2HZe00C7xIvMBTcrJ45dY_l\/view?usp=sharing\">SOL\u00b7LICITUD DUPLICAT T\u00cdTOL<\/a><\/strong><\/span><\/li>\n<\/ul>\n<\/div>\n<\/div>\n<div><\/div>\n<div><span style=\"color: #ffffff;\">..<\/span><\/div>\n<div><\/div>\n<div><\/div>\n<div><\/div>\n<div>\n<div id=\"contingutApartat\">\n<div id=\"textApartat\">\n<p align=\"justify\">\n<\/div>\n<\/div>\n<\/div>\n<p>&nbsp;<\/p>\n","protected":false},"excerpt":{"rendered":"<p>La\u00a0Secretaria\u00a0de l\u2019Institut Santa Eug\u00e8nia gestiona la sol\u00b7licitud i recollida de t\u00edtols acad\u00e8mics.<br \/>\nTRAMITACI\u00d3 I RECOLLIDA DE T\u00cdTOLS<\/p>\n<p>Com es fa la sol\u00b7licitud?<\/p>\n<ul>\n<li>Un cop finalitzats els estudis postobligatoris, l\u2019alumne\/a ha de presentar la <a href=\"https:\/\/drive.google.com\/file\/d\/1K2qI4do8CsJArIMHC_6630rY2THfI4sT\/view?usp=sharing\">SOL\u00b7LICITUD T\u00cdTOL<\/a>, presencialment a secretaria o b\u00e9 al correu secretaria@isantaeugenia.cat signat digitalment.<\/li>\n<li>En aquest moment,&hellip;  <a href=\"https:\/\/agora.xtec.cat\/iessantaeugenia\/secretaria\/titols-sollicituds-i-beques\/\" title=\"Read Tramitaci\u00f3 de t\u00edtols\">Llegeix m\u00e9s\u00bb<\/a><br \/>\n","protected":false},"author":1,"featured_media":0,"parent":81,"menu_order":0,"comment_status":"closed","ping_status":"closed","template":"page-templates\/side-menu.php","meta":{"_bbp_topic_count":0,"_bbp_reply_count":0,"_bbp_total_topic_count":0,"_bbp_total_reply_count":0,"_bbp_voice_count":0,"_bbp_anonymous_reply_count":0,"_bbp_topic_count_hidden":0,"_bbp_reply_count_hidden":0,"_bbp_forum_subforum_count":0,"footnotes":""},"class_list":["post-656","page","type-page","status-publish","hentry"],"post_mailing_queue_ids":[],"_links":{"self":[{"href":"https:\/\/agora.xtec.cat\/iessantaeugenia\/wp-json\/wp\/v2\/pages\/656","targetHints":{"allow":["GET"]}}],"collection":[{"href":"https:\/\/agora.xtec.cat\/iessantaeugenia\/wp-json\/wp\/v2\/pages"}],"about":[{"href":"https:\/\/agora.xtec.cat\/iessantaeugenia\/wp-json\/wp\/v2\/types\/page"}],"author":[{"embeddable":true,"href":"https:\/\/agora.xtec.cat\/iessantaeugenia\/wp-json\/wp\/v2\/users\/1"}],"replies":[{"embeddable":true,"href":"https:\/\/agora.xtec.cat\/iessantaeugenia\/wp-json\/wp\/v2\/comments?post=656"}],"version-history":[{"count":3,"href":"https:\/\/agora.xtec.cat\/iessantaeugenia\/wp-json\/wp\/v2\/pages\/656\/revisions"}],"predecessor-version":[{"id":3310,"href":"https:\/\/agora.xtec.cat\/iessantaeugenia\/wp-json\/wp\/v2\/pages\/656\/revisions\/3310"}],"up":[{"embeddable":true,"href":"https:\/\/agora.xtec.cat\/iessantaeugenia\/wp-json\/wp\/v2\/pages\/81"}],"wp:attachment":[{"href":"https:\/\/agora.xtec.cat\/iessantaeugenia\/wp-json\/wp\/v2\/media?parent=656"}],"curies":[{"name":"wp","href":"https:\/\/api.w.org\/{rel}","templated":true}]}}