{"id":4143,"date":"2022-03-25T10:03:26","date_gmt":"2022-03-25T09:03:26","guid":{"rendered":"https:\/\/agora.xtec.cat\/iessantaeugenia\/?page_id=4143"},"modified":"2026-03-26T11:40:11","modified_gmt":"2026-03-26T10:40:11","slug":"preinscripcio-programes-de-formacio-i-insercio","status":"publish","type":"page","link":"https:\/\/agora.xtec.cat\/iessantaeugenia\/secretaria\/preinscripcions\/preinscripcio-programes-de-formacio-i-insercio\/","title":{"rendered":"Preinscripci\u00f3 Programes de formaci\u00f3 i inserci\u00f3"},"content":{"rendered":"<p>&nbsp;<\/p>\n<h1 style=\"text-align: center;\"><a href=\"https:\/\/preinscripcio.gencat.cat\/ca\/estudis\/pfi\/inici\/\" target=\"_blank\" rel=\"noopener\"><span style=\"color: #800000;\"><strong><span style=\"text-decoration: underline;\">RESUM PREINSCRIPCI\u00d3 PFI CURS 26-27<\/span><\/strong><\/span><\/a><\/h1>\n<h5><strong><span style=\"color: #000000;\">OFERTA DE PLACES PROGRAMES DE FORMACI\u00d3 I INSERCI\u00d3:<\/span><\/strong><\/h5>\n<h5><strong><span style=\"color: #000000;\">\u21d2DATES CLAU<\/span><\/strong><\/h5>\n<h3><strong><a href=\"https:\/\/preinscripcio.gencat.cat\/ca\/estudis\/pfi\/preinscriute\/sollicitud\/\" target=\"_blank\" rel=\"noopener\"><span style=\"color: #800000;\">PRESENTACI\u00d3 DE SOL\u00b7LICITUDS<\/span><\/a><a href=\"https:\/\/preinscripcio.gencat.cat\/ca\/estudis\/pfi\/preinscriute\/sollicitud\/\" target=\"_blank\" rel=\"noopener\"><span style=\"color: #800000;\">:<\/span><\/a><\/strong><a href=\"https:\/\/preinscripcio.gencat.cat\/ca\/estudis\/pfi\/preinscriute\/sollicitud\/\" target=\"_blank\" rel=\"noopener\"><span style=\"color: #800000;\"> d<\/span><\/a><span style=\"color: #800000;\">el 4 de maig al 13 de maig de 2026<\/span><\/h3>\n<h3><strong><span style=\"color: #800000;\">PRESENTACI\u00d3 DE DOCUMENTACI\u00d3:<\/span><\/strong><span style=\"color: #800000;\"> del 4 al 14 de maig de 2026<\/span><\/h3>\n<ul>\n<li>\n<h5><strong><span style=\"color: #000000;\">ENTREVISTES D&#8217;ORIENTACI\u00d3 I VALORACI\u00d3: <\/span><\/strong><span style=\"color: #000000;\">del 4 al 26 de maig de 2026, a les 14 hores<\/span><\/h5>\n<\/li>\n<li>\n<h5><strong><span style=\"color: #000000;\">LLISTA DE SOL\u00b7LICITUDS AMB LA PUNTUACI\u00d3 PROVISIONAL:<\/span><\/strong><span style=\"color: #000000;\"> 28 de maig de 2026<\/span><\/h5>\n<\/li>\n<li>\n<h3><strong><span style=\"color: #800000;\">PRESENTACI\u00d3 DE RECLAMACIONS:<\/span><\/strong><span style=\"color: #800000;\"> 28 de maig al 3 de juny de 2026<\/span><\/h3>\n<\/li>\n<li>\n<h5><span style=\"color: #000000;\"><strong>LLISTA DE SOL\u00b7LICITUDS AMB LA PUNTUACI\u00d3 UN COP RESOLTES LES RECLAMACIONS:\u00a0<\/strong>8 de juny de 2026<\/span><\/h5>\n<\/li>\n<li>\n<h5><span style=\"color: #000000;\"><strong>SORTEIG PER RESOLDRE LES SOL\u00b7LICITUDS DE PREINSCRIPCI\u00d3 EMPATADES EN PUNTS: <\/strong>8 de juny\u00a0de 2026<\/span><\/h5>\n<\/li>\n<li>\n<h5><span style=\"color: #000000;\"><strong>LLISTA ORDENADA: <\/strong>11 de juny de 2026<\/span><\/h5>\n<\/li>\n<li>\n<h5><span style=\"color: #000000;\"><strong>AMPLIACI\u00d3 DE PETICIONS DE PREINSCRIPCI\u00d3 PER ALUMNES SENSE PLA\u00c7A ASSIGNADA A CAP CENTRE: <\/strong>Del 25 al 29 de juny de 2026<\/span><\/h5>\n<\/li>\n<li>\n<h5><span style=\"color: #000000;\"><strong>OFERTA FINAL DE PLACES: <\/strong>3 de juliol de 2026<\/span><\/h5>\n<\/li>\n<li>\n<h5><span style=\"color: #000000;\"><strong>LLISTA D&#8217;ALUMNES ADMESOS I LLISTA D&#8217;ESPERA:<\/strong> 3 de juliol de 2026<\/span><\/h5>\n<\/li>\n<\/ul>\n<h5><strong><span style=\"color: #000000;\">Per confirmar la pla\u00e7a obtinguda en el proc\u00e9s de preinscripci\u00f3 cal realitzar la matr\u00edcula<\/span><\/strong><\/h5>\n<ul>\n<li>\n<h3><strong><span style=\"color: #800000;\">MATRICULACI\u00d3: <\/span><\/strong><span style=\"color: #800000;\">del 6\u00a0 al 10 de juliol de 2026<\/span><\/h3>\n<\/li>\n<\/ul>\n<h5><strong><span style=\"color: #000000;\">\u21d2<a href=\"https:\/\/preinscripcio.gencat.cat\/ca\/estudis\/fp-grau-mitja\/informat\/calendari\/\" target=\"_blank\" rel=\"noopener\">\u00a0<\/a><a href=\"https:\/\/preinscripcio.gencat.cat\/ca\/estudis\/pfi\/informat\/calendari\/\" target=\"_blank\" rel=\"noopener\"><span style=\"text-decoration: underline;\">CALENDARI <\/span><\/a>\u21d2\u00a0<a href=\"https:\/\/preinscripcio.gencat.cat\/ca\/estudis\/pfi\/informat\/criteris-assignacio\/\" target=\"_blank\" rel=\"noopener\"><span style=\"text-decoration: underline;\">CRITERIS D&#8217;ASSIGNACI\u00d3 DE PLA\u00c7A <\/span><\/a>\u21d2\u00a0<a href=\"https:\/\/preinscripcio.gencat.cat\/ca\/estudis\/pfi\/informat\/prepara-documentacio\/\" target=\"_blank\" rel=\"noopener\"><span style=\"text-decoration: underline;\">DOCUMENTACI\u00d3<\/span><\/a><\/span><\/strong><\/h5>\n<h2><\/h2>\n<p>&nbsp;<\/p>\n<h5><\/h5>\n<h5><\/h5>\n<h4><\/h4>\n<h3 style=\"text-align: left;\"><span style=\"color: #3366ff;\"><a style=\"color: #3366ff;\" href=\"https:\/\/view.genial.ly\/6418af2cd412e900137d2870\/presentation-ins-sta-eugenia-info-pfi-ptt-girona\">PRESENTACI\u00d3 INTERACTIVA PFI -PTT<\/a><\/span><\/h3>\n<h3><span style=\"color: #3366ff;\"><a style=\"color: #3366ff;\" href=\"https:\/\/drive.google.com\/file\/d\/1pYhcq-EPRnT7YlyOPvGihbAGBJsGOHnk\/view?usp=sharing\">CONSTRUCCI\u00d3<\/a> \u2192 \u00a0<a style=\"color: #3366ff;\" href=\"https:\/\/www.youtube.com\/watch?v=dnWw_J29DOY\">V\u00cdDEO CONSTRUINT FUTUR<\/a><\/span><\/h3>\n<h3><span style=\"color: #3366ff;\"><a style=\"color: #3366ff;\" href=\"https:\/\/drive.google.com\/file\/d\/1IgNkdY20u0pbXzzbkaLQUGjxm_bX0gT9\/view?usp=sharing\">FABRICACI\u00d3 MEC\u00c0NICA I INSTAL\u00b7LACIONS ELECTROT\u00c8CNIQUES<\/a> \u2192 \u00a0<a style=\"color: #3366ff;\" href=\"https:\/\/www.youtube.com\/watch?v=uogDWxe3ykM\">V\u00cdDEO FABRICANT OPCIONS<\/a><\/span><\/h3>\n<h3><span style=\"color: #3366ff;\"><a style=\"color: #3366ff;\" href=\"https:\/\/drive.google.com\/file\/d\/1gVYyQQetiRHhbJ8FGYQzwgerVpibCGYS\/view?usp=sharing\">INSTAL\u00b7LACIONS ELECTROT\u00c8CNIQUES<\/a><\/span><\/h3>\n<h3><span style=\"color: #3366ff;\"><a style=\"color: #3366ff;\" href=\"https:\/\/drive.google.com\/file\/d\/1wMjHHh6lLADZE4Ctqh8ltn-zTVoKdw2T\/view?usp=sharing\">COMER\u00c7 I ATENCI\u00d3 AL P\u00daBLIC\u00a0<\/a> <a style=\"color: #3366ff;\" href=\"https:\/\/www.youtube.com\/watch?v=Ikfyy38ethA&amp;t=5s\">V\u00cdDEO \u2192 MULTIPLICANT OPCIONS<\/a><\/span><\/h3>\n<p><!--more--><\/p>\n<p><!--more--><\/p>\n<p>&nbsp;<\/p>\n<h4><\/h4>\n","protected":false},"excerpt":{"rendered":"<p>&nbsp;<br \/>\n<a href=\"https:\/\/preinscripcio.gencat.cat\/ca\/estudis\/pfi\/inici\/\" target=\"_blank\" rel=\"noopener\">RESUM PREINSCRIPCI\u00d3 PFI CURS 26-27<\/a><br \/>\nOFERTA DE PLACES PROGRAMES DE FORMACI\u00d3 I INSERCI\u00d3:<br \/>\n\u21d2DATES CLAU<br \/>\n<a href=\"https:\/\/preinscripcio.gencat.cat\/ca\/estudis\/pfi\/preinscriute\/sollicitud\/\" target=\"_blank\" rel=\"noopener\">PRESENTACI\u00d3 DE SOL\u00b7LICITUDS<\/a><a href=\"https:\/\/preinscripcio.gencat.cat\/ca\/estudis\/pfi\/preinscriute\/sollicitud\/\" target=\"_blank\" rel=\"noopener\">:<\/a><a href=\"https:\/\/preinscripcio.gencat.cat\/ca\/estudis\/pfi\/preinscriute\/sollicitud\/\" target=\"_blank\" rel=\"noopener\"> d<\/a>el 4 de maig al 13 de maig de 2026<br \/>\nPRESENTACI\u00d3 DE DOCUMENTACI\u00d3: del 4 al 14 de maig&hellip;  <a href=\"https:\/\/agora.xtec.cat\/iessantaeugenia\/secretaria\/preinscripcions\/preinscripcio-programes-de-formacio-i-insercio\/\" title=\"Read Preinscripci\u00f3 Programes de formaci\u00f3 i inserci\u00f3\">Llegeix m\u00e9s\u00bb<\/a><\/p>\n","protected":false},"author":1,"featured_media":0,"parent":650,"menu_order":5,"comment_status":"closed","ping_status":"closed","template":"page-templates\/side-menu.php","meta":{"_bbp_topic_count":0,"_bbp_reply_count":0,"_bbp_total_topic_count":0,"_bbp_total_reply_count":0,"_bbp_voice_count":0,"_bbp_anonymous_reply_count":0,"_bbp_topic_count_hidden":0,"_bbp_reply_count_hidden":0,"_bbp_forum_subforum_count":0,"footnotes":""},"class_list":["post-4143","page","type-page","status-publish","hentry"],"post_mailing_queue_ids":[],"_links":{"self":[{"href":"https:\/\/agora.xtec.cat\/iessantaeugenia\/wp-json\/wp\/v2\/pages\/4143","targetHints":{"allow":["GET"]}}],"collection":[{"href":"https:\/\/agora.xtec.cat\/iessantaeugenia\/wp-json\/wp\/v2\/pages"}],"about":[{"href":"https:\/\/agora.xtec.cat\/iessantaeugenia\/wp-json\/wp\/v2\/types\/page"}],"author":[{"embeddable":true,"href":"https:\/\/agora.xtec.cat\/iessantaeugenia\/wp-json\/wp\/v2\/users\/1"}],"replies":[{"embeddable":true,"href":"https:\/\/agora.xtec.cat\/iessantaeugenia\/wp-json\/wp\/v2\/comments?post=4143"}],"version-history":[{"count":7,"href":"https:\/\/agora.xtec.cat\/iessantaeugenia\/wp-json\/wp\/v2\/pages\/4143\/revisions"}],"predecessor-version":[{"id":13961,"href":"https:\/\/agora.xtec.cat\/iessantaeugenia\/wp-json\/wp\/v2\/pages\/4143\/revisions\/13961"}],"up":[{"embeddable":true,"href":"https:\/\/agora.xtec.cat\/iessantaeugenia\/wp-json\/wp\/v2\/pages\/650"}],"wp:attachment":[{"href":"https:\/\/agora.xtec.cat\/iessantaeugenia\/wp-json\/wp\/v2\/media?parent=4143"}],"curies":[{"name":"wp","href":"https:\/\/api.w.org\/{rel}","templated":true}]}}