{"id":2962,"date":"2022-02-22T08:53:36","date_gmt":"2022-02-22T07:53:36","guid":{"rendered":"https:\/\/agora.xtec.cat\/iessantaeugenia\/?page_id=2962"},"modified":"2025-06-25T13:30:22","modified_gmt":"2025-06-25T11:30:22","slug":"matricula-interna-cicles-formatius-gs","status":"publish","type":"page","link":"https:\/\/agora.xtec.cat\/iessantaeugenia\/secretaria\/preinscripcions\/matricula\/matricula-interna-cicles-formatius-gs\/","title":{"rendered":"Matr\u00edcula interna Cicles Formatius Grau Superior (CFGS)"},"content":{"rendered":"<h4><\/h4>\n<h4><span style=\"color: #ff0000;\">\u21d2 TERMINI DE MATR\u00cdCULA INTERNA:<\/span> <span style=\"color: #ff0000;\">30 de juny\u00a0<\/span><\/h4>\n<h4 style=\"text-align: center;\"><span style=\"text-decoration: underline;\"><strong>Per\u00a0<\/strong><b>alumnes que cursaran 2n i repetidors de 1r el curs 2025-26<\/b><\/span><\/h4>\n<p>&nbsp;<\/p>\n<p>\u21d2\u00a0Trobeu aqu\u00ed sota<\/p>\n<ul>\n<li><strong>Les autoritzacions que cal signar i lliurar a secretaria <\/strong>(tamb\u00e9 repartides des de tutoria), a tutoria tamb\u00e9 us han repartit el document de confirmaci\u00f3 de pla\u00e7a i actualitzaci\u00f3 de dades\u00a0 nominal que s&#8217;ha de completar, signar i tamb\u00e9 lliurar a secretaria.<\/li>\n<li><strong>Les instruccions i el full de pagament per cada cicle<\/strong><\/li>\n<li><strong>El formulari de matr\u00edcula<\/strong> per cada cicle que <strong>cal emplenar <\/strong>amb els m\u00f2duls que es cursareu\u00a0 i <strong>on\u00a0 s&#8217;ha<\/strong> <strong>d&#8217;adjuntar: el rebut de pagament,<\/strong>\u00a0i <strong>el\u00a0 document de la identificaci\u00f3 personal<\/strong>\u00a0 en cas de modificaci\u00f3 ( renovacions DNI, canvis passaport, NIE..) i, <strong>en \u00a0cas de reducci\u00f3 o \u00a0d&#8217;exempci\u00f3 de taxes o de preu p\u00fablic<\/strong>,\u00a0 <strong>el document \u00a0requerit<\/strong> (carnet de fam\u00edlia nombrosa, certificat concret&#8230;).\n<div class=\"o3Dpx\" role=\"list\">\n<div class=\"Qr7Oae\" role=\"listitem\">\n<div data-params=\"%.@.[1673910269,&quot;En cas de reducci\u00f3 o d'exempci\u00f3 de taxes o de preu p\u00fablic, pengeu aqu\u00ed el document requerit (carnet de fam\u00edlia nombrosa, certificat concret...)&quot;,null,13,[[1127008005,null,false,null,null,null,null,null,null,null,[null,[1,5,6],5,104857600]]],null,null,null,null,null,null,[null,&quot;En cas de reducci\u00f3 o \u00a0d\\u0026#39;exempci\u00f3 de taxes o de preu p\u00fablic, pengeu aqu\u00ed el document \u00a0requerit (carnet de fam\u00edlia nombrosa, certificat concret...)&quot;]],&quot;i6&quot;,&quot;i7&quot;,&quot;i8&quot;,false]\">\n<div class=\"geS5n\"><\/div>\n<\/div>\n<\/div>\n<\/div>\n<\/li>\n<\/ul>\n<p><span style=\"font-family: inherit; font-size: 1em;\">Per repetidors de 1r o de 2n nom\u00e9s canvia el codi\u00a0 d\u2019activitat que trobareu al full de pagament.<\/span><\/p>\n<p style=\"text-align: center;\"><a href=\"https:\/\/drive.google.com\/file\/d\/1e4-wJaXjMKjQSRr-9Aes6OujTKCjwwsN\/view?usp=sharing\"><strong><span style=\"text-decoration: underline;\">AUTORITZACIONS MAJORS D\u2019EDAT<\/span><\/strong><\/a><\/p>\n<p style=\"text-align: center;\"><a href=\"https:\/\/drive.google.com\/file\/d\/1JPLhRZIfp20cxOph3_iQKIbaX8LBLJvA\/view?usp=sharing\"><span style=\"text-decoration: underline;\"><strong>CESSI\u00d3 DE DADES PER L&#8217;ORIENTACI\u00d3<\/strong><\/span><\/a><\/p>\n<p>&nbsp;<\/p>\n<ul>\n<li><a href=\"https:\/\/forms.gle\/69vPdbGn1ENRMQni7\"><strong>Formulari matr\u00edcula interna GESTI\u00d3 DE VENDES I ESPAIS COMERCIALS<\/strong><\/a><\/li>\n<\/ul>\n<p style=\"text-align: left;\"><span style=\"color: #99ccff;\"><a style=\"color: #99ccff;\" href=\"https:\/\/docs.google.com\/document\/d\/1am6OX-5tUF2ZkFgHYDLaHXM9WQeELx2L\/edit?usp=sharing&amp;ouid=101269593076310718445&amp;rtpof=true&amp;sd=true\"><span style=\"text-decoration: underline;\">INSTRUCCIONS I FULL DE PAGAMENT GESTI\u00d3 DE VENDES I <\/span><span style=\"text-decoration: underline;\">ESPAIS <\/span><span style=\"text-decoration: underline;\">COMERCIALS<\/span><\/a><\/span><\/p>\n<p><span style=\"color: #ffffff;\">.<\/span><\/p>\n<ul>\n<li><a href=\"https:\/\/forms.gle\/KiBh1jWcxBtqNARs6\"><strong>Formulari matr\u00edcula interna M\u00c0RQUETING I PUBLICITAT<\/strong><\/a><\/li>\n<\/ul>\n<p style=\"text-align: left;\"><span style=\"color: #99ccff;\"><a style=\"color: #99ccff;\" href=\"https:\/\/docs.google.com\/document\/d\/1WrUZ-zqsoyfBOklWkD9FL7FVKgGagmt0\/edit?usp=sharing&amp;ouid=101269593076310718445&amp;rtpof=true&amp;sd=true\"><span style=\"text-decoration: underline;\">INSTRUCCIONS I FULL DE PAGAMENT M\u00c0RQUETING <\/span><span style=\"text-decoration: underline;\">I <\/span><span style=\"text-decoration: underline;\">PUBLICITAT<\/span><\/a><\/span><\/p>\n<p><span style=\"color: #ffffff;\">.<\/span><\/p>\n<ul>\n<li><a href=\"https:\/\/forms.gle\/YNXxrYP6HmNfubNb7\"><strong>Formulari matr\u00edcula interna PROJECTES D&#8217;EDIFICACI\u00d3<\/strong><\/a><\/li>\n<\/ul>\n<p style=\"text-align: left;\"><span style=\"color: #99ccff;\"><a style=\"color: #99ccff;\" href=\"https:\/\/docs.google.com\/document\/d\/1M8zCLpA4P--KG1NA-UGO4Gd6FknWeJCf\/edit?usp=sharing&amp;ouid=101269593076310718445&amp;rtpof=true&amp;sd=true\"><span style=\"text-decoration: underline;\">INSTRUCCIONS I FULL DE PAGAMENT INSTAL\u00b7LACIONS PROJECTES D&#8217;EDIFICACI\u00d3<\/span><\/a><\/span><\/p>\n<p><span style=\"color: #ffffff;\">.<\/span><\/p>\n<ul>\n<li><a href=\"https:\/\/forms.gle\/Q53AmwLvMF2oK3BR6\"><strong>Formulari matr\u00edcula interna PREVENCI\u00d3 DE RISCOS LABORALS<\/strong><\/a><\/li>\n<\/ul>\n<p style=\"text-align: left;\"><span style=\"color: #99ccff;\"><a style=\"color: #99ccff;\" href=\"https:\/\/docs.google.com\/document\/d\/1gZxh1DrxAhbsbqXCtu2GmRINmSc3jT-6\/edit?usp=sharing&amp;ouid=101269593076310718445&amp;rtpof=true&amp;sd=true\"><span style=\"text-decoration: underline;\">INSTRUCCIONS I FULL DE PAGAMENT PREVENCI\u00d3 DE RISCOS LABORALS<\/span><\/a><\/span><\/p>\n<p>&nbsp;<\/p>\n<ul>\n<li><a href=\"https:\/\/forms.gle\/7jADLNbXMDi2iUus7\"><strong>Formulari matr\u00edcula interna SISTEMES ELECTROT\u00c8CNICS I AUTOMATITZATS<\/strong><\/a><\/li>\n<\/ul>\n<p style=\"text-align: left;\"><span style=\"color: #99ccff;\"><a style=\"color: #99ccff;\" href=\"https:\/\/docs.google.com\/document\/d\/1HxhoAM5ZDBPH0OsSSujTv5S7hJ36iIf5\/edit?usp=sharing&amp;ouid=101269593076310718445&amp;rtpof=true&amp;sd=true\"><span style=\"text-decoration: underline;\">INSTRUCCIONS I FULL DE PAGAMENT SISTEMES EL\u00c8CTRICS I AUTOMATITZATS<\/span><\/a><\/span><\/p>\n<p>&nbsp;<\/p>\n<ul>\n<li><a href=\"https:\/\/forms.gle\/mFR5qVAr4FRcsLgm7\"><strong>Formulari matr\u00edcula interna INSTAL\u00b7LACIONS T\u00c8RMIQUES I FLU\u00cfDS<\/strong><\/a><\/li>\n<\/ul>\n<p style=\"text-align: left;\"><span style=\"color: #99ccff;\"><a style=\"color: #99ccff;\" href=\"https:\/\/docs.google.com\/document\/d\/1MwArwulwoBiPXjqG68A_f4OUcXnU1xaa\/edit?usp=sharing&amp;ouid=101269593076310718445&amp;rtpof=true&amp;sd=true\"><span style=\"text-decoration: underline;\">INSTRUCCIONS I FULL DE PAGAMENT INSTAL\u00b7LACIONS T\u00c8RMIQUES I FLU\u00cfDS<\/span><\/a><\/span><\/p>\n<p>&nbsp;<\/p>\n<ul>\n<li><a href=\"https:\/\/forms.gle\/jGatSBtSRhDadnAL8\"><strong>Formulari matr\u00edcula interna EFICI\u00c8NCIA ENERG\u00c8TICA<\/strong><\/a><\/li>\n<\/ul>\n<p><span style=\"color: #99ccff;\"><a style=\"color: #99ccff;\" href=\"https:\/\/docs.google.com\/document\/d\/1VssP1mWMh8yg0zAvTTD0YCalVGXYj6Uu\/edit?usp=sharing&amp;ouid=101269593076310718445&amp;rtpof=true&amp;sd=true\"><span style=\"text-decoration: underline;\">INSTRUCCIONS I FULL DE PAGAMENT\u00a0 EFICI\u00c8NCIA ENERG\u00c8TICA<\/span><\/a><\/span><\/p>\n<p>&nbsp;<\/p>\n<p><span style=\"color: #ffffff;\">.<\/span><\/p>\n<p>&nbsp;<\/p>\n","protected":false},"excerpt":{"rendered":"<p>\u21d2 TERMINI DE MATR\u00cdCULA INTERNA: 30 de juny\u00a0<br \/>\nPer\u00a0alumnes que cursaran 2n i repetidors de 1r el curs 2025-26<br \/>\n&nbsp;<br \/>\n\u21d2\u00a0Trobeu aqu\u00ed sota<\/p>\n<ul>\n<li>Les autoritzacions que cal signar i lliurar a secretaria (tamb\u00e9 repartides des de tutoria), a tutoria tamb\u00e9 us han repartit el document de confirmaci\u00f3 de pla\u00e7a&hellip;  <a href=\"https:\/\/agora.xtec.cat\/iessantaeugenia\/secretaria\/preinscripcions\/matricula\/matricula-interna-cicles-formatius-gs\/\" title=\"Read Matr\u00edcula interna Cicles Formatius Grau Superior (CFGS)\">Llegeix m\u00e9s\u00bb<\/a><br \/>\n","protected":false},"author":1,"featured_media":0,"parent":652,"menu_order":3,"comment_status":"closed","ping_status":"closed","template":"page-templates\/side-menu.php","meta":{"_bbp_topic_count":0,"_bbp_reply_count":0,"_bbp_total_topic_count":0,"_bbp_total_reply_count":0,"_bbp_voice_count":0,"_bbp_anonymous_reply_count":0,"_bbp_topic_count_hidden":0,"_bbp_reply_count_hidden":0,"_bbp_forum_subforum_count":0,"footnotes":""},"class_list":["post-2962","page","type-page","status-publish","hentry"],"post_mailing_queue_ids":[],"_links":{"self":[{"href":"https:\/\/agora.xtec.cat\/iessantaeugenia\/wp-json\/wp\/v2\/pages\/2962","targetHints":{"allow":["GET"]}}],"collection":[{"href":"https:\/\/agora.xtec.cat\/iessantaeugenia\/wp-json\/wp\/v2\/pages"}],"about":[{"href":"https:\/\/agora.xtec.cat\/iessantaeugenia\/wp-json\/wp\/v2\/types\/page"}],"author":[{"embeddable":true,"href":"https:\/\/agora.xtec.cat\/iessantaeugenia\/wp-json\/wp\/v2\/users\/1"}],"replies":[{"embeddable":true,"href":"https:\/\/agora.xtec.cat\/iessantaeugenia\/wp-json\/wp\/v2\/comments?post=2962"}],"version-history":[{"count":6,"href":"https:\/\/agora.xtec.cat\/iessantaeugenia\/wp-json\/wp\/v2\/pages\/2962\/revisions"}],"predecessor-version":[{"id":12824,"href":"https:\/\/agora.xtec.cat\/iessantaeugenia\/wp-json\/wp\/v2\/pages\/2962\/revisions\/12824"}],"up":[{"embeddable":true,"href":"https:\/\/agora.xtec.cat\/iessantaeugenia\/wp-json\/wp\/v2\/pages\/652"}],"wp:attachment":[{"href":"https:\/\/agora.xtec.cat\/iessantaeugenia\/wp-json\/wp\/v2\/media?parent=2962"}],"curies":[{"name":"wp","href":"https:\/\/api.w.org\/{rel}","templated":true}]}}