{"id":2871,"date":"2022-02-16T17:54:28","date_gmt":"2022-02-16T16:54:28","guid":{"rendered":"https:\/\/agora.xtec.cat\/iessantaeugenia\/?page_id=2871"},"modified":"2025-06-16T08:54:33","modified_gmt":"2025-06-16T06:54:33","slug":"matricula-interna-cicles","status":"publish","type":"page","link":"https:\/\/agora.xtec.cat\/iessantaeugenia\/secretaria\/preinscripcions\/matricula\/matricula-interna-cicles\/","title":{"rendered":"Matr\u00edcula interna Cicles Formatius Grau Mitj\u00e0 (CFGM)"},"content":{"rendered":"<h4><span style=\"color: #ff0000;\">\u21d2 TERMINI DE MATR\u00cdCULA INTERNA:\u00a0 \u00a0 \u00a0<span style=\"text-decoration: underline; color: #000000;\"> 30 de juny<\/span>\u00a0 \u00a0 \u00a0 \u00a0\u00a0<\/span><\/h4>\n<h4 style=\"text-align: center;\"><strong><span style=\"text-decoration: underline;\">Per alumnes que cursaran 2n i repetidors de 1r el curs 2025-26<\/span><\/strong><\/h4>\n<p><span style=\"color: #ff0000;\">\u21d2 <\/span>Trobeu aqu\u00ed sota<\/p>\n<ul>\n<li><strong>Les autoritzacions que cal signar i lliurar a secretaria <\/strong>(tamb\u00e9 repartides des de tutoria), a tutoria tamb\u00e9 us han repartit el document de confirmaci\u00f3 de pla\u00e7a i actualitzaci\u00f3 de dades\u00a0 nominal que s&#8217;ha de completar, signar i tamb\u00e9 lliurar a secretaria.<\/li>\n<li><strong>Les instruccions i el full de pagament per cada cicle<\/strong><\/li>\n<li><strong>El formulari de matr\u00edcula<\/strong> per cada cicle que <strong>cal emplenar <\/strong>amb els m\u00f2duls que\u00a0 cursareu\u00a0 i <strong>on\u00a0 s&#8217;ha<\/strong> <strong>d&#8217;adjuntar: el rebut de pagament,<\/strong>\u00a0i <strong>el\u00a0 document de la identificaci\u00f3 personal<\/strong>\u00a0 en cas de modificaci\u00f3 (renovacions DNI, canvis passaport, NIE..) <span style=\"color: #ff0000;\">Aquest formulari estar\u00e0 actiu a partir del 30 de maig.<\/span>\n<div class=\"o3Dpx\" role=\"list\">\n<div class=\"Qr7Oae\" role=\"listitem\"><\/div>\n<\/div>\n<\/li>\n<\/ul>\n<p>Per repetidors de 1r o de 2n nom\u00e9s canvia el codi\u00a0 d&#8217;activitat que trobareu al full de pagament.<\/p>\n<p><strong><a href=\"https:\/\/drive.google.com\/file\/d\/1BvwKkqJX0aOXb9sL_BLW2YrMliyQbAM_\/view?usp=sharing\"><span style=\"text-decoration: underline;\">AUTORITZACIONS MAJORS DE 14 ANYS <\/span><\/a>\u00a0 \u00a0 \u00a0 \u00a0 \u00a0<a href=\"https:\/\/drive.google.com\/file\/d\/1e4-wJaXjMKjQSRr-9Aes6OujTKCjwwsN\/view?usp=sharing\"><span style=\"text-decoration: underline;\">AUTORITZACIONS MAJORS D&#8217;EDAT<\/span><\/a><\/strong><\/p>\n<p><a href=\"https:\/\/drive.google.com\/file\/d\/1JPLhRZIfp20cxOph3_iQKIbaX8LBLJvA\/view?usp=drive_link\"><strong><span style=\"text-decoration: underline;\">CESSI\u00d3 DE DADES PER A L&#8217;ORIENTACI\u00d3 ACAD\u00c8MICA<\/span><\/strong><\/a><\/p>\n<p>&nbsp;<\/p>\n<ul style=\"list-style-type: square;\">\n<li><a href=\"https:\/\/forms.gle\/KcqkcSLMcGxQTf5m6\"><strong>Formulari matr\u00edcula interna ACTIVITATS COMERCIALS<\/strong><\/a><strong>\u00a0 <span style=\"color: #0000ff;\">\u00a0<\/span><\/strong><\/li>\n<\/ul>\n<p style=\"text-align: left;\"><span style=\"color: #99ccff;\"><a style=\"color: #99ccff;\" href=\"https:\/\/docs.google.com\/document\/d\/1Xo0uum-ZNsFRUt_WYtnu4BoIngAV5KuN\/edit?usp=sharing&amp;ouid=101269593076310718445&amp;rtpof=true&amp;sd=true\"><span style=\"text-decoration: underline;\">INSTRUCCIONS I FULL DE PAGAMENT ACTIVITATS COMERCIALS<\/span><\/a><\/span><\/p>\n<p>&nbsp;<\/p>\n<ul style=\"list-style-type: square;\">\n<li><a href=\"https:\/\/forms.gle\/x9AesmmftYv6H9Fx6\"><strong>Formulari matr\u00edcula interna MECANITZACI\u00d3<\/strong><\/a><strong>\u00a0 <span style=\"color: #0000ff;\">\u00a0<\/span><\/strong><\/li>\n<\/ul>\n<p style=\"text-align: left;\"><span style=\"color: #99ccff;\"><a style=\"color: #99ccff;\" href=\"https:\/\/docs.google.com\/document\/d\/1PnzEgUBOQGf_HLjq7cJyRh6-X0B-897x\/edit?usp=sharing&amp;ouid=101269593076310718445&amp;rtpof=true&amp;sd=true\"><span style=\"text-decoration: underline;\">INSTRUCCIONS I FULL DE PAGAMENT\u00a0 MECANITZACI\u00d3<\/span><\/a><\/span><\/p>\n<p>&nbsp;<\/p>\n<ul style=\"list-style-type: square;\">\n<li><a href=\"https:\/\/forms.gle\/1MEXE8FRpruv6hxh6\"><strong>Formulari matr\u00edcula interna INSTAL\u00b7LACIONS\u00a0 PRODUCCI\u00d3 DE CALOR<\/strong><\/a><\/li>\n<\/ul>\n<p style=\"text-align: left;\"><span style=\"color: #99ccff;\"><a style=\"color: #99ccff;\" href=\"https:\/\/docs.google.com\/document\/d\/1IKl4NVMcXgm_5OTtXVLnCZ6-yNRWz9kz\/edit?usp=sharing&amp;ouid=101269593076310718445&amp;rtpof=true&amp;sd=true\"><span style=\"text-decoration: underline;\">INSTRUCCIONS I FULL DE PAGAMENT INSTAL\u00b7LACIONS PRODUCCI\u00d3 DE CALOR<\/span><\/a><\/span><\/p>\n<p>&nbsp;<\/p>\n<ul style=\"list-style-type: square;\">\n<li><a href=\"https:\/\/forms.gle\/jmq7x5Tr9FCP9MV56\"><strong>Formulari matr\u00edcula interna INSTAL\u00b7LACIONS\u00a0 EL\u00c8CTRIQUES I AUTOM\u00c0TIQUES <\/strong><\/a><\/li>\n<\/ul>\n<p style=\"text-align: left;\"><span style=\"color: #99ccff;\"><a style=\"color: #99ccff;\" href=\"https:\/\/docs.google.com\/document\/d\/1ll6Y7V4DojfJ6Zvcft8TSANQw9Qo8dCc\/edit?usp=sharing&amp;ouid=101269593076310718445&amp;rtpof=true&amp;sd=true\"><span style=\"text-decoration: underline;\">INSTRUCCIONS I FULL DE PAGAMENT INSTAL\u00b7LACIONS EL\u00c8CTRIQUES I AUTOM\u00c0TIQUES<\/span><\/a><\/span><\/p>\n<p>&nbsp;<\/p>\n<ul style=\"list-style-type: square;\">\n<li><a href=\"https:\/\/forms.gle\/wxjBkA54TiWziyAb9\"><strong>Formulari matr\u00edcula interna\u00a0IMPRESSI\u00d3 GR\u00c0FICA I CONVERTING<\/strong><\/a><\/li>\n<\/ul>\n<p style=\"text-align: left;\"><span style=\"color: #99ccff;\"><a style=\"color: #99ccff;\" href=\"https:\/\/docs.google.com\/document\/d\/1Hxp7qU2iQN0vVBZBsgpiEDmekLglErzu\/edit?usp=sharing&amp;ouid=101269593076310718445&amp;rtpof=true&amp;sd=true\"><span style=\"text-decoration: underline;\">INSTRUCCIONS I FULL DE PAGAMENT IMPRESSI\u00d3 GR\u00c0FICA I CONVERTING<\/span><\/a><\/span><\/p>\n<p>&nbsp;<\/p>\n<ul style=\"list-style-type: square;\">\n<li><a href=\"https:\/\/forms.gle\/nMjBVM7hdraKAN397\"><strong>Formulari matr\u00edcula interna PREIMPRESSI\u00d3 <\/strong><strong>DIGITAL<\/strong><\/a><\/li>\n<\/ul>\n<p style=\"text-align: left;\"><span style=\"color: #99ccff;\"><a style=\"color: #99ccff;\" href=\"https:\/\/docs.google.com\/document\/d\/1uTm3cTQnyo-AoTBqW_zN-DeOYGdZ9AfB\/edit?usp=sharing&amp;ouid=101269593076310718445&amp;rtpof=true&amp;sd=true\"><span style=\"text-decoration: underline;\">INSTRUCCIONS I FULL DE PAGAMENT PREIMPRESSI\u00d3 DIGITAL<\/span><\/a><\/span><\/p>\n<p>&nbsp;<\/p>\n<ul style=\"list-style-type: square;\">\n<li><a href=\"https:\/\/forms.gle\/f2ErrijnZvd4G5yN6\"><strong>Formulari matr\u00edcula interna\u00a0 OBRES D&#8217;INTERIOR, DECORACI\u00d3 I REHABILITACI\u00d3<\/strong><\/a><\/li>\n<\/ul>\n<p style=\"text-align: left;\"><span style=\"color: #99ccff;\"><a style=\"color: #99ccff;\" href=\"https:\/\/docs.google.com\/document\/d\/117GRbtlXO0cTL0A11cT0fD3Z_LgV2_HY\/edit?usp=sharing&amp;ouid=101269593076310718445&amp;rtpof=true&amp;sd=true\"><span style=\"text-decoration: underline;\">INSTRUCCIONS I FULL DE PAGAMENT OBRES D&#8217;INTERIOR, DECORACI\u00d3 I REHABILITACI\u00d3<\/span><\/a><\/span><\/p>\n<p>&nbsp;<\/p>\n<ul style=\"list-style-type: square;\">\n<li><a href=\"https:\/\/forms.gle\/2BSr2BnUG5e6Mcdj9\"><strong>Formulari matr\u00edcula INSTAL\u00b7LACIONS FRIGOR\u00cdFIQUES I DE CLIMATITZACI\u00d3<\/strong><\/a> (per\u00a0 repetidors. Els que venen de calor han de fer un tr\u00e0mit de matr\u00edcula externa)<\/li>\n<\/ul>\n<p><span style=\"color: #99ccff;\"><a style=\"color: #99ccff;\" href=\"https:\/\/docs.google.com\/document\/d\/1KNqxZ4ILV6ZP_-TdT1l9zKwSl6MW9d0w\/edit?usp=sharing&amp;ouid=101269593076310718445&amp;rtpof=true&amp;sd=true\"><span style=\"text-decoration: underline;\">INSTRUCCIONS I FULL DE PAGAMENT\u00a0 INSTAL\u00b7LACIONS FRIGOR\u00cdFIQUES I DE CLIMATITZACI\u00d3<\/span><\/a><\/span><\/p>\n<p>&nbsp;<\/p>\n<p>&nbsp;<\/p>\n<p><strong>\u00a0\u00a0<\/strong><\/p>\n","protected":false},"excerpt":{"rendered":"<p>\u21d2 TERMINI DE MATR\u00cdCULA INTERNA:\u00a0 \u00a0 \u00a0 30 de juny\u00a0 \u00a0 \u00a0 \u00a0\u00a0<br \/>\nPer alumnes que cursaran 2n i repetidors de 1r el curs 2025-26<br \/>\n\u21d2 Trobeu aqu\u00ed sota<\/p>\n<ul>\n<li>Les autoritzacions que cal signar i lliurar a secretaria (tamb\u00e9 repartides des de tutoria), a tutoria tamb\u00e9 us han&hellip;  <a href=\"https:\/\/agora.xtec.cat\/iessantaeugenia\/secretaria\/preinscripcions\/matricula\/matricula-interna-cicles\/\" title=\"Read Matr\u00edcula interna Cicles Formatius Grau Mitj\u00e0 (CFGM)\">Llegeix m\u00e9s\u00bb<\/a><br \/>\n","protected":false},"author":1,"featured_media":0,"parent":652,"menu_order":2,"comment_status":"closed","ping_status":"closed","template":"page-templates\/side-menu.php","meta":{"_bbp_topic_count":0,"_bbp_reply_count":0,"_bbp_total_topic_count":0,"_bbp_total_reply_count":0,"_bbp_voice_count":0,"_bbp_anonymous_reply_count":0,"_bbp_topic_count_hidden":0,"_bbp_reply_count_hidden":0,"_bbp_forum_subforum_count":0,"footnotes":""},"class_list":["post-2871","page","type-page","status-publish","hentry"],"post_mailing_queue_ids":[],"_links":{"self":[{"href":"https:\/\/agora.xtec.cat\/iessantaeugenia\/wp-json\/wp\/v2\/pages\/2871","targetHints":{"allow":["GET"]}}],"collection":[{"href":"https:\/\/agora.xtec.cat\/iessantaeugenia\/wp-json\/wp\/v2\/pages"}],"about":[{"href":"https:\/\/agora.xtec.cat\/iessantaeugenia\/wp-json\/wp\/v2\/types\/page"}],"author":[{"embeddable":true,"href":"https:\/\/agora.xtec.cat\/iessantaeugenia\/wp-json\/wp\/v2\/users\/1"}],"replies":[{"embeddable":true,"href":"https:\/\/agora.xtec.cat\/iessantaeugenia\/wp-json\/wp\/v2\/comments?post=2871"}],"version-history":[{"count":6,"href":"https:\/\/agora.xtec.cat\/iessantaeugenia\/wp-json\/wp\/v2\/pages\/2871\/revisions"}],"predecessor-version":[{"id":12741,"href":"https:\/\/agora.xtec.cat\/iessantaeugenia\/wp-json\/wp\/v2\/pages\/2871\/revisions\/12741"}],"up":[{"embeddable":true,"href":"https:\/\/agora.xtec.cat\/iessantaeugenia\/wp-json\/wp\/v2\/pages\/652"}],"wp:attachment":[{"href":"https:\/\/agora.xtec.cat\/iessantaeugenia\/wp-json\/wp\/v2\/media?parent=2871"}],"curies":[{"name":"wp","href":"https:\/\/api.w.org\/{rel}","templated":true}]}}