{"id":14155,"date":"2026-05-06T13:11:51","date_gmt":"2026-05-06T11:11:51","guid":{"rendered":"https:\/\/agora.xtec.cat\/iessantaeugenia\/?page_id=14155"},"modified":"2026-05-08T10:37:40","modified_gmt":"2026-05-08T08:37:40","slug":"llistat-de-proveidors-homologats","status":"publish","type":"page","link":"https:\/\/agora.xtec.cat\/iessantaeugenia\/llistat-de-proveidors-homologats\/","title":{"rendered":"Llistat de prove\u00efdors homologats"},"content":{"rendered":"<p><a href=\"https:\/\/docs.google.com\/spreadsheets\/d\/e\/2PACX-1vRTtIQ_4n_K1tkkbch7T7PYTmHo3ULVq22OkvAEyzPHR_oOL5rN9rY7ZKj7bAzqElf0YqV1keMD6LvE\/pubhtml?gid=1959433603&amp;single=true\">Aquest llistat<\/a> recull els prove\u00efdors que han estat avaluats o validats pel centre segons criteris de qualitat, servei i compliment dels requisits establerts. La informaci\u00f3 s\u2019actualitza peri\u00f2dicament i permet consultar de manera senzilla l\u2019estat d\u2019homologaci\u00f3 de cada empresa.<\/p>\n<p>La valoraci\u00f3 mostrada reflecteix el resultat de les avaluacions realitzades pels diferents departaments, o b\u00e9 la seva situaci\u00f3 com a prove\u00efdor autoritzat en casos excepcionals.<\/p>\n<p>La baremaci\u00f3 dels prove\u00efdors es realitza d\u2019acord amb els criteris establerts al document de valoraci\u00f3 de prove\u00efdors disponible al\u00a0<a href=\"https:\/\/docs.google.com\/document\/d\/1E4xRKh2E6cgsggOSidt89uVkSjvzbKVK-na2Ym6Nji4\/edit?usp=sharing\" target=\"_blank\" rel=\"noopener\" data-saferedirecturl=\"https:\/\/www.google.com\/url?q=https:\/\/docs.google.com\/document\/d\/1E4xRKh2E6cgsggOSidt89uVkSjvzbKVK-na2Ym6Nji4\/edit?usp%3Dsharing&amp;source=gmail&amp;ust=1778313619325000&amp;usg=AOvVaw3B3Jj5g9-XS1CPeO-AK4E5\">seg\u00fcent enlla\u00e7<\/a>.<\/p>\n<div style=\"width: 100%; overflow: auto;\"><iframe style=\"width: 100%; height: 700px; border: none;\" src=\"https:\/\/docs.google.com\/spreadsheets\/d\/e\/2PACX-1vRTtIQ_4n_K1tkkbch7T7PYTmHo3ULVq22OkvAEyzPHR_oOL5rN9rY7ZKj7bAzqElf0YqV1keMD6LvE\/pubhtml?gid=1959433603&amp;single=true&amp;widget=true&amp;headers=false\"><br \/>\n<\/iframe><\/div>\n","protected":false},"excerpt":{"rendered":"<p><a href=\"https:\/\/docs.google.com\/spreadsheets\/d\/e\/2PACX-1vRTtIQ_4n_K1tkkbch7T7PYTmHo3ULVq22OkvAEyzPHR_oOL5rN9rY7ZKj7bAzqElf0YqV1keMD6LvE\/pubhtml?gid=1959433603&amp;single=true\">Aquest llistat<\/a> recull els prove\u00efdors que han estat avaluats o validats pel centre segons criteris de qualitat, servei i compliment dels requisits establerts. La informaci\u00f3 s\u2019actualitza peri\u00f2dicament i permet consultar de manera senzilla l\u2019estat d\u2019homologaci\u00f3 de cada empresa.<br \/>\nLa valoraci\u00f3 mostrada reflecteix el resultat de&hellip;  <a href=\"https:\/\/agora.xtec.cat\/iessantaeugenia\/llistat-de-proveidors-homologats\/\" title=\"Read Llistat de prove\u00efdors homologats\">Llegeix m\u00e9s\u00bb<\/a><\/p>\n","protected":false},"author":1,"featured_media":0,"parent":0,"menu_order":0,"comment_status":"closed","ping_status":"closed","template":"","meta":{"_bbp_topic_count":0,"_bbp_reply_count":0,"_bbp_total_topic_count":0,"_bbp_total_reply_count":0,"_bbp_voice_count":0,"_bbp_anonymous_reply_count":0,"_bbp_topic_count_hidden":0,"_bbp_reply_count_hidden":0,"_bbp_forum_subforum_count":0,"footnotes":""},"class_list":["post-14155","page","type-page","status-publish","hentry"],"post_mailing_queue_ids":[],"_links":{"self":[{"href":"https:\/\/agora.xtec.cat\/iessantaeugenia\/wp-json\/wp\/v2\/pages\/14155","targetHints":{"allow":["GET"]}}],"collection":[{"href":"https:\/\/agora.xtec.cat\/iessantaeugenia\/wp-json\/wp\/v2\/pages"}],"about":[{"href":"https:\/\/agora.xtec.cat\/iessantaeugenia\/wp-json\/wp\/v2\/types\/page"}],"author":[{"embeddable":true,"href":"https:\/\/agora.xtec.cat\/iessantaeugenia\/wp-json\/wp\/v2\/users\/1"}],"replies":[{"embeddable":true,"href":"https:\/\/agora.xtec.cat\/iessantaeugenia\/wp-json\/wp\/v2\/comments?post=14155"}],"version-history":[{"count":4,"href":"https:\/\/agora.xtec.cat\/iessantaeugenia\/wp-json\/wp\/v2\/pages\/14155\/revisions"}],"predecessor-version":[{"id":14171,"href":"https:\/\/agora.xtec.cat\/iessantaeugenia\/wp-json\/wp\/v2\/pages\/14155\/revisions\/14171"}],"wp:attachment":[{"href":"https:\/\/agora.xtec.cat\/iessantaeugenia\/wp-json\/wp\/v2\/media?parent=14155"}],"curies":[{"name":"wp","href":"https:\/\/api.w.org\/{rel}","templated":true}]}}