{"id":12345,"date":"2025-03-26T11:01:32","date_gmt":"2025-03-26T10:01:32","guid":{"rendered":"https:\/\/agora.xtec.cat\/iessantaeugenia\/?page_id=12345"},"modified":"2025-03-26T11:08:00","modified_gmt":"2025-03-26T10:08:00","slug":"modelatge-de-la-informacio-de-la-construccio-bim","status":"publish","type":"page","link":"https:\/\/agora.xtec.cat\/iessantaeugenia\/cicles-formatius\/installacio-i-manteniment\/modelatge-de-la-informacio-de-la-construccio-bim\/","title":{"rendered":"Modelatge de la Informaci\u00f3 de la Construcci\u00f3 (BIM)"},"content":{"rendered":"<h5><a href=\"https:\/\/triaeducativa.gencat.cat\/ca\/estudis\/?modelatge-informacio-construccio-bim&amp;p_id=7071\" target=\"_blank\" rel=\"noopener noreferrer\">P\u00c0GINA OFICIAL DELS ESTUDIS<\/a><\/h5>\n<h5><a href=\"https:\/\/www.gencat.cat\/ensenyament\/eac\/pdf\/EFPS____IM03_CA.pdf\" target=\"_blank\" rel=\"noopener noreferrer\">FITXA OFICIAL DELS ESTUDIS<\/a><\/h5>\n<p><span style=\"color: #ffffff;\">.<\/span><\/p>\n<ul class=\"CEDU_nostyle\">\n<li><strong>Ensenyament:<\/strong>\u00a0Formaci\u00f3 professional<\/li>\n<li><strong>Grau:<\/strong> Cursos d&#8217;especialitzaci\u00f3<\/li>\n<li><strong>Titulaci\u00f3:<\/strong> M\u00e0ster<\/li>\n<li><strong>Sistema:<\/strong>\u00a0LOE<\/li>\n<li><strong>Fam\u00edlia professional:<\/strong> <a href=\"https:\/\/agora.xtec.cat\/iessantaeugenia\/cicles-formatius\/installacio-i-manteniment\/\">Energia i aigua (Instal\u00b7laci\u00f3 i manteniment)<\/a><\/li>\n<\/ul>\n<h2><strong>M\u00e0ster en Modelatge de la Informaci\u00f3 de la Construcci\u00f3 (BIM)<\/strong><\/h2>\n<p><span style=\"text-decoration: underline;\">Codi: EFPS IM03<\/span><\/p>\n<div class=\"estudi\">\n<div>\n<div class=\"row\">\n<div class=\"basic_text_peq col-xs-12\">\n<div class=\"pd-15x\">\n<p>Aquests estudis capaciten per desenvolupar i modelar la informaci\u00f3 gr\u00e0fica i no gr\u00e0fica de projectes d&#8217;arquitectura, enginyeria i construcci\u00f3 sota la metodologia BIM en les seves diferents dimensions, aix\u00ed com col\u00b7laborar en els processos dels projectes, respectant els requisits del client (EIR o employer&#8217;s information requeriments) i les prescripcions establertes en el Pla d&#8217;execuci\u00f3 BIM (BEP o building execution plan), entre d&#8217;altres.<\/p>\n<p>S\u00f3n cursos per aprofundir coneixements despr\u00e9s d&#8217;haver cursat un cicle formatiu. Tenen una durada <strong>d&#8217;entre 300 i 720 hores<\/strong> i en alguns casos inclouen estada a l\u2019empresa.<\/p>\n<\/div>\n<\/div>\n<\/div>\n<\/div>\n<\/div>\n<h3>Continguts<\/h3>\n<ul>\n<li>Metodologia BIM<\/li>\n<li>Models d&#8217;Arquitectura i Estructures<\/li>\n<li>Models d&#8217;Instal\u00b7lacions Mec\u00e0niques i Sostenibilitat<\/li>\n<li>Models d&#8217;Instal\u00b7lacions El\u00e8ctriques i Comunicacions<\/li>\n<li>Control, Gesti\u00f3 i Pressupostos<\/li>\n<li>Projecte de Modelatge de la Informaci\u00f3 de la Construcci\u00f3 (BIM)<\/li>\n<\/ul>\n<h3><\/h3>\n<h3>Acc\u00e9s<\/h3>\n<p>Per accedir al curs \u00e9s necessari tenir algun dels t\u00edtols seg\u00fcents:<\/p>\n<ul>\n<li>CFPS EAA0 Efici\u00e8ncia Energ\u00e8tica i Energia Solar T\u00e8rmica<\/li>\n<li>CFPS EAB0 Centrals El\u00e8ctriques<\/li>\n<li>CFPS EAC0 Energies Renovables<\/li>\n<li>CFPS EAD0 Gesti\u00f3 de l&#8217;Aigua<\/li>\n<li>CFPS EEA0 Sistemes Electrot\u00e8cnics i Automatitzats<\/li>\n<li>CFPS EEB0 Automatitzaci\u00f3 i Rob\u00f2tica Industrial<\/li>\n<li>CFPS EED0 Sistemes de Telecomunicacions i Inform\u00e0tics<\/li>\n<li>CFPS EOA0 Projectes d&#8217;Obra Civil<\/li>\n<li>CFPS EOB0 Projectes d&#8217;Edificaci\u00f3<\/li>\n<li>CFPS EOC0 Organitzaci\u00f3 i Control d&#8217;Obres de Construcci\u00f3<\/li>\n<li>CFPS FMA0 Construccions Met\u00e0l\u00b7liques<\/li>\n<li>CFPS IMA0 Manteniment d&#8217;Instal\u00b7lacions T\u00e8rmiques i de Fluids<\/li>\n<li>CFPS IMB0 Desenvolupament de Projectes d&#8217;Instal\u00b7lacions T\u00e8rmiques i de Fluids<\/li>\n<li>CFPS IMC0 Mecatr\u00f2nica Industrial<\/li>\n<\/ul>\n<p>A m\u00e9s, si hi ha places lliures, pots optar a un 20 % d&#8217;aquestes places, si compleixes un dels requisits seg\u00fcents:<\/p>\n<ul>\n<li>Tenir un t\u00edtol de t\u00e8cnic\/a o t\u00e8cnic\/a superior d&#8217;FP diferent dels que donen acc\u00e9s al curs, per\u00f2 acreditar que tens experi\u00e8ncia en l&#8217;\u00e0rea professional.<\/li>\n<li>Tenir un t\u00edtol de t\u00e8cnic\/a o t\u00e8cnic\/a superior d&#8217;FP diferent dels que donen acc\u00e9s al curs, per\u00f2 acreditar que tens uns coneixements previs adequats.<\/li>\n<li>Acreditar que tens coneixements per seguir amb \u00e8xit el curs d&#8217;especialitzaci\u00f3, tot i que no tinguis un t\u00edtol de t\u00e8cnic\/a o t\u00e8cnic\/a superior d&#8217;FP. En aquest cas, obtindr\u00e0s un certificat acad\u00e8mic de realitzaci\u00f3 del curs amb aprofitament.<\/li>\n<\/ul>\n<p>&nbsp;<\/p>\n","protected":false},"excerpt":{"rendered":"<p><a href=\"https:\/\/triaeducativa.gencat.cat\/ca\/estudis\/?modelatge-informacio-construccio-bim&amp;p_id=7071\" target=\"_blank\" rel=\"noopener noreferrer\">P\u00c0GINA OFICIAL DELS ESTUDIS<\/a><br \/>\n<a href=\"https:\/\/www.gencat.cat\/ensenyament\/eac\/pdf\/EFPS____IM03_CA.pdf\" target=\"_blank\" rel=\"noopener noreferrer\">FITXA OFICIAL DELS ESTUDIS<\/a><br \/>\n.<\/p>\n<ul class=\"CEDU_nostyle\">\n<li>Ensenyament:\u00a0Formaci\u00f3 professional<\/li>\n<li>Grau: Cursos d&#8217;especialitzaci\u00f3<\/li>\n<li>Titulaci\u00f3: M\u00e0ster<\/li>\n<li>Sistema:\u00a0LOE<\/li>\n<li>Fam\u00edlia professional: <a href=\"https:\/\/agora.xtec.cat\/iessantaeugenia\/cicles-formatius\/installacio-i-manteniment\/\">Energia i aigua (Instal\u00b7laci\u00f3 i manteniment)<\/a><\/li>\n<\/ul>\n<p>M\u00e0ster en Modelatge de la Informaci\u00f3 de la Construcci\u00f3 (BIM)<br \/>\nCodi: EFPS IM03<\/p>\n<p>Aquests estudis capaciten per desenvolupar i modelar&hellip;  <a href=\"https:\/\/agora.xtec.cat\/iessantaeugenia\/cicles-formatius\/installacio-i-manteniment\/modelatge-de-la-informacio-de-la-construccio-bim\/\" title=\"Read Modelatge de la Informaci\u00f3 de la Construcci\u00f3 (BIM)\">Llegeix m\u00e9s\u00bb<\/a><\/p>\n","protected":false},"author":1,"featured_media":0,"parent":722,"menu_order":5,"comment_status":"closed","ping_status":"closed","template":"page-templates\/side-menu.php","meta":{"_bbp_topic_count":0,"_bbp_reply_count":0,"_bbp_total_topic_count":0,"_bbp_total_reply_count":0,"_bbp_voice_count":0,"_bbp_anonymous_reply_count":0,"_bbp_topic_count_hidden":0,"_bbp_reply_count_hidden":0,"_bbp_forum_subforum_count":0,"footnotes":""},"class_list":["post-12345","page","type-page","status-publish","hentry"],"post_mailing_queue_ids":[],"_links":{"self":[{"href":"https:\/\/agora.xtec.cat\/iessantaeugenia\/wp-json\/wp\/v2\/pages\/12345","targetHints":{"allow":["GET"]}}],"collection":[{"href":"https:\/\/agora.xtec.cat\/iessantaeugenia\/wp-json\/wp\/v2\/pages"}],"about":[{"href":"https:\/\/agora.xtec.cat\/iessantaeugenia\/wp-json\/wp\/v2\/types\/page"}],"author":[{"embeddable":true,"href":"https:\/\/agora.xtec.cat\/iessantaeugenia\/wp-json\/wp\/v2\/users\/1"}],"replies":[{"embeddable":true,"href":"https:\/\/agora.xtec.cat\/iessantaeugenia\/wp-json\/wp\/v2\/comments?post=12345"}],"version-history":[{"count":2,"href":"https:\/\/agora.xtec.cat\/iessantaeugenia\/wp-json\/wp\/v2\/pages\/12345\/revisions"}],"predecessor-version":[{"id":12347,"href":"https:\/\/agora.xtec.cat\/iessantaeugenia\/wp-json\/wp\/v2\/pages\/12345\/revisions\/12347"}],"up":[{"embeddable":true,"href":"https:\/\/agora.xtec.cat\/iessantaeugenia\/wp-json\/wp\/v2\/pages\/722"}],"wp:attachment":[{"href":"https:\/\/agora.xtec.cat\/iessantaeugenia\/wp-json\/wp\/v2\/media?parent=12345"}],"curies":[{"name":"wp","href":"https:\/\/api.w.org\/{rel}","templated":true}]}}