{"id":81,"date":"2014-09-18T10:38:05","date_gmt":"2014-09-18T10:38:05","guid":{"rendered":"http:\/\/agora.xtec.cat\/iessalvadorvilaseca\/?page_id=81"},"modified":"2016-07-22T09:49:07","modified_gmt":"2016-07-22T08:49:07","slug":"secretaria","status":"publish","type":"page","link":"https:\/\/agora.xtec.cat\/iessalvadorvilaseca\/secretaria\/","title":{"rendered":"Secretaria"},"content":{"rendered":"<h4>Horari d&#8217;atenci\u00f3 al p\u00fablic:<\/h4>\n<p>Matins,\u00a0de dilluns a divendres de 10:00 a 13:00.<\/p>\n<p>Tardes (des del 7 de setembre fins al 23 de juny), dilluns i dijous de 17:00 a 18:00.<\/p>\n<p>La secretaria estar\u00e0 tancada el mes d&#8217;agost i durant les vacances de Nadal i Setmana Santa.<\/p>\n<p>Per qualsevol dubte referent a tr\u00e0mits administratius podeu enviar un correu electr\u00f2nic a la seg\u00fcent adre\u00e7a:<\/p>\n<p>secretariacentre@savi.cat<\/p>\n","protected":false},"excerpt":{"rendered":"<p>Horari d&#8217;atenci\u00f3 al p\u00fablic:<br \/>\nMatins,\u00a0de dilluns a divendres de 10:00 a 13:00.<br \/>\nTardes (des del 7 de setembre fins al 23 de juny), dilluns i dijous de 17:00 a 18:00.<br \/>\nLa secretaria estar\u00e0 tancada el mes d&#8217;agost i durant les vacances de Nadal i Setmana Santa.<br \/>\nPer qualsevol dubte&hellip;  <a href=\"https:\/\/agora.xtec.cat\/iessalvadorvilaseca\/secretaria\/\" title=\"Read Secretaria\">Llegeix m\u00e9s\u00bb<\/a><\/p>\n","protected":false},"author":1,"featured_media":0,"parent":0,"menu_order":0,"comment_status":"closed","ping_status":"closed","template":"","meta":{"_bbp_topic_count":0,"_bbp_reply_count":0,"_bbp_total_topic_count":0,"_bbp_total_reply_count":0,"_bbp_voice_count":0,"_bbp_anonymous_reply_count":0,"_bbp_topic_count_hidden":0,"_bbp_reply_count_hidden":0,"_bbp_forum_subforum_count":0,"footnotes":""},"class_list":["post-81","page","type-page","status-publish","hentry"],"post_mailing_queue_ids":[],"_links":{"self":[{"href":"https:\/\/agora.xtec.cat\/iessalvadorvilaseca\/wp-json\/wp\/v2\/pages\/81","targetHints":{"allow":["GET"]}}],"collection":[{"href":"https:\/\/agora.xtec.cat\/iessalvadorvilaseca\/wp-json\/wp\/v2\/pages"}],"about":[{"href":"https:\/\/agora.xtec.cat\/iessalvadorvilaseca\/wp-json\/wp\/v2\/types\/page"}],"author":[{"embeddable":true,"href":"https:\/\/agora.xtec.cat\/iessalvadorvilaseca\/wp-json\/wp\/v2\/users\/1"}],"replies":[{"embeddable":true,"href":"https:\/\/agora.xtec.cat\/iessalvadorvilaseca\/wp-json\/wp\/v2\/comments?post=81"}],"version-history":[{"count":4,"href":"https:\/\/agora.xtec.cat\/iessalvadorvilaseca\/wp-json\/wp\/v2\/pages\/81\/revisions"}],"predecessor-version":[{"id":569,"href":"https:\/\/agora.xtec.cat\/iessalvadorvilaseca\/wp-json\/wp\/v2\/pages\/81\/revisions\/569"}],"wp:attachment":[{"href":"https:\/\/agora.xtec.cat\/iessalvadorvilaseca\/wp-json\/wp\/v2\/media?parent=81"}],"curies":[{"name":"wp","href":"https:\/\/api.w.org\/{rel}","templated":true}]}}