{"id":7954,"date":"2025-03-19T12:58:17","date_gmt":"2025-03-19T11:58:17","guid":{"rendered":"https:\/\/agora.xtec.cat\/iessalvadorvilaseca\/?page_id=7954"},"modified":"2026-04-13T12:27:10","modified_gmt":"2026-04-13T10:27:10","slug":"i-si-no-tinc-leso","status":"publish","type":"page","link":"https:\/\/agora.xtec.cat\/iessalvadorvilaseca\/i-si-no-tinc-leso\/","title":{"rendered":"I SI NO TINC L&#8217;ESO?"},"content":{"rendered":"<p style=\"text-align: justify;\"><span style=\"font-weight: 400;\">Si no has pogut obtenir el graduat, no et preocupis, hi ha m\u00e9s camins per poder arribar als teus objectius!<\/span><\/p>\n<p style=\"text-align: justify;\"><span style=\"font-weight: 400;\">Existeixen els programes de formaci\u00f3 i inserci\u00f3 (PFI) que s\u2019adrecen a joves d\u2019entre 16\u00a0 i 21 anys que no han finalitzat l\u2019ESO. Aquests estudis tenen la durada d\u2019un curs acad\u00e8mic i et serveix de pont per poder estudiar despr\u00e9s un cicle formatiu de grau mitj\u00e0.<\/span><\/p>\n<p style=\"text-align: justify;\"><span style=\"font-weight: 400;\">A continuaci\u00f3 et presentem unes infografies amb tota l\u2019oferta formativa de PFI del territori: Reus, Tarragona i altres municipis propers.<\/span><\/p>\n<p style=\"text-align: justify;\"><span style=\"font-weight: 400;\">Per poder tenir m\u00e9s informaci\u00f3 dels PFI, fes un CLIC al logotip de cada centre i et conduir\u00e0 a la seva p\u00e0gina web on pots aprofundir m\u00e9s.<\/span><\/p>\n<table style=\"border-collapse: collapse; width: 100%;\">\n<tbody>\n<tr>\n<td style=\"width: 100%;\"><a href=\"https:\/\/agora.xtec.cat\/iessalvadorvilaseca\/wp-content\/uploads\/usu1231\/2026\/04\/Formacio-postobligatoria-1-1.pdf\"><img loading=\"lazy\" decoding=\"async\" class=\"alignnone wp-image-8517 size-large\" src=\"https:\/\/agora.xtec.cat\/iessalvadorvilaseca\/wp-content\/uploads\/usu1231\/2026\/04\/PFI_Reus-1024x741.png\" alt=\"\" width=\"1024\" height=\"741\" srcset=\"https:\/\/agora.xtec.cat\/iessalvadorvilaseca\/wp-content\/uploads\/usu1231\/2026\/04\/PFI_Reus-1024x741.png 1024w, https:\/\/agora.xtec.cat\/iessalvadorvilaseca\/wp-content\/uploads\/usu1231\/2026\/04\/PFI_Reus-300x217.png 300w, https:\/\/agora.xtec.cat\/iessalvadorvilaseca\/wp-content\/uploads\/usu1231\/2026\/04\/PFI_Reus-768x556.png 768w, https:\/\/agora.xtec.cat\/iessalvadorvilaseca\/wp-content\/uploads\/usu1231\/2026\/04\/PFI_Reus-1536x1112.png 1536w, https:\/\/agora.xtec.cat\/iessalvadorvilaseca\/wp-content\/uploads\/usu1231\/2026\/04\/PFI_Reus.png 2000w\" sizes=\"auto, (max-width: 1024px) 100vw, 1024px\" \/><\/a><\/td>\n<\/tr>\n<tr>\n<td style=\"width: 100%;\"><a href=\"https:\/\/agora.xtec.cat\/iessalvadorvilaseca\/wp-content\/uploads\/usu1231\/2026\/04\/PFI_Tarragona.png\"><img loading=\"lazy\" decoding=\"async\" class=\"alignnone wp-image-8518 size-large\" src=\"https:\/\/agora.xtec.cat\/iessalvadorvilaseca\/wp-content\/uploads\/usu1231\/2026\/04\/PFI_Tarragona-1024x741.png\" alt=\"\" width=\"1024\" height=\"741\" srcset=\"https:\/\/agora.xtec.cat\/iessalvadorvilaseca\/wp-content\/uploads\/usu1231\/2026\/04\/PFI_Tarragona-1024x741.png 1024w, https:\/\/agora.xtec.cat\/iessalvadorvilaseca\/wp-content\/uploads\/usu1231\/2026\/04\/PFI_Tarragona-300x217.png 300w, https:\/\/agora.xtec.cat\/iessalvadorvilaseca\/wp-content\/uploads\/usu1231\/2026\/04\/PFI_Tarragona-768x556.png 768w, https:\/\/agora.xtec.cat\/iessalvadorvilaseca\/wp-content\/uploads\/usu1231\/2026\/04\/PFI_Tarragona-1536x1112.png 1536w, https:\/\/agora.xtec.cat\/iessalvadorvilaseca\/wp-content\/uploads\/usu1231\/2026\/04\/PFI_Tarragona.png 2000w\" sizes=\"auto, (max-width: 1024px) 100vw, 1024px\" \/><\/a><\/td>\n<\/tr>\n<tr>\n<td style=\"width: 100%;\"><a href=\"https:\/\/agora.xtec.cat\/iessalvadorvilaseca\/wp-content\/uploads\/usu1231\/2026\/04\/PFI_Altres-1.png\"><img loading=\"lazy\" decoding=\"async\" class=\"alignnone wp-image-8526 size-large\" src=\"https:\/\/agora.xtec.cat\/iessalvadorvilaseca\/wp-content\/uploads\/usu1231\/2026\/04\/PFI_Altres-1-1024x741.png\" alt=\"\" width=\"1024\" height=\"741\" srcset=\"https:\/\/agora.xtec.cat\/iessalvadorvilaseca\/wp-content\/uploads\/usu1231\/2026\/04\/PFI_Altres-1-1024x741.png 1024w, https:\/\/agora.xtec.cat\/iessalvadorvilaseca\/wp-content\/uploads\/usu1231\/2026\/04\/PFI_Altres-1-300x217.png 300w, https:\/\/agora.xtec.cat\/iessalvadorvilaseca\/wp-content\/uploads\/usu1231\/2026\/04\/PFI_Altres-1-768x556.png 768w, https:\/\/agora.xtec.cat\/iessalvadorvilaseca\/wp-content\/uploads\/usu1231\/2026\/04\/PFI_Altres-1-1536x1112.png 1536w, https:\/\/agora.xtec.cat\/iessalvadorvilaseca\/wp-content\/uploads\/usu1231\/2026\/04\/PFI_Altres-1.png 2000w\" sizes=\"auto, (max-width: 1024px) 100vw, 1024px\" \/><\/a><\/td>\n<\/tr>\n<\/tbody>\n<\/table>\n<table style=\"border-collapse: collapse; width: 100%;\">\n<tbody>\n<tr>\n<td style=\"width: 100%;\"><a href=\"https:\/\/agora.xtec.cat\/iessalvadorvilaseca\/wp-content\/uploads\/usu1231\/2026\/04\/PFI_Altres2-1.png\"><img loading=\"lazy\" decoding=\"async\" class=\"alignnone size-large wp-image-8527\" src=\"https:\/\/agora.xtec.cat\/iessalvadorvilaseca\/wp-content\/uploads\/usu1231\/2026\/04\/PFI_Altres2-1-1024x741.png\" alt=\"\" width=\"1024\" height=\"741\" srcset=\"https:\/\/agora.xtec.cat\/iessalvadorvilaseca\/wp-content\/uploads\/usu1231\/2026\/04\/PFI_Altres2-1-1024x741.png 1024w, https:\/\/agora.xtec.cat\/iessalvadorvilaseca\/wp-content\/uploads\/usu1231\/2026\/04\/PFI_Altres2-1-300x217.png 300w, https:\/\/agora.xtec.cat\/iessalvadorvilaseca\/wp-content\/uploads\/usu1231\/2026\/04\/PFI_Altres2-1-768x556.png 768w, https:\/\/agora.xtec.cat\/iessalvadorvilaseca\/wp-content\/uploads\/usu1231\/2026\/04\/PFI_Altres2-1-1536x1112.png 1536w, https:\/\/agora.xtec.cat\/iessalvadorvilaseca\/wp-content\/uploads\/usu1231\/2026\/04\/PFI_Altres2-1.png 2000w\" sizes=\"auto, (max-width: 1024px) 100vw, 1024px\" \/><\/a><\/td>\n<\/tr>\n<\/tbody>\n<\/table>\n<p>&nbsp;<\/p>\n<ul>\n<li>\n<p align=\"left\">Per m\u00e9s informaci\u00f3 sobre qu\u00e8 estudiar consulteu els seg\u00fcents enlla\u00e7os: <a href=\"https:\/\/triaeducativa.gencat.cat\/ca\/fp\/pfi\/index.html\">Tria educativa <\/a>i <a href=\"https:\/\/joventutreus.cat\/?q=de-tu-a-tu\/guia-destudis\">Joventut Reus<\/a><\/p>\n<\/li>\n<li>\n<p align=\"left\"><span style=\"font-family: inherit; font-size: 1em;\">Per m\u00e9s informaci\u00f3 sobre la preinscripci\u00f3: <\/span><a style=\"font-family: inherit; font-size: 1em;\" href=\"https:\/\/preinscripcio.gencat.cat\/ca\/estudis\/pfi\/informat\/calendari\/index.html\">Preinscripci\u00f3 Gencat\u00a0<\/a><\/p>\n<\/li>\n<\/ul>\n","protected":false},"excerpt":{"rendered":"<p>Si no has pogut obtenir el graduat, no et preocupis, hi ha m\u00e9s camins per poder arribar als teus objectius!<br \/>\nExisteixen els programes de formaci\u00f3 i inserci\u00f3 (PFI) que s\u2019adrecen a joves d\u2019entre 16\u00a0 i 21 anys que no han finalitzat l\u2019ESO. Aquests estudis tenen la&hellip;  <a href=\"https:\/\/agora.xtec.cat\/iessalvadorvilaseca\/i-si-no-tinc-leso\/\" title=\"Read I SI NO TINC L&#8217;ESO?\">Llegeix m\u00e9s\u00bb<\/a><\/p>\n","protected":false},"author":331,"featured_media":0,"parent":0,"menu_order":0,"comment_status":"closed","ping_status":"closed","template":"","meta":{"_bbp_topic_count":0,"_bbp_reply_count":0,"_bbp_total_topic_count":0,"_bbp_total_reply_count":0,"_bbp_voice_count":0,"_bbp_anonymous_reply_count":0,"_bbp_topic_count_hidden":0,"_bbp_reply_count_hidden":0,"_bbp_forum_subforum_count":0,"footnotes":""},"class_list":["post-7954","page","type-page","status-publish","hentry"],"post_mailing_queue_ids":[],"_links":{"self":[{"href":"https:\/\/agora.xtec.cat\/iessalvadorvilaseca\/wp-json\/wp\/v2\/pages\/7954","targetHints":{"allow":["GET"]}}],"collection":[{"href":"https:\/\/agora.xtec.cat\/iessalvadorvilaseca\/wp-json\/wp\/v2\/pages"}],"about":[{"href":"https:\/\/agora.xtec.cat\/iessalvadorvilaseca\/wp-json\/wp\/v2\/types\/page"}],"author":[{"embeddable":true,"href":"https:\/\/agora.xtec.cat\/iessalvadorvilaseca\/wp-json\/wp\/v2\/users\/331"}],"replies":[{"embeddable":true,"href":"https:\/\/agora.xtec.cat\/iessalvadorvilaseca\/wp-json\/wp\/v2\/comments?post=7954"}],"version-history":[{"count":6,"href":"https:\/\/agora.xtec.cat\/iessalvadorvilaseca\/wp-json\/wp\/v2\/pages\/7954\/revisions"}],"predecessor-version":[{"id":8528,"href":"https:\/\/agora.xtec.cat\/iessalvadorvilaseca\/wp-json\/wp\/v2\/pages\/7954\/revisions\/8528"}],"wp:attachment":[{"href":"https:\/\/agora.xtec.cat\/iessalvadorvilaseca\/wp-json\/wp\/v2\/media?parent=7954"}],"curies":[{"name":"wp","href":"https:\/\/api.w.org\/{rel}","templated":true}]}}