{"id":7941,"date":"2025-03-19T12:43:12","date_gmt":"2025-03-19T11:43:12","guid":{"rendered":"https:\/\/agora.xtec.cat\/iessalvadorvilaseca\/?page_id=7941"},"modified":"2026-04-13T12:30:30","modified_gmt":"2026-04-13T10:30:30","slug":"que-fer-despres-de-leso","status":"publish","type":"page","link":"https:\/\/agora.xtec.cat\/iessalvadorvilaseca\/que-fer-despres-de-leso\/","title":{"rendered":"QU\u00c8 FER DESPR\u00c9S DE L&#8217;ESO?"},"content":{"rendered":"<h4><b>BATXILLERAT:<\/b><\/h4>\n<p style=\"text-align: justify;\"><span style=\"font-weight: 400;\">El batxillerat forma part de l&#8217;educaci\u00f3 secund\u00e0ria postobligat\u00f2ria i es distribueix en dos cursos acad\u00e8mics. Es desenvolupa en diverses modalitats, s&#8217;organitza de manera oberta i flexible i, si cal, en vies diferents dins de cada modalitat, per tal d&#8217;oferir un itinerari personalitzat a l&#8217;alumnat d&#8217;acord amb les seves perspectives i interessos de formaci\u00f3.\u00a0<\/span><\/p>\n<p style=\"text-align: justify;\"><span style=\"font-weight: 400;\">El batxillerat prepara els i les alumnes per a la seva incorporaci\u00f3 a estudis posteriors, tant professionals com universitaris, i per a l&#8217;acc\u00e9s al m\u00f3n laboral.<\/span><\/p>\n<p style=\"text-align: justify;\"><span style=\"font-weight: 400;\">En el nostre institut s\u2019ofereixen les modalitats de:<\/span><\/p>\n<ul>\n<li style=\"font-weight: 400;\" aria-level=\"1\"><span style=\"font-weight: 400;\">Ci\u00e8ncies i tecnologia<\/span><\/li>\n<li style=\"font-weight: 400;\" aria-level=\"1\"><span style=\"font-weight: 400;\">Humanitats i ci\u00e8ncies socials<\/span><\/li>\n<\/ul>\n<p><span style=\"font-weight: 400;\">Si vols estudiar un altre itinerari, consulta: <\/span><a href=\"https:\/\/triaeducativa.gencat.cat\/ca\/inici\/index.html\">Tria educativa <\/a>i <a href=\"https:\/\/joventutreus.cat\/?q=de-tu-a-tu\/guia-destudis\">Joventut Reus<\/a><\/p>\n<h4><strong>CICLES FORMATIUS:<\/strong><\/h4>\n<p style=\"text-align: justify;\">Si vols estudiar un cicle formatiu de grau mitj\u00e0, a continuaci\u00f3 presentem unes infografies amb<br \/>\ntota l\u2019oferta formativa del territori: Reus, Tarragona i altres municipis propers.<br \/>\nPer poder tenir m\u00e9s informaci\u00f3 dels cicles, fes un CLIC al logotip de cada centre i et conduir\u00e0 a la<br \/>\nseva p\u00e0gina web on pots aprofundir m\u00e9s.<\/p>\n<p>&nbsp;<\/p>\n<table style=\"border-collapse: collapse; width: 100%;\">\n<tbody>\n<tr>\n<td style=\"width: 100%;\"><a href=\"https:\/\/agora.xtec.cat\/iessalvadorvilaseca\/wp-content\/uploads\/usu1231\/2026\/04\/Formacio-postobligatoria-2.pdf\"><img loading=\"lazy\" decoding=\"async\" class=\"alignnone wp-image-8509 size-large\" src=\"https:\/\/agora.xtec.cat\/iessalvadorvilaseca\/wp-content\/uploads\/usu1231\/2026\/04\/CFGM_Reus-1024x741.png\" alt=\"\" width=\"1024\" height=\"741\" srcset=\"https:\/\/agora.xtec.cat\/iessalvadorvilaseca\/wp-content\/uploads\/usu1231\/2026\/04\/CFGM_Reus-1024x741.png 1024w, https:\/\/agora.xtec.cat\/iessalvadorvilaseca\/wp-content\/uploads\/usu1231\/2026\/04\/CFGM_Reus-300x217.png 300w, https:\/\/agora.xtec.cat\/iessalvadorvilaseca\/wp-content\/uploads\/usu1231\/2026\/04\/CFGM_Reus-768x556.png 768w, https:\/\/agora.xtec.cat\/iessalvadorvilaseca\/wp-content\/uploads\/usu1231\/2026\/04\/CFGM_Reus-1536x1112.png 1536w, https:\/\/agora.xtec.cat\/iessalvadorvilaseca\/wp-content\/uploads\/usu1231\/2026\/04\/CFGM_Reus.png 2000w\" sizes=\"auto, (max-width: 1024px) 100vw, 1024px\" \/><\/a><\/td>\n<\/tr>\n<tr>\n<td style=\"width: 100%;\"><a href=\"https:\/\/agora.xtec.cat\/iessalvadorvilaseca\/wp-content\/uploads\/usu1231\/2026\/04\/CFGS_Tarragona.png\"><img loading=\"lazy\" decoding=\"async\" class=\"alignnone wp-image-8511 size-large\" src=\"https:\/\/agora.xtec.cat\/iessalvadorvilaseca\/wp-content\/uploads\/usu1231\/2026\/04\/CFGS_Tarragona-1024x741.png\" alt=\"\" width=\"1024\" height=\"741\" srcset=\"https:\/\/agora.xtec.cat\/iessalvadorvilaseca\/wp-content\/uploads\/usu1231\/2026\/04\/CFGS_Tarragona-1024x741.png 1024w, https:\/\/agora.xtec.cat\/iessalvadorvilaseca\/wp-content\/uploads\/usu1231\/2026\/04\/CFGS_Tarragona-300x217.png 300w, https:\/\/agora.xtec.cat\/iessalvadorvilaseca\/wp-content\/uploads\/usu1231\/2026\/04\/CFGS_Tarragona-768x556.png 768w, https:\/\/agora.xtec.cat\/iessalvadorvilaseca\/wp-content\/uploads\/usu1231\/2026\/04\/CFGS_Tarragona-1536x1112.png 1536w, https:\/\/agora.xtec.cat\/iessalvadorvilaseca\/wp-content\/uploads\/usu1231\/2026\/04\/CFGS_Tarragona.png 2000w\" sizes=\"auto, (max-width: 1024px) 100vw, 1024px\" \/><\/a><\/td>\n<\/tr>\n<tr>\n<td style=\"width: 100%;\"><a href=\"https:\/\/agora.xtec.cat\/iessalvadorvilaseca\/wp-content\/uploads\/usu1231\/2026\/04\/CFGS_Altres.png\"><img loading=\"lazy\" decoding=\"async\" class=\"alignnone wp-image-8510 size-large\" src=\"https:\/\/agora.xtec.cat\/iessalvadorvilaseca\/wp-content\/uploads\/usu1231\/2026\/04\/CFGS_Altres-1024x741.png\" alt=\"\" width=\"1024\" height=\"741\" srcset=\"https:\/\/agora.xtec.cat\/iessalvadorvilaseca\/wp-content\/uploads\/usu1231\/2026\/04\/CFGS_Altres-1024x741.png 1024w, https:\/\/agora.xtec.cat\/iessalvadorvilaseca\/wp-content\/uploads\/usu1231\/2026\/04\/CFGS_Altres-300x217.png 300w, https:\/\/agora.xtec.cat\/iessalvadorvilaseca\/wp-content\/uploads\/usu1231\/2026\/04\/CFGS_Altres-768x556.png 768w, https:\/\/agora.xtec.cat\/iessalvadorvilaseca\/wp-content\/uploads\/usu1231\/2026\/04\/CFGS_Altres-1536x1112.png 1536w, https:\/\/agora.xtec.cat\/iessalvadorvilaseca\/wp-content\/uploads\/usu1231\/2026\/04\/CFGS_Altres.png 2000w\" sizes=\"auto, (max-width: 1024px) 100vw, 1024px\" \/><\/a><\/td>\n<\/tr>\n<\/tbody>\n<\/table>\n<table style=\"border-collapse: collapse; width: 100%;\">\n<tbody>\n<tr>\n<td style=\"width: 100%;\"><a href=\"https:\/\/agora.xtec.cat\/iessalvadorvilaseca\/wp-content\/uploads\/usu1231\/2026\/04\/CFGM_Altres1.png\"><img loading=\"lazy\" decoding=\"async\" class=\"alignnone size-large wp-image-8529\" src=\"https:\/\/agora.xtec.cat\/iessalvadorvilaseca\/wp-content\/uploads\/usu1231\/2026\/04\/CFGM_Altres1-1024x741.png\" alt=\"\" width=\"1024\" height=\"741\" srcset=\"https:\/\/agora.xtec.cat\/iessalvadorvilaseca\/wp-content\/uploads\/usu1231\/2026\/04\/CFGM_Altres1-1024x741.png 1024w, https:\/\/agora.xtec.cat\/iessalvadorvilaseca\/wp-content\/uploads\/usu1231\/2026\/04\/CFGM_Altres1-300x217.png 300w, https:\/\/agora.xtec.cat\/iessalvadorvilaseca\/wp-content\/uploads\/usu1231\/2026\/04\/CFGM_Altres1-768x556.png 768w, https:\/\/agora.xtec.cat\/iessalvadorvilaseca\/wp-content\/uploads\/usu1231\/2026\/04\/CFGM_Altres1-1536x1112.png 1536w, https:\/\/agora.xtec.cat\/iessalvadorvilaseca\/wp-content\/uploads\/usu1231\/2026\/04\/CFGM_Altres1.png 2000w\" sizes=\"auto, (max-width: 1024px) 100vw, 1024px\" \/><\/a><\/td>\n<\/tr>\n<\/tbody>\n<\/table>\n<table style=\"border-collapse: collapse; width: 100%;\">\n<tbody>\n<tr>\n<td style=\"width: 100%;\"><a href=\"https:\/\/agora.xtec.cat\/iessalvadorvilaseca\/wp-content\/uploads\/usu1231\/2026\/04\/Formacio-postobligatoria.pdf\"><img loading=\"lazy\" decoding=\"async\" class=\"alignnone size-large wp-image-8530\" src=\"https:\/\/agora.xtec.cat\/iessalvadorvilaseca\/wp-content\/uploads\/usu1231\/2026\/04\/CFGM_Altres2-1024x741.png\" alt=\"\" width=\"1024\" height=\"741\" srcset=\"https:\/\/agora.xtec.cat\/iessalvadorvilaseca\/wp-content\/uploads\/usu1231\/2026\/04\/CFGM_Altres2-1024x741.png 1024w, https:\/\/agora.xtec.cat\/iessalvadorvilaseca\/wp-content\/uploads\/usu1231\/2026\/04\/CFGM_Altres2-300x217.png 300w, https:\/\/agora.xtec.cat\/iessalvadorvilaseca\/wp-content\/uploads\/usu1231\/2026\/04\/CFGM_Altres2-768x556.png 768w, https:\/\/agora.xtec.cat\/iessalvadorvilaseca\/wp-content\/uploads\/usu1231\/2026\/04\/CFGM_Altres2-1536x1112.png 1536w, https:\/\/agora.xtec.cat\/iessalvadorvilaseca\/wp-content\/uploads\/usu1231\/2026\/04\/CFGM_Altres2.png 2000w\" sizes=\"auto, (max-width: 1024px) 100vw, 1024px\" \/><\/a><\/td>\n<\/tr>\n<\/tbody>\n<\/table>\n<ul>\n<li>\n<p align=\"left\">Per m\u00e9s informaci\u00f3 sobre qu\u00e8 estudiar consulteu els seg\u00fcents enlla\u00e7os: <a href=\"https:\/\/triaeducativa.gencat.cat\/ca\/inici\/index.html\">Tria educativa <\/a>i <a href=\"https:\/\/joventutreus.cat\/?q=de-tu-a-tu\/guia-destudis\">Joventut Reus<\/a><\/p>\n<\/li>\n<li>\n<p align=\"left\">Per m\u00e9s informaci\u00f3 sobre la preinscripci\u00f3:\u00a0<a href=\"https:\/\/preinscripcio.gencat.cat\/ca\/estudis\/fp-grau-mitja\/inici\/\"> Formaci\u00f3 professional (grau mitj\u00e0)<\/a><\/p>\n<\/li>\n<\/ul>\n<p>&nbsp;<\/p>\n","protected":false},"excerpt":{"rendered":"<p>BATXILLERAT:<br \/>\nEl batxillerat forma part de l&#8217;educaci\u00f3 secund\u00e0ria postobligat\u00f2ria i es distribueix en dos cursos acad\u00e8mics. Es desenvolupa en diverses modalitats, s&#8217;organitza de manera oberta i flexible i, si cal, en vies diferents dins de cada modalitat, per tal d&#8217;oferir un itinerari personalitzat a l&#8217;alumnat d&#8217;acord&hellip;  <a href=\"https:\/\/agora.xtec.cat\/iessalvadorvilaseca\/que-fer-despres-de-leso\/\" title=\"Read QU\u00c8 FER DESPR\u00c9S DE L&#8217;ESO?\">Llegeix m\u00e9s\u00bb<\/a><\/p>\n","protected":false},"author":331,"featured_media":0,"parent":0,"menu_order":0,"comment_status":"closed","ping_status":"closed","template":"","meta":{"_bbp_topic_count":0,"_bbp_reply_count":0,"_bbp_total_topic_count":0,"_bbp_total_reply_count":0,"_bbp_voice_count":0,"_bbp_anonymous_reply_count":0,"_bbp_topic_count_hidden":0,"_bbp_reply_count_hidden":0,"_bbp_forum_subforum_count":0,"footnotes":""},"class_list":["post-7941","page","type-page","status-publish","hentry"],"post_mailing_queue_ids":[],"_links":{"self":[{"href":"https:\/\/agora.xtec.cat\/iessalvadorvilaseca\/wp-json\/wp\/v2\/pages\/7941","targetHints":{"allow":["GET"]}}],"collection":[{"href":"https:\/\/agora.xtec.cat\/iessalvadorvilaseca\/wp-json\/wp\/v2\/pages"}],"about":[{"href":"https:\/\/agora.xtec.cat\/iessalvadorvilaseca\/wp-json\/wp\/v2\/types\/page"}],"author":[{"embeddable":true,"href":"https:\/\/agora.xtec.cat\/iessalvadorvilaseca\/wp-json\/wp\/v2\/users\/331"}],"replies":[{"embeddable":true,"href":"https:\/\/agora.xtec.cat\/iessalvadorvilaseca\/wp-json\/wp\/v2\/comments?post=7941"}],"version-history":[{"count":7,"href":"https:\/\/agora.xtec.cat\/iessalvadorvilaseca\/wp-json\/wp\/v2\/pages\/7941\/revisions"}],"predecessor-version":[{"id":8532,"href":"https:\/\/agora.xtec.cat\/iessalvadorvilaseca\/wp-json\/wp\/v2\/pages\/7941\/revisions\/8532"}],"wp:attachment":[{"href":"https:\/\/agora.xtec.cat\/iessalvadorvilaseca\/wp-json\/wp\/v2\/media?parent=7941"}],"curies":[{"name":"wp","href":"https:\/\/api.w.org\/{rel}","templated":true}]}}