{"id":7909,"date":"2025-03-18T13:24:24","date_gmt":"2025-03-18T12:24:24","guid":{"rendered":"https:\/\/agora.xtec.cat\/iessalvadorvilaseca\/?page_id=7909"},"modified":"2025-03-27T14:42:44","modified_gmt":"2025-03-27T13:42:44","slug":"orientacio-1","status":"publish","type":"page","link":"https:\/\/agora.xtec.cat\/iessalvadorvilaseca\/orientacio-1\/","title":{"rendered":"ORIENTACI\u00d3"},"content":{"rendered":"<ul>\n<li>\n<h6><strong><a href=\"https:\/\/agora.xtec.cat\/iessalvadorvilaseca\/orientacio-2\/\">EQUIP D&#8217;ORIENTACI\u00d3<\/a><\/strong><\/h6>\n<\/li>\n<li>\n<h6><strong><a href=\"https:\/\/agora.xtec.cat\/iessalvadorvilaseca\/que-fer-despres-de-leso\/\">QU\u00c8 FER DESPR\u00c9S DE L&#8217;ESO?<\/a><\/strong><\/h6>\n<\/li>\n<li>\n<h6><strong><a href=\"https:\/\/agora.xtec.cat\/iessalvadorvilaseca\/i-si-no-tinc-leso\/\">I SI NO TINC L&#8217;ESO?<\/a><\/strong><\/h6>\n<\/li>\n<li>\n<h6><a href=\"https:\/\/agora.xtec.cat\/iessalvadorvilaseca\/dates-clau\/\">DATES CLAU<\/a><\/h6>\n<\/li>\n<li>\n<h6><a href=\"https:\/\/agora.xtec.cat\/iessalvadorvilaseca\/wp-content\/uploads\/usu1231\/2025\/03\/Despres-de-lEso-que.pdf\">XERRADA A LES FAM\u00cdLIES (Qu\u00e8 fer despr\u00e9s de l&#8217;ESO?)<\/a><\/h6>\n<\/li>\n<\/ul>\n","protected":false},"excerpt":{"rendered":"<ul>\n<li>\n<a href=\"https:\/\/agora.xtec.cat\/iessalvadorvilaseca\/orientacio-2\/\">EQUIP D&#8217;ORIENTACI\u00d3<\/a>\n<\/li>\n<li>\n<a href=\"https:\/\/agora.xtec.cat\/iessalvadorvilaseca\/que-fer-despres-de-leso\/\">QU\u00c8 FER DESPR\u00c9S DE L&#8217;ESO?<\/a>\n<\/li>\n<li>\n<a href=\"https:\/\/agora.xtec.cat\/iessalvadorvilaseca\/i-si-no-tinc-leso\/\">I SI NO TINC L&#8217;ESO?<\/a>\n<\/li>\n<li>\n<a href=\"https:\/\/agora.xtec.cat\/iessalvadorvilaseca\/dates-clau\/\">DATES CLAU<\/a>\n<\/li>\n<li>\n<a href=\"https:\/\/agora.xtec.cat\/iessalvadorvilaseca\/wp-content\/uploads\/usu1231\/2025\/03\/Despres-de-lEso-que.pdf\">XERRADA A LES FAM\u00cdLIES (Qu\u00e8 fer despr\u00e9s de l&#8217;ESO?)<\/a>\n<\/li>\n<\/ul>\n","protected":false},"author":331,"featured_media":0,"parent":0,"menu_order":0,"comment_status":"closed","ping_status":"closed","template":"","meta":{"_bbp_topic_count":0,"_bbp_reply_count":0,"_bbp_total_topic_count":0,"_bbp_total_reply_count":0,"_bbp_voice_count":0,"_bbp_anonymous_reply_count":0,"_bbp_topic_count_hidden":0,"_bbp_reply_count_hidden":0,"_bbp_forum_subforum_count":0,"footnotes":""},"class_list":["post-7909","page","type-page","status-publish","hentry"],"post_mailing_queue_ids":[],"_links":{"self":[{"href":"https:\/\/agora.xtec.cat\/iessalvadorvilaseca\/wp-json\/wp\/v2\/pages\/7909","targetHints":{"allow":["GET"]}}],"collection":[{"href":"https:\/\/agora.xtec.cat\/iessalvadorvilaseca\/wp-json\/wp\/v2\/pages"}],"about":[{"href":"https:\/\/agora.xtec.cat\/iessalvadorvilaseca\/wp-json\/wp\/v2\/types\/page"}],"author":[{"embeddable":true,"href":"https:\/\/agora.xtec.cat\/iessalvadorvilaseca\/wp-json\/wp\/v2\/users\/331"}],"replies":[{"embeddable":true,"href":"https:\/\/agora.xtec.cat\/iessalvadorvilaseca\/wp-json\/wp\/v2\/comments?post=7909"}],"version-history":[{"count":6,"href":"https:\/\/agora.xtec.cat\/iessalvadorvilaseca\/wp-json\/wp\/v2\/pages\/7909\/revisions"}],"predecessor-version":[{"id":8010,"href":"https:\/\/agora.xtec.cat\/iessalvadorvilaseca\/wp-json\/wp\/v2\/pages\/7909\/revisions\/8010"}],"wp:attachment":[{"href":"https:\/\/agora.xtec.cat\/iessalvadorvilaseca\/wp-json\/wp\/v2\/media?parent=7909"}],"curies":[{"name":"wp","href":"https:\/\/api.w.org\/{rel}","templated":true}]}}