{"id":69,"date":"2014-09-18T10:15:07","date_gmt":"2014-09-18T09:15:07","guid":{"rendered":"http:\/\/agora.xtec.cat\/iessalvadorvilaseca\/?page_id=69"},"modified":"2022-10-09T20:02:16","modified_gmt":"2022-10-09T18:02:16","slug":"menjador-escolar","status":"publish","type":"page","link":"https:\/\/agora.xtec.cat\/iessalvadorvilaseca\/linstitut\/equipament_i_serveis\/menjador-escolar\/","title":{"rendered":"Servei de Cantina"},"content":{"rendered":"<p>L&#8217;institut disposa del servei d&#8217;una cantina que est\u00e0 oberta des de les 9:00 fins a les 13:00. Es poden preparar dinars, per\u00f2 cal fer l&#8217;enc\u00e0rrec pr\u00e8viament.<\/p>\n<p>Guarda&#8217;t el seg\u00fcent Qr al m\u00f2bil i fes les teves comandes directament.<br \/>\n<a href=\"https:\/\/agora.xtec.cat\/iessalvadorvilaseca\/wp-content\/uploads\/usu1231\/2022\/10\/qrcode_docs.google.com_.png\"><img loading=\"lazy\" decoding=\"async\" src=\"https:\/\/agora.xtec.cat\/iessalvadorvilaseca\/wp-content\/uploads\/usu1231\/2022\/10\/qrcode_docs.google.com_.png\" alt=\"\" width=\"530\" height=\"530\" class=\"alignnone size-full wp-image-6583\" srcset=\"https:\/\/agora.xtec.cat\/iessalvadorvilaseca\/wp-content\/uploads\/usu1231\/2022\/10\/qrcode_docs.google.com_.png 530w, https:\/\/agora.xtec.cat\/iessalvadorvilaseca\/wp-content\/uploads\/usu1231\/2022\/10\/qrcode_docs.google.com_-300x300.png 300w, https:\/\/agora.xtec.cat\/iessalvadorvilaseca\/wp-content\/uploads\/usu1231\/2022\/10\/qrcode_docs.google.com_-150x150.png 150w\" sizes=\"auto, (max-width: 530px) 100vw, 530px\" \/><\/a><\/p>\n","protected":false},"excerpt":{"rendered":"<p>L&#8217;institut disposa del servei d&#8217;una cantina que est\u00e0 oberta des de les 9:00 fins a les 13:00. Es poden preparar dinars, per\u00f2 cal fer l&#8217;enc\u00e0rrec pr\u00e8viament.<br \/>\nGuarda&#8217;t el seg\u00fcent Qr al m\u00f2bil i fes les teves comandes directament.<br \/>\n<a href=\"https:\/\/agora.xtec.cat\/iessalvadorvilaseca\/wp-content\/uploads\/usu1231\/2022\/10\/qrcode_docs.google.com_.png\"><\/a><\/p>\n","protected":false},"author":1,"featured_media":0,"parent":3988,"menu_order":20,"comment_status":"closed","ping_status":"closed","template":"page-templates\/side-menu.php","meta":{"_bbp_topic_count":0,"_bbp_reply_count":0,"_bbp_total_topic_count":0,"_bbp_total_reply_count":0,"_bbp_voice_count":0,"_bbp_anonymous_reply_count":0,"_bbp_topic_count_hidden":0,"_bbp_reply_count_hidden":0,"_bbp_forum_subforum_count":0,"footnotes":""},"class_list":["post-69","page","type-page","status-publish","hentry"],"post_mailing_queue_ids":[],"_links":{"self":[{"href":"https:\/\/agora.xtec.cat\/iessalvadorvilaseca\/wp-json\/wp\/v2\/pages\/69","targetHints":{"allow":["GET"]}}],"collection":[{"href":"https:\/\/agora.xtec.cat\/iessalvadorvilaseca\/wp-json\/wp\/v2\/pages"}],"about":[{"href":"https:\/\/agora.xtec.cat\/iessalvadorvilaseca\/wp-json\/wp\/v2\/types\/page"}],"author":[{"embeddable":true,"href":"https:\/\/agora.xtec.cat\/iessalvadorvilaseca\/wp-json\/wp\/v2\/users\/1"}],"replies":[{"embeddable":true,"href":"https:\/\/agora.xtec.cat\/iessalvadorvilaseca\/wp-json\/wp\/v2\/comments?post=69"}],"version-history":[{"count":3,"href":"https:\/\/agora.xtec.cat\/iessalvadorvilaseca\/wp-json\/wp\/v2\/pages\/69\/revisions"}],"predecessor-version":[{"id":6585,"href":"https:\/\/agora.xtec.cat\/iessalvadorvilaseca\/wp-json\/wp\/v2\/pages\/69\/revisions\/6585"}],"up":[{"embeddable":true,"href":"https:\/\/agora.xtec.cat\/iessalvadorvilaseca\/wp-json\/wp\/v2\/pages\/3988"}],"wp:attachment":[{"href":"https:\/\/agora.xtec.cat\/iessalvadorvilaseca\/wp-json\/wp\/v2\/media?parent=69"}],"curies":[{"name":"wp","href":"https:\/\/api.w.org\/{rel}","templated":true}]}}