{"id":6623,"date":"2022-10-16T20:31:47","date_gmt":"2022-10-16T18:31:47","guid":{"rendered":"https:\/\/agora.xtec.cat\/iessalvadorvilaseca\/?page_id=6623"},"modified":"2022-10-17T08:30:03","modified_gmt":"2022-10-17T06:30:03","slug":"protocol-de-convivencia","status":"publish","type":"page","link":"https:\/\/agora.xtec.cat\/iessalvadorvilaseca\/projecte-educatiu\/protocol-de-convivencia\/","title":{"rendered":"Protocol de conviv\u00e8ncia"},"content":{"rendered":"<p>Qualsevol alumne t\u00e9 dret d&#8217;educar-se en un entorn segur per aquest motiu, s&#8217;ha elaborat el seg\u00fcent protocol de conviv\u00e8ncia: <a href=\"https:\/\/agora.xtec.cat\/iessalvadorvilaseca\/wp-content\/uploads\/usu1231\/2022\/10\/PROTOCOL-DE-CONVIVENCIA-DEFINITIU.pdf\">PROTOCOL DE CONVIV\u00c8NCIA<\/a><\/p>\n","protected":false},"excerpt":{"rendered":"<p>Qualsevol alumne t\u00e9 dret d&#8217;educar-se en un entorn segur per aquest motiu, s&#8217;ha elaborat el seg\u00fcent protocol de conviv\u00e8ncia: <a href=\"https:\/\/agora.xtec.cat\/iessalvadorvilaseca\/wp-content\/uploads\/usu1231\/2022\/10\/PROTOCOL-DE-CONVIVENCIA-DEFINITIU.pdf\">PROTOCOL DE CONVIV\u00c8NCIA<\/a><\/p>\n","protected":false},"author":331,"featured_media":0,"parent":57,"menu_order":0,"comment_status":"closed","ping_status":"closed","template":"","meta":{"_bbp_topic_count":0,"_bbp_reply_count":0,"_bbp_total_topic_count":0,"_bbp_total_reply_count":0,"_bbp_voice_count":0,"_bbp_anonymous_reply_count":0,"_bbp_topic_count_hidden":0,"_bbp_reply_count_hidden":0,"_bbp_forum_subforum_count":0,"footnotes":""},"class_list":["post-6623","page","type-page","status-publish","hentry"],"post_mailing_queue_ids":[],"_links":{"self":[{"href":"https:\/\/agora.xtec.cat\/iessalvadorvilaseca\/wp-json\/wp\/v2\/pages\/6623","targetHints":{"allow":["GET"]}}],"collection":[{"href":"https:\/\/agora.xtec.cat\/iessalvadorvilaseca\/wp-json\/wp\/v2\/pages"}],"about":[{"href":"https:\/\/agora.xtec.cat\/iessalvadorvilaseca\/wp-json\/wp\/v2\/types\/page"}],"author":[{"embeddable":true,"href":"https:\/\/agora.xtec.cat\/iessalvadorvilaseca\/wp-json\/wp\/v2\/users\/331"}],"replies":[{"embeddable":true,"href":"https:\/\/agora.xtec.cat\/iessalvadorvilaseca\/wp-json\/wp\/v2\/comments?post=6623"}],"version-history":[{"count":3,"href":"https:\/\/agora.xtec.cat\/iessalvadorvilaseca\/wp-json\/wp\/v2\/pages\/6623\/revisions"}],"predecessor-version":[{"id":6662,"href":"https:\/\/agora.xtec.cat\/iessalvadorvilaseca\/wp-json\/wp\/v2\/pages\/6623\/revisions\/6662"}],"up":[{"embeddable":true,"href":"https:\/\/agora.xtec.cat\/iessalvadorvilaseca\/wp-json\/wp\/v2\/pages\/57"}],"wp:attachment":[{"href":"https:\/\/agora.xtec.cat\/iessalvadorvilaseca\/wp-json\/wp\/v2\/media?parent=6623"}],"curies":[{"name":"wp","href":"https:\/\/api.w.org\/{rel}","templated":true}]}}