{"id":6621,"date":"2022-10-16T20:31:47","date_gmt":"2022-10-16T18:31:47","guid":{"rendered":"https:\/\/agora.xtec.cat\/iessalvadorvilaseca\/?page_id=6621"},"modified":"2022-10-16T20:41:21","modified_gmt":"2022-10-16T18:41:21","slug":"criteris-dabsentisme-bat","status":"publish","type":"page","link":"https:\/\/agora.xtec.cat\/iessalvadorvilaseca\/criteris-dabsentisme-bat\/","title":{"rendered":"Criteris d&#8217;absentisme BAT"},"content":{"rendered":"<p>A l&#8217;enlla\u00e7 adjunt, trobareu els criteris d&#8217;avaluaci\u00f3 de BAT en funci\u00f3 de l&#8217;absentisme.<\/p>\n<p><a href=\"https:\/\/agora.xtec.cat\/iessalvadorvilaseca\/wp-content\/uploads\/usu1231\/2022\/10\/Criteris-modificacio-avaluacio-BAT-en-relacio-a-les-faltes-dassistencia.pdf\">Criteris modificaci\u00f3 avaluaci\u00f3 BAT en relaci\u00f3 a les faltes d&#8217;assist\u00e8ncia<\/a><\/p>\n","protected":false},"excerpt":{"rendered":"<p>A l&#8217;enlla\u00e7 adjunt, trobareu els criteris d&#8217;avaluaci\u00f3 de BAT en funci\u00f3 de l&#8217;absentisme.<br \/>\n<a href=\"https:\/\/agora.xtec.cat\/iessalvadorvilaseca\/wp-content\/uploads\/usu1231\/2022\/10\/Criteris-modificacio-avaluacio-BAT-en-relacio-a-les-faltes-dassistencia.pdf\">Criteris modificaci\u00f3 avaluaci\u00f3 BAT en relaci\u00f3 a les faltes d&#8217;assist\u00e8ncia<\/a><\/p>\n","protected":false},"author":331,"featured_media":0,"parent":0,"menu_order":0,"comment_status":"closed","ping_status":"closed","template":"","meta":{"_bbp_topic_count":0,"_bbp_reply_count":0,"_bbp_total_topic_count":0,"_bbp_total_reply_count":0,"_bbp_voice_count":0,"_bbp_anonymous_reply_count":0,"_bbp_topic_count_hidden":0,"_bbp_reply_count_hidden":0,"_bbp_forum_subforum_count":0,"footnotes":""},"class_list":["post-6621","page","type-page","status-publish","hentry"],"post_mailing_queue_ids":[],"_links":{"self":[{"href":"https:\/\/agora.xtec.cat\/iessalvadorvilaseca\/wp-json\/wp\/v2\/pages\/6621","targetHints":{"allow":["GET"]}}],"collection":[{"href":"https:\/\/agora.xtec.cat\/iessalvadorvilaseca\/wp-json\/wp\/v2\/pages"}],"about":[{"href":"https:\/\/agora.xtec.cat\/iessalvadorvilaseca\/wp-json\/wp\/v2\/types\/page"}],"author":[{"embeddable":true,"href":"https:\/\/agora.xtec.cat\/iessalvadorvilaseca\/wp-json\/wp\/v2\/users\/331"}],"replies":[{"embeddable":true,"href":"https:\/\/agora.xtec.cat\/iessalvadorvilaseca\/wp-json\/wp\/v2\/comments?post=6621"}],"version-history":[{"count":3,"href":"https:\/\/agora.xtec.cat\/iessalvadorvilaseca\/wp-json\/wp\/v2\/pages\/6621\/revisions"}],"predecessor-version":[{"id":6629,"href":"https:\/\/agora.xtec.cat\/iessalvadorvilaseca\/wp-json\/wp\/v2\/pages\/6621\/revisions\/6629"}],"wp:attachment":[{"href":"https:\/\/agora.xtec.cat\/iessalvadorvilaseca\/wp-json\/wp\/v2\/media?parent=6621"}],"curies":[{"name":"wp","href":"https:\/\/api.w.org\/{rel}","templated":true}]}}