{"id":55,"date":"2014-09-17T16:59:49","date_gmt":"2014-09-17T16:59:49","guid":{"rendered":"http:\/\/agora.xtec.cat\/iessalvadorvilaseca\/?page_id=55"},"modified":"2018-04-02T22:57:20","modified_gmt":"2018-04-02T20:57:20","slug":"horaris","status":"publish","type":"page","link":"https:\/\/agora.xtec.cat\/iessalvadorvilaseca\/linstitut\/horaris\/","title":{"rendered":"Horaris"},"content":{"rendered":"<p>L&#8217;horari lectiu els estudis d&#8217;ESO i de Batxillerat di\u00fcrn es desenvolupen en jornada continuada de 8:30 a 15:00 de dilluns a divendres amb dos esbarjos, un de 25 minuts i l&#8217;altre de 15 minuts.<\/p>\n<p>L&#8217;horari lectiu dels estudis de Batxillerat nocturn es desenvolupen en jornada continuada de 17:00 a 21:30 de dilluns a divendres amb un esbarjo de 20 minuts.<\/p>\n<p>Aquesta \u00e9s la distribuci\u00f3 hor\u00e0ria de classes i esbarjos:<\/p>\n<p><a href=\"http:\/\/agora.xtec.cat\/iessalvadorvilaseca\/wp-content\/uploads\/usu1231\/2014\/09\/Horari-lectiu.jpg\"><img loading=\"lazy\" decoding=\"async\" class=\"alignnone size-full wp-image-1958\" src=\"http:\/\/agora.xtec.cat\/iessalvadorvilaseca\/wp-content\/uploads\/usu1231\/2014\/09\/Horari-lectiu.jpg\" alt=\"\" width=\"620\" height=\"357\" srcset=\"https:\/\/agora.xtec.cat\/iessalvadorvilaseca\/wp-content\/uploads\/usu1231\/2014\/09\/Horari-lectiu.jpg 620w, https:\/\/agora.xtec.cat\/iessalvadorvilaseca\/wp-content\/uploads\/usu1231\/2014\/09\/Horari-lectiu-300x173.jpg 300w\" sizes=\"auto, (max-width: 620px) 100vw, 620px\" \/><\/a><\/p>\n","protected":false},"excerpt":{"rendered":"<p>L&#8217;horari lectiu els estudis d&#8217;ESO i de Batxillerat di\u00fcrn es desenvolupen en jornada continuada de 8:30 a 15:00 de dilluns a divendres amb dos esbarjos, un de 25 minuts i l&#8217;altre de 15 minuts.<br \/>\nL&#8217;horari lectiu dels estudis de Batxillerat nocturn es desenvolupen en jornada continuada&hellip;  <a href=\"https:\/\/agora.xtec.cat\/iessalvadorvilaseca\/linstitut\/horaris\/\" title=\"Read Horaris\">Llegeix m\u00e9s\u00bb<\/a><\/p>\n","protected":false},"author":1,"featured_media":0,"parent":19,"menu_order":80,"comment_status":"closed","ping_status":"closed","template":"page-templates\/side-menu.php","meta":{"_bbp_topic_count":0,"_bbp_reply_count":0,"_bbp_total_topic_count":0,"_bbp_total_reply_count":0,"_bbp_voice_count":0,"_bbp_anonymous_reply_count":0,"_bbp_topic_count_hidden":0,"_bbp_reply_count_hidden":0,"_bbp_forum_subforum_count":0,"footnotes":""},"class_list":["post-55","page","type-page","status-publish","hentry"],"post_mailing_queue_ids":[],"_links":{"self":[{"href":"https:\/\/agora.xtec.cat\/iessalvadorvilaseca\/wp-json\/wp\/v2\/pages\/55","targetHints":{"allow":["GET"]}}],"collection":[{"href":"https:\/\/agora.xtec.cat\/iessalvadorvilaseca\/wp-json\/wp\/v2\/pages"}],"about":[{"href":"https:\/\/agora.xtec.cat\/iessalvadorvilaseca\/wp-json\/wp\/v2\/types\/page"}],"author":[{"embeddable":true,"href":"https:\/\/agora.xtec.cat\/iessalvadorvilaseca\/wp-json\/wp\/v2\/users\/1"}],"replies":[{"embeddable":true,"href":"https:\/\/agora.xtec.cat\/iessalvadorvilaseca\/wp-json\/wp\/v2\/comments?post=55"}],"version-history":[{"count":3,"href":"https:\/\/agora.xtec.cat\/iessalvadorvilaseca\/wp-json\/wp\/v2\/pages\/55\/revisions"}],"predecessor-version":[{"id":1959,"href":"https:\/\/agora.xtec.cat\/iessalvadorvilaseca\/wp-json\/wp\/v2\/pages\/55\/revisions\/1959"}],"up":[{"embeddable":true,"href":"https:\/\/agora.xtec.cat\/iessalvadorvilaseca\/wp-json\/wp\/v2\/pages\/19"}],"wp:attachment":[{"href":"https:\/\/agora.xtec.cat\/iessalvadorvilaseca\/wp-json\/wp\/v2\/media?parent=55"}],"curies":[{"name":"wp","href":"https:\/\/api.w.org\/{rel}","templated":true}]}}