{"id":524,"date":"2016-07-20T08:05:09","date_gmt":"2016-07-20T07:05:09","guid":{"rendered":"http:\/\/agora.xtec.cat\/iessalvadorvilaseca\/?page_id=524"},"modified":"2019-10-14T16:14:48","modified_gmt":"2019-10-14T14:14:48","slug":"perfil-del-contractant","status":"publish","type":"page","link":"https:\/\/agora.xtec.cat\/iessalvadorvilaseca\/secretaria\/perfil-del-contractant\/","title":{"rendered":"Perfil del contractant"},"content":{"rendered":"<h4><strong><span style=\"text-decoration: underline;\">Licitaci\u00f3 del servei de\u00a0neteja\u00a0<\/span><\/strong><span style=\"text-decoration: underline;\"><strong>(Expedient 43002582\/2020\/01)<\/strong><\/span><\/h4>\n<p>En els enlla\u00e7os seg\u00fcents teniu acc\u00e9s a tots els documents corresponents a la licitaci\u00f3 del servei de neteja, (Expedient 43002582\/2020\/01)<\/p>\n<ol>\n<li>Tota la informaci\u00f3 d&#8217;aquesta licitaci\u00f3 la trobareu a l&#8217;<a href=\"https:\/\/contractaciopublica.gencat.cat\/ecofin_pscp\/AppJava\/notice.pscp?reqCode=viewCn&amp;idDoc=53208090&amp;lawType=\">anunci a la plataforma de contractaci\u00f3.<\/a> Podeu seguir aquest enlla\u00e7.<\/li>\n<li>Tamb\u00e9 podeu <a href=\"https:\/\/agora.xtec.cat\/iessalvadorvilaseca\/docs\/anunci-pel-qual-es-fa-publica-la-licitacio-dun-contracte-de-serveis-exp-43002582-2020-01\/\">descarregar el Plec de cl\u00e0usules administratives i el Plec de prescripcions t\u00e8cniques\u00a0<\/a>des d&#8217;aquest enlla\u00e7<\/li>\n<\/ol>\n<p>El el termini de presentaci\u00f3 d\u2019ofertes acaba el<b> 29\/10\/19 a les 13:00 h.<\/b><\/p>\n","protected":false},"excerpt":{"rendered":"<p>Licitaci\u00f3 del servei de\u00a0neteja\u00a0(Expedient 43002582\/2020\/01)<br \/>\nEn els enlla\u00e7os seg\u00fcents teniu acc\u00e9s a tots els documents corresponents a la licitaci\u00f3 del servei de neteja, (Expedient 43002582\/2020\/01)<\/p>\n<ol>\n<li>Tota la informaci\u00f3 d&#8217;aquesta licitaci\u00f3 la trobareu a l&#8217;<a href=\"https:\/\/contractaciopublica.gencat.cat\/ecofin_pscp\/AppJava\/notice.pscp?reqCode=viewCn&amp;idDoc=53208090&amp;lawType=\">anunci a la plataforma de contractaci\u00f3.<\/a> Podeu seguir aquest enlla\u00e7.<\/li>\n<li>Tamb\u00e9 podeu <a href=\"https:\/\/agora.xtec.cat\/iessalvadorvilaseca\/docs\/anunci-pel-qual-es-fa-publica-la-licitacio-dun-contracte-de-serveis-exp-43002582-2020-01\/\">descarregar&hellip;  <a href=\"https:\/\/agora.xtec.cat\/iessalvadorvilaseca\/secretaria\/perfil-del-contractant\/\" title=\"Read Perfil del contractant\">Llegeix m\u00e9s\u00bb<\/a><br \/>\n","protected":false},"author":1,"featured_media":0,"parent":81,"menu_order":0,"comment_status":"closed","ping_status":"closed","template":"","meta":{"_bbp_topic_count":0,"_bbp_reply_count":0,"_bbp_total_topic_count":0,"_bbp_total_reply_count":0,"_bbp_voice_count":0,"_bbp_anonymous_reply_count":0,"_bbp_topic_count_hidden":0,"_bbp_reply_count_hidden":0,"_bbp_forum_subforum_count":0,"footnotes":""},"class_list":["post-524","page","type-page","status-publish","hentry"],"post_mailing_queue_ids":[],"_links":{"self":[{"href":"https:\/\/agora.xtec.cat\/iessalvadorvilaseca\/wp-json\/wp\/v2\/pages\/524","targetHints":{"allow":["GET"]}}],"collection":[{"href":"https:\/\/agora.xtec.cat\/iessalvadorvilaseca\/wp-json\/wp\/v2\/pages"}],"about":[{"href":"https:\/\/agora.xtec.cat\/iessalvadorvilaseca\/wp-json\/wp\/v2\/types\/page"}],"author":[{"embeddable":true,"href":"https:\/\/agora.xtec.cat\/iessalvadorvilaseca\/wp-json\/wp\/v2\/users\/1"}],"replies":[{"embeddable":true,"href":"https:\/\/agora.xtec.cat\/iessalvadorvilaseca\/wp-json\/wp\/v2\/comments?post=524"}],"version-history":[{"count":3,"href":"https:\/\/agora.xtec.cat\/iessalvadorvilaseca\/wp-json\/wp\/v2\/pages\/524\/revisions"}],"predecessor-version":[{"id":2927,"href":"https:\/\/agora.xtec.cat\/iessalvadorvilaseca\/wp-json\/wp\/v2\/pages\/524\/revisions\/2927"}],"up":[{"embeddable":true,"href":"https:\/\/agora.xtec.cat\/iessalvadorvilaseca\/wp-json\/wp\/v2\/pages\/81"}],"wp:attachment":[{"href":"https:\/\/agora.xtec.cat\/iessalvadorvilaseca\/wp-json\/wp\/v2\/media?parent=524"}],"curies":[{"name":"wp","href":"https:\/\/api.w.org\/{rel}","templated":true}]}}