{"id":46,"date":"2014-09-17T16:53:45","date_gmt":"2014-09-17T16:53:45","guid":{"rendered":"http:\/\/agora.xtec.cat\/iessalvadorvilaseca\/?page_id=46"},"modified":"2025-10-06T21:29:31","modified_gmt":"2025-10-06T19:29:31","slug":"organigrama","status":"publish","type":"page","link":"https:\/\/agora.xtec.cat\/iessalvadorvilaseca\/organigrama\/","title":{"rendered":"Equip directiu i distribuci\u00f3 de c\u00e0rrecs"},"content":{"rendered":"<p>L\u2019equip directiu de l\u2019Institut Salvador Vilaseca est\u00e0 integrat per la directora, la secret\u00e0ria, la cap d\u2019estudis, la coordinadora pedag\u00f2gica i la cap d\u2019estudis adjunta. Cada un d\u2019aquests c\u00e0rrecs assumeix funcions espec\u00edfiques vinculades a la gesti\u00f3 i la coordinaci\u00f3 del centre, d\u2019acord amb el projecte de direcci\u00f3 vigent.<\/p>\n<p>Amb l\u2019objectiu de millorar l\u2019efici\u00e8ncia en la gesti\u00f3, es deleguen tasques i funcions concretes en altres c\u00e0rrecs de coordinaci\u00f3, tot promovent un model de lideratge distribu\u00eft, de gesti\u00f3 compartida i de pr\u00e0ctica avaluativa.<\/p>\n<p>L&#8217;equip directiu i els c\u00e0rrecs de coordinaci\u00f3 col\u00b7laboren\u00a0 a desenvolupar el projecte educatiu de l&#8217;institut i vertebrar-lo<\/p>\n<table style=\"height: 936px; width: 0%;\">\n<tbody>\n<tr style=\"height: 54px; background-color: #fa9f37;\">\n<td style=\"height: 54px; width: 100.328%;\" colspan=\"4\">\n<h4 style=\"text-align: center;\">EQUIP DIRECTIU<\/h4>\n<\/td>\n<\/tr>\n<tr style=\"height: 75px;\">\n<td style=\"height: 75px; width: 37.1996%;\"><span style=\"text-decoration: underline;\">Directora<\/span><\/td>\n<td style=\"height: 75px; width: 12.6849%;\">EVA CRIVILL\u00c9<\/td>\n<td style=\"height: 75px; width: 24.0185%; text-align: left;\"><span style=\"text-decoration: underline;\">Cap d\u2019estudis<\/span><\/td>\n<td style=\"height: 75px; width: 26.4254%;\">ROSA MARIA ESTIRADO<\/td>\n<\/tr>\n<tr style=\"height: 75px;\">\n<td style=\"height: 75px; width: 37.1996%;\"><span style=\"text-decoration: underline;\">Coordinadora pedag\u00f2gica<\/span><\/td>\n<td style=\"height: 75px; width: 12.6849%;\">CRISTINA FERRI<\/td>\n<td style=\"height: 75px; width: 24.0185%;\"><span style=\"text-decoration: underline;\">Secret\u00e0ria<\/span><\/td>\n<td style=\"height: 75px; width: 26.4254%;\">CL\u00c0UDIA SANCHO<\/td>\n<\/tr>\n<tr style=\"height: 54px;\">\n<td style=\"height: 54px; width: 37.1996%;\"><span style=\"text-decoration: underline;\">Cap d\u2019estudis adjunt<\/span><\/td>\n<td style=\"height: 54px; width: 12.6849%;\">MARIA C\u00c9LIA P\u00c9REZ<\/td>\n<td style=\"height: 54px; width: 24.0185%;\"><\/td>\n<td style=\"height: 54px; width: 26.4254%;\"><\/td>\n<\/tr>\n<tr style=\"height: 54px; background-color: #90c6f5;\">\n<td style=\"height: 54px; text-align: center; width: 100.328%;\" colspan=\"4\">\n<h4>COORDINADORS\/ES<\/h4>\n<\/td>\n<\/tr>\n<tr style=\"height: 54px;\">\n<td style=\"height: 85px; width: 37.1996%;\"><span style=\"text-decoration: underline;\">Coordinadora de Batxillerat<\/span><\/td>\n<td style=\"height: 85px; width: 12.6849%;\">ELENA PALOMO<\/td>\n<td style=\"height: 85px; width: 24.0185%;\"><span style=\"text-decoration: underline;\">Coordinadora d&#8217;ESO<\/span><\/td>\n<td style=\"height: 85px; width: 26.4254%;\">ANNA R\u00c0FOLS<\/td>\n<\/tr>\n<tr style=\"height: 75px;\">\n<td style=\"height: 75px; width: 37.1996%;\"><span style=\"text-decoration: underline;\">Coordinadora de 1r cicle d\u2019ESO<\/span><\/td>\n<td style=\"height: 75px; width: 12.6849%;\">ANNA RAFOLS<\/td>\n<td style=\"height: 75px; width: 24.0185%;\"><span style=\"text-decoration: underline;\">Coordinador ESFERA \/ iEduca<\/span><\/td>\n<td style=\"height: 75px; width: 26.4254%;\">MANUEL GRANDE<\/td>\n<\/tr>\n<tr style=\"height: 75px;\">\n<td style=\"height: 75px; width: 37.1996%;\"><span style=\"text-decoration: underline;\">Estrat\u00e8gia digital<\/span><\/td>\n<td style=\"height: 75px; width: 12.6849%;\">RA\u00dcL \u00daRSULA<\/td>\n<td style=\"height: 75px; width: 24.0185%;\"><span style=\"text-decoration: underline;\">Comunicaci\u00f3 i xarxes social<\/span><\/td>\n<td style=\"height: 75px; width: 26.4254%;\">\u00c0LIDA GUASCH I BIBIANA MART\u00cdNEZ<\/td>\n<\/tr>\n<tr style=\"height: 75px;\">\n<td style=\"height: 75px; width: 37.1996%;\"><span style=\"text-decoration: underline;\">Coordinador TIC<br \/>\n<\/span><\/td>\n<td style=\"height: 75px; width: 12.6849%;\">RA\u00dcL \u00daRSULA<\/td>\n<td style=\"height: 75px; width: 24.0185%;\"><span style=\"text-decoration: underline;\">CoordInador d\u2019Activitats<\/span><\/td>\n<td style=\"height: 75px; width: 26.4254%;\">MARTA DUE\u00d1AS<\/td>\n<\/tr>\n<tr style=\"height: 75px;\">\n<td style=\"height: 75px; width: 37.1996%;\"><span style=\"text-decoration: underline;\">Comunicaci\u00f3 i xarxes socials<br \/>\n<\/span><\/td>\n<td style=\"height: 75px; width: 12.6849%;\">B. MART\u00cdNEZ<\/p>\n<p>\u00c0. GUASCH<\/td>\n<td style=\"height: 75px; width: 24.0185%;\"><span style=\"text-decoration: underline;\">Servei comunitari<\/span><\/td>\n<td style=\"height: 75px; width: 26.4254%;\">EQUIP<\/p>\n<p>ENCAIX<\/td>\n<\/tr>\n<tr style=\"height: 96px;\">\n<td style=\"height: 96px; width: 37.1996%;\"><span style=\"text-decoration: underline;\">Coordinador Estada a l&#8217;Empresa<\/span><\/td>\n<td style=\"height: 96px; width: 12.6849%;\">DAVID FONTS<\/td>\n<td style=\"height: 96px; width: 24.0185%;\"><span style=\"text-decoration: underline;\">Coordinaci\u00f3 de Nocturn<\/span><\/td>\n<td style=\"height: 96px; width: 26.4254%;\">CONXI FONTANALS<\/td>\n<\/tr>\n<tr style=\"height: 75px;\">\n<td style=\"height: 75px; width: 37.1996%;\"><span style=\"text-decoration: underline;\">Coordinadora del Projecte de Recerca\u00a0<\/span><\/td>\n<td style=\"height: 75px; width: 12.6849%;\">ELENA PALOMO<\/td>\n<td style=\"height: 75px; width: 24.0185%;\"><span style=\"text-decoration: underline;\">Coordinador de Riscos Laborals<\/span><\/td>\n<td style=\"height: 75px; width: 26.4254%;\">DAVID FONTS<\/td>\n<\/tr>\n<tr style=\"height: 68px;\">\n<td style=\"width: 37.1996%; height: 68px;\"><span style=\"text-decoration: underline;\">LIC\/ Referent d&#8217;igualtat<br \/>\n<\/span><\/td>\n<td style=\"width: 12.6849%; height: 68px;\">NAT\u00c0LIA JULVE<\/td>\n<td style=\"width: 24.0185%; height: 68px;\"><span style=\"text-decoration: underline;\">COEDUCACI\u00d3, CONVIV\u00c8NCIA I BENESTAR<\/span><\/td>\n<td style=\"width: 26.4254%; height: 68px;\">AM\u00c0LIA \u00c0LVAREZ<\/td>\n<\/tr>\n<\/tbody>\n<\/table>\n<table style=\"width: 0%; height: 544px;\" width=\"567\">\n<tbody>\n<tr style=\"background-color: #f5ff2e;\">\n<td style=\"width: 81.4848%; height: 57px;\" colspan=\"6\">\n<h4 style=\"text-align: center;\"><b>CAPS DE DEPARTAMENT O SEMINARI<\/b><\/h4>\n<\/td>\n<\/tr>\n<tr style=\"height: 92px;\">\n<td style=\"width: 37.8253%; height: 92px;\" colspan=\"2\"><span style=\"text-decoration: underline;\">Departament d\u2019Angl\u00e9s<\/span><\/td>\n<td style=\"width: 14.5644%; height: 92px;\">ANNA P\u00c0MIES<\/td>\n<td style=\"width: 28.2133%; height: 92px;\" colspan=\"2\"><span style=\"text-decoration: underline;\">Departament Catal\u00e0 i Franc\u00e9s<\/span><\/td>\n<td style=\"width: 0.881834%; height: 92px;\">JOSEPA DAROCA<\/td>\n<\/tr>\n<tr style=\"height: 75px;\">\n<td style=\"width: 37.8253%; height: 75px;\" colspan=\"2\"><span style=\"text-decoration: underline;\">Departament de Castell\u00e0 i Cl\u00e0ssiques<\/span><\/td>\n<td style=\"width: 14.5644%; height: 75px;\">CONXI FONTANALS<\/td>\n<td style=\"width: 28.2133%; height: 75px;\" colspan=\"2\"><span style=\"text-decoration: underline;\">Matem\u00e0tiques<\/span><\/td>\n<td style=\"width: 0.881834%; height: 75px;\">ISMAEL SARMINI<\/td>\n<\/tr>\n<tr style=\"height: 170px;\">\n<td style=\"width: 13.1339%; height: 170px;\"><span style=\"text-decoration: underline;\">Departament de Geografia i Hist\u00f2ria i Filosofia<\/span><\/td>\n<td style=\"width: 39.2558%; height: 170px;\" colspan=\"2\"><span style=\"text-decoration: underline;\">Cap Departament:<\/span><\/p>\n<p>BIBIANA MART\u00cdNEZ<\/p>\n<p><span style=\"text-decoration: underline;\">Cap Seminari:<\/span><\/p>\n<p>JOSEP SANMIGUEL<\/td>\n<td style=\"width: 13.1339%; height: 170px;\"><span style=\"text-decoration: underline;\">Departament de Ci\u00e8ncies Naturals<\/span><\/td>\n<td style=\"width: 15.9612%; height: 170px;\" colspan=\"2\"><span style=\"text-decoration: underline;\">Cap Departament:<\/span><\/p>\n<p>M\u00d2NICA MARIN\u00c9<\/p>\n<p><span style=\"text-decoration: underline;\">Cap de Seminari:<\/span><\/p>\n<p>S\u00d2NIA HERN\u00c1NDEZ<\/td>\n<\/tr>\n<tr style=\"height: 75px;\">\n<td style=\"width: 37.8253%; height: 75px;\" colspan=\"2\"><span style=\"text-decoration: underline;\">Departament d\u2019Educaci\u00f3 f\u00edsica<\/span><\/td>\n<td style=\"width: 14.5644%; height: 75px;\">DAVID FONTS<\/td>\n<td style=\"width: 28.2133%; height: 75px;\" colspan=\"2\"><span style=\"text-decoration: underline;\">Departament de Tecnologia<\/span><\/td>\n<td style=\"width: 0.881834%; height: 75px;\">DAVID FERRE<\/td>\n<\/tr>\n<tr style=\"height: 75px;\">\n<td style=\"height: 75px;\" colspan=\"2\"><span style=\"text-decoration: underline;\">Departament de M\u00fasica<\/span><\/td>\n<td style=\"width: 14.5644%; height: 75px;\">J\u00daLIA\u00a0 PEROPADRE<\/td>\n<td style=\"height: 75px;\" colspan=\"2\"><span style=\"text-decoration: underline;\">Departament de Educaci\u00f3 Visual i Pl\u00e0stica<\/span><\/td>\n<td style=\"width: 0.881834%; height: 75px;\">ISABEL SIROLLA<\/td>\n<\/tr>\n<tr>\n<td style=\"width: 37.8253%;\" colspan=\"2\"><span style=\"text-decoration: underline;\">Departament d&#8217;orientaci\u00f3<br \/>\n<\/span><\/td>\n<td style=\"width: 14.5644%;\">\u00c0MALIA \u00c0LVAREZ<\/td>\n<td style=\"width: 28.2133%;\" colspan=\"2\"><span style=\"text-decoration: underline;\">\u00a0<\/span><\/td>\n<td style=\"width: 0.881834%;\"><\/td>\n<\/tr>\n<\/tbody>\n<\/table>\n<p>Departament d&#8217;Orientaci\u00f3: ANNA R\u00c0FOLS<\/p>\n<p>Els tutors\/es i l&#8217;acci\u00f3 tutorial tenen un paper molt important en l&#8217;\u00e8xit educatiu ja que s\u00f3n el nexe d&#8217;uni\u00f3 entre les fam\u00edlies, els alumnes, l&#8217;equip docent i l&#8217;equip directiu. L&#8217;equip de tutors\/es d&#8217;ESO i Batxillerat \u00e9s el seg\u00fcent:<\/p>\n<table style=\"width: 0%; height: 786px;\" width=\"761\">\n<tbody>\n<tr style=\"background-color: #9aff36;\">\n<td style=\"text-align: center; width: 18.4211%; height: 96px;\">\n<h4><strong>TUTORS\/ES<\/strong><\/h4>\n<h5>ESO<\/h5>\n<\/td>\n<td style=\"text-align: center; width: 15.7895%; height: 96px;\">\n<h4><strong>A<\/strong><\/h4>\n<\/td>\n<td style=\"text-align: center; width: 15.9453%; height: 96px;\">\n<h4><strong>B<\/strong><\/h4>\n<\/td>\n<td style=\"text-align: center; width: 15.8968%; height: 96px;\">\n<h4><strong>C<\/strong><\/h4>\n<\/td>\n<td style=\"text-align: center; width: 15.7895%; height: 96px;\">\n<h4><strong>D<\/strong><\/h4>\n<\/td>\n<td style=\"width: 1.11235%; height: 96px;\">\n<h4 style=\"text-align: center;\">E<\/h4>\n<\/td>\n<\/tr>\n<tr style=\"height: 57px;\">\n<td style=\"text-align: center; width: 18.4211%; height: 57px;\">\n<h5><strong>1r ESO<\/strong><\/h5>\n<\/td>\n<td style=\"width: 15.7895%; height: 57px;\">NOEM\u00cdGIN\u00c9<\/td>\n<td style=\"width: 15.9453%; height: 57px;\">J. MIQUEL SIM\u00d3N<\/td>\n<td style=\"width: 15.8968%; height: 57px;\">AMPARO HERNANDIS<\/td>\n<td style=\"width: 15.7895%; height: 57px;\">MARTA GRAU<\/td>\n<td style=\"width: 1.11235%; height: 57px;\"><\/td>\n<\/tr>\n<tr style=\"height: 57px;\">\n<td style=\"text-align: center; width: 18.4211%; height: 57px;\">\n<h5><\/h5>\n<\/td>\n<td style=\"width: 15.7895%; height: 57px;\"><\/td>\n<td style=\"width: 15.9453%; height: 57px;\"><\/td>\n<td style=\"width: 15.8968%; height: 57px;\"><\/td>\n<td style=\"width: 15.7895%; height: 57px;\"><\/td>\n<td style=\"width: 1.11235%; height: 57px;\"><\/td>\n<\/tr>\n<tr style=\"height: 57px;\">\n<td style=\"text-align: center; width: 18.4211%; height: 57px;\">\n<h5><strong>2n ESO<\/strong><\/h5>\n<\/td>\n<td style=\"width: 15.7895%; height: 57px;\">ENRIC COLOMA\/ MARTA MALET<\/td>\n<td style=\"width: 15.9453%; height: 57px;\">S\u00d2NIA ACOSTA<\/td>\n<td style=\"width: 15.8968%; height: 57px;\">ESTELA L\u00d3PEZ<\/td>\n<td style=\"width: 15.7895%; height: 57px;\">NAT\u00c0LIA JULVE<\/td>\n<td style=\"width: 1.11235%; height: 57px;\"><\/td>\n<\/tr>\n<tr style=\"height: 57px;\">\n<td style=\"text-align: center; width: 18.4211%; height: 57px;\">\n<h5><\/h5>\n<\/td>\n<td style=\"width: 15.7895%; height: 57px;\"><\/td>\n<td style=\"width: 15.9453%; height: 57px;\"><\/td>\n<td style=\"width: 15.8968%; height: 57px;\"><\/td>\n<td style=\"width: 15.7895%; height: 57px;\"><\/td>\n<td style=\"width: 1.11235%; height: 57px;\"><\/td>\n<\/tr>\n<tr style=\"height: 57px;\">\n<td style=\"text-align: center; width: 18.4211%; height: 57px;\">\n<h5><strong>3r ESO<\/strong><\/h5>\n<\/td>\n<td style=\"width: 15.7895%; height: 57px;\">MARTA MALET<\/td>\n<td style=\"width: 15.9453%; height: 57px;\">MAR MORANT<\/td>\n<td style=\"width: 15.8968%; height: 57px;\">ANNA GALINDO<\/td>\n<td style=\"width: 15.7895%; height: 57px;\">\u00c0LIDA GUASCH<\/td>\n<td style=\"width: 1.11235%; height: 57px;\"><\/td>\n<\/tr>\n<tr style=\"height: 57px;\">\n<td style=\"text-align: center; width: 18.4211%; height: 57px;\">\n<h5><\/h5>\n<\/td>\n<td style=\"width: 15.7895%; height: 57px;\"><\/td>\n<td style=\"width: 15.9453%; height: 57px;\"><\/td>\n<td style=\"width: 15.8968%; height: 57px;\"><\/td>\n<td style=\"width: 15.7895%; height: 57px;\"><\/td>\n<td style=\"width: 1.11235%; height: 57px;\"><\/td>\n<\/tr>\n<tr style=\"height: 57px;\">\n<td style=\"text-align: center; width: 18.4211%; height: 57px;\">\n<h5><strong>4t ESO<\/strong><\/h5>\n<\/td>\n<td style=\"width: 15.7895%; height: 57px;\">M\u00d2NICA MARIN\u00c9<\/td>\n<td style=\"width: 15.9453%; height: 57px;\">JOSEP F. SEGARRA<\/td>\n<td style=\"width: 15.8968%; height: 57px;\">M\u00cdRIAM GUIVERNAU<\/td>\n<td style=\"width: 15.7895%; height: 57px;\">LOLA VALERIO<\/td>\n<td style=\"width: 1.11235%; height: 57px;\"><\/td>\n<\/tr>\n<tr style=\"background-color: #7dff03;\">\n<td style=\"text-align: center; width: 18.4211%; height: 110px;\">\n<h5>\u00a0BATXILLERAT<\/h5>\n<\/td>\n<td style=\"width: 15.7895%; height: 110px;\"><\/td>\n<td style=\"width: 15.9453%; height: 110px;\"><\/td>\n<td style=\"width: 15.8968%; height: 110px;\"><\/td>\n<td style=\"width: 15.7895%; height: 110px;\"><\/td>\n<td style=\"width: 1.11235%; height: 110px;\">\n<h4 style=\"text-align: center;\">E (nocturn)<\/h4>\n<\/td>\n<\/tr>\n<tr style=\"height: 57px;\">\n<td style=\"text-align: center; width: 18.4211%; height: 57px;\">\n<h5><strong>1r BAT<\/strong><\/h5>\n<\/td>\n<td style=\"width: 15.7895%; height: 57px;\">S\u00cdLVIA SALOM\u00d3<\/td>\n<td style=\"width: 15.9453%; height: 57px;\">DAVID ROIG\u00c9<\/td>\n<td style=\"width: 15.8968%; height: 57px;\">DAVID FONTS<\/td>\n<td style=\"width: 15.7895%; height: 57px;\"><\/td>\n<td style=\"width: 1.11235%; height: 57px;\">MANUEL GRANDE<\/td>\n<\/tr>\n<tr style=\"height: 57px;\">\n<td style=\"text-align: center; width: 18.4211%; height: 57px;\">\n<h5><\/h5>\n<\/td>\n<td style=\"width: 15.7895%; height: 57px;\"><\/td>\n<td style=\"width: 15.9453%; height: 57px;\"><\/td>\n<td style=\"width: 15.8968%; height: 57px;\"><\/td>\n<td style=\"width: 15.7895%; height: 57px;\"><\/td>\n<td style=\"width: 1.11235%; height: 57px;\"><\/td>\n<\/tr>\n<tr style=\"height: 57px;\">\n<td style=\"text-align: center; width: 18.4211%; height: 57px;\">\n<h5><strong>2n BAT<\/strong><\/h5>\n<\/td>\n<td style=\"width: 15.7895%; height: 57px;\">ISMAEL SARMINI<\/td>\n<td style=\"width: 15.9453%; height: 57px;\">S\u00d2NIA HERN\u00c0NDEZ<\/td>\n<td style=\"width: 15.8968%; height: 57px;\">JOSEPA DAROCA<\/td>\n<td style=\"width: 15.7895%; height: 57px;\"><\/td>\n<td style=\"width: 1.11235%; height: 57px;\">MANEL L\u00d3PEZ<\/td>\n<\/tr>\n<tr>\n<td style=\"text-align: center; width: 18.4211%;\">\n<h5><strong>Tutoria SIEI:<\/strong><\/h5>\n<\/td>\n<td style=\"width: 15.7895%;\">MARINA MART\u00cd<\/td>\n<td style=\"width: 15.9453%;\"><\/td>\n<td style=\"width: 15.8968%;\">\n<h5><strong>Tutoria Aula d&#8217;acollida:<\/strong><\/h5>\n<\/td>\n<td style=\"width: 15.7895%;\">JORGE SALAES<\/td>\n<td style=\"width: 1.11235%;\">N\u00daRIA BATALLA<\/td>\n<\/tr>\n<\/tbody>\n<\/table>\n<p>&nbsp;<\/p>\n<p>&nbsp;<\/p>\n","protected":false},"excerpt":{"rendered":"<p>L\u2019equip directiu de l\u2019Institut Salvador Vilaseca est\u00e0 integrat per la directora, la secret\u00e0ria, la cap d\u2019estudis, la coordinadora pedag\u00f2gica i la cap d\u2019estudis adjunta. Cada un d\u2019aquests c\u00e0rrecs assumeix funcions espec\u00edfiques vinculades a la gesti\u00f3 i la coordinaci\u00f3 del centre, d\u2019acord amb el projecte de&hellip;  <a href=\"https:\/\/agora.xtec.cat\/iessalvadorvilaseca\/organigrama\/\" title=\"Read Equip directiu i distribuci\u00f3 de c\u00e0rrecs\">Llegeix m\u00e9s\u00bb<\/a><\/p>\n","protected":false},"author":1,"featured_media":0,"parent":0,"menu_order":50,"comment_status":"closed","ping_status":"closed","template":"page-templates\/side-menu.php","meta":{"_bbp_topic_count":0,"_bbp_reply_count":0,"_bbp_total_topic_count":0,"_bbp_total_reply_count":0,"_bbp_voice_count":0,"_bbp_anonymous_reply_count":0,"_bbp_topic_count_hidden":0,"_bbp_reply_count_hidden":0,"_bbp_forum_subforum_count":0,"footnotes":""},"class_list":["post-46","page","type-page","status-publish","hentry"],"post_mailing_queue_ids":[],"_links":{"self":[{"href":"https:\/\/agora.xtec.cat\/iessalvadorvilaseca\/wp-json\/wp\/v2\/pages\/46","targetHints":{"allow":["GET"]}}],"collection":[{"href":"https:\/\/agora.xtec.cat\/iessalvadorvilaseca\/wp-json\/wp\/v2\/pages"}],"about":[{"href":"https:\/\/agora.xtec.cat\/iessalvadorvilaseca\/wp-json\/wp\/v2\/types\/page"}],"author":[{"embeddable":true,"href":"https:\/\/agora.xtec.cat\/iessalvadorvilaseca\/wp-json\/wp\/v2\/users\/1"}],"replies":[{"embeddable":true,"href":"https:\/\/agora.xtec.cat\/iessalvadorvilaseca\/wp-json\/wp\/v2\/comments?post=46"}],"version-history":[{"count":9,"href":"https:\/\/agora.xtec.cat\/iessalvadorvilaseca\/wp-json\/wp\/v2\/pages\/46\/revisions"}],"predecessor-version":[{"id":8310,"href":"https:\/\/agora.xtec.cat\/iessalvadorvilaseca\/wp-json\/wp\/v2\/pages\/46\/revisions\/8310"}],"wp:attachment":[{"href":"https:\/\/agora.xtec.cat\/iessalvadorvilaseca\/wp-json\/wp\/v2\/media?parent=46"}],"curies":[{"name":"wp","href":"https:\/\/api.w.org\/{rel}","templated":true}]}}