{"id":43,"date":"2014-09-17T16:45:07","date_gmt":"2014-09-17T16:45:07","guid":{"rendered":"http:\/\/agora.xtec.cat\/iessalvadorvilaseca\/?page_id=43"},"modified":"2024-09-25T18:04:11","modified_gmt":"2024-09-25T16:04:11","slug":"consell-escolar","status":"publish","type":"page","link":"https:\/\/agora.xtec.cat\/iessalvadorvilaseca\/linstitut\/consell-escolar\/","title":{"rendered":"Consell escolar"},"content":{"rendered":"<p>Amb la finalitat de fomentar la participaci\u00f3 de la comunitat educativa en la din\u00e0mica del funcionament i organitzaci\u00f3 de\u00a0 l&#8217;institut com ara el projecte educatiu, la programaci\u00f3 general anual, la gesti\u00f3 econ\u00f2mica&#8230;&#8230;,\u00a0 la llei d&#8217;educaci\u00f3 de Catalunya estableix la figura del Consell Escolar\u00a0 (LEC &#8211; article 148).<\/p>\n<p>El Consell Escolar del centre \u00e9s l&#8217;<strong>\u00f2rgan col\u00b7legiat de participaci\u00f3<\/strong>\u00a0de la comunitat escolar en el govern del centre. En el consell escolar hi ha representats tots els col\u00b7lectius que intervenen en la comunitat educativa. En el cas de l&#8217;institut Salvador Vilaseca el consell escolar est\u00e0 format per: tres membres de l&#8217;equip directiu (Directora, Secretari i Cap d&#8217;estudis), vuit representants del sector professorat, quatre representants del sector pares i mares, quatre representants del sector alumnat, un representant del sector Personal d&#8217;administraci\u00f3 i serveis i un representant de l&#8217;Ajuntament.<\/p>\n<p>Les funcions del Consell Escolar s\u00f3n:<\/p>\n<ul>\n<li>Participar en l&#8217;aprovaci\u00f3 del projecte educatiu i les seves modificacions. El consell escolar ha de ser consultat pel director de manera preceptiva per valorar la proposta del projecte educatiu i manifestar el seu suport amb una majoria de les tres cinquenes parts dels membres.<\/li>\n<li>Participar en l&#8217;aprovaci\u00f3 de la programaci\u00f3 general anual, de les normes de funcionament i de la gesti\u00f3 econ\u00f2mica del centre. El consell escolar ha de ser consultat de manera preceptiva per valorar cada una de les propostes i manifestar el seu suport per majoria simple dels membres.<\/li>\n<li>Avaluar l&#8217;aplicaci\u00f3 del projecte educatiu i de les seves modificacions aix\u00ed com de la resta de documents de gesti\u00f3 del centre.<\/li>\n<li>Aprovar les propostes d&#8217;acords de coresponsabilitat, convenis i altres acords de col\u00b7laboraci\u00f3 del centre amb entitats i institucions.<\/li>\n<li>Intervenir en el procediment d&#8217;admissi\u00f3 d&#8217;alumnes.<\/li>\n<li>Participar en el procediment de selecci\u00f3 i en la proposta de cessament del director o directora.<\/li>\n<li>Intervenir en la resoluci\u00f3 dels conflictes i, si escau, revisar les sancions als alumnes.<\/li>\n<li>Aprovar les directrius per a la programaci\u00f3 d&#8217;activitats escolars complement\u00e0ries i d&#8217;activitats extraescolars, i avaluar-ne el desenvolupament.<\/li>\n<li>Participar en les an\u00e0lisis i les avaluacions del funcionament general del centre i con\u00e8ixer l&#8217;evoluci\u00f3 del rendiment escolar.<\/li>\n<li>Aprovar els criteris de col\u00b7laboraci\u00f3 amb altres centres i amb l&#8217;entorn.<\/li>\n<li>Qualsevol altre que li sigui atribu\u00efda per les normes legals o reglament\u00e0ries.<\/li>\n<\/ul>\n<p>El nombre de representants del professorat no pot ser inferior a un ter\u00e7 del total de membres del consell, elegits pel claustre i en representaci\u00f3 d&#8217;aquest.<br \/>\n<span style=\"font-family: inherit; font-size: 1em;\">El nombre de representants de l&#8217;alumnat i pares i mares o tutors, en conjunt, no pot ser inferior a un ter\u00e7 del total de persones membres del consell. Una de les persones representants dels progenitors la designa l&#8217;associaci\u00f3 de pares i mares m\u00e9s representativa del centre.<\/span><\/p>\n<p>Cada centre determina la\u00a0<strong>composici\u00f3 del consell escolar<\/strong>\u00a0que queda recollida a les seves normes d&#8217;organitzaci\u00f3 i funcionament, d&#8217;acord amb el que s&#8217;estableix en el Decret 102\/2010, de 3 d&#8217;agost, d&#8217;autonomia dels centres educatius i la resta de legislaci\u00f3 vigent.<\/p>\n<p>El consell escolar ha d&#8217;aprovar les seves normes de funcionament. En all\u00f2 que no estigui previst s&#8217;han d&#8217;aplicar les normes reguladores dels \u00f2rgans col\u00b7legiats de l&#8217;Administraci\u00f3 de la Generalitat.<\/p>\n<p>El consell escolar del centre es reuneix preceptivament una vegada al trimestre i sempre que el convoca el director o directora del centre o ho sol\u00b7licita al menys un ter\u00e7 de les seves persones membres. A m\u00e9s, s&#8217;ha de fer una reuni\u00f3 a principi de curs i una altra a la seva finalitzaci\u00f3.<\/p>\n<p>El consell escolar actua normalment en ple. Es poden constituir comissions espec\u00edfiques d\u2019estudi i informaci\u00f3, a les quals, en tot cas, s\u2019hi ha d\u2019incorporar la direcci\u00f3 del centre, o en la seva representaci\u00f3, un altre \u00f2rgan\u00a0unipersonal de direcci\u00f3,\u00a0un professor o professora, i un alumne o alumna o un representant o una representant de les mares i els pares. Els centres de titularitat p\u00fablica, a m\u00e9s, hi ha d&#8217;haver preceptivament\u00a0una\u00a0<strong>comissi\u00f3 econ\u00f2mica<\/strong>\u00a0que supervisa la gesti\u00f3 econ\u00f2mica del centre.<\/p>\n<p>Les persones del consell escolar s\u00f3n elegides per\u00a0<strong>un per\u00edode de quatre anys<\/strong>\u00a0i es renoven per meitats cada dos anys.<\/p>\n<p>Les eleccions per a la constituci\u00f3 o renovaci\u00f3 de membres del consell escolar, les convoca el director o directora del centre p\u00fablic, amb quinze dies d&#8217;antelaci\u00f3, dintre del per\u00edode que fixa el Departament d&#8217;Ensenyament.<\/p>\n<p>Les\u00a0<strong>vacants<\/strong>\u00a0del consell escolar s&#8217;han d&#8217;ocupar pel procediment establert a les normes d&#8217;organitzaci\u00f3 i funcionament del centre; si aquestes no ho preveuen, les ha d&#8217;ocupar la seg\u00fcent candidatura m\u00e9s votada en les darreres eleccions. Si no hi ha m\u00e9s candidats o candidates per cobrir-les, romanen sense cobrir fins a la propera renovaci\u00f3 del consell escolar.<\/p>\n<p>La condici\u00f3 de membre del consell escolar es perd quan es deixa el c\u00e0rrec que comporta ser-ne membre, quan es deixa de complir algun dels requisits per ser elegible o quan l&#8217;\u00f2rgan que l&#8217;ha designat en revoca la designaci\u00f3.<\/p>\n<p>La composici\u00f3 actual del Consell escolar de l&#8217;Institut Salvador Vilaseca \u00e9s:<\/p>\n<p>&nbsp;<\/p>\n<p style=\"text-align: center;\"><a href=\"https:\/\/agora.xtec.cat\/iessalvadorvilaseca\/wp-content\/uploads\/usu1231\/2024\/09\/CE_MEMBRES_2325.jpg\"><img loading=\"lazy\" decoding=\"async\" class=\"alignnone wp-image-7534 \" src=\"https:\/\/agora.xtec.cat\/iessalvadorvilaseca\/wp-content\/uploads\/usu1231\/2024\/09\/CE_MEMBRES_2325-724x1024.jpg\" alt=\"\" width=\"755\" height=\"1068\" srcset=\"https:\/\/agora.xtec.cat\/iessalvadorvilaseca\/wp-content\/uploads\/usu1231\/2024\/09\/CE_MEMBRES_2325-724x1024.jpg 724w, https:\/\/agora.xtec.cat\/iessalvadorvilaseca\/wp-content\/uploads\/usu1231\/2024\/09\/CE_MEMBRES_2325-212x300.jpg 212w, https:\/\/agora.xtec.cat\/iessalvadorvilaseca\/wp-content\/uploads\/usu1231\/2024\/09\/CE_MEMBRES_2325-768x1087.jpg 768w, https:\/\/agora.xtec.cat\/iessalvadorvilaseca\/wp-content\/uploads\/usu1231\/2024\/09\/CE_MEMBRES_2325-1086x1536.jpg 1086w, https:\/\/agora.xtec.cat\/iessalvadorvilaseca\/wp-content\/uploads\/usu1231\/2024\/09\/CE_MEMBRES_2325-1447x2048.jpg 1447w, https:\/\/agora.xtec.cat\/iessalvadorvilaseca\/wp-content\/uploads\/usu1231\/2024\/09\/CE_MEMBRES_2325.jpg 1653w\" sizes=\"auto, (max-width: 755px) 100vw, 755px\" \/><\/a><\/p>\n<p>&nbsp;<\/p>\n","protected":false},"excerpt":{"rendered":"<p>Amb la finalitat de fomentar la participaci\u00f3 de la comunitat educativa en la din\u00e0mica del funcionament i organitzaci\u00f3 de\u00a0 l&#8217;institut com ara el projecte educatiu, la programaci\u00f3 general anual, la gesti\u00f3 econ\u00f2mica&#8230;&#8230;,\u00a0 la llei d&#8217;educaci\u00f3 de Catalunya estableix la figura del Consell Escolar\u00a0 (LEC &#8211;&hellip;  <a href=\"https:\/\/agora.xtec.cat\/iessalvadorvilaseca\/linstitut\/consell-escolar\/\" title=\"Read Consell escolar\">Llegeix m\u00e9s\u00bb<\/a><\/p>\n","protected":false},"author":1,"featured_media":0,"parent":19,"menu_order":50,"comment_status":"closed","ping_status":"closed","template":"page-templates\/side-menu.php","meta":{"_bbp_topic_count":0,"_bbp_reply_count":0,"_bbp_total_topic_count":0,"_bbp_total_reply_count":0,"_bbp_voice_count":0,"_bbp_anonymous_reply_count":0,"_bbp_topic_count_hidden":0,"_bbp_reply_count_hidden":0,"_bbp_forum_subforum_count":0,"footnotes":""},"class_list":["post-43","page","type-page","status-publish","hentry"],"post_mailing_queue_ids":[],"_links":{"self":[{"href":"https:\/\/agora.xtec.cat\/iessalvadorvilaseca\/wp-json\/wp\/v2\/pages\/43","targetHints":{"allow":["GET"]}}],"collection":[{"href":"https:\/\/agora.xtec.cat\/iessalvadorvilaseca\/wp-json\/wp\/v2\/pages"}],"about":[{"href":"https:\/\/agora.xtec.cat\/iessalvadorvilaseca\/wp-json\/wp\/v2\/types\/page"}],"author":[{"embeddable":true,"href":"https:\/\/agora.xtec.cat\/iessalvadorvilaseca\/wp-json\/wp\/v2\/users\/1"}],"replies":[{"embeddable":true,"href":"https:\/\/agora.xtec.cat\/iessalvadorvilaseca\/wp-json\/wp\/v2\/comments?post=43"}],"version-history":[{"count":7,"href":"https:\/\/agora.xtec.cat\/iessalvadorvilaseca\/wp-json\/wp\/v2\/pages\/43\/revisions"}],"predecessor-version":[{"id":7535,"href":"https:\/\/agora.xtec.cat\/iessalvadorvilaseca\/wp-json\/wp\/v2\/pages\/43\/revisions\/7535"}],"up":[{"embeddable":true,"href":"https:\/\/agora.xtec.cat\/iessalvadorvilaseca\/wp-json\/wp\/v2\/pages\/19"}],"wp:attachment":[{"href":"https:\/\/agora.xtec.cat\/iessalvadorvilaseca\/wp-json\/wp\/v2\/media?parent=43"}],"curies":[{"name":"wp","href":"https:\/\/api.w.org\/{rel}","templated":true}]}}