{"id":3095,"date":"2025-03-11T13:50:59","date_gmt":"2025-03-11T12:50:59","guid":{"rendered":"http:\/\/agora.xtec.cat\/iessalvadorvilaseca\/?page_id=3095"},"modified":"2025-03-11T23:28:44","modified_gmt":"2025-03-11T22:28:44","slug":"convenis","status":"publish","type":"page","link":"https:\/\/agora.xtec.cat\/iessalvadorvilaseca\/projecte-educatiu\/convenis\/","title":{"rendered":"Convenis"},"content":{"rendered":"<p>Els convenis vigents d&#8217;\u00fas de les instal\u00b7lacions del centre son:<\/p>\n<ol>\n<li>Realitzaci\u00f3 de classes de xin\u00e8s al llarg del curs 2024-25 signat amb l&#8217;Asociaci\u00f3n de Amistad Unida de Mujeres Chinas de Espa\u00f1a. <a href=\"https:\/\/agora.xtec.cat\/iessalvadorvilaseca\/wp-content\/uploads\/usu1231\/2025\/03\/241002_Conveni_Classes_Xines_Signat.pdf\" target=\"_blank\" rel=\"noopener\">Accedeix al document<\/a><\/li>\n<li>Notificaci\u00f3 \u00fas espais centre c\u00edvic: <a href=\"https:\/\/agora.xtec.cat\/iessalvadorvilaseca\/wp-content\/uploads\/usu1231\/2024\/09\/Notificacio-us-espais-centre-civic.pdf\">Acc\u00e9s al document<\/a><\/li>\n<\/ol>\n","protected":false},"excerpt":{"rendered":"<p>Els convenis vigents d&#8217;\u00fas de les instal\u00b7lacions del centre son:<\/p>\n<ol>\n<li>Realitzaci\u00f3 de classes de xin\u00e8s al llarg del curs 2024-25 signat amb l&#8217;Asociaci\u00f3n de Amistad Unida de Mujeres Chinas de Espa\u00f1a. <a href=\"https:\/\/agora.xtec.cat\/iessalvadorvilaseca\/wp-content\/uploads\/usu1231\/2025\/03\/241002_Conveni_Classes_Xines_Signat.pdf\" target=\"_blank\" rel=\"noopener\">Accedeix al document<\/a><\/li>\n<li>Notificaci\u00f3 \u00fas espais centre c\u00edvic: <a href=\"https:\/\/agora.xtec.cat\/iessalvadorvilaseca\/wp-content\/uploads\/usu1231\/2024\/09\/Notificacio-us-espais-centre-civic.pdf\">Acc\u00e9s al document<\/a><\/li>\n<\/ol>\n","protected":false},"author":3,"featured_media":0,"parent":57,"menu_order":0,"comment_status":"closed","ping_status":"closed","template":"","meta":{"_bbp_topic_count":0,"_bbp_reply_count":0,"_bbp_total_topic_count":0,"_bbp_total_reply_count":0,"_bbp_voice_count":0,"_bbp_anonymous_reply_count":0,"_bbp_topic_count_hidden":0,"_bbp_reply_count_hidden":0,"_bbp_forum_subforum_count":0,"footnotes":""},"class_list":["post-3095","page","type-page","status-publish","hentry"],"post_mailing_queue_ids":[],"_links":{"self":[{"href":"https:\/\/agora.xtec.cat\/iessalvadorvilaseca\/wp-json\/wp\/v2\/pages\/3095","targetHints":{"allow":["GET"]}}],"collection":[{"href":"https:\/\/agora.xtec.cat\/iessalvadorvilaseca\/wp-json\/wp\/v2\/pages"}],"about":[{"href":"https:\/\/agora.xtec.cat\/iessalvadorvilaseca\/wp-json\/wp\/v2\/types\/page"}],"author":[{"embeddable":true,"href":"https:\/\/agora.xtec.cat\/iessalvadorvilaseca\/wp-json\/wp\/v2\/users\/3"}],"replies":[{"embeddable":true,"href":"https:\/\/agora.xtec.cat\/iessalvadorvilaseca\/wp-json\/wp\/v2\/comments?post=3095"}],"version-history":[{"count":5,"href":"https:\/\/agora.xtec.cat\/iessalvadorvilaseca\/wp-json\/wp\/v2\/pages\/3095\/revisions"}],"predecessor-version":[{"id":7870,"href":"https:\/\/agora.xtec.cat\/iessalvadorvilaseca\/wp-json\/wp\/v2\/pages\/3095\/revisions\/7870"}],"up":[{"embeddable":true,"href":"https:\/\/agora.xtec.cat\/iessalvadorvilaseca\/wp-json\/wp\/v2\/pages\/57"}],"wp:attachment":[{"href":"https:\/\/agora.xtec.cat\/iessalvadorvilaseca\/wp-json\/wp\/v2\/media?parent=3095"}],"curies":[{"name":"wp","href":"https:\/\/api.w.org\/{rel}","templated":true}]}}