{"id":3051,"date":"2019-12-04T20:04:54","date_gmt":"2019-12-04T19:04:54","guid":{"rendered":"http:\/\/agora.xtec.cat\/iessalvadorvilaseca\/?page_id=3051"},"modified":"2024-03-04T18:05:22","modified_gmt":"2024-03-04T17:05:22","slug":"pressupost-del-centre","status":"publish","type":"page","link":"https:\/\/agora.xtec.cat\/iessalvadorvilaseca\/pressupost-del-centre\/","title":{"rendered":"Pressupost del centre"},"content":{"rendered":"<p>El pressupost del centre \u00e9s l&#8217;expressi\u00f3 xifrada de les despeses que com a m\u00e0xim pot recon\u00e8ixer un centre en un exercici, aix\u00ed com l&#8217;estimaci\u00f3 dels ingressos que preveu obtenir durant el mateix per\u00edode.<\/p>\n<ul>\n<li>L&#8217;estat de les despeses te un car\u00e0cter limitatiu.<\/li>\n<li>L&#8217;estat dels ingressos \u00e9s estimatiu.<\/li>\n<\/ul>\n<p>El pressupost s&#8217;emmarca en un any natural i no en un curs acad\u00e8mic.<\/p>\n<p>Acc\u00e9s al pressupost de l&#8217;any <a href=\"https:\/\/agora.xtec.cat\/iessalvadorvilaseca\/wp-content\/uploads\/usu1231\/2024\/03\/Dades-del-pressupost_2024.pdf\">2024<\/a><\/p>\n","protected":false},"excerpt":{"rendered":"<p>El pressupost del centre \u00e9s l&#8217;expressi\u00f3 xifrada de les despeses que com a m\u00e0xim pot recon\u00e8ixer un centre en un exercici, aix\u00ed com l&#8217;estimaci\u00f3 dels ingressos que preveu obtenir durant el mateix per\u00edode.<\/p>\n<ul>\n<li>L&#8217;estat de les despeses te un car\u00e0cter limitatiu.<\/li>\n<li>L&#8217;estat dels ingressos \u00e9s estimatiu.<\/li>\n<\/ul>\n<p>El pressupost&hellip;  <a href=\"https:\/\/agora.xtec.cat\/iessalvadorvilaseca\/pressupost-del-centre\/\" title=\"Read Pressupost del centre\">Llegeix m\u00e9s\u00bb<\/a><\/p>\n","protected":false},"author":3,"featured_media":0,"parent":0,"menu_order":0,"comment_status":"closed","ping_status":"closed","template":"","meta":{"_bbp_topic_count":0,"_bbp_reply_count":0,"_bbp_total_topic_count":0,"_bbp_total_reply_count":0,"_bbp_voice_count":0,"_bbp_anonymous_reply_count":0,"_bbp_topic_count_hidden":0,"_bbp_reply_count_hidden":0,"_bbp_forum_subforum_count":0,"footnotes":""},"class_list":["post-3051","page","type-page","status-publish","hentry"],"post_mailing_queue_ids":[],"_links":{"self":[{"href":"https:\/\/agora.xtec.cat\/iessalvadorvilaseca\/wp-json\/wp\/v2\/pages\/3051","targetHints":{"allow":["GET"]}}],"collection":[{"href":"https:\/\/agora.xtec.cat\/iessalvadorvilaseca\/wp-json\/wp\/v2\/pages"}],"about":[{"href":"https:\/\/agora.xtec.cat\/iessalvadorvilaseca\/wp-json\/wp\/v2\/types\/page"}],"author":[{"embeddable":true,"href":"https:\/\/agora.xtec.cat\/iessalvadorvilaseca\/wp-json\/wp\/v2\/users\/3"}],"replies":[{"embeddable":true,"href":"https:\/\/agora.xtec.cat\/iessalvadorvilaseca\/wp-json\/wp\/v2\/comments?post=3051"}],"version-history":[{"count":5,"href":"https:\/\/agora.xtec.cat\/iessalvadorvilaseca\/wp-json\/wp\/v2\/pages\/3051\/revisions"}],"predecessor-version":[{"id":7257,"href":"https:\/\/agora.xtec.cat\/iessalvadorvilaseca\/wp-json\/wp\/v2\/pages\/3051\/revisions\/7257"}],"wp:attachment":[{"href":"https:\/\/agora.xtec.cat\/iessalvadorvilaseca\/wp-json\/wp\/v2\/media?parent=3051"}],"curies":[{"name":"wp","href":"https:\/\/api.w.org\/{rel}","templated":true}]}}