{"id":27,"date":"2014-09-17T16:24:03","date_gmt":"2014-09-17T16:24:03","guid":{"rendered":"http:\/\/agora.xtec.cat\/iessalvadorvilaseca\/?page_id=27"},"modified":"2016-07-18T10:26:43","modified_gmt":"2016-07-18T09:26:43","slug":"historia","status":"publish","type":"page","link":"https:\/\/agora.xtec.cat\/iessalvadorvilaseca\/linstitut\/historia\/","title":{"rendered":"Hist\u00f2ria"},"content":{"rendered":"<h3>De convent a institut<\/h3>\n<h4>El convent<\/h4>\n<p>A l&#8217;any 1488 es va establir a Reus una comunitat franciscana vinguda de l&#8217;Arag\u00f3 que ubic\u00e0 el seu convent a la banda sud-oest de la vila tocant al cam\u00ed de Salou, fora de les muralles. El convent va ser conegut amb el nom de Santa Maria de Jes\u00fas i va complir la missi\u00f3 d&#8217;oraci\u00f3, estudi, ajuda als necessitats, cura dels empestats i m\u00e9s endavant atenci\u00f3 als fidels, enterraments i doc\u00e8ncia.<\/p>\n<p>A causa del seu estat ru\u00efn\u00f3s, al 1731 van comen\u00e7ar les obres de restauraci\u00f3, que finalitzen el 1772 amb la benedicci\u00f3 de la nova esgl\u00e9sia, la qual es va dir de Sant Francesc, igual que el nou convent, donant lloc a la configuraci\u00f3 arquitect\u00f2nica general que encara es conserva avui en dia.<\/p>\n<p>El juliol del 1835 despr\u00e9s d&#8217;uns esdeveniments tr\u00e0gics, van morir dotze persones a mans dels revolucionaris i es van destruir la majoria d&#8217;arxius, altars i la biblioteca. La comunitat es va dispersar i es va acabar la vida dels franciscans al convent. En l&#8217;\u00e8poca franciscana els ensenyaments impartits pels frares foren els d&#8217;estudis mitjans tradicionals i a m\u00e9s dels futurs frares se&#8217;n van beneficiar els joves de Reus i les seves comarques.<\/p>\n<h4>Dels escolapis a centre oficial<\/h4>\n<p>El 1840 l&#8217;Ajuntament de Reus fa una petici\u00f3 a Madrid demanant la propietat del convent i la de l&#8217;horta per a dedicar-ho tot a ensenyament. Al 1844 establ\u00ed dues escoles p\u00fabliques i una classe de llatinitat. Al 1858, l&#8217;Ajuntament ced\u00ed als escolapis part de l&#8217;edifici de l&#8217;ex-convent on instal\u00b7laren un col\u00b7legi de primer i segon ensenyament. El 1870 els escolapis s\u00f3n substitu\u00efts per professors laics fins que per iniciativa de l&#8217;Ajuntament, va esdevenir centre oficial d&#8217;ensenyament mitj\u00e0 el 1875.<\/p>\n<table style=\"width: 799px; border-color: #ffffff; height: 285px;\">\n<tbody>\n<tr>\n<td style=\"width: 400px; border-color: #ffffff; background-color: #ffffff;\"><a href=\"http:\/\/agora.xtec.cat\/iessalvadorvilaseca\/wp-content\/uploads\/usu1231\/2014\/09\/fasanaherculesantiga.jpg\"><img loading=\"lazy\" decoding=\"async\" class=\"wp-image-469 size-full\" src=\"http:\/\/agora.xtec.cat\/iessalvadorvilaseca\/wp-content\/uploads\/usu1231\/2014\/09\/fasanaherculesantiga.jpg\" alt=\"fasanaherculesantiga\" width=\"300\" height=\"197\" \/><\/a><\/td>\n<td style=\"width: 400px; border-color: #ffffff; background-color: #ffffff;\"><a href=\"http:\/\/agora.xtec.cat\/iessalvadorvilaseca\/wp-content\/uploads\/usu1231\/2014\/09\/claustreantic.jpg\"><img loading=\"lazy\" decoding=\"async\" class=\"wp-image-468 size-full\" src=\"http:\/\/agora.xtec.cat\/iessalvadorvilaseca\/wp-content\/uploads\/usu1231\/2014\/09\/claustreantic.jpg\" alt=\"Pati central del claustre. \" width=\"300\" height=\"202\" \/><\/a><\/td>\n<\/tr>\n<tr>\n<td style=\"width: 400px; background-color: #ffffff; border-color: #ffffff;\"><em>Fotografia de principis de segle que mostra la fa\u00e7ana de l&#8217;Institut que d\u00f3na a la pla\u00e7a d&#8217;H\u00e8rcules. S&#8217;observa com la pla\u00e7a era p\u00fablica i arbrada<\/em><\/td>\n<td style=\"width: 400px; background-color: #ffffff; border-color: #ffffff;\"><em>Pati central del claustre. La fotografia \u00e9s anterior al 1923 data en qu\u00e8\u00a0s&#8217;hi plantaren tarongers, llimoners i geranis de colors diferents i a la\u00a0part central s&#8217;hi constru\u00ed un brollador<\/em><\/td>\n<\/tr>\n<\/tbody>\n<\/table>\n<h4>L&#8217;Institut de Reus<\/h4>\n<p>De 1875 a 1901 va rebre el nom de \u00a8Instituto de segunda ense\u00f1anza de Reus\u00a8. Des de 1901 a 1924 \u00a8Instituto general y t\u00e9cnico\u00a8. Des de 1924 a 1951 s&#8217;anomena \u00a8Instituto nacional de segunda ense\u00f1anza de Reus\u00a8. Des de 1951 aquest institut reb\u00e9 el nom espec\u00edfic de \u00a8Antoni Gaud\u00ed\u00a8.<\/p>\n<table>\n<tbody>\n<tr>\n<td style=\"border-color: #ffffff; width: 400px; background-color: #ffffff;\"><a href=\"http:\/\/agora.xtec.cat\/iessalvadorvilaseca\/wp-content\/uploads\/usu1231\/2014\/09\/portaantiga.jpg\"><img loading=\"lazy\" decoding=\"async\" class=\"aligncenter size-full wp-image-470\" src=\"http:\/\/agora.xtec.cat\/iessalvadorvilaseca\/wp-content\/uploads\/usu1231\/2014\/09\/portaantiga.jpg\" alt=\"portaantiga\" width=\"297\" height=\"292\" \/><\/a><\/td>\n<td style=\"border-color: #ffffff; width: 400px; background-color: #ffffff;\"><a href=\"http:\/\/agora.xtec.cat\/iessalvadorvilaseca\/wp-content\/uploads\/usu1231\/2014\/09\/profesantics.jpg\"><img loading=\"lazy\" decoding=\"async\" class=\"aligncenter size-full wp-image-471\" src=\"http:\/\/agora.xtec.cat\/iessalvadorvilaseca\/wp-content\/uploads\/usu1231\/2014\/09\/profesantics.jpg\" alt=\"profesantics\" width=\"300\" height=\"197\" \/><\/a><\/td>\n<\/tr>\n<tr>\n<td style=\"border-color: #ffffff; width: 400px; background-color: #ffffff;\"><i>Porta d&#8217;acc\u00e9s des del carrer Miseric\u00f2rdia l&#8217;any 1919, aleshores catalogat pel govern com a \u00a8Instituto General y T\u00e9cnico\u00a8, tal i com es pot llegir al front\u00f3 de la porta.<\/i><\/td>\n<td style=\"border-color: #ffffff; width: 400px; background-color: #ffffff;\"><i>Professorat de l&#8217;any 1926 en una de les galeries del claustre, aleshores es denominava \u00a8Instituto Nacional de Segunda Ense\u00f1anza de Reus\u00a8.<\/i><\/td>\n<\/tr>\n<\/tbody>\n<\/table>\n<p>En la d\u00e8cada dels 40 es feren grans millores al Centre. Es va suprimir l&#8217;Escola nacional prim\u00e0ria que estava al segon pis i qued\u00e0 tot l&#8217;edifici per a Institut.<\/p>\n<p>L&#8217;Institut va haver d&#8217;habilitar una Secci\u00f3 Delegada en un edifici de nova planta que ara \u00e9s el col\u00b7legi p\u00fablic \u00a8General Prim\u00a8; fins i tot l&#8217;any 1971 es van haver d&#8217;ocupar unes aules al col\u00b7legi menor situat a l&#8217;antiga ermita del Roser que ara \u00e9s l&#8217;IES Gabriel Ferrater. Tot aix\u00f2 va portar a la construcci\u00f3 d&#8217;un nou edifici al barri Gaud\u00ed que va comen\u00e7ar a funcionar l&#8217;any 1971. El curs 1972-73 l&#8217;Institut Gaud\u00ed trasllad\u00e0 totes les seves depend\u00e8ncies al nou edifici del Barri Gaud\u00ed.<\/p>\n<h4>Altres funcions del convent<\/h4>\n<p>Paral\u00b7lelament a la seva funci\u00f3 educativa, l&#8217;Institut va habilitar algunes de les seves depend\u00e8ncies per altres usos: Audi\u00e8ncia des de 1882 fins 1892 i Ajuntament des de 1923 fins 1937. Tamb\u00e9 va ser Escola del Treball fins al 1931.<\/p>\n<table>\n<tbody>\n<tr>\n<td style=\"width: 400px; border-color: #ffffff; background-color: #ffffff;\"><a href=\"http:\/\/agora.xtec.cat\/iessalvadorvilaseca\/wp-content\/uploads\/usu1231\/2014\/09\/republica.jpg\"><img loading=\"lazy\" decoding=\"async\" class=\"size-full wp-image-473\" src=\"http:\/\/agora.xtec.cat\/iessalvadorvilaseca\/wp-content\/uploads\/usu1231\/2014\/09\/republica.jpg\" alt=\"republica\" width=\"300\" height=\"217\" \/><\/a><\/td>\n<td style=\"border-color: #ffffff; background-color: #ffffff;\"><\/td>\n<\/tr>\n<tr>\n<td style=\"width: 400px; border-color: #ffffff; background-color: #ffffff;\"><i>Amb motiu de la proclamaci\u00f3 de la Segona Rep\u00fablica, multitud\u00a0congregada el 14 d&#8217;abril de 1931 a la pla\u00e7a d&#8217;Hercules, avui pati\u00a0d&#8217;esbarjo de l&#8217;Institut.<\/i><\/td>\n<td style=\"border-color: #ffffff; background-color: #ffffff;\"><\/td>\n<\/tr>\n<\/tbody>\n<\/table>\n<h4>Un nou Institut al convent<\/h4>\n<p>Al 1972 s&#8217;inicien a l&#8217;edifici de l&#8217;antic convent els estudis de batxillerat nocturn i passa a convertir-se en secci\u00f3 delegada de l&#8217;Institut Gaud\u00ed. El curs 1974-75 comen\u00e7a a funcionar com a \u00a8Instituto Mixto n\u00fam. 2\u00a8. L&#8217;any 1975 passa a denominar-se \u00a8Instituto <a class=\"autolink\" title=\"Salvador Vilaseca\" href=\"http:\/\/savi.cat\/mod\/page\/view.php?id=14217\">Salvador Vilaseca<\/a>\u00a8. Al febrer de 1981 es produeix el trasp\u00e0s a la Generalitat de Catalunya amb la conseq\u00fcent catalanitzaci\u00f3 del nom. L&#8217;any 1996, amb la llei de reforma educativa, es converteix en Institut d&#8217;Educaci\u00f3 Secundaria (IES).<\/p>\n<h4>125 anys<\/h4>\n<p>Durant el curs acad\u00e8mic 2000-01 es van celebrar diferents actes en motiu dels <a class=\"autolink\" title=\"125 Anys d'Ensenyament\" href=\"http:\/\/savi.cat\/mod\/page\/view.php?id=14215\">125 Anys d&#8217;Ensenyament<\/a>Secundari, que commemor\u00e0 l&#8217;inici l&#8217;any 1875 dels estudis oficials d&#8217;ensenyament mitja a la ciutat de Reus, ensenyaments que es va fer extensius als set centres d&#8217;educaci\u00f3 secund\u00e0ria que actualment hi ha a la ciutat de Reus.<\/p>\n<p><img loading=\"lazy\" decoding=\"async\" class=\"aligncenter size-full wp-image-472\" src=\"http:\/\/agora.xtec.cat\/iessalvadorvilaseca\/wp-content\/uploads\/usu1231\/2014\/09\/r_tol16.jpg\" alt=\"r_tol16\" width=\"300\" height=\"248\" \/><\/p>\n","protected":false},"excerpt":{"rendered":"<p>De convent a institut<br \/>\nEl convent<br \/>\nA l&#8217;any 1488 es va establir a Reus una comunitat franciscana vinguda de l&#8217;Arag\u00f3 que ubic\u00e0 el seu convent a la banda sud-oest de la vila tocant al cam\u00ed de Salou, fora de les muralles. El convent va ser conegut amb&hellip;  <a href=\"https:\/\/agora.xtec.cat\/iessalvadorvilaseca\/linstitut\/historia\/\" title=\"Read Hist\u00f2ria\">Llegeix m\u00e9s\u00bb<\/a><\/p>\n","protected":false},"author":1,"featured_media":0,"parent":19,"menu_order":20,"comment_status":"closed","ping_status":"closed","template":"page-templates\/side-menu.php","meta":{"_bbp_topic_count":0,"_bbp_reply_count":0,"_bbp_total_topic_count":0,"_bbp_total_reply_count":0,"_bbp_voice_count":0,"_bbp_anonymous_reply_count":0,"_bbp_topic_count_hidden":0,"_bbp_reply_count_hidden":0,"_bbp_forum_subforum_count":0,"footnotes":""},"class_list":["post-27","page","type-page","status-publish","hentry"],"post_mailing_queue_ids":[],"_links":{"self":[{"href":"https:\/\/agora.xtec.cat\/iessalvadorvilaseca\/wp-json\/wp\/v2\/pages\/27","targetHints":{"allow":["GET"]}}],"collection":[{"href":"https:\/\/agora.xtec.cat\/iessalvadorvilaseca\/wp-json\/wp\/v2\/pages"}],"about":[{"href":"https:\/\/agora.xtec.cat\/iessalvadorvilaseca\/wp-json\/wp\/v2\/types\/page"}],"author":[{"embeddable":true,"href":"https:\/\/agora.xtec.cat\/iessalvadorvilaseca\/wp-json\/wp\/v2\/users\/1"}],"replies":[{"embeddable":true,"href":"https:\/\/agora.xtec.cat\/iessalvadorvilaseca\/wp-json\/wp\/v2\/comments?post=27"}],"version-history":[{"count":4,"href":"https:\/\/agora.xtec.cat\/iessalvadorvilaseca\/wp-json\/wp\/v2\/pages\/27\/revisions"}],"predecessor-version":[{"id":499,"href":"https:\/\/agora.xtec.cat\/iessalvadorvilaseca\/wp-json\/wp\/v2\/pages\/27\/revisions\/499"}],"up":[{"embeddable":true,"href":"https:\/\/agora.xtec.cat\/iessalvadorvilaseca\/wp-json\/wp\/v2\/pages\/19"}],"wp:attachment":[{"href":"https:\/\/agora.xtec.cat\/iessalvadorvilaseca\/wp-json\/wp\/v2\/media?parent=27"}],"curies":[{"name":"wp","href":"https:\/\/api.w.org\/{rel}","templated":true}]}}