{"id":2596,"date":"2019-03-20T18:38:46","date_gmt":"2019-03-20T17:38:46","guid":{"rendered":"http:\/\/agora.xtec.cat\/iessalvadorvilaseca\/?page_id=2596"},"modified":"2024-09-30T14:37:34","modified_gmt":"2024-09-30T12:37:34","slug":"projecte-linguistic-de-centre","status":"publish","type":"page","link":"https:\/\/agora.xtec.cat\/iessalvadorvilaseca\/projecte-educatiu\/projecte-linguistic-de-centre\/","title":{"rendered":"Projecte Ling\u00fc\u00edstic de Centre"},"content":{"rendered":"<p>El Projecte Ling\u00fc\u00edstic de Centre (PLC) de l\u2019Institut Salvador Vilaseca forma part del PEC, i \u00e9s el recull organitzat dels acords presos sobre propostes educatives per a l\u2019ensenyament i l\u2019aprenentatge de les lleng\u00fces i sobre els usos ling\u00fc\u00edstics del centre educatiu. Es tracta d\u2019un instrument que ajuda a desenvolupar de manera coherent i efica\u00e7 les activitats d\u2019aprenentatge ling\u00fc\u00edstic i que posa l\u2019accent en els acords de gesti\u00f3 educativa di\u00e0ria dels centres. \u00c9s, doncs, una eina pedag\u00f2gica i flexible que evoluciona a partir de les estrat\u00e8gies educatives fixades i de l\u2019assoliment dels objectius marcats.<strong>\u00a0 Actualment, es troba en un proc\u00e9s d&#8217;actualitzaci\u00f3, donada la seva naturalesa vertebradora i la seva rellev\u00e0ncia pedag\u00f2gica.\u00a0<\/strong><\/p>\n","protected":false},"excerpt":{"rendered":"<p>El Projecte Ling\u00fc\u00edstic de Centre (PLC) de l\u2019Institut Salvador Vilaseca forma part del PEC, i \u00e9s el recull organitzat dels acords presos sobre propostes educatives per a l\u2019ensenyament i l\u2019aprenentatge de les lleng\u00fces i sobre els usos ling\u00fc\u00edstics del centre educatiu. Es tracta d\u2019un instrument&hellip;  <a href=\"https:\/\/agora.xtec.cat\/iessalvadorvilaseca\/projecte-educatiu\/projecte-linguistic-de-centre\/\" title=\"Read Projecte Ling\u00fc\u00edstic de Centre\">Llegeix m\u00e9s\u00bb<\/a><\/p>\n","protected":false},"author":3,"featured_media":0,"parent":57,"menu_order":0,"comment_status":"closed","ping_status":"closed","template":"","meta":{"_bbp_topic_count":0,"_bbp_reply_count":0,"_bbp_total_topic_count":0,"_bbp_total_reply_count":0,"_bbp_voice_count":0,"_bbp_anonymous_reply_count":0,"_bbp_topic_count_hidden":0,"_bbp_reply_count_hidden":0,"_bbp_forum_subforum_count":0,"footnotes":""},"class_list":["post-2596","page","type-page","status-publish","hentry"],"post_mailing_queue_ids":[],"_links":{"self":[{"href":"https:\/\/agora.xtec.cat\/iessalvadorvilaseca\/wp-json\/wp\/v2\/pages\/2596","targetHints":{"allow":["GET"]}}],"collection":[{"href":"https:\/\/agora.xtec.cat\/iessalvadorvilaseca\/wp-json\/wp\/v2\/pages"}],"about":[{"href":"https:\/\/agora.xtec.cat\/iessalvadorvilaseca\/wp-json\/wp\/v2\/types\/page"}],"author":[{"embeddable":true,"href":"https:\/\/agora.xtec.cat\/iessalvadorvilaseca\/wp-json\/wp\/v2\/users\/3"}],"replies":[{"embeddable":true,"href":"https:\/\/agora.xtec.cat\/iessalvadorvilaseca\/wp-json\/wp\/v2\/comments?post=2596"}],"version-history":[{"count":5,"href":"https:\/\/agora.xtec.cat\/iessalvadorvilaseca\/wp-json\/wp\/v2\/pages\/2596\/revisions"}],"predecessor-version":[{"id":7566,"href":"https:\/\/agora.xtec.cat\/iessalvadorvilaseca\/wp-json\/wp\/v2\/pages\/2596\/revisions\/7566"}],"up":[{"embeddable":true,"href":"https:\/\/agora.xtec.cat\/iessalvadorvilaseca\/wp-json\/wp\/v2\/pages\/57"}],"wp:attachment":[{"href":"https:\/\/agora.xtec.cat\/iessalvadorvilaseca\/wp-json\/wp\/v2\/media?parent=2596"}],"curies":[{"name":"wp","href":"https:\/\/api.w.org\/{rel}","templated":true}]}}