{"id":1900,"date":"2018-02-16T10:19:27","date_gmt":"2018-02-16T09:19:27","guid":{"rendered":"http:\/\/agora.xtec.cat\/iessalvadorvilaseca\/?page_id=1900"},"modified":"2024-09-30T14:25:19","modified_gmt":"2024-09-30T12:25:19","slug":"projecte-educatiu-de-centre","status":"publish","type":"page","link":"https:\/\/agora.xtec.cat\/iessalvadorvilaseca\/projecte-educatiu\/projecte-educatiu-de-centre\/","title":{"rendered":"Projecte Educatiu de Centre"},"content":{"rendered":"<p>El Projecte Educatiu del Centre (PEC) \u00e9s l&#8217;element vertebrador del centre i de l&#8217;activitat i, per tant, en determina l&#8217;organitzaci\u00f3, la gesti\u00f3 i el funcionament. El document actual est\u00e0 en proc\u00e9s d&#8217;actualitzaci\u00f3.<\/p>\n<p><a href=\"https:\/\/agora.xtec.cat\/iessalvadorvilaseca\/wp-content\/uploads\/usu1231\/bp-attachments\/790\/PEC-aprovat-i-annexos.pdf\">Enlla\u00e7 al PEC<\/a><\/p>\n","protected":false},"excerpt":{"rendered":"<p>El Projecte Educatiu del Centre (PEC) \u00e9s l&#8217;element vertebrador del centre i de l&#8217;activitat i, per tant, en determina l&#8217;organitzaci\u00f3, la gesti\u00f3 i el funcionament. El document actual est\u00e0 en proc\u00e9s d&#8217;actualitzaci\u00f3.<br \/>\n<a href=\"https:\/\/agora.xtec.cat\/iessalvadorvilaseca\/wp-content\/uploads\/usu1231\/bp-attachments\/790\/PEC-aprovat-i-annexos.pdf\">Enlla\u00e7 al PEC<\/a><\/p>\n","protected":false},"author":3,"featured_media":0,"parent":57,"menu_order":0,"comment_status":"closed","ping_status":"closed","template":"","meta":{"_bbp_topic_count":0,"_bbp_reply_count":0,"_bbp_total_topic_count":0,"_bbp_total_reply_count":0,"_bbp_voice_count":0,"_bbp_anonymous_reply_count":0,"_bbp_topic_count_hidden":0,"_bbp_reply_count_hidden":0,"_bbp_forum_subforum_count":0,"footnotes":""},"class_list":["post-1900","page","type-page","status-publish","hentry"],"post_mailing_queue_ids":[],"_links":{"self":[{"href":"https:\/\/agora.xtec.cat\/iessalvadorvilaseca\/wp-json\/wp\/v2\/pages\/1900","targetHints":{"allow":["GET"]}}],"collection":[{"href":"https:\/\/agora.xtec.cat\/iessalvadorvilaseca\/wp-json\/wp\/v2\/pages"}],"about":[{"href":"https:\/\/agora.xtec.cat\/iessalvadorvilaseca\/wp-json\/wp\/v2\/types\/page"}],"author":[{"embeddable":true,"href":"https:\/\/agora.xtec.cat\/iessalvadorvilaseca\/wp-json\/wp\/v2\/users\/3"}],"replies":[{"embeddable":true,"href":"https:\/\/agora.xtec.cat\/iessalvadorvilaseca\/wp-json\/wp\/v2\/comments?post=1900"}],"version-history":[{"count":4,"href":"https:\/\/agora.xtec.cat\/iessalvadorvilaseca\/wp-json\/wp\/v2\/pages\/1900\/revisions"}],"predecessor-version":[{"id":7561,"href":"https:\/\/agora.xtec.cat\/iessalvadorvilaseca\/wp-json\/wp\/v2\/pages\/1900\/revisions\/7561"}],"up":[{"embeddable":true,"href":"https:\/\/agora.xtec.cat\/iessalvadorvilaseca\/wp-json\/wp\/v2\/pages\/57"}],"wp:attachment":[{"href":"https:\/\/agora.xtec.cat\/iessalvadorvilaseca\/wp-json\/wp\/v2\/media?parent=1900"}],"curies":[{"name":"wp","href":"https:\/\/api.w.org\/{rel}","templated":true}]}}