{"id":9113,"date":"2025-02-20T08:24:30","date_gmt":"2025-02-20T07:24:30","guid":{"rendered":"https:\/\/agora.xtec.cat\/iessalvadorsegui\/?page_id=9113"},"modified":"2025-10-02T10:11:21","modified_gmt":"2025-10-02T08:11:21","slug":"llancadora-de-reptes","status":"publish","type":"page","link":"https:\/\/agora.xtec.cat\/iessalvadorsegui\/llancadora-de-reptes\/","title":{"rendered":"Llan\u00e7adora de reptes"},"content":{"rendered":"<p>L\u2019Institut Salvador Segu\u00ed impulsa aliances i col\u00b7laboracions amb\u00a0<strong>empreses dels \u00e0mbits sanitari, d\u2019atenci\u00f3 a les persones, d\u2019imatge personal i d\u2019\u00f2ptica d\u2019ulleres<\/strong>\u00a0per oferir a l\u2019alumnat la millor formaci\u00f3 i facilitar la seva incorporaci\u00f3 al mercat laboral.<\/p>\n<p>A m\u00e9s, busca establir contactes amb altres instituts i entitats socials per\u00a0<strong>desenvolupar projectes intercentres i interdisciplinaris<\/strong>, fomentant la innovaci\u00f3 i l\u2019aprenentatge compartit.<\/p>\n<p>Amb aquest formulari, podeu\u00a0<strong>publicar els vostres reptes i propostes de col\u00b7laboraci\u00f3<\/strong>: <b><a href=\"https:\/\/docs.google.com\/forms\/d\/e\/1FAIpQLScCIM8p_6TqI_aGLRBrHfkj320lw5_SK5Qe-xtNbj6jaaaVFQ\/viewform?usp=sharing\" target=\"_blank\" rel=\"noopener\" data-saferedirecturl=\"https:\/\/www.google.com\/url?q=https:\/\/docs.google.com\/forms\/d\/e\/1FAIpQLScCIM8p_6TqI_aGLRBrHfkj320lw5_SK5Qe-xtNbj6jaaaVFQ\/viewform?usp%3Dsharing&amp;source=gmail&amp;ust=1739862204885000&amp;usg=AOvVaw1XLsiUul-5KFAI5gv1NhWj\">Acc\u00e9s al formulari<\/a><\/b><\/p>\n<p>Per qualsevol dubte, podeu contactar amb nosaltres a\u00a0<strong><a>innovacio@salvadorsegui.net<\/a><\/strong><\/p>\n","protected":false},"excerpt":{"rendered":"<p>L\u2019Institut Salvador Segu\u00ed impulsa aliances i col\u00b7laboracions amb\u00a0empreses dels \u00e0mbits sanitari, d\u2019atenci\u00f3 a les persones, d\u2019imatge personal i d\u2019\u00f2ptica d\u2019ulleres\u00a0per oferir a l\u2019alumnat la millor formaci\u00f3 i facilitar la seva incorporaci\u00f3 al mercat laboral. A m\u00e9s, busca establir contactes amb altres instituts i entitats socials per\u00a0desenvolupar projectes intercentres i interdisciplinaris, fomentant la innovaci\u00f3 i l\u2019aprenentatge [&hellip;]<\/p>\n","protected":false},"author":1,"featured_media":0,"parent":0,"menu_order":0,"comment_status":"closed","ping_status":"closed","template":"","meta":{"_bbp_topic_count":0,"_bbp_reply_count":0,"_bbp_total_topic_count":0,"_bbp_total_reply_count":0,"_bbp_voice_count":0,"_bbp_anonymous_reply_count":0,"_bbp_topic_count_hidden":0,"_bbp_reply_count_hidden":0,"_bbp_forum_subforum_count":0,"site-sidebar-layout":"default","site-content-layout":"","ast-site-content-layout":"default","site-content-style":"default","site-sidebar-style":"default","ast-global-header-display":"","ast-banner-title-visibility":"","ast-main-header-display":"","ast-hfb-above-header-display":"","ast-hfb-below-header-display":"","ast-hfb-mobile-header-display":"","site-post-title":"","ast-breadcrumbs-content":"","ast-featured-img":"","footer-sml-layout":"","theme-transparent-header-meta":"","adv-header-id-meta":"","stick-header-meta":"","header-above-stick-meta":"","header-main-stick-meta":"","header-below-stick-meta":"","astra-migrate-meta-layouts":"set","ast-page-background-enabled":"default","ast-page-background-meta":{"desktop":{"background-color":"var(--ast-global-color-4)","background-image":"","background-repeat":"repeat","background-position":"center center","background-size":"auto","background-attachment":"scroll","background-type":"","background-media":"","overlay-type":"","overlay-color":"","overlay-opacity":"","overlay-gradient":""},"tablet":{"background-color":"","background-image":"","background-repeat":"repeat","background-position":"center center","background-size":"auto","background-attachment":"scroll","background-type":"","background-media":"","overlay-type":"","overlay-color":"","overlay-opacity":"","overlay-gradient":""},"mobile":{"background-color":"","background-image":"","background-repeat":"repeat","background-position":"center center","background-size":"auto","background-attachment":"scroll","background-type":"","background-media":"","overlay-type":"","overlay-color":"","overlay-opacity":"","overlay-gradient":""}},"ast-content-background-meta":{"desktop":{"background-color":"var(--ast-global-color-5)","background-image":"","background-repeat":"repeat","background-position":"center center","background-size":"auto","background-attachment":"scroll","background-type":"","background-media":"","overlay-type":"","overlay-color":"","overlay-opacity":"","overlay-gradient":""},"tablet":{"background-color":"var(--ast-global-color-5)","background-image":"","background-repeat":"repeat","background-position":"center center","background-size":"auto","background-attachment":"scroll","background-type":"","background-media":"","overlay-type":"","overlay-color":"","overlay-opacity":"","overlay-gradient":""},"mobile":{"background-color":"var(--ast-global-color-5)","background-image":"","background-repeat":"repeat","background-position":"center center","background-size":"auto","background-attachment":"scroll","background-type":"","background-media":"","overlay-type":"","overlay-color":"","overlay-opacity":"","overlay-gradient":""}},"footnotes":""},"class_list":["post-9113","page","type-page","status-publish","hentry"],"post_mailing_queue_ids":[],"_links":{"self":[{"href":"https:\/\/agora.xtec.cat\/iessalvadorsegui\/wp-json\/wp\/v2\/pages\/9113","targetHints":{"allow":["GET"]}}],"collection":[{"href":"https:\/\/agora.xtec.cat\/iessalvadorsegui\/wp-json\/wp\/v2\/pages"}],"about":[{"href":"https:\/\/agora.xtec.cat\/iessalvadorsegui\/wp-json\/wp\/v2\/types\/page"}],"author":[{"embeddable":true,"href":"https:\/\/agora.xtec.cat\/iessalvadorsegui\/wp-json\/wp\/v2\/users\/1"}],"replies":[{"embeddable":true,"href":"https:\/\/agora.xtec.cat\/iessalvadorsegui\/wp-json\/wp\/v2\/comments?post=9113"}],"version-history":[{"count":2,"href":"https:\/\/agora.xtec.cat\/iessalvadorsegui\/wp-json\/wp\/v2\/pages\/9113\/revisions"}],"predecessor-version":[{"id":10025,"href":"https:\/\/agora.xtec.cat\/iessalvadorsegui\/wp-json\/wp\/v2\/pages\/9113\/revisions\/10025"}],"wp:attachment":[{"href":"https:\/\/agora.xtec.cat\/iessalvadorsegui\/wp-json\/wp\/v2\/media?parent=9113"}],"curies":[{"name":"wp","href":"https:\/\/api.w.org\/{rel}","templated":true}]}}