{"id":8716,"date":"2024-10-08T08:39:22","date_gmt":"2024-10-08T06:39:22","guid":{"rendered":"https:\/\/agora.xtec.cat\/iessalvadorsegui\/?page_id=8716"},"modified":"2026-03-03T10:57:20","modified_gmt":"2026-03-03T09:57:20","slug":"estada-en-empresa","status":"publish","type":"page","link":"https:\/\/agora.xtec.cat\/iessalvadorsegui\/estudis\/estada-en-empresa\/","title":{"rendered":"Estada en empresa"},"content":{"rendered":"<p>L&#8217;estada a l&#8217;empresa s\u00f3n pr\u00e0ctiques formatives que poden ser de dos tipus:<\/p>\n<ul>\n<li><strong>Formaci\u00f3 en centres de treball (FCT) \/ Formaci\u00f3 a l&#8217;empresa en r\u00e8gim general<\/strong>, s\u00f3n pr\u00e0ctiques formatives no remunerades, en centres de treball, mitjan\u00e7ant un acord formatiu de col\u00b7laboraci\u00f3 que subscriuen el centre docent i l&#8217;empresa.<\/li>\n<li><strong>FP en alternan\u00e7a dual \/ Formaci\u00f3 a l&#8217;empresa en r\u00e8gim intensiu<\/strong>, s\u00f3n pr\u00e0ctiques formatives remunerades, a trav\u00e9s d&#8217;una beca formativa o contracte regulat per normativa laboral. <a href=\"https:\/\/agora.xtec.cat\/iessalvadorsegui\/estudis\/formacio-en-centres-de-treball-i-formacio-dual-fct\/\" target=\"_blank\" rel=\"noopener\">Clica aqu\u00ed i accedir\u00e0s a tota la informaci\u00f3 disponible de l&#8217;alternan\u00e7a dual i dual intensiva dels diferents cicles formatius que impartim en aquesta modalitat.<\/a><\/li>\n<\/ul>\n<p>TAULA RESUM MODALITATS D&#8217;ESTADA A L&#8217;EMPRESA EN CICLES LOE:<\/p>\n<table style=\"height: 338px; width: 100%; border-collapse: collapse; background-color: #ada3a3; border-style: solid; border-color: #080000;\">\n<tbody>\n<tr style=\"height: 121px;\">\n<td style=\"width: 5.66667%; height: 121px; background-color: #8c8484;\">\n<h6><strong>Modalitat\u00a0 \u00a0<\/strong><\/h6>\n<\/td>\n<td style=\"width: 14%; height: 121px; background-color: #8f8686;\">\n<h6><strong>Hores de formaci\u00f3 a l\u2019empresa<\/strong><\/h6>\n<\/td>\n<td style=\"width: 40.3333%; height: 121px; background-color: #857e7e;\">\n<h6><strong>Tipus de vinculaci\u00f3<sup>1<\/sup><\/strong><\/h6>\n<h6><strong>i remuneraci\u00f3<\/strong><\/h6>\n<\/td>\n<td style=\"width: 20%; height: 121px; background-color: #8c8585;\">\n<h6><strong>Selecci\u00f3 candidats<\/strong><\/h6>\n<\/td>\n<\/tr>\n<tr style=\"height: 46px; border-style: solid; border-color: #0d0000; background-color: #bdb1b1;\">\n<td style=\"width: 5.66667%; height: 46px; background-color: #ede1e1;\"><strong>General<\/strong><\/td>\n<td style=\"width: 14%; height: 46px; background-color: #ede1e1;\"><strong>515<\/strong><\/td>\n<td style=\"width: 40.3333%; height: 46px; background-color: #ede1e1;\">Acord de col\u00b7laboraci\u00f3 amb el centre educatiu.<br \/>\n\u2022 Remuneraci\u00f3 no obligat\u00f2ria.<\/td>\n<td style=\"width: 20%; height: 46px; background-color: #ede1e1;\">El centre selecciona el\/la<br \/>\ncandidat\/a segons perfil<\/td>\n<\/tr>\n<tr style=\"border-style: solid; border-color: #0d0101; background-color: #eddfdf;\">\n<td style=\"width: 5.66667%; height: 171px; background-color: #ede1e1;\" rowspan=\"2\"><strong>Intensiva<\/strong><\/td>\n<td style=\"width: 14%; height: 171px; background-color: #ede1e1;\" rowspan=\"2\"><strong>900\u00a0<\/strong><\/td>\n<td style=\"width: 40.3333%; height: 97px; background-color: #ede1e1;\"><strong>Beca<sup>2 i 3<\/sup><\/strong><br \/>\n\u2022 Refer\u00e8ncia de retribuci\u00f3 m\u00ednima:<br \/>\nGrau mitj\u00e0: 50% de l&#8217;SMI.<br \/>\nGrau superior: 65% de l&#8217;SMI.<\/td>\n<td style=\"width: 20%; height: 171px; background-color: #ede1e1;\" rowspan=\"2\">L\u2019empresa tria entre les<br \/>\npersones candidates<br \/>\npreseleccionades pel<br \/>\ncentre educatiu<\/td>\n<\/tr>\n<tr style=\"border-style: solid; border-color: #0d0101; background-color: #eddfdf;\">\n<td style=\"width: 40.3333%; height: 74px; background-color: #ede1e1;\"><strong>Contracte de formaci\u00f3 en alternan\u00e7a (CFA)<sup>3<\/sup><\/strong><br \/>\n\u2022 La retribuci\u00f3 no podr\u00e0 ser mai inferior a l\u2019SMI vigent<br \/>\nen proporci\u00f3 al temps de treball efectiu (segons conveni d&#8217;aplicaci\u00f3)<\/td>\n<\/tr>\n<\/tbody>\n<\/table>\n<pre>1 En tots els casos s\u2019ha de donar a l\u2019aprenent\/a d\u2019alta a la Seguretat Social. En el r\u00e8gim intensiu sempre a c\u00e0rrec de l'empresa. En el cas de la beca l'empresa haur\u00e0 de disposar d\u2019un CCC espec\u00edfic amb Tipus de Relaci\u00f3 Laboral (TRL) amb codi 986 (pr\u00e0ctiques formatives remunerades).\n2 Modalitat activa fins a 12\/2028.\n3 Considerable reducci\u00f3 dels costos de la Seguretat Social, en aplicaci\u00f3 de les bases i tipus de cotitzaci\u00f3 vigents (Es cotitza per les quotes \u00faniques establertes per als contractes formatius en alternan\u00e7a (beca aplicaci\u00f3 d'una reducci\u00f3 del 95% - contracte entre el 75% i el 100% de reducci\u00f3 segons plantilla de treballadors)<\/pre>\n<p>INFORMACIONS B\u00c0SIQUES<\/p>\n<table style=\"border-collapse: collapse; width: 100%;\">\n<tbody>\n<tr>\n<td style=\"width: 100%;\"><strong>Obtenci\u00f3 del n\u00famero de la SS:<\/strong><\/td>\n<\/tr>\n<tr>\n<td style=\"width: 100%;\">\u00c9s necessari que l\u2019alumnat, faci les gestions necess\u00e0ries per a l\u2019obtenci\u00f3 o comprovaci\u00f3 del seu N\u00famero de la Seguretat Social, cal aportar al centre educatiu el document oficial. En cas de no fer-ho, l\u2019alumne no podr\u00e0 iniciar l&#8217;estada a l&#8217;empresa.Informaci\u00f3 d\u2019inter\u00e8s per obtenir el <a href=\"https:\/\/sede.seg-social.gob.es\/wps\/wcm\/connect\/sede\/3491178d-532a-433e-9d52-a8dc8db088fe\/Tr%C3%ADptico+Alumnos+Digital+-+Castellano.pdf?MOD=AJPERES\">N\u00famero Seguretat Social\u00a0\u00a0<\/a>El document acreditatiu del n\u00famero de la SS, pot ser l\u2019informe d\u2019acreditaci\u00f3 del N\u00famero de la SS, o b\u00e9, l\u2019Informe de la vida laboral, en cas que h\u00e0giu cotitzat a la SS anteriorment.<\/td>\n<\/tr>\n<\/tbody>\n<\/table>\n","protected":false},"excerpt":{"rendered":"<p>L&#8217;estada a l&#8217;empresa s\u00f3n pr\u00e0ctiques formatives que poden ser de dos tipus: Formaci\u00f3 en centres de treball (FCT) \/ Formaci\u00f3 a l&#8217;empresa en r\u00e8gim general, s\u00f3n pr\u00e0ctiques formatives no remunerades, en centres de treball, mitjan\u00e7ant un acord formatiu de col\u00b7laboraci\u00f3 que subscriuen el centre docent i l&#8217;empresa. FP en alternan\u00e7a dual \/ Formaci\u00f3 a l&#8217;empresa [&hellip;]<\/p>\n","protected":false},"author":1,"featured_media":0,"parent":1060,"menu_order":0,"comment_status":"closed","ping_status":"closed","template":"","meta":{"_bbp_topic_count":0,"_bbp_reply_count":0,"_bbp_total_topic_count":0,"_bbp_total_reply_count":0,"_bbp_voice_count":0,"_bbp_anonymous_reply_count":0,"_bbp_topic_count_hidden":0,"_bbp_reply_count_hidden":0,"_bbp_forum_subforum_count":0,"site-sidebar-layout":"default","site-content-layout":"","ast-site-content-layout":"default","site-content-style":"default","site-sidebar-style":"default","ast-global-header-display":"","ast-banner-title-visibility":"","ast-main-header-display":"","ast-hfb-above-header-display":"","ast-hfb-below-header-display":"","ast-hfb-mobile-header-display":"","site-post-title":"","ast-breadcrumbs-content":"","ast-featured-img":"","footer-sml-layout":"","theme-transparent-header-meta":"","adv-header-id-meta":"","stick-header-meta":"","header-above-stick-meta":"","header-main-stick-meta":"","header-below-stick-meta":"","astra-migrate-meta-layouts":"set","ast-page-background-enabled":"default","ast-page-background-meta":{"desktop":{"background-color":"var(--ast-global-color-4)","background-image":"","background-repeat":"repeat","background-position":"center center","background-size":"auto","background-attachment":"scroll","background-type":"","background-media":"","overlay-type":"","overlay-color":"","overlay-opacity":"","overlay-gradient":""},"tablet":{"background-color":"","background-image":"","background-repeat":"repeat","background-position":"center center","background-size":"auto","background-attachment":"scroll","background-type":"","background-media":"","overlay-type":"","overlay-color":"","overlay-opacity":"","overlay-gradient":""},"mobile":{"background-color":"","background-image":"","background-repeat":"repeat","background-position":"center center","background-size":"auto","background-attachment":"scroll","background-type":"","background-media":"","overlay-type":"","overlay-color":"","overlay-opacity":"","overlay-gradient":""}},"ast-content-background-meta":{"desktop":{"background-color":"var(--ast-global-color-5)","background-image":"","background-repeat":"repeat","background-position":"center center","background-size":"auto","background-attachment":"scroll","background-type":"","background-media":"","overlay-type":"","overlay-color":"","overlay-opacity":"","overlay-gradient":""},"tablet":{"background-color":"var(--ast-global-color-5)","background-image":"","background-repeat":"repeat","background-position":"center center","background-size":"auto","background-attachment":"scroll","background-type":"","background-media":"","overlay-type":"","overlay-color":"","overlay-opacity":"","overlay-gradient":""},"mobile":{"background-color":"var(--ast-global-color-5)","background-image":"","background-repeat":"repeat","background-position":"center center","background-size":"auto","background-attachment":"scroll","background-type":"","background-media":"","overlay-type":"","overlay-color":"","overlay-opacity":"","overlay-gradient":""}},"footnotes":""},"class_list":["post-8716","page","type-page","status-publish","hentry"],"post_mailing_queue_ids":[],"_links":{"self":[{"href":"https:\/\/agora.xtec.cat\/iessalvadorsegui\/wp-json\/wp\/v2\/pages\/8716","targetHints":{"allow":["GET"]}}],"collection":[{"href":"https:\/\/agora.xtec.cat\/iessalvadorsegui\/wp-json\/wp\/v2\/pages"}],"about":[{"href":"https:\/\/agora.xtec.cat\/iessalvadorsegui\/wp-json\/wp\/v2\/types\/page"}],"author":[{"embeddable":true,"href":"https:\/\/agora.xtec.cat\/iessalvadorsegui\/wp-json\/wp\/v2\/users\/1"}],"replies":[{"embeddable":true,"href":"https:\/\/agora.xtec.cat\/iessalvadorsegui\/wp-json\/wp\/v2\/comments?post=8716"}],"version-history":[{"count":6,"href":"https:\/\/agora.xtec.cat\/iessalvadorsegui\/wp-json\/wp\/v2\/pages\/8716\/revisions"}],"predecessor-version":[{"id":10901,"href":"https:\/\/agora.xtec.cat\/iessalvadorsegui\/wp-json\/wp\/v2\/pages\/8716\/revisions\/10901"}],"up":[{"embeddable":true,"href":"https:\/\/agora.xtec.cat\/iessalvadorsegui\/wp-json\/wp\/v2\/pages\/1060"}],"wp:attachment":[{"href":"https:\/\/agora.xtec.cat\/iessalvadorsegui\/wp-json\/wp\/v2\/media?parent=8716"}],"curies":[{"name":"wp","href":"https:\/\/api.w.org\/{rel}","templated":true}]}}