{"id":839,"date":"2020-02-19T08:47:40","date_gmt":"2020-02-19T07:47:40","guid":{"rendered":"https:\/\/agora.xtec.cat\/iessalvadorsegui\/?page_id=839"},"modified":"2026-03-16T10:13:36","modified_gmt":"2026-03-16T09:13:36","slug":"materials-i-llibres-de-text","status":"publish","type":"page","link":"https:\/\/agora.xtec.cat\/iessalvadorsegui\/estudis\/materials-i-llibres-de-text\/","title":{"rendered":"Materials i llibres de text"},"content":{"rendered":"<p><span style=\"color: #ff0000;\">IMPORTANT<\/span> L&#8217;alumnat del centre haur\u00e0 de disposar d&#8217;un ordinador personal per realitzar activitats a l&#8217;aula.<\/p>\n<p>A m\u00e9s, en els seg\u00fcents cicles formatius \u00e9s necess\u00e0ria l&#8217;adquisici\u00f3 de llibres de text i\/o material professional, en funci\u00f3 del curs.<\/p>\n<table style=\"height: 714px; width: 100%;\">\n<tbody>\n<tr style=\"height: 31px;\">\n<td style=\"vertical-align: middle; text-align: center; height: 31px; width: 43.5098%;\"><strong>CICLE<\/strong><\/td>\n<td style=\"vertical-align: middle; text-align: center; height: 31px; width: 33.3575%;\"><strong>PRIMER CURS<\/strong><\/td>\n<td style=\"vertical-align: middle; text-align: center; height: 31px; width: 22.4075%;\"><strong>SEGON CURS<\/strong><\/td>\n<\/tr>\n<tr style=\"height: 31px;\">\n<td style=\"vertical-align: middle; height: 31px; width: 43.5098%;\"><a href=\"https:\/\/agora.xtec.cat\/iessalvadorsegui\/estudis\/cfgm-atencio-a-persones-en-situacio-de-dependencia\/\">CFGM Atenci\u00f3 a persones en situaci\u00f3 de depend\u00e8ncia<\/a><\/td>\n<td style=\"vertical-align: middle; height: 31px; width: 33.3575%;\"><a href=\"https:\/\/docs.google.com\/document\/d\/1FWwxlLQGw4TSgsIPM4nhUX5rfXmrh7K7\/edit?usp=sharing&amp;ouid=115848651512728348174&amp;rtpof=true&amp;sd=true\" target=\"_blank\" rel=\"noopener noreferrer\">Llibres de text<\/a><\/td>\n<td style=\"vertical-align: middle; height: 31px; width: 22.4075%;\"><a href=\"https:\/\/docs.google.com\/document\/d\/1FbAtyZzeczHbi__8Da9YOZr9OAvRv5qM\/edit?usp=sharing&amp;ouid=115848651512728348174&amp;rtpof=true&amp;sd=true\" target=\"_blank\" rel=\"noopener noreferrer\">Llibres de text<\/a><\/td>\n<\/tr>\n<tr style=\"height: 31px;\">\n<td style=\"vertical-align: middle; height: 31px; width: 43.5098%;\"><a href=\"https:\/\/agora.xtec.cat\/iessalvadorsegui\/estudis\/cfgm-cures-auxiliars-dinfermeria\/\">CFGM Cures auxiliars d&#8217;infermeria<\/a><\/td>\n<td style=\"vertical-align: middle; height: 31px; width: 33.3575%;\"><a href=\"https:\/\/docs.google.com\/document\/d\/1FI3_k3ONcGIeSZ7OnVfFHHkYcUdfqw_T\/edit?usp=drive_link&amp;ouid=115848651512728348174&amp;rtpof=true&amp;sd=true\" target=\"_blank\" rel=\"noopener noreferrer\">Llibres de text<\/a><br \/><a style=\"font-size: revert; font-family: inherit; font-weight: inherit; background-color: rgba(0, 0, 0, 0);\" href=\"https:\/\/agora.xtec.cat\/iessalvadorsegui\/wp-content\/uploads\/usu2033\/2024\/09\/24-25-CFGM-Cures-auxiliars-dinfermeria-Material.pdf\" target=\"_blank\" rel=\"noopener\">Material<\/a><\/td>\n<td style=\"vertical-align: middle; height: 31px; width: 22.4075%;\">\u00a0<\/td>\n<\/tr>\n<tr style=\"height: 31px;\">\n<td style=\"vertical-align: middle; height: 31px; width: 43.5098%;\"><a href=\"https:\/\/agora.xtec.cat\/iessalvadorsegui\/estudis\/cfgm-estetica-i-bellesa\/\">CFGM Est\u00e8tica i bellesa<\/a><\/td>\n<td style=\"vertical-align: middle; height: 31px; width: 33.3575%;\">\n<p><a href=\"https:\/\/docs.google.com\/document\/d\/1EuTOPBGm4W2DPcLaA8nzKoEKLThH7Dm0\/edit?usp=sharing&amp;ouid=115848651512728348174&amp;rtpof=true&amp;sd=true\" target=\"_blank\" rel=\"noopener\">Llibres de text<\/a><br \/><a href=\"https:\/\/drive.google.com\/file\/d\/1bpj7uKz8GY62XVn4bV7bESBwgKnxPyxI\/view?usp=sharing\" target=\"_blank\" rel=\"noopener\">Material 1 de 2<\/a><\/p>\n<p><a href=\"https:\/\/drive.google.com\/file\/d\/1GwjUfee2_khwGfelw09omKqJd-UjLN0o\/view?usp=drive_link\" target=\"_blank\" rel=\"noopener\">Pagament material 1<\/a><\/p>\n<p><a href=\"https:\/\/drive.google.com\/file\/d\/1FghcAQN7fBk4ziqIFPcK4_xYkJcUBTBT\/view?usp=sharing\">Material 2 de 2<\/a><br \/><a href=\"https:\/\/agora.xtec.cat\/iessalvadorsegui\/wp-content\/uploads\/usu2033\/2025\/09\/Com-realitzar-compra-i-pagament-material-Bellavida-Helena-Jimenez-Cap-de-seminari.pdf\">Pagament material 2<\/a><\/p>\n<\/td>\n<td style=\"vertical-align: middle; height: 31px; width: 22.4075%;\"><a href=\"https:\/\/agora.xtec.cat\/iessalvadorsegui\/wp-content\/uploads\/usu2033\/2024\/09\/MP02-MAQUILLTGE-_PIZELLS-.docx\" target=\"_blank\" rel=\"noopener\">Material MP02<\/a><\/td>\n<\/tr>\n<tr style=\"height: 36px;\">\n<td style=\"vertical-align: middle; height: 36px; width: 43.5098%;\"><a href=\"https:\/\/agora.xtec.cat\/iessalvadorsegui\/estudis\/cfgm-perruqueria-i-cosmetica-capillar-2\/\">CFGM Perruqueria i cosm\u00e8tica capil\u00b7lar<\/a><\/td>\n<td style=\"vertical-align: middle; height: 36px; width: 33.3575%;\"><a href=\"https:\/\/docs.google.com\/document\/d\/1EvM13i9F39eyCjIkEG-WRy1hk5YJgr6o\/edit?usp=sharing&amp;ouid=115848651512728348174&amp;rtpof=true&amp;sd=true\">Llibre de text<\/a><a href=\"https:\/\/drive.google.com\/file\/d\/1AG7b0-z7IJ14n1XyQdg1vLxrQq-_9df8\/view?usp=sharing\">Material (dretans\/es)<\/a><br \/><a style=\"font-size: revert; font-family: inherit; font-weight: inherit; background-color: rgba(0, 0, 0, 0);\" href=\"https:\/\/drive.google.com\/file\/d\/1a1kwVrLwMK2MRf1cEdVS6MxM3vK2eF_1\/view?usp=sharing\">Material (esquerrans\/es)<\/a>\n<p><a href=\"https:\/\/docs.google.com\/document\/d\/1GcHK7e0WEHwxtffO7Qc9splrndgxPwhY\/edit?usp=sharing&amp;ouid=115848651512728348174&amp;rtpof=true&amp;sd=true\">Pagament<\/a><\/p>\n<\/td>\n<td style=\"vertical-align: middle; height: 36px; width: 22.4075%;\">\n<p><a href=\"https:\/\/agora.xtec.cat\/iessalvadorsegui\/wp-content\/uploads\/usu2033\/2025\/09\/ALBVENTA-GRAFICO-RETAIL-2N-PER.pdf\">Material<\/a><\/p>\n<p><a href=\"https:\/\/agora.xtec.cat\/iessalvadorsegui\/wp-content\/uploads\/usu2033\/2025\/09\/ALBVENTA-GRAFICO-RETAIL-2N-PER.pdf\">Pagament<\/a><\/p>\n<\/td>\n<\/tr>\n<tr style=\"height: 56px;\">\n<td style=\"vertical-align: middle; width: 43.5098%; height: 56px;\"><a href=\"https:\/\/agora.xtec.cat\/iessalvadorsegui\/estudis\/cfgs-educacio-infantil\/\">CFGS Educaci\u00f3 infantil<\/a><\/td>\n<td style=\"vertical-align: middle; width: 33.3575%; height: 56px;\"><a href=\"https:\/\/docs.google.com\/document\/d\/1Fb7CREm376T27GjkBzwWj1bZqrIfPRBA\/edit?usp=sharing&amp;ouid=115848651512728348174&amp;rtpof=true&amp;sd=true\" target=\"_blank\" rel=\"noopener noreferrer\">Llibres de text<\/a><\/td>\n<td style=\"vertical-align: middle; width: 22.4075%; height: 56px;\"><a href=\"https:\/\/docs.google.com\/document\/d\/1Cc9g0kCSkKpA0K4_Sf4SMHdzyVBYXPM6\/edit?usp=sharing&amp;ouid=115848651512728348174&amp;rtpof=true&amp;sd=true\" target=\"_blank\" rel=\"noopener noreferrer\">Llibres de text<\/a><\/td>\n<\/tr>\n<tr style=\"height: 31px;\">\n<td style=\"height: 31px; width: 43.5098%; vertical-align: middle;\"><a href=\"https:\/\/agora.xtec.cat\/iessalvadorsegui\/estudis\/cfgs-estetica-integral-i-benestar\/\">CFGS Est\u00e8tica integral i benestar<\/a><\/td>\n<td style=\"height: 31px; width: 33.3575%; vertical-align: middle;\">\n<p><a href=\"https:\/\/drive.google.com\/file\/d\/1VEI4f5SX1R1jtqt5r7jWFDiRYI10cMPA\/view?usp=sharing\" target=\"_blank\" rel=\"noopener\">Material 1 de 3<\/a><br \/><a href=\"https:\/\/drive.google.com\/file\/d\/1ibKc1C2M_NH54npoUuIkJl046u4UYTPj\/view?usp=sharing\">Material 2 de 3<\/a><br \/><a href=\"https:\/\/drive.google.com\/file\/d\/1cMu8sFDiJucsKvHJU7tn2h871Etx18rk\/view?usp=sharing\">Material 3 de 3<\/a><br \/><a href=\"https:\/\/drive.google.com\/file\/d\/1DpZZuOJhGSM3sx4lcmC9QsfPbcJJGtYi\/view?usp=sharing\" target=\"_blank\" rel=\"noopener\">Pagament material<\/a><\/p>\n<\/td>\n<td style=\"height: 31px; width: 22.4075%; vertical-align: middle;\">\u00a0<\/td>\n<\/tr>\n<tr style=\"height: 135px;\">\n<td style=\"vertical-align: middle; height: 135px; width: 43.5098%;\"><a href=\"https:\/\/agora.xtec.cat\/iessalvadorsegui\/estudis\/cfgs-estilisme-i-direccio-de-perruqueria\/\">CFGS Estilisme i direcci\u00f3 de perruqueria<\/a><\/td>\n<td style=\"vertical-align: middle; height: 135px; width: 33.3575%;\">\n<p><a href=\"https:\/\/docs.google.com\/document\/d\/1Eyu9U96AgSDr3m_l1pkrjQtQujWtzT2V\/edit?usp=sharing&amp;ouid=115848651512728348174&amp;rtpof=true&amp;sd=true\">Llibres de text<\/a><br \/><a href=\"https:\/\/drive.google.com\/file\/d\/1vC4opfyoOX_4YlMXoy6Hm70EQz6fhl98\/view?usp=sharing\">Material EID1<\/a><br \/><a href=\"https:\/\/docs.google.com\/document\/d\/1Sc0gwJZ5cVqlMEpGHjQD4zDAvQNZ7ePk\/edit?usp=sharing&amp;ouid=115848651512728348174&amp;rtpof=true&amp;sd=true\">Pagament EID1<\/a><\/p>\n<\/td>\n<td style=\"vertical-align: middle; height: 135px; width: 22.4075%;\">\n<p><a href=\"https:\/\/drive.google.com\/file\/d\/1Yn0HBoID7TQ56QqnAnvyuTr5C6PRdN_V\/view?usp=sharing\">Material EID2<\/a><\/p>\n<p><a href=\"https:\/\/docs.google.com\/document\/d\/1Sc0gwJZ5cVqlMEpGHjQD4zDAvQNZ7ePk\/edit?usp=sharing&amp;ouid=115848651512728348174&amp;rtpof=true&amp;sd=true\">Pagament EID2<\/a><\/p>\n<\/td>\n<\/tr>\n<tr style=\"height: 33px;\">\n<td style=\"vertical-align: middle; width: 43.5098%; height: 33px;\"><a href=\"https:\/\/agora.xtec.cat\/iessalvadorsegui\/estudis\/cfgs-higiene-bucodental\/\">CFGS Higiene bucodental<\/a><\/td>\n<td style=\"vertical-align: middle; width: 33.3575%; height: 33px;\">\n<p><a href=\"https:\/\/docs.google.com\/document\/d\/1wZihqWd5vRe5xhuoLPkA7rXA_n1rQaUT\/edit?usp=sharing&amp;ouid=115848651512728348174&amp;rtpof=true&amp;sd=true\" target=\"_blank\" rel=\"noopener\">Llibres de text<\/a><\/p>\n<p><a href=\"https:\/\/agora.xtec.cat\/iessalvadorsegui\/wp-content\/uploads\/usu2033\/2025\/07\/25-26-CFGS-HIGIENE-BUCODENTAL-MATERIAL-3.pdf\">Material<\/a><\/p>\n<\/td>\n<td style=\"vertical-align: middle; width: 22.4075%; height: 33px;\"><a href=\"https:\/\/agora.xtec.cat\/iessalvadorsegui\/wp-content\/uploads\/usu2033\/2025\/07\/25-26-CFGS-HIGIENE-BUCODENTAL-MATERIAL-3.pdf\">Material<\/a><\/td>\n<\/tr>\n<tr style=\"height: 46px;\">\n<td style=\"vertical-align: middle; width: 43.5098%; height: 46px;\"><a href=\"https:\/\/agora.xtec.cat\/iessalvadorsegui\/estudis\/cfgs-integracio-social\/\">CFGS Integraci\u00f3 social<\/a><\/td>\n<td style=\"vertical-align: middle; width: 33.3575%; height: 46px;\"><a href=\"https:\/\/docs.google.com\/document\/d\/1FYu-NN5YgfRlHfVuJxKsrlQWYLtNZAPI\/edit?usp=sharing&amp;ouid=115848651512728348174&amp;rtpof=true&amp;sd=true\" target=\"_blank\" rel=\"noopener\">Llibres de text<\/a><\/td>\n<td style=\"vertical-align: middle; width: 22.4075%; height: 46px;\">\u00a0<\/td>\n<\/tr>\n<tr style=\"height: 46px;\">\n<td style=\"width: 43.5098%; vertical-align: middle; height: 46px;\"><a href=\"https:\/\/agora.xtec.cat\/iessalvadorsegui\/estudis\/cfgs-optica-dullera\/\">CFGS \u00d2ptica d&#8217;ullera<\/a><\/td>\n<td style=\"width: 33.3575%; vertical-align: middle; height: 46px;\"><a href=\"https:\/\/agora.xtec.cat\/iessalvadorsegui\/wp-content\/uploads\/usu2033\/2026\/03\/OPT-26-27-Material-Alumne_WEB.pdf\">Materials<\/a><\/td>\n<td style=\"vertical-align: middle; width: 22.4075%; height: 46px;\">\u00a0<\/td>\n<\/tr>\n<tr style=\"height: 33px;\">\n<td style=\"vertical-align: middle; width: 43.5098%; height: 33px;\"><a href=\"https:\/\/agora.xtec.cat\/iessalvadorsegui\/estudis\/cfgs-protesis-dentals\/\">CFGS Pr\u00f2tesis dentals<\/a><\/td>\n<td style=\"vertical-align: middle; width: 33.3575%; height: 33px;\"><a href=\"https:\/\/docs.google.com\/document\/d\/14GgXDRdxkGYfVGmrCPHZi_UmOHzPgpVMNWgg9pnOdjk\/edit?usp=sharing\" target=\"_blank\" rel=\"noopener\">Materials<\/a><\/td>\n<td style=\"vertical-align: middle; width: 22.4075%; height: 33px;\"><a href=\"https:\/\/docs.google.com\/document\/d\/1j9SciK42tkAl7rXX1SFcED5IB_avpa6-VglpoDgOpHI\/edit?usp=sharing\" target=\"_blank\" rel=\"noopener\">Materials<\/a><\/td>\n<\/tr>\n<tr style=\"height: 174px;\">\n<td style=\"vertical-align: middle; width: 43.5098%; height: 174px;\"><a href=\"https:\/\/agora.xtec.cat\/iessalvadorsegui\/estudis\/cfgs-termalisme-i-benestar\/\" target=\"_blank\" rel=\"noopener\">CFGS Termalisme i benestar<\/a><\/td>\n<td style=\"vertical-align: middle; width: 33.3575%; height: 174px;\">\n<p><a href=\"https:\/\/drive.google.com\/file\/d\/1vACLFvVs8-2WuQM9FEviKPWSQbn6DcwG\/view?usp=sharing\" target=\"_blank\" rel=\"noopener\">Material 1 de 3<\/a><br \/><a href=\"https:\/\/drive.google.com\/file\/d\/1uANqnL_L0f5ZrUZ0ECOUn8HJrY5IizvD\/view?usp=sharing\">Material 2 de 3<\/a><br \/><a href=\"https:\/\/drive.google.com\/file\/d\/1wskGdLhJtzGdpN3MpRSx01xe0izwwTnc\/view?usp=sharing\">Material 3 de 3<\/a><br \/><a href=\"https:\/\/drive.google.com\/file\/d\/1G8Ok1HxbO6cr_zkexY-doCN7SWARvu80\/view?usp=sharing\" target=\"_blank\" rel=\"noopener\">Pagament material<\/a><\/p>\n<\/td>\n<td style=\"vertical-align: middle; width: 22.4075%; height: 174px;\">\u00a0<\/td>\n<\/tr>\n<\/tbody>\n<\/table>\n<p>A prop de l&#8217;Institut podeu adquirir els llibres a la <strong>llibreria Silmar<\/strong>, la qual s&#8217;ubica al <a href=\"https:\/\/goo.gl\/maps\/F4sdspHMhHvYjcAv7\" target=\"_blank\" rel=\"noopener noreferrer\">carrer Tor\u00e1 n\u00ba4 CP 08020 Barcelona<\/a> Tel. 93 313 85 95 <a href=\"mailto:silmarpapeleria@hotmail.com\">silmarpapeleria@hotmail.com<\/a><\/p>\n\n\n<p><\/p>\n","protected":false},"excerpt":{"rendered":"<p>IMPORTANT L&#8217;alumnat del centre haur\u00e0 de disposar d&#8217;un ordinador personal per realitzar activitats a l&#8217;aula. A m\u00e9s, en els seg\u00fcents cicles formatius \u00e9s necess\u00e0ria l&#8217;adquisici\u00f3 de llibres de text i\/o material professional, en funci\u00f3 del curs. CICLE PRIMER CURS SEGON CURS CFGM Atenci\u00f3 a persones en situaci\u00f3 de depend\u00e8ncia Llibres de text Llibres de text [&hellip;]<\/p>\n","protected":false},"author":1,"featured_media":0,"parent":1060,"menu_order":0,"comment_status":"closed","ping_status":"closed","template":"","meta":{"_bbp_topic_count":0,"_bbp_reply_count":0,"_bbp_total_topic_count":0,"_bbp_total_reply_count":0,"_bbp_voice_count":0,"_bbp_anonymous_reply_count":0,"_bbp_topic_count_hidden":0,"_bbp_reply_count_hidden":0,"_bbp_forum_subforum_count":0,"site-sidebar-layout":"default","site-content-layout":"","ast-site-content-layout":"default","site-content-style":"default","site-sidebar-style":"default","ast-global-header-display":"","ast-banner-title-visibility":"","ast-main-header-display":"","ast-hfb-above-header-display":"","ast-hfb-below-header-display":"","ast-hfb-mobile-header-display":"","site-post-title":"","ast-breadcrumbs-content":"","ast-featured-img":"","footer-sml-layout":"","theme-transparent-header-meta":"","adv-header-id-meta":"","stick-header-meta":"","header-above-stick-meta":"","header-main-stick-meta":"","header-below-stick-meta":"","astra-migrate-meta-layouts":"set","ast-page-background-enabled":"default","ast-page-background-meta":{"desktop":{"background-color":"var(--ast-global-color-4)","background-image":"","background-repeat":"repeat","background-position":"center center","background-size":"auto","background-attachment":"scroll","background-type":"","background-media":"","overlay-type":"","overlay-color":"","overlay-opacity":"","overlay-gradient":""},"tablet":{"background-color":"","background-image":"","background-repeat":"repeat","background-position":"center center","background-size":"auto","background-attachment":"scroll","background-type":"","background-media":"","overlay-type":"","overlay-color":"","overlay-opacity":"","overlay-gradient":""},"mobile":{"background-color":"","background-image":"","background-repeat":"repeat","background-position":"center center","background-size":"auto","background-attachment":"scroll","background-type":"","background-media":"","overlay-type":"","overlay-color":"","overlay-opacity":"","overlay-gradient":""}},"ast-content-background-meta":{"desktop":{"background-color":"var(--ast-global-color-5)","background-image":"","background-repeat":"repeat","background-position":"center center","background-size":"auto","background-attachment":"scroll","background-type":"","background-media":"","overlay-type":"","overlay-color":"","overlay-opacity":"","overlay-gradient":""},"tablet":{"background-color":"var(--ast-global-color-5)","background-image":"","background-repeat":"repeat","background-position":"center center","background-size":"auto","background-attachment":"scroll","background-type":"","background-media":"","overlay-type":"","overlay-color":"","overlay-opacity":"","overlay-gradient":""},"mobile":{"background-color":"var(--ast-global-color-5)","background-image":"","background-repeat":"repeat","background-position":"center center","background-size":"auto","background-attachment":"scroll","background-type":"","background-media":"","overlay-type":"","overlay-color":"","overlay-opacity":"","overlay-gradient":""}},"footnotes":""},"class_list":["post-839","page","type-page","status-publish","hentry"],"post_mailing_queue_ids":[],"_links":{"self":[{"href":"https:\/\/agora.xtec.cat\/iessalvadorsegui\/wp-json\/wp\/v2\/pages\/839","targetHints":{"allow":["GET"]}}],"collection":[{"href":"https:\/\/agora.xtec.cat\/iessalvadorsegui\/wp-json\/wp\/v2\/pages"}],"about":[{"href":"https:\/\/agora.xtec.cat\/iessalvadorsegui\/wp-json\/wp\/v2\/types\/page"}],"author":[{"embeddable":true,"href":"https:\/\/agora.xtec.cat\/iessalvadorsegui\/wp-json\/wp\/v2\/users\/1"}],"replies":[{"embeddable":true,"href":"https:\/\/agora.xtec.cat\/iessalvadorsegui\/wp-json\/wp\/v2\/comments?post=839"}],"version-history":[{"count":6,"href":"https:\/\/agora.xtec.cat\/iessalvadorsegui\/wp-json\/wp\/v2\/pages\/839\/revisions"}],"predecessor-version":[{"id":10994,"href":"https:\/\/agora.xtec.cat\/iessalvadorsegui\/wp-json\/wp\/v2\/pages\/839\/revisions\/10994"}],"up":[{"embeddable":true,"href":"https:\/\/agora.xtec.cat\/iessalvadorsegui\/wp-json\/wp\/v2\/pages\/1060"}],"wp:attachment":[{"href":"https:\/\/agora.xtec.cat\/iessalvadorsegui\/wp-json\/wp\/v2\/media?parent=839"}],"curies":[{"name":"wp","href":"https:\/\/api.w.org\/{rel}","templated":true}]}}