{"id":799,"date":"2020-02-19T08:35:50","date_gmt":"2020-02-19T07:35:50","guid":{"rendered":"https:\/\/agora.xtec.cat\/iessalvadorsegui\/?page_id=799"},"modified":"2026-02-14T22:51:23","modified_gmt":"2026-02-14T21:51:23","slug":"cfgm-perruqueria-i-cosmetica-capillar-2","status":"publish","type":"page","link":"https:\/\/agora.xtec.cat\/iessalvadorsegui\/estudis\/cfgm-perruqueria-i-cosmetica-capillar-2\/","title":{"rendered":"CFGM Perruqueria i cosm\u00e8tica capil\u00b7lar"},"content":{"rendered":"\n<p>El Cicle Formatiu de Grau Mitj\u00e0 en <strong>Perruqueria i Cosm\u00e8tica Capil\u00b7lar<\/strong> prepara professionals qualificats en la cura, transformaci\u00f3 i assessorament de la imatge personal, amb una formaci\u00f3 t\u00e8cnica actualitzada i adaptada a les tend\u00e8ncies del sector.<\/p>\n\n\n\n<p>Durant el cicle, l\u2019alumnat adquireix compet\u00e8ncies en tall, coloraci\u00f3, canvis de forma, tractaments capil\u00b7lars, estilisme mascul\u00ed i assessorament personalitzat, aix\u00ed com coneixements en cosmetologia, higiene, atenci\u00f3 al client i gesti\u00f3 b\u00e0sica del sal\u00f3. La formaci\u00f3 combina continguts te\u00f2rics amb una forta orientaci\u00f3 pr\u00e0ctica en tallers equipats amb material professional.<\/p>\n\n\n\n<p>El programa inclou formaci\u00f3 en centres de treball (FCT), que permet aplicar els coneixements en entorns reals i facilitar la inserci\u00f3 laboral. En finalitzar els estudis, l\u2019alumnat pot treballar en salons de perruqueria, centres d\u2019imatge personal, establiments especialitzats o iniciar el seu propi projecte professional.<\/p>\n\n\n\n<p>Aquest cicle est\u00e0 dirigit a persones creatives, din\u00e0miques i amb inter\u00e8s pel sector de la imatge personal, que vulguin desenvolupar una professi\u00f3 amb alta demanda i projecci\u00f3 de futur.<\/p>\n\n\n\n<figure class=\"wp-block-table\"><table class=\"has-fixed-layout\"><tbody><tr><td>Flyer (clicar a la imatge per visualitzar-ho)<\/td><td>Resum del CFGM Perruqueria i cosm\u00e8tica capil\u00b7lar<\/td><\/tr><tr><td><figure><a href=\"https:\/\/agora.xtec.cat\/iessalvadorsegui\/wp-content\/uploads\/usu2033\/2025\/04\/Flyer-GFGM-Perruqueria-cosmetica-capilar.pdf\"><img loading=\"lazy\" decoding=\"async\" class=\"aligncenter wp-image-9286 size-medium\" src=\"https:\/\/agora.xtec.cat\/iessalvadorsegui\/wp-content\/uploads\/usu2033\/2025\/04\/IconaPDF-PER-211x300.jpg\" alt=\"\" width=\"211\" height=\"300\" srcset=\"https:\/\/agora.xtec.cat\/iessalvadorsegui\/wp-content\/uploads\/usu2033\/2025\/04\/IconaPDF-PER-211x300.jpg 211w, https:\/\/agora.xtec.cat\/iessalvadorsegui\/wp-content\/uploads\/usu2033\/2025\/04\/IconaPDF-PER-722x1024.jpg 722w, https:\/\/agora.xtec.cat\/iessalvadorsegui\/wp-content\/uploads\/usu2033\/2025\/04\/IconaPDF-PER.jpg 745w\" sizes=\"auto, (max-width: 211px) 100vw, 211px\" \/><\/a><\/figure><\/td><td><br><iframe loading=\"lazy\" title=\"YouTube video player\" src=\"\/\/www.youtube.com\/embed\/Ki0t1G9xmdE?si=kwELUTooYlJJfRYT\" width=\"560\" height=\"315\" frameborder=\"0\" allowfullscreen=\"allowfullscreen\"><\/iframe><\/td><\/tr><\/tbody><\/table><\/figure>\n\n\n\n<p>&nbsp;<\/p>\n","protected":false},"excerpt":{"rendered":"<p>El Cicle Formatiu de Grau Mitj\u00e0 en Perruqueria i Cosm\u00e8tica Capil\u00b7lar prepara professionals qualificats en la cura, transformaci\u00f3 i assessorament de la imatge personal, amb una formaci\u00f3 t\u00e8cnica actualitzada i adaptada a les tend\u00e8ncies del sector. Durant el cicle, l\u2019alumnat adquireix compet\u00e8ncies en tall, coloraci\u00f3, canvis de forma, tractaments capil\u00b7lars, estilisme mascul\u00ed i assessorament personalitzat, [&hellip;]<\/p>\n","protected":false},"author":1,"featured_media":0,"parent":1060,"menu_order":0,"comment_status":"closed","ping_status":"closed","template":"","meta":{"_bbp_topic_count":0,"_bbp_reply_count":0,"_bbp_total_topic_count":0,"_bbp_total_reply_count":0,"_bbp_voice_count":0,"_bbp_anonymous_reply_count":0,"_bbp_topic_count_hidden":0,"_bbp_reply_count_hidden":0,"_bbp_forum_subforum_count":0,"site-sidebar-layout":"default","site-content-layout":"","ast-site-content-layout":"default","site-content-style":"default","site-sidebar-style":"default","ast-global-header-display":"","ast-banner-title-visibility":"","ast-main-header-display":"","ast-hfb-above-header-display":"","ast-hfb-below-header-display":"","ast-hfb-mobile-header-display":"","site-post-title":"","ast-breadcrumbs-content":"","ast-featured-img":"","footer-sml-layout":"","theme-transparent-header-meta":"","adv-header-id-meta":"","stick-header-meta":"","header-above-stick-meta":"","header-main-stick-meta":"","header-below-stick-meta":"","astra-migrate-meta-layouts":"set","ast-page-background-enabled":"default","ast-page-background-meta":{"desktop":{"background-color":"var(--ast-global-color-4)","background-image":"","background-repeat":"repeat","background-position":"center center","background-size":"auto","background-attachment":"scroll","background-type":"","background-media":"","overlay-type":"","overlay-color":"","overlay-opacity":"","overlay-gradient":""},"tablet":{"background-color":"","background-image":"","background-repeat":"repeat","background-position":"center center","background-size":"auto","background-attachment":"scroll","background-type":"","background-media":"","overlay-type":"","overlay-color":"","overlay-opacity":"","overlay-gradient":""},"mobile":{"background-color":"","background-image":"","background-repeat":"repeat","background-position":"center center","background-size":"auto","background-attachment":"scroll","background-type":"","background-media":"","overlay-type":"","overlay-color":"","overlay-opacity":"","overlay-gradient":""}},"ast-content-background-meta":{"desktop":{"background-color":"var(--ast-global-color-5)","background-image":"","background-repeat":"repeat","background-position":"center center","background-size":"auto","background-attachment":"scroll","background-type":"","background-media":"","overlay-type":"","overlay-color":"","overlay-opacity":"","overlay-gradient":""},"tablet":{"background-color":"var(--ast-global-color-5)","background-image":"","background-repeat":"repeat","background-position":"center center","background-size":"auto","background-attachment":"scroll","background-type":"","background-media":"","overlay-type":"","overlay-color":"","overlay-opacity":"","overlay-gradient":""},"mobile":{"background-color":"var(--ast-global-color-5)","background-image":"","background-repeat":"repeat","background-position":"center center","background-size":"auto","background-attachment":"scroll","background-type":"","background-media":"","overlay-type":"","overlay-color":"","overlay-opacity":"","overlay-gradient":""}},"footnotes":""},"class_list":["post-799","page","type-page","status-publish","hentry"],"post_mailing_queue_ids":[],"_links":{"self":[{"href":"https:\/\/agora.xtec.cat\/iessalvadorsegui\/wp-json\/wp\/v2\/pages\/799","targetHints":{"allow":["GET"]}}],"collection":[{"href":"https:\/\/agora.xtec.cat\/iessalvadorsegui\/wp-json\/wp\/v2\/pages"}],"about":[{"href":"https:\/\/agora.xtec.cat\/iessalvadorsegui\/wp-json\/wp\/v2\/types\/page"}],"author":[{"embeddable":true,"href":"https:\/\/agora.xtec.cat\/iessalvadorsegui\/wp-json\/wp\/v2\/users\/1"}],"replies":[{"embeddable":true,"href":"https:\/\/agora.xtec.cat\/iessalvadorsegui\/wp-json\/wp\/v2\/comments?post=799"}],"version-history":[{"count":6,"href":"https:\/\/agora.xtec.cat\/iessalvadorsegui\/wp-json\/wp\/v2\/pages\/799\/revisions"}],"predecessor-version":[{"id":10658,"href":"https:\/\/agora.xtec.cat\/iessalvadorsegui\/wp-json\/wp\/v2\/pages\/799\/revisions\/10658"}],"up":[{"embeddable":true,"href":"https:\/\/agora.xtec.cat\/iessalvadorsegui\/wp-json\/wp\/v2\/pages\/1060"}],"wp:attachment":[{"href":"https:\/\/agora.xtec.cat\/iessalvadorsegui\/wp-json\/wp\/v2\/media?parent=799"}],"curies":[{"name":"wp","href":"https:\/\/api.w.org\/{rel}","templated":true}]}}