{"id":5744,"date":"2022-03-25T09:18:56","date_gmt":"2022-03-25T08:18:56","guid":{"rendered":"https:\/\/agora.xtec.cat\/iessalvadorsegui\/?page_id=5744"},"modified":"2026-03-03T11:17:29","modified_gmt":"2026-03-03T10:17:29","slug":"cfgs-termalisme-i-benestar","status":"publish","type":"page","link":"https:\/\/agora.xtec.cat\/iessalvadorsegui\/estudis\/cfgs-termalisme-i-benestar\/","title":{"rendered":"CFGS Termalisme i benestar"},"content":{"rendered":"\n<p>El <strong>Cicle Formatiu de Grau Superior en Termalisme i Benestar<\/strong> \u00e9s una titulaci\u00f3 oficial de la fam\u00edlia professional d\u2019<em>Imatge Personal<\/em> que prepara professionals amb compet\u00e8ncies per gestionar i executar serveis integrals relacionats amb el <strong>benestar, el termalisme i les t\u00e8cniques hidrotermals<\/strong>. Aquest cicle combina coneixements t\u00e8cnics, protocols de salut i criteris de qualitat per desenvolupar i aplicar programes de benestar adaptats a diferents perfils d\u2019usuari.<\/p>\n\n\n\n<p>La formaci\u00f3 s\u2019estructura al voltant de continguts te\u00f2rics i pr\u00e0ctics, on es treballen, entre altres, t\u00e8cniques d\u2019est\u00e8tica hidrotermal, hidrocinesia, massatge est\u00e8tic, valoraci\u00f3 de la condici\u00f3 f\u00edsica i dinamitzaci\u00f3 d\u2019activitats orientades a la promoci\u00f3 de la salut i el benestar. El programa est\u00e0 dissenyat per proporcionar una <strong>base s\u00f2lida i aplicable al sector del wellness<\/strong> i la salut preventiva.<\/p>\n\n\n\n<p>Aquest cicle superior s\u2019imparteix al llarg de dos cursos acad\u00e8mics i inclou la <strong>modalitat de formaci\u00f3 dual i <a href=\"https:\/\/agora.xtec.cat\/iessalvadorsegui\/estudis\/cfgs-termalisme-i-benestar\/fp-dual-al-cfgs-termalisme-i-benestar\/\">dual intensiva<\/a><\/strong>, que permet a l\u2019alumnat combinar l\u2019aprenentatge al centre educatiu amb l\u2019experi\u00e8ncia professional en empreses del sector (balnearis, centres de benestar, spas i serveis de wellness). Aquest model refor\u00e7a l\u2019adquisici\u00f3 de compet\u00e8ncies reals i facilita la transici\u00f3 al m\u00f3n laboral.<\/p>\n\n\n\n<p>Els estudis de <strong>Termalisme i Benestar<\/strong> estan dirigits a persones interessades en el benestar integral, la salut i l\u2019aplicaci\u00f3 de t\u00e8cniques especialitzades que promouen la qualitat de vida a trav\u00e9s de serveis personalitzats en entorns de salut i relaxaci\u00f3<\/p>\n\n\n<table style=\"width: 100%; border-collapse: collapse; border-style: none;\">\n<tbody>\n<tr>\n<td style=\"width: 33%; border-style: none; text-align: center;\">Flyer (clicar a la imatge per visualitzar-ho)<\/td>\n<td style=\"width: 33%; border-style: none; text-align: center;\">Resum del CFGS Termalisme i benestar<\/td>\n<\/tr>\n<tr>\n<td style=\"width: 33%; border-style: none; text-align: center;\"><a href=\"https:\/\/agora.xtec.cat\/iessalvadorsegui\/wp-content\/uploads\/usu2033\/2024\/04\/Flyer-GFGS-Termalisme-i-benestar.pdf\"><img loading=\"lazy\" decoding=\"async\" class=\"aligncenter wp-image-8182 size-medium\" src=\"https:\/\/agora.xtec.cat\/iessalvadorsegui\/wp-content\/uploads\/usu2033\/2024\/04\/IconaPDF-TER-210x300.png\" alt=\"\" width=\"210\" height=\"300\" srcset=\"https:\/\/agora.xtec.cat\/iessalvadorsegui\/wp-content\/uploads\/usu2033\/2024\/04\/IconaPDF-TER-210x300.png 210w, https:\/\/agora.xtec.cat\/iessalvadorsegui\/wp-content\/uploads\/usu2033\/2024\/04\/IconaPDF-TER.png 551w\" sizes=\"auto, (max-width: 210px) 100vw, 210px\" \/><\/a><\/td>\n<td style=\"width: 33%; border-style: none; text-align: center;\"><iframe loading=\"lazy\" title=\"YouTube video player\" src=\"\/\/www.youtube.com\/embed\/p_wlbamyPBA?si=LVhCPlmeq0PeH6Yp\" width=\"560\" height=\"315\" frameborder=\"0\" allowfullscreen=\"allowfullscreen\"><\/iframe><\/td>\n<\/tr>\n<\/tbody>\n<\/table>","protected":false},"excerpt":{"rendered":"<p>El Cicle Formatiu de Grau Superior en Termalisme i Benestar \u00e9s una titulaci\u00f3 oficial de la fam\u00edlia professional d\u2019Imatge Personal que prepara professionals amb compet\u00e8ncies per gestionar i executar serveis integrals relacionats amb el benestar, el termalisme i les t\u00e8cniques hidrotermals. Aquest cicle combina coneixements t\u00e8cnics, protocols de salut i criteris de qualitat per desenvolupar [&hellip;]<\/p>\n","protected":false},"author":1,"featured_media":0,"parent":1060,"menu_order":0,"comment_status":"closed","ping_status":"closed","template":"","meta":{"_bbp_topic_count":0,"_bbp_reply_count":0,"_bbp_total_topic_count":0,"_bbp_total_reply_count":0,"_bbp_voice_count":0,"_bbp_anonymous_reply_count":0,"_bbp_topic_count_hidden":0,"_bbp_reply_count_hidden":0,"_bbp_forum_subforum_count":0,"site-sidebar-layout":"default","site-content-layout":"","ast-site-content-layout":"default","site-content-style":"default","site-sidebar-style":"default","ast-global-header-display":"","ast-banner-title-visibility":"","ast-main-header-display":"","ast-hfb-above-header-display":"","ast-hfb-below-header-display":"","ast-hfb-mobile-header-display":"","site-post-title":"","ast-breadcrumbs-content":"","ast-featured-img":"","footer-sml-layout":"","theme-transparent-header-meta":"","adv-header-id-meta":"","stick-header-meta":"","header-above-stick-meta":"","header-main-stick-meta":"","header-below-stick-meta":"","astra-migrate-meta-layouts":"set","ast-page-background-enabled":"default","ast-page-background-meta":{"desktop":{"background-color":"var(--ast-global-color-4)","background-image":"","background-repeat":"repeat","background-position":"center center","background-size":"auto","background-attachment":"scroll","background-type":"","background-media":"","overlay-type":"","overlay-color":"","overlay-opacity":"","overlay-gradient":""},"tablet":{"background-color":"","background-image":"","background-repeat":"repeat","background-position":"center center","background-size":"auto","background-attachment":"scroll","background-type":"","background-media":"","overlay-type":"","overlay-color":"","overlay-opacity":"","overlay-gradient":""},"mobile":{"background-color":"","background-image":"","background-repeat":"repeat","background-position":"center center","background-size":"auto","background-attachment":"scroll","background-type":"","background-media":"","overlay-type":"","overlay-color":"","overlay-opacity":"","overlay-gradient":""}},"ast-content-background-meta":{"desktop":{"background-color":"var(--ast-global-color-5)","background-image":"","background-repeat":"repeat","background-position":"center center","background-size":"auto","background-attachment":"scroll","background-type":"","background-media":"","overlay-type":"","overlay-color":"","overlay-opacity":"","overlay-gradient":""},"tablet":{"background-color":"var(--ast-global-color-5)","background-image":"","background-repeat":"repeat","background-position":"center center","background-size":"auto","background-attachment":"scroll","background-type":"","background-media":"","overlay-type":"","overlay-color":"","overlay-opacity":"","overlay-gradient":""},"mobile":{"background-color":"var(--ast-global-color-5)","background-image":"","background-repeat":"repeat","background-position":"center center","background-size":"auto","background-attachment":"scroll","background-type":"","background-media":"","overlay-type":"","overlay-color":"","overlay-opacity":"","overlay-gradient":""}},"footnotes":""},"class_list":["post-5744","page","type-page","status-publish","hentry"],"post_mailing_queue_ids":[],"_links":{"self":[{"href":"https:\/\/agora.xtec.cat\/iessalvadorsegui\/wp-json\/wp\/v2\/pages\/5744","targetHints":{"allow":["GET"]}}],"collection":[{"href":"https:\/\/agora.xtec.cat\/iessalvadorsegui\/wp-json\/wp\/v2\/pages"}],"about":[{"href":"https:\/\/agora.xtec.cat\/iessalvadorsegui\/wp-json\/wp\/v2\/types\/page"}],"author":[{"embeddable":true,"href":"https:\/\/agora.xtec.cat\/iessalvadorsegui\/wp-json\/wp\/v2\/users\/1"}],"replies":[{"embeddable":true,"href":"https:\/\/agora.xtec.cat\/iessalvadorsegui\/wp-json\/wp\/v2\/comments?post=5744"}],"version-history":[{"count":6,"href":"https:\/\/agora.xtec.cat\/iessalvadorsegui\/wp-json\/wp\/v2\/pages\/5744\/revisions"}],"predecessor-version":[{"id":10907,"href":"https:\/\/agora.xtec.cat\/iessalvadorsegui\/wp-json\/wp\/v2\/pages\/5744\/revisions\/10907"}],"up":[{"embeddable":true,"href":"https:\/\/agora.xtec.cat\/iessalvadorsegui\/wp-json\/wp\/v2\/pages\/1060"}],"wp:attachment":[{"href":"https:\/\/agora.xtec.cat\/iessalvadorsegui\/wp-json\/wp\/v2\/media?parent=5744"}],"curies":[{"name":"wp","href":"https:\/\/api.w.org\/{rel}","templated":true}]}}