{"id":4077,"date":"2021-03-18T12:16:01","date_gmt":"2021-03-18T11:16:01","guid":{"rendered":"https:\/\/agora.xtec.cat\/iessalvadorsegui\/?page_id=4077"},"modified":"2021-04-22T12:27:41","modified_gmt":"2021-04-22T10:27:41","slug":"idalu-numero-didentificacio-de-lalumne-2","status":"publish","type":"page","link":"https:\/\/agora.xtec.cat\/iessalvadorsegui\/secretaria\/tramits\/idalu-numero-didentificacio-de-lalumne-2\/","title":{"rendered":"IDALU: N\u00famero d&#8217;identificaci\u00f3 de l&#8217;alumne"},"content":{"rendered":"<p><strong><span style=\"color: #800000;\">AQUEST TR\u00c0MIT NOM\u00c9S EL PODEU SOL\u00b7LICITAR SI HEU ESTAT O SOU ALUMNAT DEL NOSTRE CENTRE.<\/span><\/strong><\/p>\n<p><strong>L&#8217;IDALU, \u00e9s el n\u00famero identificador de l&#8217;alumne si has estat escolaritzat a CATALUNYA a partir del curs 2015-16.<\/strong><\/p>\n<p>Per saber quin \u00e9s el teu IDALU pots omplir aquest <a href=\"https:\/\/docs.google.com\/forms\/d\/1YeOOqCBfe8DA_JG3NznbQZtMdxnjeQORZRrFFYdhK3k\/edit\"><strong>FORMULARI<\/strong><\/a> i te&#8217;l farem arribar per correu.<\/p>\n<p>Si tens alguna dificultat amb el f\u00f3rmulari pots contactar amb secretaria@salvadorsegui.net<\/p>\n<p>&nbsp;<\/p>\n<p><strong>Si no esteu matriculats al nostre centre, ni sou alumnat antic, podeu consultar-lo al Departament d&#8217;Educaci\u00f3:<\/strong><\/p>\n<p><a href=\"http:\/\/educacio.gencat.cat\/ca\/tramits\/tramits-temes\/identificador-alumne\">http:\/\/educacio.gencat.cat\/ca\/tramits\/tramits-temes\/identificador-alumne<\/a><\/p>\n<p>&nbsp;<\/p>\n<p>&nbsp;<\/p>\n<p>&nbsp;<\/p>\n","protected":false},"excerpt":{"rendered":"<p>AQUEST TR\u00c0MIT NOM\u00c9S EL PODEU SOL\u00b7LICITAR SI HEU ESTAT O SOU ALUMNAT DEL NOSTRE CENTRE. L&#8217;IDALU, \u00e9s el n\u00famero identificador de l&#8217;alumne si has estat escolaritzat a CATALUNYA a partir del curs 2015-16. Per saber quin \u00e9s el teu IDALU pots omplir aquest FORMULARI i te&#8217;l farem arribar per correu. Si tens alguna dificultat amb [&hellip;]<\/p>\n","protected":false},"author":12,"featured_media":0,"parent":1069,"menu_order":0,"comment_status":"closed","ping_status":"closed","template":"page-templates\/side-menu.php","meta":{"_bbp_topic_count":0,"_bbp_reply_count":0,"_bbp_total_topic_count":0,"_bbp_total_reply_count":0,"_bbp_voice_count":0,"_bbp_anonymous_reply_count":0,"_bbp_topic_count_hidden":0,"_bbp_reply_count_hidden":0,"_bbp_forum_subforum_count":0,"site-sidebar-layout":"default","site-content-layout":"","ast-site-content-layout":"","site-content-style":"default","site-sidebar-style":"default","ast-global-header-display":"","ast-banner-title-visibility":"","ast-main-header-display":"","ast-hfb-above-header-display":"","ast-hfb-below-header-display":"","ast-hfb-mobile-header-display":"","site-post-title":"","ast-breadcrumbs-content":"","ast-featured-img":"","footer-sml-layout":"","theme-transparent-header-meta":"","adv-header-id-meta":"","stick-header-meta":"","header-above-stick-meta":"","header-main-stick-meta":"","header-below-stick-meta":"","astra-migrate-meta-layouts":"default","ast-page-background-enabled":"default","ast-page-background-meta":{"desktop":{"background-color":"var(--ast-global-color-4)","background-image":"","background-repeat":"repeat","background-position":"center center","background-size":"auto","background-attachment":"scroll","background-type":"","background-media":"","overlay-type":"","overlay-color":"","overlay-opacity":"","overlay-gradient":""},"tablet":{"background-color":"","background-image":"","background-repeat":"repeat","background-position":"center center","background-size":"auto","background-attachment":"scroll","background-type":"","background-media":"","overlay-type":"","overlay-color":"","overlay-opacity":"","overlay-gradient":""},"mobile":{"background-color":"","background-image":"","background-repeat":"repeat","background-position":"center center","background-size":"auto","background-attachment":"scroll","background-type":"","background-media":"","overlay-type":"","overlay-color":"","overlay-opacity":"","overlay-gradient":""}},"ast-content-background-meta":{"desktop":{"background-color":"var(--ast-global-color-5)","background-image":"","background-repeat":"repeat","background-position":"center center","background-size":"auto","background-attachment":"scroll","background-type":"","background-media":"","overlay-type":"","overlay-color":"","overlay-opacity":"","overlay-gradient":""},"tablet":{"background-color":"var(--ast-global-color-5)","background-image":"","background-repeat":"repeat","background-position":"center center","background-size":"auto","background-attachment":"scroll","background-type":"","background-media":"","overlay-type":"","overlay-color":"","overlay-opacity":"","overlay-gradient":""},"mobile":{"background-color":"var(--ast-global-color-5)","background-image":"","background-repeat":"repeat","background-position":"center center","background-size":"auto","background-attachment":"scroll","background-type":"","background-media":"","overlay-type":"","overlay-color":"","overlay-opacity":"","overlay-gradient":""}},"footnotes":""},"class_list":["post-4077","page","type-page","status-publish","hentry"],"post_mailing_queue_ids":[],"_links":{"self":[{"href":"https:\/\/agora.xtec.cat\/iessalvadorsegui\/wp-json\/wp\/v2\/pages\/4077","targetHints":{"allow":["GET"]}}],"collection":[{"href":"https:\/\/agora.xtec.cat\/iessalvadorsegui\/wp-json\/wp\/v2\/pages"}],"about":[{"href":"https:\/\/agora.xtec.cat\/iessalvadorsegui\/wp-json\/wp\/v2\/types\/page"}],"author":[{"embeddable":true,"href":"https:\/\/agora.xtec.cat\/iessalvadorsegui\/wp-json\/wp\/v2\/users\/12"}],"replies":[{"embeddable":true,"href":"https:\/\/agora.xtec.cat\/iessalvadorsegui\/wp-json\/wp\/v2\/comments?post=4077"}],"version-history":[{"count":4,"href":"https:\/\/agora.xtec.cat\/iessalvadorsegui\/wp-json\/wp\/v2\/pages\/4077\/revisions"}],"predecessor-version":[{"id":4292,"href":"https:\/\/agora.xtec.cat\/iessalvadorsegui\/wp-json\/wp\/v2\/pages\/4077\/revisions\/4292"}],"up":[{"embeddable":true,"href":"https:\/\/agora.xtec.cat\/iessalvadorsegui\/wp-json\/wp\/v2\/pages\/1069"}],"wp:attachment":[{"href":"https:\/\/agora.xtec.cat\/iessalvadorsegui\/wp-json\/wp\/v2\/media?parent=4077"}],"curies":[{"name":"wp","href":"https:\/\/api.w.org\/{rel}","templated":true}]}}