{"id":3406,"date":"2020-09-07T12:38:26","date_gmt":"2020-09-07T10:38:26","guid":{"rendered":"https:\/\/agora.xtec.cat\/iessalvadorsegui\/?page_id=3406"},"modified":"2025-09-30T12:32:15","modified_gmt":"2025-09-30T10:32:15","slug":"sollicitud-de-devolucio-de-matricula-i-o-altres-suposits","status":"publish","type":"page","link":"https:\/\/agora.xtec.cat\/iessalvadorsegui\/secretaria\/tramits\/sollicitud-de-devolucio-de-matricula-i-o-altres-suposits\/","title":{"rendered":"Sol\u00b7licitud de devoluci\u00f3 de matr\u00edcula i\/o altres sup\u00f2sits"},"content":{"rendered":"<p>En cas que necessiteu sol\u00b7licitar la devoluci\u00f3 de l&#8217;import de la matr\u00edcula o altres sup\u00f2sits, he d&#8217;emplenar la seg\u00fcent <a href=\"https:\/\/agora.xtec.cat\/iessalvadorsegui\/wp-content\/uploads\/usu2033\/2024\/09\/Sollicitud-de-devolucio-de-matricula-io-altres-suposits.pdf\">sol\u00b7licitud<\/a> i enviar-la a\u00a0<a href=\"mailto:secretaria@salvadorsegui.net\" target=\"_blank\" rel=\"noopener noreferrer\">secretaria@salvadorsegui.net<\/a>. Juntament amb la sol\u00b7licitud heu d&#8217;explicar el motiu i si cal adjuntar documentaci\u00f3 justificativa.<\/p>\n<p>En l&#8217;assumpte del correu electr\u00f2nic poseu: <strong><span style=\"color: #ff0000;\">Sol\u00b7licitud de devoluci\u00f3<\/span><\/strong> de matr\u00edcula i\/o altres sup\u00f2sits<\/p>\n","protected":false},"excerpt":{"rendered":"<p>En cas que necessiteu sol\u00b7licitar la devoluci\u00f3 de l&#8217;import de la matr\u00edcula o altres sup\u00f2sits, he d&#8217;emplenar la seg\u00fcent sol\u00b7licitud i enviar-la a\u00a0secretaria@salvadorsegui.net. Juntament amb la sol\u00b7licitud heu d&#8217;explicar el motiu i si cal adjuntar documentaci\u00f3 justificativa. En l&#8217;assumpte del correu electr\u00f2nic poseu: Sol\u00b7licitud de devoluci\u00f3 de matr\u00edcula i\/o altres sup\u00f2sits<\/p>\n","protected":false},"author":14,"featured_media":0,"parent":1069,"menu_order":9,"comment_status":"closed","ping_status":"closed","template":"","meta":{"_bbp_topic_count":0,"_bbp_reply_count":0,"_bbp_total_topic_count":0,"_bbp_total_reply_count":0,"_bbp_voice_count":0,"_bbp_anonymous_reply_count":0,"_bbp_topic_count_hidden":0,"_bbp_reply_count_hidden":0,"_bbp_forum_subforum_count":0,"site-sidebar-layout":"default","site-content-layout":"","ast-site-content-layout":"default","site-content-style":"default","site-sidebar-style":"default","ast-global-header-display":"","ast-banner-title-visibility":"","ast-main-header-display":"","ast-hfb-above-header-display":"","ast-hfb-below-header-display":"","ast-hfb-mobile-header-display":"","site-post-title":"","ast-breadcrumbs-content":"","ast-featured-img":"","footer-sml-layout":"","theme-transparent-header-meta":"","adv-header-id-meta":"","stick-header-meta":"","header-above-stick-meta":"","header-main-stick-meta":"","header-below-stick-meta":"","astra-migrate-meta-layouts":"set","ast-page-background-enabled":"default","ast-page-background-meta":{"desktop":{"background-color":"var(--ast-global-color-4)","background-image":"","background-repeat":"repeat","background-position":"center center","background-size":"auto","background-attachment":"scroll","background-type":"","background-media":"","overlay-type":"","overlay-color":"","overlay-opacity":"","overlay-gradient":""},"tablet":{"background-color":"","background-image":"","background-repeat":"repeat","background-position":"center center","background-size":"auto","background-attachment":"scroll","background-type":"","background-media":"","overlay-type":"","overlay-color":"","overlay-opacity":"","overlay-gradient":""},"mobile":{"background-color":"","background-image":"","background-repeat":"repeat","background-position":"center center","background-size":"auto","background-attachment":"scroll","background-type":"","background-media":"","overlay-type":"","overlay-color":"","overlay-opacity":"","overlay-gradient":""}},"ast-content-background-meta":{"desktop":{"background-color":"var(--ast-global-color-5)","background-image":"","background-repeat":"repeat","background-position":"center center","background-size":"auto","background-attachment":"scroll","background-type":"","background-media":"","overlay-type":"","overlay-color":"","overlay-opacity":"","overlay-gradient":""},"tablet":{"background-color":"var(--ast-global-color-5)","background-image":"","background-repeat":"repeat","background-position":"center center","background-size":"auto","background-attachment":"scroll","background-type":"","background-media":"","overlay-type":"","overlay-color":"","overlay-opacity":"","overlay-gradient":""},"mobile":{"background-color":"var(--ast-global-color-5)","background-image":"","background-repeat":"repeat","background-position":"center center","background-size":"auto","background-attachment":"scroll","background-type":"","background-media":"","overlay-type":"","overlay-color":"","overlay-opacity":"","overlay-gradient":""}},"footnotes":""},"class_list":["post-3406","page","type-page","status-publish","hentry"],"post_mailing_queue_ids":[],"_links":{"self":[{"href":"https:\/\/agora.xtec.cat\/iessalvadorsegui\/wp-json\/wp\/v2\/pages\/3406","targetHints":{"allow":["GET"]}}],"collection":[{"href":"https:\/\/agora.xtec.cat\/iessalvadorsegui\/wp-json\/wp\/v2\/pages"}],"about":[{"href":"https:\/\/agora.xtec.cat\/iessalvadorsegui\/wp-json\/wp\/v2\/types\/page"}],"author":[{"embeddable":true,"href":"https:\/\/agora.xtec.cat\/iessalvadorsegui\/wp-json\/wp\/v2\/users\/14"}],"replies":[{"embeddable":true,"href":"https:\/\/agora.xtec.cat\/iessalvadorsegui\/wp-json\/wp\/v2\/comments?post=3406"}],"version-history":[{"count":5,"href":"https:\/\/agora.xtec.cat\/iessalvadorsegui\/wp-json\/wp\/v2\/pages\/3406\/revisions"}],"predecessor-version":[{"id":10002,"href":"https:\/\/agora.xtec.cat\/iessalvadorsegui\/wp-json\/wp\/v2\/pages\/3406\/revisions\/10002"}],"up":[{"embeddable":true,"href":"https:\/\/agora.xtec.cat\/iessalvadorsegui\/wp-json\/wp\/v2\/pages\/1069"}],"wp:attachment":[{"href":"https:\/\/agora.xtec.cat\/iessalvadorsegui\/wp-json\/wp\/v2\/media?parent=3406"}],"curies":[{"name":"wp","href":"https:\/\/api.w.org\/{rel}","templated":true}]}}