{"id":21,"date":"2014-09-17T16:14:14","date_gmt":"2014-09-17T14:14:14","guid":{"rendered":"http:\/\/agora.xtec.cat\/iessalvadorsegui\/?page_id=21"},"modified":"2025-03-26T12:05:12","modified_gmt":"2025-03-26T11:05:12","slug":"on-som","status":"publish","type":"page","link":"https:\/\/agora.xtec.cat\/iessalvadorsegui\/institut\/on-som\/","title":{"rendered":"On som?"},"content":{"rendered":"<p style=\"text-align: justify;\">L&#8217;Institut consta de <strong>dues seus ubicades a 130 metres de dist\u00e0ncia l&#8217;una de l&#8217;altra<\/strong>; uns 2 minuts a peu. A continuaci\u00f3 us mostrem l&#8217;<strong>ubicaci\u00f3 exacta<\/strong> de cada seu. Si feu <strong>clic als mapes<\/strong>, podreu <strong>calcular la ruta m\u00e9s adequada<\/strong> per a les vostres necessitats.<\/p>\n<div class=\"row\" style=\"margin-bottom: 1em !important;\">\n<div class=\"small-12 large-6 text-center columns\"><strong><span style=\"color: #808080;\">Seu Santander<\/span><\/strong><br \/>\n<span style=\"color: #333333;\">Carrer Santander 7-9<\/span><br \/>\n<span style=\"color: #333333;\">08020 Barcelona<\/span><br \/>\nTel\u00e8fon: <strong>93 314 20 41<\/strong><\/div>\n<div class=\"small-12 large-6 text-center columns\"><span style=\"color: #808080;\"><strong>Seu Pont del Treball Digne<\/strong><\/span><br \/>\nCarrer Pont del Treball Digne 15<br \/>\n08020 Barcelona<br \/>\nTel\u00e8fon: <strong>93 314 20 41<\/strong><\/div>\n<\/div>\n<div class=\"row\" style=\"margin-bottom: 1em !important;\">\n<div class=\"small-12 large-6 text-center columns\"><iframe loading=\"lazy\" src=\"https:\/\/www.google.com\/maps\/embed?pb=!1m14!1m8!1m3!1d2991.6576607573115!2d2.1951987!3d41.4249495!3m2!1i1024!2i768!4f13.1!3m3!1m2!1s0x12a4bccc54f78bff%3A0x5f870348a4d1ab14!2sInstitut%20Salvador%20Segu%C3%AD!5e0!3m2!1sca!2ses!4v1572625018418!5m2!1sca!2ses\" width=\"500\" height=\"375\" frameborder=\"0\" data-mce-fragment=\"1\"><\/iframe><\/div>\n<div class=\"small-12 large-6 text-center columns\"><iframe loading=\"lazy\" src=\"https:\/\/www.google.com\/maps\/embed?pb=!1m14!1m8!1m3!1d5983.482519250034!2d2.196765!3d41.423135!3m2!1i1024!2i768!4f13.1!3m3!1m2!1s0x12a4bccd191d6efd%3A0x68d2084521fb2965!2sInstitut%20Salvador%20Segu%C3%AD!5e0!3m2!1sca!2ses!4v1585045445341!5m2!1sca!2ses\" width=\"500\" height=\"375\" frameborder=\"0\" aria-hidden=\"false\" data-mce-fragment=\"1\"><\/iframe><\/div>\n<\/div>\n<p style=\"text-align: justify;\">A la seu del <strong>carrer Santander<\/strong> est\u00e0 ubicada la <strong>direcci\u00f3, la secretaria, l&#8217;administraci\u00f3 econ\u00f2mica, la coordinaci\u00f3 d&#8217;FCT<\/strong> i els cicles formatius de les fam\u00edlies professionals de <strong>Fabricaci\u00f3 mec\u00e0nica<\/strong>, d&#8217;<strong>Imatge personal<\/strong> i de <strong>Sanitat<\/strong>.<\/p>\n<p style=\"text-align: justify;\">A la seu del carrer <strong>Pont del Treball Digne<\/strong> est\u00e0 ubicada\u00a0la fam\u00edlia professional de <strong>Serveis socioculturals i a la comunitat<\/strong>.<\/p>\n<p style=\"text-align: justify;\"><strong style=\"font-family: inherit; font-size: 1em; text-align: justify;\">Com arribar-hi:<\/strong><\/p>\n<ul style=\"text-align: justify;\">\n<li>Tren: <a href=\"https:\/\/goo.gl\/maps\/Sur4zeq6AAfSSGCR8\">Estaci\u00f3 La Sagrera-Meridiana<\/a><\/li>\n<li>Autocar:\u00a0<a href=\"https:\/\/goo.gl\/maps\/Jt6tMj2R7g7Xfp4F9\">201 202 203 220 302 303 320 501 N70 N71 N72 N73 e7 e9 e10 e21<\/a><\/li>\n<li>Metro:\u00a0<a href=\"https:\/\/www.google.com\/maps\/place\/La+Sagrera\/@41.4223015,2.1888912,16.04z\/data=!4m13!1m7!3m6!1s0x12a4bcd342858fdb:0x5115c178d917f3b5!2sLa+Sagrera,+Barcelona!3b1!8m2!3d41.42461!4d2.1852454!3m4!1s0x12a4a32ad4dee65b:0x42a40c4728f04117!8m2!3d41.4213871!4d2.1869418\">La Sagrera <\/a>&#8211; <a href=\"https:\/\/goo.gl\/maps\/sVsLnQZApMStPDdN8\">Sant Mart\u00ed<\/a><\/li>\n<li>Bus:\u00a0<a href=\"https:\/\/goo.gl\/maps\/jNGTf2cabXiFkV8q9\">B24 i V31 <\/a>&#8211; <a href=\"https:\/\/goo.gl\/maps\/oLahabgAY5cEzxcU8\">V29<\/a> &#8211; <a href=\"https:\/\/goo.gl\/maps\/Dh3tYZNRU5F65mwBA\">62, H8 i N3<\/a><\/li>\n<\/ul>\n<p><strong>Per tr\u00e0mits de secretaria<\/strong>: <strong><a href=\"mailto:secretaria@salvadorsegui.net\">secretaria@salvadorsegui.net<\/a><\/strong><\/p>\n<p><strong>Email institut:\u00a0<a href=\"mailto:a80440453@xtec.cat\" target=\"_blank\" rel=\"noopener\">a80440453@xtec.cat<\/a><\/strong><\/p>\n","protected":false},"excerpt":{"rendered":"<p>L&#8217;Institut consta de dues seus ubicades a 130 metres de dist\u00e0ncia l&#8217;una de l&#8217;altra; uns 2 minuts a peu. A continuaci\u00f3 us mostrem l&#8217;ubicaci\u00f3 exacta de cada seu. Si feu clic als mapes, podreu calcular la ruta m\u00e9s adequada per a les vostres necessitats. Seu Santander Carrer Santander 7-9 08020 Barcelona Tel\u00e8fon: 93 314 20 [&hellip;]<\/p>\n","protected":false},"author":1,"featured_media":0,"parent":19,"menu_order":8,"comment_status":"closed","ping_status":"closed","template":"page-templates\/side-menu.php","meta":{"_bbp_topic_count":0,"_bbp_reply_count":0,"_bbp_total_topic_count":0,"_bbp_total_reply_count":0,"_bbp_voice_count":0,"_bbp_anonymous_reply_count":0,"_bbp_topic_count_hidden":0,"_bbp_reply_count_hidden":0,"_bbp_forum_subforum_count":0,"site-sidebar-layout":"default","site-content-layout":"","ast-site-content-layout":"","site-content-style":"default","site-sidebar-style":"default","ast-global-header-display":"","ast-banner-title-visibility":"","ast-main-header-display":"","ast-hfb-above-header-display":"","ast-hfb-below-header-display":"","ast-hfb-mobile-header-display":"","site-post-title":"","ast-breadcrumbs-content":"","ast-featured-img":"","footer-sml-layout":"","theme-transparent-header-meta":"","adv-header-id-meta":"","stick-header-meta":"","header-above-stick-meta":"","header-main-stick-meta":"","header-below-stick-meta":"","astra-migrate-meta-layouts":"default","ast-page-background-enabled":"default","ast-page-background-meta":{"desktop":{"background-color":"var(--ast-global-color-4)","background-image":"","background-repeat":"repeat","background-position":"center center","background-size":"auto","background-attachment":"scroll","background-type":"","background-media":"","overlay-type":"","overlay-color":"","overlay-opacity":"","overlay-gradient":""},"tablet":{"background-color":"","background-image":"","background-repeat":"repeat","background-position":"center center","background-size":"auto","background-attachment":"scroll","background-type":"","background-media":"","overlay-type":"","overlay-color":"","overlay-opacity":"","overlay-gradient":""},"mobile":{"background-color":"","background-image":"","background-repeat":"repeat","background-position":"center center","background-size":"auto","background-attachment":"scroll","background-type":"","background-media":"","overlay-type":"","overlay-color":"","overlay-opacity":"","overlay-gradient":""}},"ast-content-background-meta":{"desktop":{"background-color":"var(--ast-global-color-5)","background-image":"","background-repeat":"repeat","background-position":"center center","background-size":"auto","background-attachment":"scroll","background-type":"","background-media":"","overlay-type":"","overlay-color":"","overlay-opacity":"","overlay-gradient":""},"tablet":{"background-color":"var(--ast-global-color-5)","background-image":"","background-repeat":"repeat","background-position":"center center","background-size":"auto","background-attachment":"scroll","background-type":"","background-media":"","overlay-type":"","overlay-color":"","overlay-opacity":"","overlay-gradient":""},"mobile":{"background-color":"var(--ast-global-color-5)","background-image":"","background-repeat":"repeat","background-position":"center center","background-size":"auto","background-attachment":"scroll","background-type":"","background-media":"","overlay-type":"","overlay-color":"","overlay-opacity":"","overlay-gradient":""}},"footnotes":""},"class_list":["post-21","page","type-page","status-publish","hentry"],"post_mailing_queue_ids":[],"_links":{"self":[{"href":"https:\/\/agora.xtec.cat\/iessalvadorsegui\/wp-json\/wp\/v2\/pages\/21","targetHints":{"allow":["GET"]}}],"collection":[{"href":"https:\/\/agora.xtec.cat\/iessalvadorsegui\/wp-json\/wp\/v2\/pages"}],"about":[{"href":"https:\/\/agora.xtec.cat\/iessalvadorsegui\/wp-json\/wp\/v2\/types\/page"}],"author":[{"embeddable":true,"href":"https:\/\/agora.xtec.cat\/iessalvadorsegui\/wp-json\/wp\/v2\/users\/1"}],"replies":[{"embeddable":true,"href":"https:\/\/agora.xtec.cat\/iessalvadorsegui\/wp-json\/wp\/v2\/comments?post=21"}],"version-history":[{"count":6,"href":"https:\/\/agora.xtec.cat\/iessalvadorsegui\/wp-json\/wp\/v2\/pages\/21\/revisions"}],"predecessor-version":[{"id":9262,"href":"https:\/\/agora.xtec.cat\/iessalvadorsegui\/wp-json\/wp\/v2\/pages\/21\/revisions\/9262"}],"up":[{"embeddable":true,"href":"https:\/\/agora.xtec.cat\/iessalvadorsegui\/wp-json\/wp\/v2\/pages\/19"}],"wp:attachment":[{"href":"https:\/\/agora.xtec.cat\/iessalvadorsegui\/wp-json\/wp\/v2\/media?parent=21"}],"curies":[{"name":"wp","href":"https:\/\/api.w.org\/{rel}","templated":true}]}}