{"id":19,"date":"2014-09-17T14:56:56","date_gmt":"2014-09-17T14:56:56","guid":{"rendered":"http:\/\/agora.xtec.cat\/iessalvadorsegui\/?page_id=19"},"modified":"2025-02-10T21:57:26","modified_gmt":"2025-02-10T20:57:26","slug":"institut","status":"publish","type":"page","link":"https:\/\/agora.xtec.cat\/iessalvadorsegui\/institut\/","title":{"rendered":"Institut"},"content":{"rendered":"<p style=\"color: #444444; text-align: justify;\"><img loading=\"lazy\" decoding=\"async\" class=\"alignleft wp-image-1829 size-medium\" src=\"https:\/\/agora.xtec.cat\/iessalvadorsegui\/wp-content\/uploads\/usu2033\/2020\/04\/Logo-Salvador-Segui-300x212.png\" alt=\"\" width=\"300\" height=\"212\" srcset=\"https:\/\/agora.xtec.cat\/iessalvadorsegui\/wp-content\/uploads\/usu2033\/2020\/04\/Logo-Salvador-Segui-300x212.png 300w, https:\/\/agora.xtec.cat\/iessalvadorsegui\/wp-content\/uploads\/usu2033\/2020\/04\/Logo-Salvador-Segui-768x543.png 768w, https:\/\/agora.xtec.cat\/iessalvadorsegui\/wp-content\/uploads\/usu2033\/2020\/04\/Logo-Salvador-Segui-1024x724.png 1024w\" sizes=\"auto, (max-width: 300px) 100vw, 300px\" \/><\/p>\n<p>L\u2019Institut de Salut i Atenci\u00f3 a les persones Salvador Segu\u00ed \u00e9s un centre educatiu p\u00fablic que imparteix cicles formatius de la fam\u00edlia de <a href=\"https:\/\/agora.xtec.cat\/iessalvadorsegui\/categoria\/fabricaciomecanica\/\" target=\"_blank\" rel=\"noopener\" data-saferedirecturl=\"https:\/\/www.google.com\/url?q=https:\/\/agora.xtec.cat\/iessalvadorsegui\/categoria\/fabricaciomecanica\/&amp;source=gmail&amp;ust=1707549328262000&amp;usg=AOvVaw3pXL8Ii7SdoxQrmu45fN4H\">Fabricaci\u00f3 mec\u00e0nica<\/a>,\u00a0<a href=\"https:\/\/agora.xtec.cat\/iessalvadorsegui\/categoria\/imatgepersonal\/\" target=\"_blank\" rel=\"noopener\" data-saferedirecturl=\"https:\/\/www.google.com\/url?q=https:\/\/agora.xtec.cat\/iessalvadorsegui\/categoria\/imatgepersonal\/&amp;source=gmail&amp;ust=1707549328262000&amp;usg=AOvVaw1QyCMsCQWXIjTOZHY7gNjr\">Imatge personal<\/a>,\u00a0<a href=\"https:\/\/agora.xtec.cat\/iessalvadorsegui\/categoria\/sanitat\/\" target=\"_blank\" rel=\"noopener\" data-saferedirecturl=\"https:\/\/www.google.com\/url?q=https:\/\/agora.xtec.cat\/iessalvadorsegui\/categoria\/sanitat\/&amp;source=gmail&amp;ust=1707549328262000&amp;usg=AOvVaw3WKwzRnuMMYf8o2daJHaHA\">Sanitat<\/a>\u00a0i\u00a0<a href=\"https:\/\/agora.xtec.cat\/iessalvadorsegui\/categoria\/serveissocioculturalsialacomunitat\/\" target=\"_blank\" rel=\"noopener\" data-saferedirecturl=\"https:\/\/www.google.com\/url?q=https:\/\/agora.xtec.cat\/iessalvadorsegui\/categoria\/serveissocioculturalsialacomunitat\/&amp;source=gmail&amp;ust=1707549328262000&amp;usg=AOvVaw0fr42hjirKnOhzLz2OVRmx\">Serveis Socioculturals i a la Comunitat<\/a>.<\/p>\n<p>De la fam\u00edlia de\u00a0<a href=\"https:\/\/agora.xtec.cat\/iessalvadorsegui\/categoria\/fabricaciomecanica\/\" target=\"_blank\" rel=\"noopener\" data-saferedirecturl=\"https:\/\/www.google.com\/url?q=https:\/\/agora.xtec.cat\/iessalvadorsegui\/categoria\/fabricaciomecanica\/&amp;source=gmail&amp;ust=1707549328262000&amp;usg=AOvVaw3pXL8Ii7SdoxQrmu45fN4H\">Fabricaci\u00f3 mec\u00e0nica<\/a>\u00a0s&#8217;imparteix el cicle de\u00a0<a href=\"https:\/\/agora.xtec.cat\/iessalvadorsegui\/estudis\/cfgs-optica-dullera\/\" target=\"_blank\" rel=\"noopener\" data-saferedirecturl=\"https:\/\/www.google.com\/url?q=https:\/\/agora.xtec.cat\/iessalvadorsegui\/estudis\/cfgs-optica-dullera\/&amp;source=gmail&amp;ust=1707549328262000&amp;usg=AOvVaw0xUjKpF3UJlEXEnhvw9wBC\">GM \u00d2ptica d&#8217;ullera<\/a>.<\/p>\n<p>De la fam\u00edlia d\u2019<a href=\"https:\/\/agora.xtec.cat\/iessalvadorsegui\/categoria\/imatgepersonal\/\" target=\"_blank\" rel=\"noopener\" data-saferedirecturl=\"https:\/\/www.google.com\/url?q=https:\/\/agora.xtec.cat\/iessalvadorsegui\/categoria\/imatgepersonal\/&amp;source=gmail&amp;ust=1707549328262000&amp;usg=AOvVaw1QyCMsCQWXIjTOZHY7gNjr\">Imatge<\/a><a href=\"https:\/\/agora.xtec.cat\/iessalvadorsegui\/categoria\/imatgepersonal\/\" target=\"_blank\" rel=\"noopener\" data-saferedirecturl=\"https:\/\/www.google.com\/url?q=https:\/\/agora.xtec.cat\/iessalvadorsegui\/categoria\/imatgepersonal\/&amp;source=gmail&amp;ust=1707549328262000&amp;usg=AOvVaw1QyCMsCQWXIjTOZHY7gNjr\">\u00a0Personal<\/a>, els cicles de GM d&#8217;<a href=\"https:\/\/agora.xtec.cat\/iessalvadorsegui\/estudis\/cfgm-estetica-i-bellesa\/\" target=\"_blank\" rel=\"noopener\" data-saferedirecturl=\"https:\/\/www.google.com\/url?q=https:\/\/agora.xtec.cat\/iessalvadorsegui\/estudis\/cfgm-estetica-i-bellesa\/&amp;source=gmail&amp;ust=1707549328262000&amp;usg=AOvVaw1mghvH3LF8oWuK9UORE92C\">Est\u00e8tica i Bellesa<\/a>\u00a0i el de\u00a0<a href=\"https:\/\/agora.xtec.cat\/iessalvadorsegui\/estudis\/cfgm-perruqueria-i-cosmetica-capillar-2\/\" target=\"_blank\" rel=\"noopener\" data-saferedirecturl=\"https:\/\/www.google.com\/url?q=https:\/\/agora.xtec.cat\/iessalvadorsegui\/estudis\/cfgm-perruqueria-i-cosmetica-capillar-2\/&amp;source=gmail&amp;ust=1707549328262000&amp;usg=AOvVaw26V-GChL8Y9suhnbXYUuim\">Perruqueria i cosm\u00e8tica capil\u00b7lar<\/a>, de GS els d\u2019<a href=\"https:\/\/agora.xtec.cat\/iessalvadorsegui\/estudis\/cfgs-assessoria-dimatge-personal-i-corporativa\/\" target=\"_blank\" rel=\"noopener\" data-saferedirecturl=\"https:\/\/www.google.com\/url?q=https:\/\/agora.xtec.cat\/iessalvadorsegui\/estudis\/cfgs-assessoria-dimatge-personal-i-corporativa\/&amp;source=gmail&amp;ust=1707549328262000&amp;usg=AOvVaw3zmS11zmhznw8pksiap7hj\">Assessoria d\u2019Imatge Personal<\/a>,\u00a0<a href=\"https:\/\/agora.xtec.cat\/iessalvadorsegui\/estudis\/cfgs-caracteritzacio-i-maquillatge-professional\/\" target=\"_blank\" rel=\"noopener\" data-saferedirecturl=\"https:\/\/www.google.com\/url?q=https:\/\/agora.xtec.cat\/iessalvadorsegui\/estudis\/cfgs-caracteritzacio-i-maquillatge-professional\/&amp;source=gmail&amp;ust=1707549328262000&amp;usg=AOvVaw3ha4l5JAD97TYzr8i3-Y-J\">Caracteritzaci\u00f3 i maquillatge professional<\/a>, d\u2019<a href=\"https:\/\/agora.xtec.cat\/iessalvadorsegui\/estudis\/cfgs-estetica-integral-i-benestar\/\" target=\"_blank\" rel=\"noopener\" data-saferedirecturl=\"https:\/\/www.google.com\/url?q=https:\/\/agora.xtec.cat\/iessalvadorsegui\/estudis\/cfgs-estetica-integral-i-benestar\/&amp;source=gmail&amp;ust=1707549328262000&amp;usg=AOvVaw1PsNJAUoM1oOkAlO12o8SG\">Est\u00e8tica integral i benestar<\/a>, d&#8217;<a href=\"https:\/\/agora.xtec.cat\/iessalvadorsegui\/estudis\/cfgs-estilisme-i-direccio-de-perruqueria\/\" target=\"_blank\" rel=\"noopener\" data-saferedirecturl=\"https:\/\/www.google.com\/url?q=https:\/\/agora.xtec.cat\/iessalvadorsegui\/estudis\/cfgs-estilisme-i-direccio-de-perruqueria\/&amp;source=gmail&amp;ust=1707549328262000&amp;usg=AOvVaw1WwapAlcs-GkeG6ccDwael\">Estilisme i direcci\u00f3 de perruqueria<\/a>\u00a0i de\u00a0<a href=\"https:\/\/agora.xtec.cat\/iessalvadorsegui\/estudis\/cfgs-termalisme-i-benestar\/\" target=\"_blank\" rel=\"noopener\" data-saferedirecturl=\"https:\/\/www.google.com\/url?q=https:\/\/agora.xtec.cat\/iessalvadorsegui\/estudis\/cfgs-termalisme-i-benestar\/&amp;source=gmail&amp;ust=1707549328262000&amp;usg=AOvVaw2jNou__etd6KH43VNhm5sE\">Termalisme i benestar<\/a>. Tamb\u00e9 s\u2019imparteix el\u00a0<a href=\"https:\/\/agora.xtec.cat\/iessalvadorsegui\/estudis\/pfi-auxiliar-en-imatge-personal\/\" target=\"_blank\" rel=\"noopener\" data-saferedirecturl=\"https:\/\/www.google.com\/url?q=https:\/\/agora.xtec.cat\/iessalvadorsegui\/estudis\/pfi-auxiliar-en-imatge-personal\/&amp;source=gmail&amp;ust=1707549328262000&amp;usg=AOvVaw2HSWJpLAiMQd0WGjq7Zl2j\">PFI Auxiliar d&#8217;imatge personal: perruqueria i est\u00e8tica<\/a>.<\/p>\n<p>De la fam\u00edlia de\u00a0<a href=\"https:\/\/agora.xtec.cat\/iessalvadorsegui\/categoria\/sanitat\/\" target=\"_blank\" rel=\"noopener\" data-saferedirecturl=\"https:\/\/www.google.com\/url?q=https:\/\/agora.xtec.cat\/iessalvadorsegui\/categoria\/sanitat\/&amp;source=gmail&amp;ust=1707549328262000&amp;usg=AOvVaw3WKwzRnuMMYf8o2daJHaHA\">Sanitat<\/a>, es cursen els cicles de GM de\u00a0<a href=\"https:\/\/agora.xtec.cat\/iessalvadorsegui\/estudis\/cfgm-cures-auxiliars-dinfermeria\/\" target=\"_blank\" rel=\"noopener\" data-saferedirecturl=\"https:\/\/www.google.com\/url?q=https:\/\/agora.xtec.cat\/iessalvadorsegui\/estudis\/cfgm-cures-auxiliars-dinfermeria\/&amp;source=gmail&amp;ust=1707549328262000&amp;usg=AOvVaw2MEwwMhSFb9r3ysz_mmuu6\">Cures d\u2019Auxiliar d\u2019infermeria<\/a>\u00a0i els de GS d&#8217;<a href=\"https:\/\/agora.xtec.cat\/iessalvadorsegui\/estudis\/cfgs-audiologia-protetica\/\" target=\"_blank\" rel=\"noopener\" data-saferedirecturl=\"https:\/\/www.google.com\/url?q=https:\/\/agora.xtec.cat\/iessalvadorsegui\/estudis\/cfgs-audiologia-protetica\/&amp;source=gmail&amp;ust=1707549328262000&amp;usg=AOvVaw2QShMpMy-wGTFPXEupS56x\">Audiologia prot\u00e8tica<\/a>, d\u2019<a href=\"https:\/\/agora.xtec.cat\/iessalvadorsegui\/estudis\/cfgs-higiene-bucodental\/\" target=\"_blank\" rel=\"noopener\" data-saferedirecturl=\"https:\/\/www.google.com\/url?q=https:\/\/agora.xtec.cat\/iessalvadorsegui\/estudis\/cfgs-higiene-bucodental\/&amp;source=gmail&amp;ust=1707549328262000&amp;usg=AOvVaw2AO1zbP_2VS9M0TWoT7hEk\">Higiene bucodental<\/a>,\u00a0d&#8217;<a href=\"https:\/\/agora.xtec.cat\/iessalvadorsegui\/estudis\/cfgs-ortoprotesi-i-productes-de-suport\/\">Ortopr\u00f2tesi\u00a0i productes de suport<\/a>\u00a0i\u00a0<a href=\"https:\/\/agora.xtec.cat\/iessalvadorsegui\/estudis\/cfgs-protesis-dentals\/\" target=\"_blank\" rel=\"noopener\" data-saferedirecturl=\"https:\/\/www.google.com\/url?q=https:\/\/agora.xtec.cat\/iessalvadorsegui\/estudis\/cfgs-protesis-dentals\/&amp;source=gmail&amp;ust=1707549328262000&amp;usg=AOvVaw2kpVF1qldH4aSCk1nZ7wyi\">Pr\u00f2tesi dental<\/a>.<\/p>\n<p>De la fam\u00edlia de\u00a0<a href=\"https:\/\/agora.xtec.cat\/iessalvadorsegui\/categoria\/serveissocioculturalsialacomunitat\/\" target=\"_blank\" rel=\"noopener\" data-saferedirecturl=\"https:\/\/www.google.com\/url?q=https:\/\/agora.xtec.cat\/iessalvadorsegui\/categoria\/serveissocioculturalsialacomunitat\/&amp;source=gmail&amp;ust=1707549328262000&amp;usg=AOvVaw0fr42hjirKnOhzLz2OVRmx\">Serveis Socioculturals i a la Comunitat<\/a>, s&#8217;imparteixen els cicles de GM d\u2019<a href=\"https:\/\/agora.xtec.cat\/iessalvadorsegui\/estudis\/cfgm-atencio-a-persones-en-situacio-de-dependencia\/\" target=\"_blank\" rel=\"noopener\" data-saferedirecturl=\"https:\/\/www.google.com\/url?q=https:\/\/agora.xtec.cat\/iessalvadorsegui\/estudis\/cfgm-atencio-a-persones-en-situacio-de-dependencia\/&amp;source=gmail&amp;ust=1707549328262000&amp;usg=AOvVaw18NIwlYf-x6CjD5WoMzKwa\">Atenci\u00f3 a les persones amb depend\u00e8ncia<\/a>\u00a0i de GS d\u2019<a href=\"https:\/\/agora.xtec.cat\/iessalvadorsegui\/estudis\/cfgs-animacio-sociocultural-i-turistica\/\">Animaci\u00f3\u00a0sociocultural i tur\u00edstica<\/a>, d\u2019<a href=\"https:\/\/agora.xtec.cat\/iessalvadorsegui\/estudis\/cfgs-educacio-infantil\/\">Educaci\u00f3\u00a0Infantil<\/a>\u00a0i\u00a0d\u2019<a href=\"https:\/\/agora.xtec.cat\/iessalvadorsegui\/estudis\/cfgs-integracio-social\/\" target=\"_blank\" rel=\"noopener\" data-saferedirecturl=\"https:\/\/www.google.com\/url?q=https:\/\/agora.xtec.cat\/iessalvadorsegui\/estudis\/cfgs-integracio-social\/&amp;source=gmail&amp;ust=1707549328262000&amp;usg=AOvVaw2AayEzF11WbxZBuGwMS8QI\">Integraci\u00f3 Social<\/a>.<\/p>\n<p>El nom que se li va posar a l\u2019Institut va ser Salvador Segu\u00ed. Els ve\u00efns i ve\u00efnes van estar molt contents amb aquest nom. Salvador Segu\u00ed va ser un dels l\u00edders m\u00e9s destacats del anarcosindicalisme de Catalunya de principis del segle XX, tenia inquietud per la pol\u00edtica i per les idees llibert\u00e0ries.<\/p>\n<p style=\"text-align: center;\"><em>(en cas de no poder visualitzar el seg\u00fcent video, <a href=\"https:\/\/youtu.be\/ssspkdyLMNk?feature=shared\">cliqueu aqu\u00ed<\/a>)<\/em><\/p>\n<p style=\"text-align: center;\"><iframe loading=\"lazy\" title=\"YouTube video player\" src=\"\/\/www.youtube.com\/embed\/ssspkdyLMNk?si=hdu096YHKYDWjpnn\" width=\"560\" height=\"315\" frameborder=\"0\" allowfullscreen=\"allowfullscreen\"><\/iframe><\/p>\n","protected":false},"excerpt":{"rendered":"<p>L\u2019Institut de Salut i Atenci\u00f3 a les persones Salvador Segu\u00ed \u00e9s un centre educatiu p\u00fablic que imparteix cicles formatius de la fam\u00edlia de Fabricaci\u00f3 mec\u00e0nica,\u00a0Imatge personal,\u00a0Sanitat\u00a0i\u00a0Serveis Socioculturals i a la Comunitat. De la fam\u00edlia de\u00a0Fabricaci\u00f3 mec\u00e0nica\u00a0s&#8217;imparteix el cicle de\u00a0GM \u00d2ptica d&#8217;ullera. De la fam\u00edlia d\u2019Imatge\u00a0Personal, els cicles de GM d&#8217;Est\u00e8tica i Bellesa\u00a0i el de\u00a0Perruqueria i [&hellip;]<\/p>\n","protected":false},"author":1,"featured_media":0,"parent":0,"menu_order":1,"comment_status":"closed","ping_status":"closed","template":"page-templates\/side-menu.php","meta":{"_bbp_topic_count":0,"_bbp_reply_count":0,"_bbp_total_topic_count":0,"_bbp_total_reply_count":0,"_bbp_voice_count":0,"_bbp_anonymous_reply_count":0,"_bbp_topic_count_hidden":0,"_bbp_reply_count_hidden":0,"_bbp_forum_subforum_count":0,"site-sidebar-layout":"default","site-content-layout":"","ast-site-content-layout":"","site-content-style":"default","site-sidebar-style":"default","ast-global-header-display":"","ast-banner-title-visibility":"","ast-main-header-display":"","ast-hfb-above-header-display":"","ast-hfb-below-header-display":"","ast-hfb-mobile-header-display":"","site-post-title":"","ast-breadcrumbs-content":"","ast-featured-img":"","footer-sml-layout":"","theme-transparent-header-meta":"","adv-header-id-meta":"","stick-header-meta":"","header-above-stick-meta":"","header-main-stick-meta":"","header-below-stick-meta":"","astra-migrate-meta-layouts":"default","ast-page-background-enabled":"default","ast-page-background-meta":{"desktop":{"background-color":"var(--ast-global-color-4)","background-image":"","background-repeat":"repeat","background-position":"center center","background-size":"auto","background-attachment":"scroll","background-type":"","background-media":"","overlay-type":"","overlay-color":"","overlay-opacity":"","overlay-gradient":""},"tablet":{"background-color":"","background-image":"","background-repeat":"repeat","background-position":"center center","background-size":"auto","background-attachment":"scroll","background-type":"","background-media":"","overlay-type":"","overlay-color":"","overlay-opacity":"","overlay-gradient":""},"mobile":{"background-color":"","background-image":"","background-repeat":"repeat","background-position":"center center","background-size":"auto","background-attachment":"scroll","background-type":"","background-media":"","overlay-type":"","overlay-color":"","overlay-opacity":"","overlay-gradient":""}},"ast-content-background-meta":{"desktop":{"background-color":"var(--ast-global-color-5)","background-image":"","background-repeat":"repeat","background-position":"center center","background-size":"auto","background-attachment":"scroll","background-type":"","background-media":"","overlay-type":"","overlay-color":"","overlay-opacity":"","overlay-gradient":""},"tablet":{"background-color":"var(--ast-global-color-5)","background-image":"","background-repeat":"repeat","background-position":"center center","background-size":"auto","background-attachment":"scroll","background-type":"","background-media":"","overlay-type":"","overlay-color":"","overlay-opacity":"","overlay-gradient":""},"mobile":{"background-color":"var(--ast-global-color-5)","background-image":"","background-repeat":"repeat","background-position":"center center","background-size":"auto","background-attachment":"scroll","background-type":"","background-media":"","overlay-type":"","overlay-color":"","overlay-opacity":"","overlay-gradient":""}},"footnotes":""},"class_list":["post-19","page","type-page","status-publish","hentry"],"post_mailing_queue_ids":[],"_links":{"self":[{"href":"https:\/\/agora.xtec.cat\/iessalvadorsegui\/wp-json\/wp\/v2\/pages\/19","targetHints":{"allow":["GET"]}}],"collection":[{"href":"https:\/\/agora.xtec.cat\/iessalvadorsegui\/wp-json\/wp\/v2\/pages"}],"about":[{"href":"https:\/\/agora.xtec.cat\/iessalvadorsegui\/wp-json\/wp\/v2\/types\/page"}],"author":[{"embeddable":true,"href":"https:\/\/agora.xtec.cat\/iessalvadorsegui\/wp-json\/wp\/v2\/users\/1"}],"replies":[{"embeddable":true,"href":"https:\/\/agora.xtec.cat\/iessalvadorsegui\/wp-json\/wp\/v2\/comments?post=19"}],"version-history":[{"count":5,"href":"https:\/\/agora.xtec.cat\/iessalvadorsegui\/wp-json\/wp\/v2\/pages\/19\/revisions"}],"predecessor-version":[{"id":9017,"href":"https:\/\/agora.xtec.cat\/iessalvadorsegui\/wp-json\/wp\/v2\/pages\/19\/revisions\/9017"}],"wp:attachment":[{"href":"https:\/\/agora.xtec.cat\/iessalvadorsegui\/wp-json\/wp\/v2\/media?parent=19"}],"curies":[{"name":"wp","href":"https:\/\/api.w.org\/{rel}","templated":true}]}}