{"id":1842,"date":"2020-04-30T00:34:24","date_gmt":"2020-04-29T22:34:24","guid":{"rendered":"https:\/\/agora.xtec.cat\/iessalvadorsegui\/?page_id=1842"},"modified":"2025-12-11T21:28:25","modified_gmt":"2025-12-11T20:28:25","slug":"organigrama","status":"publish","type":"page","link":"https:\/\/agora.xtec.cat\/iessalvadorsegui\/institut\/organigrama\/","title":{"rendered":"Organigrama"},"content":{"rendered":"<p><img loading=\"lazy\" decoding=\"async\" class=\"alignleft size-full wp-image-7747\" src=\"https:\/\/agora.xtec.cat\/iessalvadorsegui\/wp-content\/uploads\/usu2033\/2023\/10\/Organigrama-2023.png\" alt=\"\" width=\"2048\" height=\"1152\" srcset=\"https:\/\/agora.xtec.cat\/iessalvadorsegui\/wp-content\/uploads\/usu2033\/2023\/10\/Organigrama-2023.png 2048w, https:\/\/agora.xtec.cat\/iessalvadorsegui\/wp-content\/uploads\/usu2033\/2023\/10\/Organigrama-2023-300x169.png 300w, https:\/\/agora.xtec.cat\/iessalvadorsegui\/wp-content\/uploads\/usu2033\/2023\/10\/Organigrama-2023-1024x576.png 1024w, https:\/\/agora.xtec.cat\/iessalvadorsegui\/wp-content\/uploads\/usu2033\/2023\/10\/Organigrama-2023-768x432.png 768w, https:\/\/agora.xtec.cat\/iessalvadorsegui\/wp-content\/uploads\/usu2033\/2023\/10\/Organigrama-2023-1536x864.png 1536w\" sizes=\"auto, (max-width: 2048px) 100vw, 2048px\" \/><\/p>\n<pre><span style=\"text-decoration: underline;\"><strong>Consell Escolar:<\/strong><\/span><\/pre>\n<p>Presidenta: Isabel Garc\u00eda (com directora de l\u2019institut)<\/p>\n<p>Cap d\u2019estudis: Olga Zabala, I\u00f1aki Aguilar i Cristina Jim\u00e9nez<\/p>\n<p>Secret\u00e0ria: N\u00faria Martorell<\/p>\n<p>Representants del professorat: Jorge D\u00edaz (Serveis socioculturals i a la comunitat), Elvira Griera (Imatge personal), Adriana Garc\u00eda-Cano (Sanitat), Helena Jim\u00e9nez de Macedo(Imatge personal), Cristina Macarr\u00f3n Gandoy (Serveis) i Alberto \u00c1lvarez (Sanitat)<\/p>\n<p>Representants de l\u2019alumnat: Kevin Calafi, Ainoa Gonz\u00e1lez i Lucia Huelva<\/p>\n<p>Representant del personal no docent: Xavier Berrio<\/p>\n<p>Representant de l\u2019Ajuntament: Yolanda Mendia Garc\u00eda<\/p>\n<pre><span style=\"text-decoration: underline;\"><strong>Equip directiu:<\/strong><\/span><\/pre>\n<p>Director: Isabel Garc\u00eda Martos (<a href=\"https:\/\/agora.xtec.cat\/iessalvadorsegui\/wp-content\/uploads\/usu2033\/2022\/03\/Fitxa-professional-Isabel-Garcia.pdf\" target=\"_blank\" rel=\"noopener\">fitxa professional<\/a>)<\/p>\n<p>Caps d\u2019estudis seu Santander: Olga Zabala (<a href=\"https:\/\/agora.xtec.cat\/iessalvadorsegui\/wp-content\/uploads\/usu2033\/2022\/03\/Fitxa-professional-Olga-Zabala.pdf\" target=\"_blank\" rel=\"noopener\">fitxa professional<\/a>) i I\u00f1aki Aguilar (<a href=\"https:\/\/agora.xtec.cat\/iessalvadorsegui\/wp-content\/uploads\/usu2033\/2025\/12\/Inaki_Aguilar_Fitxa_Pro.pdf\">fitxa professional<\/a>)<\/p>\n<p>Cap d\u2019estudis seu Pont del treball digne: Cristina Jim\u00e9nez (<a href=\"https:\/\/agora.xtec.cat\/iessalvadorsegui\/wp-content\/uploads\/usu2033\/2025\/12\/18_Fitxa_Perfil-i-trajectoria-professional_Cristina-Jimenez.pdf\" target=\"_blank\" rel=\"noopener\">fitxa professional<\/a>)<\/p>\n<p>Secret\u00e0ria: N\u00faria Martorell (<a href=\"https:\/\/agora.xtec.cat\/iessalvadorsegui\/wp-content\/uploads\/usu2033\/2022\/03\/Fitxa-professional-Nuria-Martorell.pdf\" target=\"_blank\" rel=\"noopener\">fitxa professional<\/a>)<\/p>\n<p>Administrador: Joaqu\u00edn Carrasco (<a href=\"https:\/\/agora.xtec.cat\/iessalvadorsegui\/wp-content\/uploads\/usu2033\/2025\/12\/Fitxa-perfil_Joaquin.pdf\">fitxa professional<\/a>)<\/p>\n<pre><\/pre>\n","protected":false},"excerpt":{"rendered":"<p>Consell Escolar: Presidenta: Isabel Garc\u00eda (com directora de l\u2019institut) Cap d\u2019estudis: Olga Zabala, I\u00f1aki Aguilar i Cristina Jim\u00e9nez Secret\u00e0ria: N\u00faria Martorell Representants del professorat: Jorge D\u00edaz (Serveis socioculturals i a la comunitat), Elvira Griera (Imatge personal), Adriana Garc\u00eda-Cano (Sanitat), Helena Jim\u00e9nez de Macedo(Imatge personal), Cristina Macarr\u00f3n Gandoy (Serveis) i Alberto \u00c1lvarez (Sanitat) Representants de l\u2019alumnat: [&hellip;]<\/p>\n","protected":false},"author":1,"featured_media":0,"parent":19,"menu_order":6,"comment_status":"closed","ping_status":"closed","template":"","meta":{"_bbp_topic_count":0,"_bbp_reply_count":0,"_bbp_total_topic_count":0,"_bbp_total_reply_count":0,"_bbp_voice_count":0,"_bbp_anonymous_reply_count":0,"_bbp_topic_count_hidden":0,"_bbp_reply_count_hidden":0,"_bbp_forum_subforum_count":0,"site-sidebar-layout":"default","site-content-layout":"","ast-site-content-layout":"default","site-content-style":"default","site-sidebar-style":"default","ast-global-header-display":"","ast-banner-title-visibility":"","ast-main-header-display":"","ast-hfb-above-header-display":"","ast-hfb-below-header-display":"","ast-hfb-mobile-header-display":"","site-post-title":"","ast-breadcrumbs-content":"","ast-featured-img":"","footer-sml-layout":"","theme-transparent-header-meta":"","adv-header-id-meta":"","stick-header-meta":"","header-above-stick-meta":"","header-main-stick-meta":"","header-below-stick-meta":"","astra-migrate-meta-layouts":"set","ast-page-background-enabled":"default","ast-page-background-meta":{"desktop":{"background-color":"var(--ast-global-color-4)","background-image":"","background-repeat":"repeat","background-position":"center center","background-size":"auto","background-attachment":"scroll","background-type":"","background-media":"","overlay-type":"","overlay-color":"","overlay-opacity":"","overlay-gradient":""},"tablet":{"background-color":"","background-image":"","background-repeat":"repeat","background-position":"center center","background-size":"auto","background-attachment":"scroll","background-type":"","background-media":"","overlay-type":"","overlay-color":"","overlay-opacity":"","overlay-gradient":""},"mobile":{"background-color":"","background-image":"","background-repeat":"repeat","background-position":"center center","background-size":"auto","background-attachment":"scroll","background-type":"","background-media":"","overlay-type":"","overlay-color":"","overlay-opacity":"","overlay-gradient":""}},"ast-content-background-meta":{"desktop":{"background-color":"var(--ast-global-color-5)","background-image":"","background-repeat":"repeat","background-position":"center center","background-size":"auto","background-attachment":"scroll","background-type":"","background-media":"","overlay-type":"","overlay-color":"","overlay-opacity":"","overlay-gradient":""},"tablet":{"background-color":"var(--ast-global-color-5)","background-image":"","background-repeat":"repeat","background-position":"center center","background-size":"auto","background-attachment":"scroll","background-type":"","background-media":"","overlay-type":"","overlay-color":"","overlay-opacity":"","overlay-gradient":""},"mobile":{"background-color":"var(--ast-global-color-5)","background-image":"","background-repeat":"repeat","background-position":"center center","background-size":"auto","background-attachment":"scroll","background-type":"","background-media":"","overlay-type":"","overlay-color":"","overlay-opacity":"","overlay-gradient":""}},"footnotes":""},"class_list":["post-1842","page","type-page","status-publish","hentry"],"post_mailing_queue_ids":[],"_links":{"self":[{"href":"https:\/\/agora.xtec.cat\/iessalvadorsegui\/wp-json\/wp\/v2\/pages\/1842","targetHints":{"allow":["GET"]}}],"collection":[{"href":"https:\/\/agora.xtec.cat\/iessalvadorsegui\/wp-json\/wp\/v2\/pages"}],"about":[{"href":"https:\/\/agora.xtec.cat\/iessalvadorsegui\/wp-json\/wp\/v2\/types\/page"}],"author":[{"embeddable":true,"href":"https:\/\/agora.xtec.cat\/iessalvadorsegui\/wp-json\/wp\/v2\/users\/1"}],"replies":[{"embeddable":true,"href":"https:\/\/agora.xtec.cat\/iessalvadorsegui\/wp-json\/wp\/v2\/comments?post=1842"}],"version-history":[{"count":6,"href":"https:\/\/agora.xtec.cat\/iessalvadorsegui\/wp-json\/wp\/v2\/pages\/1842\/revisions"}],"predecessor-version":[{"id":10267,"href":"https:\/\/agora.xtec.cat\/iessalvadorsegui\/wp-json\/wp\/v2\/pages\/1842\/revisions\/10267"}],"up":[{"embeddable":true,"href":"https:\/\/agora.xtec.cat\/iessalvadorsegui\/wp-json\/wp\/v2\/pages\/19"}],"wp:attachment":[{"href":"https:\/\/agora.xtec.cat\/iessalvadorsegui\/wp-json\/wp\/v2\/media?parent=1842"}],"curies":[{"name":"wp","href":"https:\/\/api.w.org\/{rel}","templated":true}]}}