{"id":1824,"date":"2020-04-29T23:45:13","date_gmt":"2020-04-29T21:45:13","guid":{"rendered":"https:\/\/agora.xtec.cat\/iessalvadorsegui\/?page_id=1824"},"modified":"2026-03-17T10:42:49","modified_gmt":"2026-03-17T09:42:49","slug":"politica-de-qualitat","status":"publish","type":"page","link":"https:\/\/agora.xtec.cat\/iessalvadorsegui\/institut\/politica-de-qualitat\/","title":{"rendered":"Pol\u00edtica de qualitat"},"content":{"rendered":"\n<figure class=\"wp-block-image alignleft\"><img loading=\"lazy\" decoding=\"async\" width=\"300\" height=\"141\" src=\"https:\/\/agora.xtec.cat\/iessalvadorsegui\/wp-content\/uploads\/usu2033\/2020\/04\/kisspng-iso-14000-bureau-veritas-iso-14001-iso-9000-intern-5b15055c154959.8328626415281042840872-300x141.png\" alt=\"\" class=\"wp-image-1832\" srcset=\"https:\/\/agora.xtec.cat\/iessalvadorsegui\/wp-content\/uploads\/usu2033\/2020\/04\/kisspng-iso-14000-bureau-veritas-iso-14001-iso-9000-intern-5b15055c154959.8328626415281042840872-300x141.png 300w, https:\/\/agora.xtec.cat\/iessalvadorsegui\/wp-content\/uploads\/usu2033\/2020\/04\/kisspng-iso-14000-bureau-veritas-iso-14001-iso-9000-intern-5b15055c154959.8328626415281042840872-768x360.png 768w, https:\/\/agora.xtec.cat\/iessalvadorsegui\/wp-content\/uploads\/usu2033\/2020\/04\/kisspng-iso-14000-bureau-veritas-iso-14001-iso-9000-intern-5b15055c154959.8328626415281042840872-1024x480.png 1024w, https:\/\/agora.xtec.cat\/iessalvadorsegui\/wp-content\/uploads\/usu2033\/2020\/04\/kisspng-iso-14000-bureau-veritas-iso-14001-iso-9000-intern-5b15055c154959.8328626415281042840872.png 1724w\" sizes=\"auto, (max-width: 300px) 100vw, 300px\" \/><\/figure>\n\n\n\n<p><strong><span style=\"text-decoration: underline;\">La pol\u00edtica de qualitat de l\u2019institut<\/span><\/strong>:<\/p>\n\n\n\n<p class=\"justificar-text\">La Pol\u00edtica de Qualitat del CFPI de Salut i Atenci\u00f3 a les Persones Salvador Segu\u00ed t\u00e9 com a objectiu oferir a les parts interessades un servei educatiu d\u2019excel\u00b7l\u00e8ncia, alineat amb les necessitats de l\u2019entorn social, les administracions educatives i la comunitat educativa. Aquesta pol\u00edtica es basa en els requisits establerts al Projecte Educatiu de Centre (PEC), que defineix l\u00ednies d\u2019actuaci\u00f3 orientades a l\u2019efic\u00e0cia, l\u2019efici\u00e8ncia i la millora cont\u00ednua, amb la finalitat d\u2019assolir l\u2019excel\u00b7l\u00e8ncia en el servei prestat i satisfer les expectatives dels grups d\u2019inter\u00e8s.&nbsp;El comprom\u00eds del CFPI Salvador Segu\u00ed amb la qualitat impulsa l\u2019Equip Directiu a:<\/p>\n\n\n\n<ul class=\"wp-block-list\">\n<li style=\"line-height:2.5\">Proporcionar els recursos necessaris per assolir els objectius derivats de les revisions i necessitats del Sistema de Gesti\u00f3 de Qualitat (SGQ)<\/li>\n\n\n\n<li style=\"line-height:2.5\">\u00a0Fomentar la millora cont\u00ednua en cada curs acad\u00e8mic<\/li>\n\n\n\n<li style=\"line-height:2.5\">Mantenir informada la comunitat educativa sobre el funcionament i els beneficis del sistema de qualitat<\/li>\n\n\n\n<li style=\"line-height:2.5\">Promoure la cultura de qualitat com un element intr\u00ednsec del centre, implicant tots els membres de la comunitat educativa en la seva implementaci\u00f3 i desenvolupament<\/li>\n<\/ul>\n\n\n\n<p class=\"justificar-text\">Aquest comprom\u00eds garanteix la coher\u00e8ncia i la sostenibilitat d\u2019un servei educatiu que respongui de manera proactiva a les necessitats canviants de la societat, tot consolidant una cultura d\u2019excel\u00b7l\u00e8ncia.<\/p>\n\n\n\n<p class=\"justificar-text\"><strong><u>Abast del Sistema de Gesti\u00f3 de la Qualitaat:<\/u><\/strong><\/p>\n\n\n\n<p class=\"justificar-text\">El nostre centre est\u00e0 estructurat per processos i mant\u00e9 un Sistema de Gesti\u00f3 de la Qualitat (SGQ) orientat a garantir la satisfacci\u00f3 de les necessitats i expectatives dels grups d\u2019inter\u00e8s, especialment l\u2019alumnat. Aquest sistema t\u00e9 com a finalitat principal la millora cont\u00ednua dels serveis educatius proporcionats.<\/p>\n\n\n\n<p class=\"justificar-text\">El mapa de processos es troba recollit a les Normes d\u2019Organitzaci\u00f3 i Funcionament del Centre (NOFC).<\/p>\n\n\n\n<p class=\"justificar-text\">Dins del proc\u00e9s d\u2019ensenyament i aprenentatge, l&#8217;abast es concreta en els cicles formatius de grau mitj\u00e0 i superior, quedant exclosos els grups de formaci\u00f3 PFI.<\/p>\n\n\n\n<p class=\"justificar-text\">No s\u2019aplica el punt 8.3 de la norma relatiu al disseny i desenvolupament de productes i serveis. Aquesta responsabilitat recau en el Departament d\u2019Educaci\u00f3, que s\u2019encarrega de:<\/p>\n\n\n\n<ul class=\"wp-block-list\">\n<li style=\"line-height:2.5\">Dissenyar i desenvolupar l\u2019estructura dels cursos reglats<\/li>\n\n\n\n<li style=\"line-height:2.5\">Establir els continguts formatius<\/li>\n\n\n\n<li style=\"line-height:2.5\">Proporcionar els recursos necessaris per a la seva implementaci\u00f3<\/li>\n<\/ul>\n\n\n\n<p class=\"justifica-text\">Aquesta delimitaci\u00f3 garanteix que el centre se centri en l\u2019execuci\u00f3 i millora dels processos establerts, assegurant l\u2019adequaci\u00f3 dels serveis educatius a les necessitats de l\u2019entorn i als requeriments de qualitat establerts.<\/p>\n","protected":false},"excerpt":{"rendered":"<p>La pol\u00edtica de qualitat de l\u2019institut: La Pol\u00edtica de Qualitat del CFPI de Salut i Atenci\u00f3 a les Persones Salvador Segu\u00ed t\u00e9 com a objectiu oferir a les parts interessades un servei educatiu d\u2019excel\u00b7l\u00e8ncia, alineat amb les necessitats de l\u2019entorn social, les administracions educatives i la comunitat educativa. Aquesta pol\u00edtica es basa en els requisits [&hellip;]<\/p>\n","protected":false},"author":1,"featured_media":0,"parent":19,"menu_order":3,"comment_status":"closed","ping_status":"closed","template":"","meta":{"_bbp_topic_count":0,"_bbp_reply_count":0,"_bbp_total_topic_count":0,"_bbp_total_reply_count":0,"_bbp_voice_count":0,"_bbp_anonymous_reply_count":0,"_bbp_topic_count_hidden":0,"_bbp_reply_count_hidden":0,"_bbp_forum_subforum_count":0,"site-sidebar-layout":"default","site-content-layout":"","ast-site-content-layout":"default","site-content-style":"default","site-sidebar-style":"default","ast-global-header-display":"","ast-banner-title-visibility":"","ast-main-header-display":"","ast-hfb-above-header-display":"","ast-hfb-below-header-display":"","ast-hfb-mobile-header-display":"","site-post-title":"","ast-breadcrumbs-content":"","ast-featured-img":"","footer-sml-layout":"","theme-transparent-header-meta":"","adv-header-id-meta":"","stick-header-meta":"","header-above-stick-meta":"","header-main-stick-meta":"","header-below-stick-meta":"","astra-migrate-meta-layouts":"set","ast-page-background-enabled":"default","ast-page-background-meta":{"desktop":{"background-color":"var(--ast-global-color-4)","background-image":"","background-repeat":"repeat","background-position":"center center","background-size":"auto","background-attachment":"scroll","background-type":"","background-media":"","overlay-type":"","overlay-color":"","overlay-opacity":"","overlay-gradient":""},"tablet":{"background-color":"","background-image":"","background-repeat":"repeat","background-position":"center center","background-size":"auto","background-attachment":"scroll","background-type":"","background-media":"","overlay-type":"","overlay-color":"","overlay-opacity":"","overlay-gradient":""},"mobile":{"background-color":"","background-image":"","background-repeat":"repeat","background-position":"center center","background-size":"auto","background-attachment":"scroll","background-type":"","background-media":"","overlay-type":"","overlay-color":"","overlay-opacity":"","overlay-gradient":""}},"ast-content-background-meta":{"desktop":{"background-color":"var(--ast-global-color-5)","background-image":"","background-repeat":"repeat","background-position":"center center","background-size":"auto","background-attachment":"scroll","background-type":"","background-media":"","overlay-type":"","overlay-color":"","overlay-opacity":"","overlay-gradient":""},"tablet":{"background-color":"var(--ast-global-color-5)","background-image":"","background-repeat":"repeat","background-position":"center center","background-size":"auto","background-attachment":"scroll","background-type":"","background-media":"","overlay-type":"","overlay-color":"","overlay-opacity":"","overlay-gradient":""},"mobile":{"background-color":"var(--ast-global-color-5)","background-image":"","background-repeat":"repeat","background-position":"center center","background-size":"auto","background-attachment":"scroll","background-type":"","background-media":"","overlay-type":"","overlay-color":"","overlay-opacity":"","overlay-gradient":""}},"footnotes":""},"class_list":["post-1824","page","type-page","status-publish","hentry"],"post_mailing_queue_ids":[],"_links":{"self":[{"href":"https:\/\/agora.xtec.cat\/iessalvadorsegui\/wp-json\/wp\/v2\/pages\/1824","targetHints":{"allow":["GET"]}}],"collection":[{"href":"https:\/\/agora.xtec.cat\/iessalvadorsegui\/wp-json\/wp\/v2\/pages"}],"about":[{"href":"https:\/\/agora.xtec.cat\/iessalvadorsegui\/wp-json\/wp\/v2\/types\/page"}],"author":[{"embeddable":true,"href":"https:\/\/agora.xtec.cat\/iessalvadorsegui\/wp-json\/wp\/v2\/users\/1"}],"replies":[{"embeddable":true,"href":"https:\/\/agora.xtec.cat\/iessalvadorsegui\/wp-json\/wp\/v2\/comments?post=1824"}],"version-history":[{"count":5,"href":"https:\/\/agora.xtec.cat\/iessalvadorsegui\/wp-json\/wp\/v2\/pages\/1824\/revisions"}],"predecessor-version":[{"id":11004,"href":"https:\/\/agora.xtec.cat\/iessalvadorsegui\/wp-json\/wp\/v2\/pages\/1824\/revisions\/11004"}],"up":[{"embeddable":true,"href":"https:\/\/agora.xtec.cat\/iessalvadorsegui\/wp-json\/wp\/v2\/pages\/19"}],"wp:attachment":[{"href":"https:\/\/agora.xtec.cat\/iessalvadorsegui\/wp-json\/wp\/v2\/media?parent=1824"}],"curies":[{"name":"wp","href":"https:\/\/api.w.org\/{rel}","templated":true}]}}