{"id":1448,"date":"2020-04-08T17:14:02","date_gmt":"2020-04-08T15:14:02","guid":{"rendered":"https:\/\/agora.xtec.cat\/iessalvadorsegui\/?page_id=1448"},"modified":"2025-10-17T12:13:26","modified_gmt":"2025-10-17T10:13:26","slug":"altres-serveis","status":"publish","type":"page","link":"https:\/\/agora.xtec.cat\/iessalvadorsegui\/altres-serveis\/","title":{"rendered":"Altres serveis"},"content":{"rendered":"<table style=\"width: 445px;\">\n<tbody>\n<tr>\n<td style=\"width: 95px; text-align: center;\"><img loading=\"lazy\" decoding=\"async\" class=\"alignleft size-medium wp-image-3092\" src=\"https:\/\/agora.xtec.cat\/iessalvadorsegui\/wp-content\/uploads\/usu2033\/2020\/06\/LOGO-INSTITUT-IMATGE-DESTACADA-ARTICLE-NODES-300x169.png\" alt=\"\" width=\"300\" height=\"169\" srcset=\"https:\/\/agora.xtec.cat\/iessalvadorsegui\/wp-content\/uploads\/usu2033\/2020\/06\/LOGO-INSTITUT-IMATGE-DESTACADA-ARTICLE-NODES-300x169.png 300w, https:\/\/agora.xtec.cat\/iessalvadorsegui\/wp-content\/uploads\/usu2033\/2020\/06\/LOGO-INSTITUT-IMATGE-DESTACADA-ARTICLE-NODES.png 355w\" sizes=\"auto, (max-width: 300px) 100vw, 300px\" \/><\/td>\n<td style=\"width: 350px;\"><a href=\"https:\/\/agora.xtec.cat\/iessalvadorsegui\/wp-content\/uploads\/usu2033\/2021\/03\/Carta-Serveis_Presentaci\u00f3.pdf\" target=\"_blank\" rel=\"noopener noreferrer\">Carta de serveis<\/a><\/td>\n<\/tr>\n<tr>\n<td style=\"width: 95px; text-align: center;\"><img loading=\"lazy\" decoding=\"async\" class=\"alignleft size-full wp-image-2175\" src=\"https:\/\/agora.xtec.cat\/iessalvadorsegui\/wp-content\/uploads\/usu2033\/2020\/05\/kisspng-scalable-vector-graphics-book-icon-an-open-book-5aa7d44d7069e9.0615618415209483014605.png\" alt=\"\" width=\"512\" height=\"512\" srcset=\"https:\/\/agora.xtec.cat\/iessalvadorsegui\/wp-content\/uploads\/usu2033\/2020\/05\/kisspng-scalable-vector-graphics-book-icon-an-open-book-5aa7d44d7069e9.0615618415209483014605.png 512w, https:\/\/agora.xtec.cat\/iessalvadorsegui\/wp-content\/uploads\/usu2033\/2020\/05\/kisspng-scalable-vector-graphics-book-icon-an-open-book-5aa7d44d7069e9.0615618415209483014605-150x150.png 150w, https:\/\/agora.xtec.cat\/iessalvadorsegui\/wp-content\/uploads\/usu2033\/2020\/05\/kisspng-scalable-vector-graphics-book-icon-an-open-book-5aa7d44d7069e9.0615618415209483014605-300x300.png 300w\" sizes=\"auto, (max-width: 512px) 100vw, 512px\" \/><\/td>\n<td style=\"width: 350px;\"><a href=\"https:\/\/agora.xtec.cat\/iessalvadorsegui\/biblioteca\/\">Biblioteca<\/a><\/td>\n<\/tr>\n<tr>\n<td style=\"width: 95px; text-align: center;\"><a href=\"https:\/\/agora.xtec.cat\/iessalvadorsegui\/wp-content\/uploads\/usu2033\/2024\/05\/Document-PINN-MUFPS.pdf\"><img loading=\"lazy\" decoding=\"async\" class=\"aligncenter wp-image-8321 size-medium\" src=\"https:\/\/agora.xtec.cat\/iessalvadorsegui\/wp-content\/uploads\/usu2033\/2024\/05\/LOGO-centres-formadors-296x300.jpg\" alt=\"\" width=\"296\" height=\"300\" srcset=\"https:\/\/agora.xtec.cat\/iessalvadorsegui\/wp-content\/uploads\/usu2033\/2024\/05\/LOGO-centres-formadors-296x300.jpg 296w, https:\/\/agora.xtec.cat\/iessalvadorsegui\/wp-content\/uploads\/usu2033\/2024\/05\/LOGO-centres-formadors-1011x1024.jpg 1011w, https:\/\/agora.xtec.cat\/iessalvadorsegui\/wp-content\/uploads\/usu2033\/2024\/05\/LOGO-centres-formadors-768x778.jpg 768w, https:\/\/agora.xtec.cat\/iessalvadorsegui\/wp-content\/uploads\/usu2033\/2024\/05\/LOGO-centres-formadors-1517x1536.jpg 1517w, https:\/\/agora.xtec.cat\/iessalvadorsegui\/wp-content\/uploads\/usu2033\/2024\/05\/LOGO-centres-formadors-2022x2048.jpg 2022w\" sizes=\"auto, (max-width: 296px) 100vw, 296px\" \/><\/a><\/td>\n<td style=\"vertical-align: middle;\"><a href=\"https:\/\/agora.xtec.cat\/iessalvadorsegui\/wp-content\/uploads\/usu2033\/2024\/05\/Document-PINN-MUFPS.pdf\" target=\"_blank\" rel=\"noopener\">Programa d&#8217;innovaci\u00f3 centres formadors <\/a><a href=\"https:\/\/agora.xtec.cat\/iessalvadorsegui\/wp-content\/uploads\/usu2033\/2024\/05\/Document-PINN-MUFPS.pdf\" target=\"_blank\" rel=\"noopener\">M\u00e0ster universitari formaci\u00f3 del professorat de secund\u00e0ria<\/a><\/td>\n<\/tr>\n<tr>\n<td style=\"width: 95px;\"><a href=\"https:\/\/agora.xtec.cat\/iessalvadorsegui\/categoria\/altresserveis\/coordinaciodactivitats\/\"><img loading=\"lazy\" decoding=\"async\" class=\"aligncenter wp-image-1465\" src=\"https:\/\/agora.xtec.cat\/iessalvadorsegui\/wp-content\/uploads\/usu2033\/2020\/04\/e4882ea15a4c0347ad612c33f0342636-150x146.jpg\" alt=\"\" width=\"75\" height=\"67\" \/><\/a><\/td>\n<td style=\"width: 350px;\"><a href=\"https:\/\/agora.xtec.cat\/iessalvadorsegui\/categoria\/altresserveis\/coordinaciodactivitats\/\">Coordinaci\u00f3 d&#8217;activitats<\/a><\/td>\n<\/tr>\n<tr>\n<td style=\"width: 95px;\"><a href=\"https:\/\/agora.xtec.cat\/iessalvadorsegui\/categoria\/altresserveis\/coordinaciodegeneres\/\"><img loading=\"lazy\" decoding=\"async\" class=\"aligncenter wp-image-1004\" src=\"https:\/\/agora.xtec.cat\/iessalvadorsegui\/wp-content\/uploads\/usu2033\/2020\/03\/Comissi\u00f3-de-g\u00e8neres-150x150.png\" alt=\"\" width=\"75\" height=\"71\" srcset=\"https:\/\/agora.xtec.cat\/iessalvadorsegui\/wp-content\/uploads\/usu2033\/2020\/03\/Comissi\u00f3-de-g\u00e8neres-300x283.png 300w, https:\/\/agora.xtec.cat\/iessalvadorsegui\/wp-content\/uploads\/usu2033\/2020\/03\/Comissi\u00f3-de-g\u00e8neres.png 703w\" sizes=\"auto, (max-width: 75px) 100vw, 75px\" \/><\/a><\/td>\n<td style=\"width: 350px;\"><a href=\"https:\/\/agora.xtec.cat\/iessalvadorsegui\/categoria\/altresserveis\/coordinaciodegeneres\/\">Comissi\u00f3 de g\u00e8neres<\/a><\/td>\n<\/tr>\n<tr>\n<td style=\"width: 95px;\"><a href=\"https:\/\/agora.xtec.cat\/iessalvadorsegui\/categoria\/altresserveis\/emprenedoria\/\"><img loading=\"lazy\" decoding=\"async\" class=\"aligncenter wp-image-1005\" src=\"https:\/\/agora.xtec.cat\/iessalvadorsegui\/wp-content\/uploads\/usu2033\/2020\/03\/Emprenedoria-150x150.jpg\" alt=\"\" width=\"75\" height=\"75\" srcset=\"https:\/\/agora.xtec.cat\/iessalvadorsegui\/wp-content\/uploads\/usu2033\/2020\/03\/Emprenedoria-150x150.jpg 150w, https:\/\/agora.xtec.cat\/iessalvadorsegui\/wp-content\/uploads\/usu2033\/2020\/03\/Emprenedoria-300x300.jpg 300w, https:\/\/agora.xtec.cat\/iessalvadorsegui\/wp-content\/uploads\/usu2033\/2020\/03\/Emprenedoria.jpg 400w\" sizes=\"auto, (max-width: 75px) 100vw, 75px\" \/><\/a><\/td>\n<td style=\"width: 350px;\"><a href=\"https:\/\/agora.xtec.cat\/iessalvadorsegui\/categoria\/altresserveis\/emprenedoria\/\">Emprenedoria<\/a><\/td>\n<\/tr>\n<tr>\n<td style=\"width: 95px;\"><a href=\"https:\/\/agora.xtec.cat\/iessalvadorsegui\/categoria\/altresserveis\/lloguerdespais\/\"><img loading=\"lazy\" decoding=\"async\" class=\"aligncenter wp-image-1006\" src=\"https:\/\/agora.xtec.cat\/iessalvadorsegui\/wp-content\/uploads\/usu2033\/2020\/03\/Lloguer-despais-150x150.jpg\" alt=\"\" width=\"75\" height=\"50\" srcset=\"https:\/\/agora.xtec.cat\/iessalvadorsegui\/wp-content\/uploads\/usu2033\/2020\/03\/Lloguer-despais-300x200.jpg 300w, https:\/\/agora.xtec.cat\/iessalvadorsegui\/wp-content\/uploads\/usu2033\/2020\/03\/Lloguer-despais.jpg 751w\" sizes=\"auto, (max-width: 75px) 100vw, 75px\" \/><\/a><\/td>\n<td style=\"width: 350px;\"><a href=\"https:\/\/agora.xtec.cat\/iessalvadorsegui\/categoria\/altresserveis\/lloguerdespais\/\">Lloguer d&#8217;espais<\/a><\/td>\n<\/tr>\n<tr>\n<td style=\"width: 95px;\"><\/td>\n<td style=\"width: 350px;\"><a href=\"https:\/\/agora.xtec.cat\/iessalvadorsegui\/punt-dinformacio-i-orientacio\/\">PIO Punt d&#8217;Informaci\u00f3 i Orientaci\u00f3<\/a><\/td>\n<\/tr>\n<tr>\n<td style=\"width: 95px;\"><img loading=\"lazy\" decoding=\"async\" class=\"alignleft size-full wp-image-2652\" src=\"https:\/\/agora.xtec.cat\/iessalvadorsegui\/wp-content\/uploads\/usu2033\/2020\/05\/Jobteaser.png\" alt=\"\" width=\"200\" height=\"150\" \/><\/td>\n<td style=\"width: 350px;\"><a href=\"https:\/\/salvadorsegui.jobteaser.com\/ca\/recruiter_account\/sign_in?back_to_after_login=%2Fca%2Frecruiter_account%2Fjob_offers\" target=\"_blank\" rel=\"noopener noreferrer\">Publicar una oferta de treball<\/a><\/td>\n<\/tr>\n<tr>\n<td style=\"width: 95px;\"><a href=\"https:\/\/agora.xtec.cat\/iessalvadorsegui\/categoria\/altresserveis\/sioj\/\"><img loading=\"lazy\" decoding=\"async\" class=\"alignleft wp-image-4233 size-medium\" src=\"https:\/\/agora.xtec.cat\/iessalvadorsegui\/wp-content\/uploads\/usu2033\/2021\/04\/sioj-salvador-segu\u00ed-300x300.png\" alt=\"\" width=\"300\" height=\"300\" srcset=\"https:\/\/agora.xtec.cat\/iessalvadorsegui\/wp-content\/uploads\/usu2033\/2021\/04\/sioj-salvador-segu\u00ed-300x300.png 300w, https:\/\/agora.xtec.cat\/iessalvadorsegui\/wp-content\/uploads\/usu2033\/2021\/04\/sioj-salvador-segu\u00ed-150x150.png 150w, https:\/\/agora.xtec.cat\/iessalvadorsegui\/wp-content\/uploads\/usu2033\/2021\/04\/sioj-salvador-segu\u00ed.png 500w\" sizes=\"auto, (max-width: 300px) 100vw, 300px\" \/><\/a><\/td>\n<td style=\"width: 350px;\"><a href=\"https:\/\/agora.xtec.cat\/iessalvadorsegui\/categoria\/altresserveis\/sioj\/\">Servei d&#8217;informaci\u00f3 i orientaci\u00f3 juvenil SIOJ<\/a><\/td>\n<\/tr>\n<\/tbody>\n<\/table>\n","protected":false},"excerpt":{"rendered":"<p>Carta de serveis Biblioteca Programa d&#8217;innovaci\u00f3 centres formadors M\u00e0ster universitari formaci\u00f3 del professorat de secund\u00e0ria Coordinaci\u00f3 d&#8217;activitats Comissi\u00f3 de g\u00e8neres Emprenedoria Lloguer d&#8217;espais PIO Punt d&#8217;Informaci\u00f3 i Orientaci\u00f3 Publicar una oferta de treball Servei d&#8217;informaci\u00f3 i orientaci\u00f3 juvenil SIOJ<\/p>\n","protected":false},"author":1,"featured_media":0,"parent":0,"menu_order":0,"comment_status":"closed","ping_status":"closed","template":"","meta":{"_bbp_topic_count":0,"_bbp_reply_count":0,"_bbp_total_topic_count":0,"_bbp_total_reply_count":0,"_bbp_voice_count":0,"_bbp_anonymous_reply_count":0,"_bbp_topic_count_hidden":0,"_bbp_reply_count_hidden":0,"_bbp_forum_subforum_count":0,"site-sidebar-layout":"default","site-content-layout":"","ast-site-content-layout":"default","site-content-style":"default","site-sidebar-style":"default","ast-global-header-display":"","ast-banner-title-visibility":"","ast-main-header-display":"","ast-hfb-above-header-display":"","ast-hfb-below-header-display":"","ast-hfb-mobile-header-display":"","site-post-title":"","ast-breadcrumbs-content":"","ast-featured-img":"","footer-sml-layout":"","theme-transparent-header-meta":"","adv-header-id-meta":"","stick-header-meta":"","header-above-stick-meta":"","header-main-stick-meta":"","header-below-stick-meta":"","astra-migrate-meta-layouts":"set","ast-page-background-enabled":"default","ast-page-background-meta":{"desktop":{"background-color":"var(--ast-global-color-4)","background-image":"","background-repeat":"repeat","background-position":"center center","background-size":"auto","background-attachment":"scroll","background-type":"","background-media":"","overlay-type":"","overlay-color":"","overlay-opacity":"","overlay-gradient":""},"tablet":{"background-color":"","background-image":"","background-repeat":"repeat","background-position":"center center","background-size":"auto","background-attachment":"scroll","background-type":"","background-media":"","overlay-type":"","overlay-color":"","overlay-opacity":"","overlay-gradient":""},"mobile":{"background-color":"","background-image":"","background-repeat":"repeat","background-position":"center center","background-size":"auto","background-attachment":"scroll","background-type":"","background-media":"","overlay-type":"","overlay-color":"","overlay-opacity":"","overlay-gradient":""}},"ast-content-background-meta":{"desktop":{"background-color":"var(--ast-global-color-5)","background-image":"","background-repeat":"repeat","background-position":"center center","background-size":"auto","background-attachment":"scroll","background-type":"","background-media":"","overlay-type":"","overlay-color":"","overlay-opacity":"","overlay-gradient":""},"tablet":{"background-color":"var(--ast-global-color-5)","background-image":"","background-repeat":"repeat","background-position":"center center","background-size":"auto","background-attachment":"scroll","background-type":"","background-media":"","overlay-type":"","overlay-color":"","overlay-opacity":"","overlay-gradient":""},"mobile":{"background-color":"var(--ast-global-color-5)","background-image":"","background-repeat":"repeat","background-position":"center center","background-size":"auto","background-attachment":"scroll","background-type":"","background-media":"","overlay-type":"","overlay-color":"","overlay-opacity":"","overlay-gradient":""}},"footnotes":""},"class_list":["post-1448","page","type-page","status-publish","hentry"],"post_mailing_queue_ids":[],"_links":{"self":[{"href":"https:\/\/agora.xtec.cat\/iessalvadorsegui\/wp-json\/wp\/v2\/pages\/1448","targetHints":{"allow":["GET"]}}],"collection":[{"href":"https:\/\/agora.xtec.cat\/iessalvadorsegui\/wp-json\/wp\/v2\/pages"}],"about":[{"href":"https:\/\/agora.xtec.cat\/iessalvadorsegui\/wp-json\/wp\/v2\/types\/page"}],"author":[{"embeddable":true,"href":"https:\/\/agora.xtec.cat\/iessalvadorsegui\/wp-json\/wp\/v2\/users\/1"}],"replies":[{"embeddable":true,"href":"https:\/\/agora.xtec.cat\/iessalvadorsegui\/wp-json\/wp\/v2\/comments?post=1448"}],"version-history":[{"count":6,"href":"https:\/\/agora.xtec.cat\/iessalvadorsegui\/wp-json\/wp\/v2\/pages\/1448\/revisions"}],"predecessor-version":[{"id":10083,"href":"https:\/\/agora.xtec.cat\/iessalvadorsegui\/wp-json\/wp\/v2\/pages\/1448\/revisions\/10083"}],"wp:attachment":[{"href":"https:\/\/agora.xtec.cat\/iessalvadorsegui\/wp-json\/wp\/v2\/media?parent=1448"}],"curies":[{"name":"wp","href":"https:\/\/api.w.org\/{rel}","templated":true}]}}