{"id":1398,"date":"2020-04-08T15:50:29","date_gmt":"2020-04-08T13:50:29","guid":{"rendered":"https:\/\/agora.xtec.cat\/iessalvadorsegui\/?page_id=1398"},"modified":"2026-02-13T15:10:58","modified_gmt":"2026-02-13T14:10:58","slug":"mobilitat-internacional","status":"publish","type":"page","link":"https:\/\/agora.xtec.cat\/iessalvadorsegui\/estudis\/mobilitat-internacional\/","title":{"rendered":"Mobilitat Internacional"},"content":{"rendered":"\n<div class=\"wp-block-group has-background is-content-justification-left is-nowrap is-layout-flex wp-container-core-group-is-layout-1 wp-block-group-is-layout-flex\" style=\"border-radius:100px;background-color:#f2f2f2;padding-top:0;padding-right:0;padding-bottom:0;padding-left:0;font-size:0px;box-shadow:none\">\n<p class=\"has-text-align-center has-medium-font-size wp-container-content-1\" id=\"Informcaio-General\"><a href=\"#informaci\u00f3\" data-type=\"internal\" data-id=\"#informacio-general\">Informaci\u00f3 General<\/a><\/p>\n\n\n\n<p class=\"has-text-align-center has-medium-font-size wp-container-content-2\" style=\"border-style:none;border-width:0px\"><a href=\"#ERASMUS-ALUMNAT\">Erasmus Alumnat<\/a><\/p>\n\n\n\n<p class=\"has-text-align-center has-medium-font-size wp-container-content-3\"><a href=\"#Erasmus-Profe\">Erasmus Professorat<\/a><\/p>\n\n\n\n<p class=\"has-text-align-center has-medium-font-size wp-container-content-4\"><a href=\"#Carta-eche\">Carta ECHE<\/a><\/p>\n\n\n\n<p class=\"has-text-align-center has-medium-font-size wp-container-content-5\"><a href=\"#exp\">Experi\u00e8ncies d&#8217;alumnes i professorat<\/a><\/p>\n\n\n\n<p class=\"has-text-align-center has-medium-font-size wp-container-content-6\"><a href=\"#PROJECTES\" data-type=\"page\" data-id=\"1398\">Projecte  col\u00b7laboratius<\/a><\/p>\n<\/div>\n\n\n\n<ol class=\"wp-block-list\">\n<li id=\"Informaci\u00f3\"><b>INFORMACI\u00d3 GENERAL<\/b><\/li>\n<\/ol>\n\n\n\n<p style=\"font-size:16px\"><span style=\"font-weight: 400;\">El programa europeu <\/span><a href=\"https:\/\/ec.europa.eu\/programmes\/erasmus-plus\/opportunities\/vocational-education-and-training-0_en\"><span style=\"font-weight: 400;\">Erasmus+<\/span><\/a><span style=\"font-weight: 400;\"> permet que estudiants, graduats i docents de Formaci\u00f3 Professional puguin formar-se o realitzar estades formatives en institucions o empreses dels diferents pa\u00efsos de la Uni\u00f3 Europea.<\/span><b>&nbsp;<\/b><\/p>\n\n\n\n<p style=\"font-size:16px\"><span style=\"font-weight: 400;\">L\u2019institut Salvador Segui, aposta per la mobilitat internacional dels seu alumnat i professorat per tal d\u2019aconseguir els objectius estrat\u00e8gics que es marquen a la comunitat europea i al centre formatiu. Millorant la qualitat d\u2019ensenyament aprenentatge i proporcionant diverses experi\u00e8ncies internacionals que enriqueixen el perfil i les compet\u00e8ncies de la comunitat educativa.<\/span><\/p>\n\n\n\n<figure class=\"wp-block-image size-full\"><a href=\"https:\/\/agora.xtec.cat\/iessalvadorsegui\/wp-content\/uploads\/usu2033\/2026\/02\/erasmus.png\"><img loading=\"lazy\" decoding=\"async\" width=\"886\" height=\"236\" src=\"https:\/\/agora.xtec.cat\/iessalvadorsegui\/wp-content\/uploads\/usu2033\/2026\/02\/erasmus.png\" alt=\"\" class=\"wp-image-10588\" srcset=\"https:\/\/agora.xtec.cat\/iessalvadorsegui\/wp-content\/uploads\/usu2033\/2026\/02\/erasmus.png 886w, https:\/\/agora.xtec.cat\/iessalvadorsegui\/wp-content\/uploads\/usu2033\/2026\/02\/erasmus-300x80.png 300w, https:\/\/agora.xtec.cat\/iessalvadorsegui\/wp-content\/uploads\/usu2033\/2026\/02\/erasmus-768x205.png 768w\" sizes=\"auto, (max-width: 886px) 100vw, 886px\" \/><\/a><\/figure>\n\n\n\n<figure class=\"wp-block-image aligncenter size-full\"><a href=\"https:\/\/agora.xtec.cat\/iessalvadorsegui\/wp-content\/uploads\/usu2033\/2026\/02\/se.png\"><img loading=\"lazy\" decoding=\"async\" width=\"415\" height=\"121\" src=\"https:\/\/agora.xtec.cat\/iessalvadorsegui\/wp-content\/uploads\/usu2033\/2026\/02\/se.png\" alt=\"\" class=\"wp-image-10589\" srcset=\"https:\/\/agora.xtec.cat\/iessalvadorsegui\/wp-content\/uploads\/usu2033\/2026\/02\/se.png 415w, https:\/\/agora.xtec.cat\/iessalvadorsegui\/wp-content\/uploads\/usu2033\/2026\/02\/se-300x87.png 300w\" sizes=\"auto, (max-width: 415px) 100vw, 415px\" \/><\/a><\/figure>\n\n\n\n<h1 class=\"wp-block-heading has-medium-font-size\" id=\"ERASMUS-ALUMNAT\"><b>2. ERASMUS ALUMNAT<\/b><\/h1>\n\n\n\n<p style=\"font-size:16px\"><span style=\"font-weight: 400;\">Els alumnes de Formaci\u00f3 Professional de l&#8217;Institut Salvador Segu\u00ed tenen la possibilitat de participar en el programa de mobilitat internacional. La descripci\u00f3 de les caracter\u00edstiques, el proc\u00e9s i els requisits per a la realitzaci\u00f3 de les mobilitats queda recollida a les bases de la convocat\u00f2ria.<\/span><\/p>\n\n\n\n<h4 class=\"wp-block-heading has-medium-font-size\"><b>CONVOCAT\u00d2RIA&nbsp; DE PLACES DE MOBILITAT INTERNACIONAL CURS 2025-2026<\/b><\/h4>\n\n\n\n<p style=\"font-size:16px\"><span style=\"font-weight: 400;\">Per poder participar en el programa de mobilitat l&#8217;alumnat sol\u00b7licitant haur\u00e0 d&#8217;omplir el formulari de sol\u00b7licitud i adjuntar la documentaci\u00f3 seg\u00fcent. <\/span><b>El termini de presentaci\u00f3 de sol\u00b7licituds ser\u00e0 fins al 19 de novembre de 2025.<\/b><\/p>\n\n\n\n<ul class=\"wp-block-list\">\n<li style=\"font-size:16px\"><a href=\"https:\/\/forms.office.com\/Pages\/ResponsePage.aspx?id=kbFo1fFra0O9sr7vjr5q6A8EKuTaUIlBq_cCrpMOUKpURTcxV1hWQ0VCTlpKRzhZWllUNk9KNjA2NS4u\"><b>Formulari de sol\u00b7licitud<\/b><\/a><\/li>\n\n\n\n<li style=\"font-size:16px\"><b>Documents a adjuntar al formulari<\/b><\/li>\n\n\n\n<li style=\"font-size:16px\"><b>Carta de motivaci\u00f3 (en PDF i catal\u00e0)<\/b><\/li>\n\n\n\n<li style=\"font-size:16px\"><b>Documents que acreditin el coneixement d&#8217;idiomes (si s&#8217;escau).<\/b><\/li>\n\n\n\n<li style=\"font-size:16px\"><a href=\"https:\/\/europa.eu\/europass\/es\"><b>Curr\u00edculum europeu Europass<\/b><\/a> <span style=\"font-weight: 400;\">(cal que creeu un perfil Europass)<\/span><\/li>\n\n\n\n<li style=\"font-size:16px\"><b>Els alumnes seleccionats es comprometen con\u00e8ixer les bases de la convocat\u00f2ria&nbsp;<\/b><\/li>\n<\/ul>\n\n\n\n<h4 class=\"wp-block-heading has-medium-font-size\"><a href=\"https:\/\/docs.google.com\/forms\/d\/1fhvkMe60Am3-hTki01Y8DDc0D6vSOfMmF9HEzK9G9ZM\/edit\"><span style=\"font-weight: 400;\">Enlla\u00e7 al formulari de sol\u00b7licitud Erasmus+ ALUMNAT curs 25-26 <\/span><span style=\"font-weight: 400;\">(Des del 29\/10 fins al 19\/11)<\/span><\/a><\/h4>\n\n\n\n<h3 class=\"wp-block-heading has-medium-font-size\"><span style=\"font-weight: 400;\">BASES DE LA CONVOCAT\u00d2RIA ERASMUS ALUMNAT CURS 2025-2026<\/span><\/h3>\n\n\n\n<div data-wp-interactive=\"core\/file\" class=\"wp-block-file\"><object data-wp-bind--hidden=\"!state.hasPdfPreview\" hidden class=\"wp-block-file__embed\" data=\"https:\/\/agora.xtec.cat\/iessalvadorsegui\/wp-content\/uploads\/usu2033\/2026\/01\/CONVOCATORIA-ERASMUS-CURS-25_26.-ALUMNAT-1-1.pdf\" type=\"application\/pdf\" style=\"width:100%;height:600px\" aria-label=\"Incrustaci\u00f3 del fitxer CONVOCAT\u00d2RIA ERASMUS CURS 25_26. ALUMNAT .\"><\/object><a id=\"wp-block-file--media-f3e417eb-dc56-45a6-ba25-d04180f24c72\" href=\"https:\/\/agora.xtec.cat\/iessalvadorsegui\/wp-content\/uploads\/usu2033\/2026\/01\/CONVOCATORIA-ERASMUS-CURS-25_26.-ALUMNAT-1-1.pdf\">CONVOCAT\u00d2RIA ERASMUS CURS 25_26. ALUMNAT <\/a><a href=\"https:\/\/agora.xtec.cat\/iessalvadorsegui\/wp-content\/uploads\/usu2033\/2026\/01\/CONVOCATORIA-ERASMUS-CURS-25_26.-ALUMNAT-1-1.pdf\" class=\"wp-block-file__button wp-element-button\" download aria-describedby=\"wp-block-file--media-f3e417eb-dc56-45a6-ba25-d04180f24c72\">Baixa<\/a><\/div>\n\n\n\n<h3 class=\"wp-block-heading has-medium-font-size\"><span style=\"font-weight: 400;\">PRESENTACIONS REUNIONS INFORMATIVES ERASMUS&nbsp; ALUMNAT CURS 2025-2026<\/span><\/h3>\n\n\n\n<div data-wp-interactive=\"core\/file\" class=\"wp-block-file\" style=\"border-style:none;border-width:0px\"><object data-wp-bind--hidden=\"!state.hasPdfPreview\" hidden class=\"wp-block-file__embed\" data=\"https:\/\/agora.xtec.cat\/iessalvadorsegui\/wp-content\/uploads\/usu2033\/2026\/02\/PRESENTACIO-MOBILITAT-INTERNACIONAL_reunio-alumnat-25_26.pptx-1.pdf\" type=\"application\/pdf\" style=\"width:100%;height:600px\" aria-label=\"Incrustaci\u00f3 del fitxer PRESENTACI\u00d3 MOBILITAT INTERNACIONAL_reuni\u00f3 alumnat 25_26.pptx .\"><\/object><a id=\"wp-block-file--media-2b44dc40-c1c7-4998-8a97-8ec893160499\" href=\"https:\/\/agora.xtec.cat\/iessalvadorsegui\/wp-content\/uploads\/usu2033\/2026\/02\/PRESENTACIO-MOBILITAT-INTERNACIONAL_reunio-alumnat-25_26.pptx-1.pdf\">PRESENTACI\u00d3 MOBILITAT INTERNACIONAL_reuni\u00f3 alumnat 25_26.pptx <\/a><a href=\"https:\/\/agora.xtec.cat\/iessalvadorsegui\/wp-content\/uploads\/usu2033\/2026\/02\/PRESENTACIO-MOBILITAT-INTERNACIONAL_reunio-alumnat-25_26.pptx-1.pdf\" class=\"wp-block-file__button wp-element-button\" download aria-describedby=\"wp-block-file--media-2b44dc40-c1c7-4998-8a97-8ec893160499\">Baixa<\/a><\/div>\n\n\n\n<h3 class=\"wp-block-heading has-medium-font-size\"><span style=\"font-weight: 400;\">RESOLUCI\u00d3 BEQUES ALUMNAT CURS 2025-2026<\/span><\/h3>\n\n\n\n<div data-wp-interactive=\"core\/file\" class=\"wp-block-file\"><object data-wp-bind--hidden=\"!state.hasPdfPreview\" hidden class=\"wp-block-file__embed\" data=\"https:\/\/agora.xtec.cat\/iessalvadorsegui\/wp-content\/uploads\/usu2033\/2026\/02\/RESULTATS-CONVOCATORIA-ALUMNES.pdf\" type=\"application\/pdf\" style=\"width:100%;height:600px\" aria-label=\"Incrustaci\u00f3 del fitxer RESULTATS CONVOCAT\u00d2RIA ALUMNES.\"><\/object><a id=\"wp-block-file--media-be6070fe-cd7d-49a2-a8ad-cf2b4b9b6742\" href=\"https:\/\/agora.xtec.cat\/iessalvadorsegui\/wp-content\/uploads\/usu2033\/2026\/02\/RESULTATS-CONVOCATORIA-ALUMNES.pdf\">RESULTATS CONVOCAT\u00d2RIA ALUMNES<\/a><a href=\"https:\/\/agora.xtec.cat\/iessalvadorsegui\/wp-content\/uploads\/usu2033\/2026\/02\/RESULTATS-CONVOCATORIA-ALUMNES.pdf\" class=\"wp-block-file__button wp-element-button\" download aria-describedby=\"wp-block-file--media-be6070fe-cd7d-49a2-a8ad-cf2b4b9b6742\">Baixa<\/a><\/div>\n\n\n\n<figure class=\"wp-block-image aligncenter size-full\"><a href=\"https:\/\/agora.xtec.cat\/iessalvadorsegui\/wp-content\/uploads\/usu2033\/2026\/02\/image-2.png\"><img loading=\"lazy\" decoding=\"async\" width=\"290\" height=\"97\" src=\"https:\/\/agora.xtec.cat\/iessalvadorsegui\/wp-content\/uploads\/usu2033\/2026\/02\/image-2.png\" alt=\"\" class=\"wp-image-10499\"\/><\/a><\/figure>\n\n\n\n<h1 class=\"wp-block-heading has-medium-font-size\" id=\"Erasmus-Profe\"><strong>3. ERASMUS PROFESSORAT<\/strong><\/h1>\n\n\n\n<p>Els docents de l&#8217;Institut Salvador Segu\u00ed tenen la possibilitat de participar en el programa de mobilitat internacional. La descripci\u00f3 de les caracter\u00edstiques, el proc\u00e9s i els requisits per a la realitzaci\u00f3 de les mobilitats queda recollida a les bases de la convocat\u00f2ria.<\/p>\n\n\n\n<h4 class=\"wp-block-heading\"><strong>CONVOCAT\u00d2RIA&nbsp; DE PLACES DE MOBILITAT INTERNACIONAL CURS 2025-2026<\/strong><\/h4>\n\n\n\n<p style=\"font-size:16px\">Per poder participar en el programa de mobilitat el personal i docents hauran d&#8217;omplir el formulari de sol\u00b7licitud. <strong>El termini de presentaci\u00f3 de sol\u00b7licituds ser\u00e0 fins al 19 de novembre de 2025.<\/strong><\/p>\n\n\n\n<p style=\"font-size:16px\"><strong>El professorat seleccionat es compromet a con\u00e8ixer les bases de la convocat\u00f2ria&nbsp;<\/strong><\/p>\n\n\n\n<h3 class=\"wp-block-heading has-medium-font-size\"><a href=\"https:\/\/docs.google.com\/forms\/d\/1dz2pC9waRm_W3niOnE96et5a_rsJQZAEBWfbrQG1V_k\/edit\">&nbsp;Enlla\u00e7 al formulari de sol\u00b7licitud Erasmus+ PROFESSORAT curs 25-26 (Des del 30\/10 fins al 19\/11)<\/a><\/h3>\n\n\n\n<h3 class=\"wp-block-heading\">BASES DE LA CONVOCAT\u00d2RIA ERASMUS PROFESSORAT CURS 2025-2026<\/h3>\n\n\n\n<div data-wp-interactive=\"core\/file\" class=\"wp-block-file\"><object data-wp-bind--hidden=\"!state.hasPdfPreview\" hidden class=\"wp-block-file__embed\" data=\"https:\/\/agora.xtec.cat\/iessalvadorsegui\/wp-content\/uploads\/usu2033\/2026\/02\/CONVOCATORIA-ERASMUS-CURS-25_26.-DOCENTS.pdf\" type=\"application\/pdf\" style=\"width:100%;height:600px\" aria-label=\"Incrustaci\u00f3 del fitxer CONVOCAT\u00d2RIA ERASMUS+ CURS 25_26. DOCENTS.\"><\/object><a id=\"wp-block-file--media-4a4550e9-0950-4785-96ea-56981f59fca6\" href=\"https:\/\/agora.xtec.cat\/iessalvadorsegui\/wp-content\/uploads\/usu2033\/2026\/02\/CONVOCATORIA-ERASMUS-CURS-25_26.-DOCENTS.pdf\">CONVOCAT\u00d2RIA ERASMUS+ CURS 25_26. DOCENTS<\/a><a href=\"https:\/\/agora.xtec.cat\/iessalvadorsegui\/wp-content\/uploads\/usu2033\/2026\/02\/CONVOCATORIA-ERASMUS-CURS-25_26.-DOCENTS.pdf\" class=\"wp-block-file__button wp-element-button\" download aria-describedby=\"wp-block-file--media-4a4550e9-0950-4785-96ea-56981f59fca6\">Baixa<\/a><\/div>\n\n\n\n<h4 class=\"wp-block-heading\">RESOLUCI\u00d3 BEQUES PROFESSORAT CURS 2025-2026<\/h4>\n\n\n\n<div data-wp-interactive=\"core\/file\" class=\"wp-block-file\"><object data-wp-bind--hidden=\"!state.hasPdfPreview\" hidden class=\"wp-block-file__embed\" data=\"https:\/\/agora.xtec.cat\/iessalvadorsegui\/wp-content\/uploads\/usu2033\/2026\/02\/Resultats-convocatoria-Erasmus-Docents-2025-2026-1.pdf\" type=\"application\/pdf\" style=\"width:100%;height:600px\" aria-label=\"Incrustaci\u00f3 del fitxer Resultats convocat\u00f2ria Erasmus Docents 2025-2026.\"><\/object><a id=\"wp-block-file--media-44e0167d-7957-4aa7-891d-ef2dd9fb15dd\" href=\"https:\/\/agora.xtec.cat\/iessalvadorsegui\/wp-content\/uploads\/usu2033\/2026\/02\/Resultats-convocatoria-Erasmus-Docents-2025-2026-1.pdf\">Resultats convocat\u00f2ria Erasmus Docents 2025-2026<\/a><a href=\"https:\/\/agora.xtec.cat\/iessalvadorsegui\/wp-content\/uploads\/usu2033\/2026\/02\/Resultats-convocatoria-Erasmus-Docents-2025-2026-1.pdf\" class=\"wp-block-file__button wp-element-button\" download aria-describedby=\"wp-block-file--media-44e0167d-7957-4aa7-891d-ef2dd9fb15dd\">Baixa<\/a><\/div>\n\n\n\n<figure class=\"wp-block-image aligncenter size-full\"><a href=\"https:\/\/agora.xtec.cat\/iessalvadorsegui\/wp-content\/uploads\/usu2033\/2026\/02\/image-3.png\"><img loading=\"lazy\" decoding=\"async\" width=\"290\" height=\"97\" src=\"https:\/\/agora.xtec.cat\/iessalvadorsegui\/wp-content\/uploads\/usu2033\/2026\/02\/image-3.png\" alt=\"\" class=\"wp-image-10500\"\/><\/a><\/figure>\n\n\n\n<p id=\"Carta-eche\"><strong>4. CARTA ECHE<\/strong><\/p>\n\n\n\n<p style=\"font-size:16px\">La Carta Erasmus d&#8217;Educaci\u00f3 Superior (ECHE) constitueix un marc general de qualitat de les activitats de col\u00b7laboraci\u00f3 europea i internacional que qualsevol centre d&#8217;educaci\u00f3 superior podr\u00e0 fer en el marc del Programa Erasmus+. Disposar d&#8217;una ECHE v\u00e0lida \u00e9s un requisit previ per a les institucions d&#8217;educaci\u00f3 superior establertes a un estat membre de la Uni\u00f3 Europea o a un tercer pa\u00eds associat al Programa que vulguin participar al Programa Erasmus + 2021-2027. Amb ella, l\u2019institut Salvador Segu\u00ed, podem sol\u00b7licitar i participar en mobilitats vinculades a l&#8217;aprenentatge i\/oa la cooperaci\u00f3 amb altres institucions en el marc del programa Erasmus+.<\/p>\n\n\n\n<div data-wp-interactive=\"core\/file\" class=\"wp-block-file\"><object data-wp-bind--hidden=\"!state.hasPdfPreview\" hidden class=\"wp-block-file__embed\" data=\"https:\/\/agora.xtec.cat\/iessalvadorsegui\/wp-content\/uploads\/usu2033\/2026\/02\/Erasmus-Charter-for-Higher-Education.pdf\" type=\"application\/pdf\" style=\"width:100%;height:600px\" aria-label=\"Incrustaci\u00f3 del fitxer Erasmus Charter for Higher Education.\"><\/object><a id=\"wp-block-file--media-3fe364fb-a1ee-4420-abdf-80fc09b91606\" href=\"https:\/\/agora.xtec.cat\/iessalvadorsegui\/wp-content\/uploads\/usu2033\/2026\/02\/Erasmus-Charter-for-Higher-Education.pdf\">Erasmus Charter for Higher Education<\/a><a href=\"https:\/\/agora.xtec.cat\/iessalvadorsegui\/wp-content\/uploads\/usu2033\/2026\/02\/Erasmus-Charter-for-Higher-Education.pdf\" class=\"wp-block-file__button wp-element-button\" download aria-describedby=\"wp-block-file--media-3fe364fb-a1ee-4420-abdf-80fc09b91606\">Baixa<\/a><\/div>\n\n\n\n<p id=\"exp\"><strong>5. EXPERI\u00c8NCIES D\u2019ALUMNES I DOCENTS<\/strong><\/p>\n\n\n\n<p id=\"PROJECTES\"><strong>6. PROJECTES COL\u00b7LABORATIUS<\/strong><\/p>\n\n\n\n<figure class=\"wp-block-table\"><table class=\"has-fixed-layout\"><tbody><tr><td><figure><a href=\"https:\/\/agora.xtec.cat\/iessalvadorsegui\/wp-content\/uploads\/usu2033\/2024\/11\/sepie.png\"><img loading=\"lazy\" decoding=\"async\" class=\"wp-image-8836 aligncenter\" src=\"https:\/\/agora.xtec.cat\/iessalvadorsegui\/wp-content\/uploads\/usu2033\/2024\/11\/sepie.png\" alt=\"\" width=\"180\" height=\"98\" srcset=\"https:\/\/agora.xtec.cat\/iessalvadorsegui\/wp-content\/uploads\/usu2033\/2024\/11\/sepie.png 450w, https:\/\/agora.xtec.cat\/iessalvadorsegui\/wp-content\/uploads\/usu2033\/2024\/11\/sepie-300x164.png 300w\" sizes=\"auto, (max-width: 180px) 100vw, 180px\" \/><\/a><\/figure><\/td><td>&nbsp;<figure><a href=\"https:\/\/agora.xtec.cat\/iessalvadorsegui\/wp-content\/uploads\/usu2033\/2024\/11\/educacio_h3.png\"><img loading=\"lazy\" decoding=\"async\" width=\"250\" height=\"50\" class=\"wp-image-8838 aligncenter\" src=\"https:\/\/agora.xtec.cat\/iessalvadorsegui\/wp-content\/uploads\/usu2033\/2024\/11\/educacio_h3.png\" alt=\"\" srcset=\"https:\/\/agora.xtec.cat\/iessalvadorsegui\/wp-content\/uploads\/usu2033\/2024\/11\/educacio_h3.png 497w, https:\/\/agora.xtec.cat\/iessalvadorsegui\/wp-content\/uploads\/usu2033\/2024\/11\/educacio_h3-300x60.png 300w\" sizes=\"auto, (max-width: 250px) 100vw, 250px\" \/><\/a><\/figure><\/td><td>&nbsp;<figure><a href=\"https:\/\/agora.xtec.cat\/iessalvadorsegui\/wp-content\/uploads\/usu2033\/2024\/11\/Logo-FBCNFP.jpg\"><img loading=\"lazy\" decoding=\"async\" width=\"117\" height=\"107\" class=\"wp-image-8837 aligncenter\" src=\"https:\/\/agora.xtec.cat\/iessalvadorsegui\/wp-content\/uploads\/usu2033\/2024\/11\/Logo-FBCNFP.jpg\" alt=\"\"><\/a><\/figure><\/td><\/tr><\/tbody><\/table><\/figure>\n\n\n\n<figure class=\"wp-block-image aligncenter size-full\"><a href=\"https:\/\/agora.xtec.cat\/iessalvadorsegui\/wp-content\/uploads\/usu2033\/2026\/02\/image-3.png\"><img loading=\"lazy\" decoding=\"async\" width=\"290\" height=\"97\" src=\"https:\/\/agora.xtec.cat\/iessalvadorsegui\/wp-content\/uploads\/usu2033\/2026\/02\/image-3.png\" alt=\"\" class=\"wp-image-10500\"\/><\/a><\/figure>\n\n\n\n<figure class=\"wp-block-image aligncenter size-full is-resized\"><a href=\"https:\/\/agora.xtec.cat\/iessalvadorsegui\/wp-content\/uploads\/usu2033\/2026\/02\/image-1.png\"><img loading=\"lazy\" decoding=\"async\" width=\"255\" height=\"198\" src=\"https:\/\/agora.xtec.cat\/iessalvadorsegui\/wp-content\/uploads\/usu2033\/2026\/02\/image-1.png\" alt=\"\" class=\"wp-image-10490\" style=\"width:435px;height:auto\"\/><\/a><\/figure>\n\n\n\n<p><\/p>\n\n\n\n<p><\/p>\n","protected":false},"excerpt":{"rendered":"<p>Informaci\u00f3 General Erasmus Alumnat Erasmus Professorat Carta ECHE Experi\u00e8ncies d&#8217;alumnes i professorat Projecte col\u00b7laboratius El programa europeu Erasmus+ permet que estudiants, graduats i docents de Formaci\u00f3 Professional puguin formar-se o realitzar estades formatives en institucions o empreses dels diferents pa\u00efsos de la Uni\u00f3 Europea.&nbsp; L\u2019institut Salvador Segui, aposta per la mobilitat internacional dels seu alumnat [&hellip;]<\/p>\n","protected":false},"author":69,"featured_media":0,"parent":1060,"menu_order":0,"comment_status":"closed","ping_status":"closed","template":"","meta":{"_bbp_topic_count":0,"_bbp_reply_count":0,"_bbp_total_topic_count":0,"_bbp_total_reply_count":0,"_bbp_voice_count":0,"_bbp_anonymous_reply_count":0,"_bbp_topic_count_hidden":0,"_bbp_reply_count_hidden":0,"_bbp_forum_subforum_count":0,"site-sidebar-layout":"default","site-content-layout":"","ast-site-content-layout":"default","site-content-style":"default","site-sidebar-style":"default","ast-global-header-display":"","ast-banner-title-visibility":"","ast-main-header-display":"","ast-hfb-above-header-display":"","ast-hfb-below-header-display":"","ast-hfb-mobile-header-display":"","site-post-title":"","ast-breadcrumbs-content":"","ast-featured-img":"","footer-sml-layout":"","theme-transparent-header-meta":"","adv-header-id-meta":"","stick-header-meta":"","header-above-stick-meta":"","header-main-stick-meta":"","header-below-stick-meta":"","astra-migrate-meta-layouts":"set","ast-page-background-enabled":"default","ast-page-background-meta":{"desktop":{"background-color":"var(--ast-global-color-4)","background-image":"","background-repeat":"repeat","background-position":"center center","background-size":"auto","background-attachment":"scroll","background-type":"","background-media":"","overlay-type":"","overlay-color":"","overlay-opacity":"","overlay-gradient":""},"tablet":{"background-color":"","background-image":"","background-repeat":"repeat","background-position":"center center","background-size":"auto","background-attachment":"scroll","background-type":"","background-media":"","overlay-type":"","overlay-color":"","overlay-opacity":"","overlay-gradient":""},"mobile":{"background-color":"","background-image":"","background-repeat":"repeat","background-position":"center center","background-size":"auto","background-attachment":"scroll","background-type":"","background-media":"","overlay-type":"","overlay-color":"","overlay-opacity":"","overlay-gradient":""}},"ast-content-background-meta":{"desktop":{"background-color":"var(--ast-global-color-5)","background-image":"","background-repeat":"repeat","background-position":"center center","background-size":"auto","background-attachment":"scroll","background-type":"","background-media":"","overlay-type":"","overlay-color":"","overlay-opacity":"","overlay-gradient":""},"tablet":{"background-color":"var(--ast-global-color-5)","background-image":"","background-repeat":"repeat","background-position":"center center","background-size":"auto","background-attachment":"scroll","background-type":"","background-media":"","overlay-type":"","overlay-color":"","overlay-opacity":"","overlay-gradient":""},"mobile":{"background-color":"var(--ast-global-color-5)","background-image":"","background-repeat":"repeat","background-position":"center center","background-size":"auto","background-attachment":"scroll","background-type":"","background-media":"","overlay-type":"","overlay-color":"","overlay-opacity":"","overlay-gradient":""}},"footnotes":""},"class_list":["post-1398","page","type-page","status-publish","hentry"],"post_mailing_queue_ids":[],"_links":{"self":[{"href":"https:\/\/agora.xtec.cat\/iessalvadorsegui\/wp-json\/wp\/v2\/pages\/1398","targetHints":{"allow":["GET"]}}],"collection":[{"href":"https:\/\/agora.xtec.cat\/iessalvadorsegui\/wp-json\/wp\/v2\/pages"}],"about":[{"href":"https:\/\/agora.xtec.cat\/iessalvadorsegui\/wp-json\/wp\/v2\/types\/page"}],"author":[{"embeddable":true,"href":"https:\/\/agora.xtec.cat\/iessalvadorsegui\/wp-json\/wp\/v2\/users\/69"}],"replies":[{"embeddable":true,"href":"https:\/\/agora.xtec.cat\/iessalvadorsegui\/wp-json\/wp\/v2\/comments?post=1398"}],"version-history":[{"count":5,"href":"https:\/\/agora.xtec.cat\/iessalvadorsegui\/wp-json\/wp\/v2\/pages\/1398\/revisions"}],"predecessor-version":[{"id":10657,"href":"https:\/\/agora.xtec.cat\/iessalvadorsegui\/wp-json\/wp\/v2\/pages\/1398\/revisions\/10657"}],"up":[{"embeddable":true,"href":"https:\/\/agora.xtec.cat\/iessalvadorsegui\/wp-json\/wp\/v2\/pages\/1060"}],"wp:attachment":[{"href":"https:\/\/agora.xtec.cat\/iessalvadorsegui\/wp-json\/wp\/v2\/media?parent=1398"}],"curies":[{"name":"wp","href":"https:\/\/api.w.org\/{rel}","templated":true}]}}