{"id":1254,"date":"2020-04-07T12:29:44","date_gmt":"2020-04-07T10:29:44","guid":{"rendered":"https:\/\/agora.xtec.cat\/iessalvadorsegui\/?page_id=1254"},"modified":"2023-03-21T11:47:47","modified_gmt":"2023-03-21T10:47:47","slug":"tramitar-sollicitud-pfi","status":"publish","type":"page","link":"https:\/\/agora.xtec.cat\/iessalvadorsegui\/secretaria\/preinscripcio-i-matricula\/tramitar-sollicitud-pfi\/","title":{"rendered":"\u26aa\u26aaTramitar la sol\u00b7licitud de preinscripci\u00f3 al PFI"},"content":{"rendered":"<p style=\"text-align: justify;\"><span style=\"color: #800080;\"><strong>TR\u00c0MIT PER FER LA PREINSCRIPCI\u00d3:<\/strong><\/span><\/p>\n<p style=\"text-align: justify;\">La preinscripci\u00f3 es far\u00e0 de manera presencial, per fer-ho:<\/p>\n<ul style=\"text-align: justify;\">\n<li>Heu de descarregar aquesta <span style=\"color: #33cccc;\"><strong>sol\u00b7licitud de preinscripci\u00f3<\/strong><\/span> i emplenar-la degudament.<\/li>\n<li>Preparar tota la documentaci\u00f3 necess\u00e0ria (original i fotoc\u00f2pia).<\/li>\n<li>Demanar cita pr\u00e8via al tel\u00e8fon: 93 314 20 41.<\/li>\n<\/ul>\n<p style=\"text-align: justify;\"><strong>IMPORTANT<\/strong>: Un cop tramitada la sol\u00b7licitud, es far\u00e0 l&#8217;entrevista, seguidament.<\/p>\n<p><span style=\"color: #800080;\"><strong>DOCUMENTACI\u00d3 NECESS\u00c0RIA:<\/strong><\/span><\/p>\n<p style=\"text-align: justify;\"><strong>Documentaci\u00f3 identificativa que s&#8217;ha d&#8217;adjuntar amb la sol\u00b7licitud:<\/strong><\/p>\n<ul style=\"text-align: justify;\">\n<li><span style=\"color: #0000ff;\"><span style=\"color: #666ed9;\">Original i c\u00f2pia <\/span><strong><span style=\"color: #666ed9;\">DNI, NIE o passaport vigent<\/span>.<\/strong><\/span> Si es tracta d&#8217;estrangers comunitaris, document d&#8217;identitat del pa\u00eds d&#8217;origen.<\/li>\n<\/ul>\n<p style=\"text-align: justify;\">Si el sol\u00b7licitant\u00a0\u00e9s\u00a0<strong>menor d&#8217;edat<\/strong>\u00a0tamb\u00e9 ha de presentar:<\/p>\n<ul style=\"text-align: justify;\">\n<li><span style=\"color: #0000ff;\">Certificaci\u00f3 electr\u00f2nica<\/span> de la inscripci\u00f3 de naixement o el llibre de fam\u00edlia o altres documents relatius a la filiaci\u00f3. Si est\u00e0 en situaci\u00f3 d&#8217;acolliment en fam\u00edlia o instituci\u00f3, la resoluci\u00f3 d&#8217;acolliment del Departament de Drets Socials.<\/li>\n<li><span style=\"color: #0000ff;\"><strong><span style=\"color: #666ed9;\">Original i fotoc\u00f2pia del DN<\/span><\/strong>I <span style=\"color: #000000;\">d<\/span><\/span><span style=\"color: #000000;\">e<\/span> la persona sol\u00b7licitant (pare, mare, tutor\/as o guardador\/a de fet) o, si \u00e9s estrangera, la targeta de resid\u00e8ncia on consta el NIE, o del passaport. Si es tracta d&#8217;estrangers comunitaris, document d&#8217;identitat del pa\u00eds d&#8217;origen.<\/li>\n<li>De manera extraordin\u00e0ria i \u00fanicament a efectes de preinscripci\u00f3, les dades d&#8217;identificaci\u00f3 o de filiaci\u00f3 de les persones estrangeres es poden acreditar amb la documentaci\u00f3 alternativa que la persona pugui aportar. Tanmateix, la matr\u00edcula estar\u00e0 condicionada a la presentaci\u00f3 de la documentaci\u00f3 identificativa establerta en els par\u00e0grafs anteriors.<\/li>\n<\/ul>\n<p style=\"text-align: justify;\">Per acreditar la <span style=\"color: #666ed9;\">condici\u00f3 de<strong> discapacitat<\/strong>, s&#8217;ha de presentar un certificat del Servei de Valoraci\u00f3 i Orientaci\u00f3 a Persones amb Discapacitat (CAD) del Departament de Treball, Afers Socials i Fam\u00edlies o, si no n&#8217;hi ha, un informe de l&#8217;EAP<\/span> en el qual s&#8217;indiqui l&#8217;exist\u00e8ncia d&#8217;indicis raonables que l&#8217;alumne presenta discapacitat.<\/p>\n<p>Tamb\u00e9 en relaci\u00f3 a l&#8217;acreditaci\u00f3 dels punts del domicili, en les instruccions fa refer\u00e8ncia a :<\/p>\n<ul>\n<li>Quan el domicili habitual que s&#8217;al\u00b7lega no coincideix amb el DNI, amb el de la targeta de resid\u00e8ncia on consta el NIE o es tracta de persones estrangeres sense NIE, s&#8217;acredita amb el certificat o volant municipal de conviv\u00e8ncia de l&#8217;alumne on ha de constar que conviu amb la persona sol\u00b7licitant, si s&#8217;escau.<\/li>\n<\/ul>\n","protected":false},"excerpt":{"rendered":"<p>TR\u00c0MIT PER FER LA PREINSCRIPCI\u00d3: La preinscripci\u00f3 es far\u00e0 de manera presencial, per fer-ho: Heu de descarregar aquesta sol\u00b7licitud de preinscripci\u00f3 i emplenar-la degudament. Preparar tota la documentaci\u00f3 necess\u00e0ria (original i fotoc\u00f2pia). Demanar cita pr\u00e8via al tel\u00e8fon: 93 314 20 41. IMPORTANT: Un cop tramitada la sol\u00b7licitud, es far\u00e0 l&#8217;entrevista, seguidament. DOCUMENTACI\u00d3 NECESS\u00c0RIA: Documentaci\u00f3 identificativa [&hellip;]<\/p>\n","protected":false},"author":12,"featured_media":0,"parent":1067,"menu_order":7,"comment_status":"closed","ping_status":"closed","template":"page-templates\/side-menu.php","meta":{"_bbp_topic_count":0,"_bbp_reply_count":0,"_bbp_total_topic_count":0,"_bbp_total_reply_count":0,"_bbp_voice_count":0,"_bbp_anonymous_reply_count":0,"_bbp_topic_count_hidden":0,"_bbp_reply_count_hidden":0,"_bbp_forum_subforum_count":0,"site-sidebar-layout":"default","site-content-layout":"","ast-site-content-layout":"","site-content-style":"default","site-sidebar-style":"default","ast-global-header-display":"","ast-banner-title-visibility":"","ast-main-header-display":"","ast-hfb-above-header-display":"","ast-hfb-below-header-display":"","ast-hfb-mobile-header-display":"","site-post-title":"","ast-breadcrumbs-content":"","ast-featured-img":"","footer-sml-layout":"","theme-transparent-header-meta":"","adv-header-id-meta":"","stick-header-meta":"","header-above-stick-meta":"","header-main-stick-meta":"","header-below-stick-meta":"","astra-migrate-meta-layouts":"default","ast-page-background-enabled":"default","ast-page-background-meta":{"desktop":{"background-color":"var(--ast-global-color-4)","background-image":"","background-repeat":"repeat","background-position":"center center","background-size":"auto","background-attachment":"scroll","background-type":"","background-media":"","overlay-type":"","overlay-color":"","overlay-opacity":"","overlay-gradient":""},"tablet":{"background-color":"","background-image":"","background-repeat":"repeat","background-position":"center center","background-size":"auto","background-attachment":"scroll","background-type":"","background-media":"","overlay-type":"","overlay-color":"","overlay-opacity":"","overlay-gradient":""},"mobile":{"background-color":"","background-image":"","background-repeat":"repeat","background-position":"center center","background-size":"auto","background-attachment":"scroll","background-type":"","background-media":"","overlay-type":"","overlay-color":"","overlay-opacity":"","overlay-gradient":""}},"ast-content-background-meta":{"desktop":{"background-color":"var(--ast-global-color-5)","background-image":"","background-repeat":"repeat","background-position":"center center","background-size":"auto","background-attachment":"scroll","background-type":"","background-media":"","overlay-type":"","overlay-color":"","overlay-opacity":"","overlay-gradient":""},"tablet":{"background-color":"var(--ast-global-color-5)","background-image":"","background-repeat":"repeat","background-position":"center center","background-size":"auto","background-attachment":"scroll","background-type":"","background-media":"","overlay-type":"","overlay-color":"","overlay-opacity":"","overlay-gradient":""},"mobile":{"background-color":"var(--ast-global-color-5)","background-image":"","background-repeat":"repeat","background-position":"center center","background-size":"auto","background-attachment":"scroll","background-type":"","background-media":"","overlay-type":"","overlay-color":"","overlay-opacity":"","overlay-gradient":""}},"footnotes":""},"class_list":["post-1254","page","type-page","status-publish","hentry"],"post_mailing_queue_ids":[],"_links":{"self":[{"href":"https:\/\/agora.xtec.cat\/iessalvadorsegui\/wp-json\/wp\/v2\/pages\/1254","targetHints":{"allow":["GET"]}}],"collection":[{"href":"https:\/\/agora.xtec.cat\/iessalvadorsegui\/wp-json\/wp\/v2\/pages"}],"about":[{"href":"https:\/\/agora.xtec.cat\/iessalvadorsegui\/wp-json\/wp\/v2\/types\/page"}],"author":[{"embeddable":true,"href":"https:\/\/agora.xtec.cat\/iessalvadorsegui\/wp-json\/wp\/v2\/users\/12"}],"replies":[{"embeddable":true,"href":"https:\/\/agora.xtec.cat\/iessalvadorsegui\/wp-json\/wp\/v2\/comments?post=1254"}],"version-history":[{"count":4,"href":"https:\/\/agora.xtec.cat\/iessalvadorsegui\/wp-json\/wp\/v2\/pages\/1254\/revisions"}],"predecessor-version":[{"id":7139,"href":"https:\/\/agora.xtec.cat\/iessalvadorsegui\/wp-json\/wp\/v2\/pages\/1254\/revisions\/7139"}],"up":[{"embeddable":true,"href":"https:\/\/agora.xtec.cat\/iessalvadorsegui\/wp-json\/wp\/v2\/pages\/1067"}],"wp:attachment":[{"href":"https:\/\/agora.xtec.cat\/iessalvadorsegui\/wp-json\/wp\/v2\/media?parent=1254"}],"curies":[{"name":"wp","href":"https:\/\/api.w.org\/{rel}","templated":true}]}}