{"id":1226,"date":"2020-04-06T13:35:03","date_gmt":"2020-04-06T11:35:03","guid":{"rendered":"https:\/\/agora.xtec.cat\/iessalvadorsegui\/?page_id=1226"},"modified":"2026-03-27T13:21:21","modified_gmt":"2026-03-27T12:21:21","slug":"informacio-dels-programes-de-formacio-i-insercio-pfi","status":"publish","type":"page","link":"https:\/\/agora.xtec.cat\/iessalvadorsegui\/secretaria\/preinscripcio-i-matricula\/informacio-dels-programes-de-formacio-i-insercio-pfi\/","title":{"rendered":"\u26aaInformaci\u00f3 de la preinscripci\u00f3 als Programes de Formaci\u00f3 i Inserci\u00f3 (PFI)."},"content":{"rendered":"<table style=\"border-collapse: collapse; width: 100%; height: 207px;\">\n<tbody>\n<tr style=\"height: 207px;\">\n<td style=\"width: 20%; border-style: hidden; text-align: center; vertical-align: top; height: 207px;\"><a href=\"https:\/\/agora.xtec.cat\/iessalvadorsegui\/?p=6177&amp;preview=true\"><img loading=\"lazy\" decoding=\"async\" class=\"aligncenter wp-image-7121\" src=\"https:\/\/agora.xtec.cat\/iessalvadorsegui\/wp-content\/uploads\/usu2033\/2023\/03\/calendar-150x150.png\" alt=\"\" width=\"50\" height=\"50\" srcset=\"https:\/\/agora.xtec.cat\/iessalvadorsegui\/wp-content\/uploads\/usu2033\/2023\/03\/calendar-150x150.png 150w, https:\/\/agora.xtec.cat\/iessalvadorsegui\/wp-content\/uploads\/usu2033\/2023\/03\/calendar-300x300.png 300w, https:\/\/agora.xtec.cat\/iessalvadorsegui\/wp-content\/uploads\/usu2033\/2023\/03\/calendar.png 512w\" sizes=\"auto, (max-width: 50px) 100vw, 50px\" \/><\/a><strong><a href=\"https:\/\/agora.xtec.cat\/iessalvadorsegui\/?p=6177&amp;preview=true\">CALENDARI<\/a><\/strong><\/td>\n<td style=\"width: 5%; border-style: hidden; height: 207px;\"><\/td>\n<td style=\"width: 20%; border-style: hidden; vertical-align: top; height: 207px;\">\n<p style=\"text-align: center;\"><img loading=\"lazy\" decoding=\"async\" class=\"aligncenter wp-image-7122\" src=\"https:\/\/agora.xtec.cat\/iessalvadorsegui\/wp-content\/uploads\/usu2033\/2023\/03\/message-150x150.png\" alt=\"\" width=\"50\" height=\"50\" srcset=\"https:\/\/agora.xtec.cat\/iessalvadorsegui\/wp-content\/uploads\/usu2033\/2023\/03\/message-150x150.png 150w, https:\/\/agora.xtec.cat\/iessalvadorsegui\/wp-content\/uploads\/usu2033\/2023\/03\/message-300x300.png 300w, https:\/\/agora.xtec.cat\/iessalvadorsegui\/wp-content\/uploads\/usu2033\/2023\/03\/message.png 512w\" sizes=\"auto, (max-width: 50px) 100vw, 50px\" \/><\/p>\n<p style=\"text-align: center;\"><a href=\"https:\/\/educacio.gencat.cat\/ca\/tramits\/tramits-temes\/9404-programes-formacio-insercio?&amp;moda=1\"><strong>Presentaci\u00f3 de sol\u00b7licituds<\/strong><\/a>:\u00a0 \u00a0 \u00a0 \u00a0 del 4 al 13 de maig de 2026<\/p>\n<\/td>\n<td style=\"width: 5%; border-style: hidden; height: 207px;\"><\/td>\n<td style=\"width: 20%; border-style: hidden; text-align: center; vertical-align: top; height: 207px;\"><a href=\"https:\/\/agora.xtec.cat\/iessalvadorsegui\/general\/criteris-dassignacio-de-places-pfi\/\"><img loading=\"lazy\" decoding=\"async\" class=\"aligncenter wp-image-7123\" src=\"https:\/\/agora.xtec.cat\/iessalvadorsegui\/wp-content\/uploads\/usu2033\/2023\/03\/candidate-150x150.png\" alt=\"\" width=\"50\" height=\"50\" srcset=\"https:\/\/agora.xtec.cat\/iessalvadorsegui\/wp-content\/uploads\/usu2033\/2023\/03\/candidate-150x150.png 150w, https:\/\/agora.xtec.cat\/iessalvadorsegui\/wp-content\/uploads\/usu2033\/2023\/03\/candidate-300x300.png 300w, https:\/\/agora.xtec.cat\/iessalvadorsegui\/wp-content\/uploads\/usu2033\/2023\/03\/candidate.png 512w\" sizes=\"auto, (max-width: 50px) 100vw, 50px\" \/><\/a><a href=\"https:\/\/agora.xtec.cat\/iessalvadorsegui\/general\/criteris-dassignacio-de-places-pfi\/\"><strong>CRITERIS D&#8217;ASSIGNACI\u00d3 DE PLACES<\/strong><\/a><\/td>\n<\/tr>\n<\/tbody>\n<\/table>\n<p><b>INFORMACI\u00d3 ADDICIONAL:<\/b><\/p>\n<p style=\"font-family: 'Helvetica Neue', Helvetica, Helvetica, Arial, sans-serif; font-size: 16px;\"><a href=\"https:\/\/preinscripcio.gencat.cat\/ca\/estudis\/pfi\/inici\/\"><b>Web de la preinscripci\u00f3 del Departament d\u2019Educaci\u00f3<\/b><\/a><\/p>\n<p style=\"font-family: 'Helvetica Neue', Helvetica, Helvetica, Arial, sans-serif; font-size: 16px;\"><a style=\"color: #2795b6;\" href=\"https:\/\/www.edubcn.cat\/ca\/alumnat_i_familia\/informacio_general_matriculacio%20\/postobligatoris\" target=\"_blank\" rel=\"noopener\"><strong>Web de la preinscripci\u00f3 del Consorci d\u2019Educaci\u00f3 de Barcelona<\/strong><\/a><\/p>\n<p><b>Per consultar oferta de places:\u00a0<\/b><a href=\"http:\/\/mapaescolar.gencat.cat\/\"><b>Mapa escolar de Catalunya <\/b><\/a><\/p>\n<p>M\u00e9s informaci\u00f3 respecte als teus futurs estudis a\u00a0<strong><a href=\"https:\/\/triaeducativa.gencat.cat\/ca\/fp\/pfi\/\">triaeducativa.cat<\/a><\/strong><\/p>\n","protected":false},"excerpt":{"rendered":"<p>CALENDARI Presentaci\u00f3 de sol\u00b7licituds:\u00a0 \u00a0 \u00a0 \u00a0 del 4 al 13 de maig de 2026 CRITERIS D&#8217;ASSIGNACI\u00d3 DE PLACES INFORMACI\u00d3 ADDICIONAL: Web de la preinscripci\u00f3 del Departament d\u2019Educaci\u00f3 Web de la preinscripci\u00f3 del Consorci d\u2019Educaci\u00f3 de Barcelona Per consultar oferta de places:\u00a0Mapa escolar de Catalunya M\u00e9s informaci\u00f3 respecte als teus futurs estudis a\u00a0triaeducativa.cat<\/p>\n","protected":false},"author":12,"featured_media":0,"parent":1067,"menu_order":6,"comment_status":"closed","ping_status":"closed","template":"","meta":{"_bbp_topic_count":0,"_bbp_reply_count":0,"_bbp_total_topic_count":0,"_bbp_total_reply_count":0,"_bbp_voice_count":0,"_bbp_anonymous_reply_count":0,"_bbp_topic_count_hidden":0,"_bbp_reply_count_hidden":0,"_bbp_forum_subforum_count":0,"site-sidebar-layout":"default","site-content-layout":"","ast-site-content-layout":"default","site-content-style":"default","site-sidebar-style":"default","ast-global-header-display":"","ast-banner-title-visibility":"","ast-main-header-display":"","ast-hfb-above-header-display":"","ast-hfb-below-header-display":"","ast-hfb-mobile-header-display":"","site-post-title":"","ast-breadcrumbs-content":"","ast-featured-img":"","footer-sml-layout":"","theme-transparent-header-meta":"","adv-header-id-meta":"","stick-header-meta":"","header-above-stick-meta":"","header-main-stick-meta":"","header-below-stick-meta":"","astra-migrate-meta-layouts":"set","ast-page-background-enabled":"default","ast-page-background-meta":{"desktop":{"background-color":"var(--ast-global-color-4)","background-image":"","background-repeat":"repeat","background-position":"center center","background-size":"auto","background-attachment":"scroll","background-type":"","background-media":"","overlay-type":"","overlay-color":"","overlay-opacity":"","overlay-gradient":""},"tablet":{"background-color":"","background-image":"","background-repeat":"repeat","background-position":"center center","background-size":"auto","background-attachment":"scroll","background-type":"","background-media":"","overlay-type":"","overlay-color":"","overlay-opacity":"","overlay-gradient":""},"mobile":{"background-color":"","background-image":"","background-repeat":"repeat","background-position":"center center","background-size":"auto","background-attachment":"scroll","background-type":"","background-media":"","overlay-type":"","overlay-color":"","overlay-opacity":"","overlay-gradient":""}},"ast-content-background-meta":{"desktop":{"background-color":"var(--ast-global-color-5)","background-image":"","background-repeat":"repeat","background-position":"center center","background-size":"auto","background-attachment":"scroll","background-type":"","background-media":"","overlay-type":"","overlay-color":"","overlay-opacity":"","overlay-gradient":""},"tablet":{"background-color":"var(--ast-global-color-5)","background-image":"","background-repeat":"repeat","background-position":"center center","background-size":"auto","background-attachment":"scroll","background-type":"","background-media":"","overlay-type":"","overlay-color":"","overlay-opacity":"","overlay-gradient":""},"mobile":{"background-color":"var(--ast-global-color-5)","background-image":"","background-repeat":"repeat","background-position":"center center","background-size":"auto","background-attachment":"scroll","background-type":"","background-media":"","overlay-type":"","overlay-color":"","overlay-opacity":"","overlay-gradient":""}},"footnotes":""},"class_list":["post-1226","page","type-page","status-publish","hentry"],"post_mailing_queue_ids":[],"_links":{"self":[{"href":"https:\/\/agora.xtec.cat\/iessalvadorsegui\/wp-json\/wp\/v2\/pages\/1226","targetHints":{"allow":["GET"]}}],"collection":[{"href":"https:\/\/agora.xtec.cat\/iessalvadorsegui\/wp-json\/wp\/v2\/pages"}],"about":[{"href":"https:\/\/agora.xtec.cat\/iessalvadorsegui\/wp-json\/wp\/v2\/types\/page"}],"author":[{"embeddable":true,"href":"https:\/\/agora.xtec.cat\/iessalvadorsegui\/wp-json\/wp\/v2\/users\/12"}],"replies":[{"embeddable":true,"href":"https:\/\/agora.xtec.cat\/iessalvadorsegui\/wp-json\/wp\/v2\/comments?post=1226"}],"version-history":[{"count":5,"href":"https:\/\/agora.xtec.cat\/iessalvadorsegui\/wp-json\/wp\/v2\/pages\/1226\/revisions"}],"predecessor-version":[{"id":11066,"href":"https:\/\/agora.xtec.cat\/iessalvadorsegui\/wp-json\/wp\/v2\/pages\/1226\/revisions\/11066"}],"up":[{"embeddable":true,"href":"https:\/\/agora.xtec.cat\/iessalvadorsegui\/wp-json\/wp\/v2\/pages\/1067"}],"wp:attachment":[{"href":"https:\/\/agora.xtec.cat\/iessalvadorsegui\/wp-json\/wp\/v2\/media?parent=1226"}],"curies":[{"name":"wp","href":"https:\/\/api.w.org\/{rel}","templated":true}]}}