{"id":1090,"date":"2020-03-31T15:07:33","date_gmt":"2020-03-31T13:07:33","guid":{"rendered":"https:\/\/agora.xtec.cat\/iessalvadorsegui\/?page_id=1090"},"modified":"2025-10-01T10:14:48","modified_gmt":"2025-10-01T08:14:48","slug":"convalidacions","status":"publish","type":"page","link":"https:\/\/agora.xtec.cat\/iessalvadorsegui\/secretaria\/tramits\/convalidacions\/","title":{"rendered":"Convalidacions"},"content":{"rendered":"<p>Termini per presentar la sol\u00b7lcitud de convalidacions fins<strong> el 30 d&#8217;octubre.<\/strong><\/p>\n<p><strong>PROCEDIMENT<\/strong><\/p>\n<ul>\n<li>Omplir el formulari amb les dades sol\u00b7licitades.<\/li>\n<li>Descarregar la sol\u00b7licitud de convalidaci\u00f3. <span style=\"color: #0000ff;\"><strong><a style=\"color: #0000ff;\" href=\"https:\/\/agora.xtec.cat\/iessalvadorsegui\/wp-content\/uploads\/usu2033\/2022\/01\/Sollicitud-de-convalidacio-V2.pdf\">Descarrega-la\u00a0<\/a><\/strong><\/span><\/li>\n<li>Complimenta la sol\u00b7licitud, signa-la, escaneja-la en pdf i penjar-la al<span style=\"color: #0000ff;\"><a style=\"color: #0000ff;\" href=\"https:\/\/docs.google.com\/forms\/d\/e\/1FAIpQLScyM2X31Jo71UvDFWrddNkzWIIsCUdJtHrYhKFPlUjH3VD2UA\/viewform\"><strong> FORMULARI<\/strong><\/a><\/span><\/li>\n<li>Adjuntar al formulari la seg\u00fcent <strong>documentaci\u00f3 acreditativa<\/strong> segons els estudis realitzats:<\/li>\n<\/ul>\n<p style=\"padding-left: 40px;\"><b>CICLES FORMATIUS<\/b><\/p>\n<ul>\n<li><strong>Certificat de notes<\/strong> del cicle realitzat desglo\u00e7at per UFs.<\/li>\n<li><strong>T\u00edtol o resguard<\/strong> de t\u00edtol del cicle que aporten.<\/li>\n<\/ul>\n<p style=\"padding-left: 40px;\"><strong>ESTUDIS UNIVERSITARIS<\/strong><\/p>\n<ul>\n<li><strong>Certificat de notes<\/strong> de la carrera<\/li>\n<li><strong>Pla d\u2019estudis<\/strong> cursat a la universitat<\/li>\n<li><strong>Programa<\/strong> de les mat\u00e8ries cursades en qu\u00e8 basa la petici\u00f3.<\/li>\n<\/ul>\n<p>Existeixen dos tipus de convalidacions: les convalidacions directes i les convalidacions singulars. Les convalidacions directes s\u00f3n gestionades mitjan\u00e7ant la direcci\u00f3 del centre i les convalidacions singulars, a trav\u00e9s del Departament d\u2019Ensenyament.<\/p>\n<p>Els informes de qualificacions o butlletins de notse no s\u00f3n v\u00e0lids. Per demanaer la convalidaci\u00f3 nom\u00e9s s&#8217;admeten certificats de notes. Els <strong>certificats de notes<\/strong> es demanen a la secretria del centre on heu cursat els estudis que aporteu (si heu cursat els estudis al Salvador Segu\u00ed, no fa falta que demaneu el cetificat de notes,nom\u00e9s indicar-ho)<\/p>\n<p>La comunicaci\u00f3 de la <strong>resoluci\u00f3<\/strong> es fa mitjan\u00e7ant un escrit per <strong>via tutor\/a.<\/strong><\/p>\n<p>EWEBS D\u2019INTER\u00c9S<br \/>\n<a href=\"http:\/\/queestudiar.gencat.cat\/ca\" target=\"_blank\" rel=\"noopener noreferrer\">Convalidacions, equival\u00e8ncies i acreditacions del portal gencat.cat<\/a><\/p>\n","protected":false},"excerpt":{"rendered":"<p>Termini per presentar la sol\u00b7lcitud de convalidacions fins el 30 d&#8217;octubre. PROCEDIMENT Omplir el formulari amb les dades sol\u00b7licitades. Descarregar la sol\u00b7licitud de convalidaci\u00f3. Descarrega-la\u00a0 Complimenta la sol\u00b7licitud, signa-la, escaneja-la en pdf i penjar-la al FORMULARI Adjuntar al formulari la seg\u00fcent documentaci\u00f3 acreditativa segons els estudis realitzats: CICLES FORMATIUS Certificat de notes del cicle realitzat [&hellip;]<\/p>\n","protected":false},"author":12,"featured_media":0,"parent":1069,"menu_order":3,"comment_status":"closed","ping_status":"closed","template":"","meta":{"_bbp_topic_count":0,"_bbp_reply_count":0,"_bbp_total_topic_count":0,"_bbp_total_reply_count":0,"_bbp_voice_count":0,"_bbp_anonymous_reply_count":0,"_bbp_topic_count_hidden":0,"_bbp_reply_count_hidden":0,"_bbp_forum_subforum_count":0,"site-sidebar-layout":"default","site-content-layout":"","ast-site-content-layout":"default","site-content-style":"default","site-sidebar-style":"default","ast-global-header-display":"","ast-banner-title-visibility":"","ast-main-header-display":"","ast-hfb-above-header-display":"","ast-hfb-below-header-display":"","ast-hfb-mobile-header-display":"","site-post-title":"","ast-breadcrumbs-content":"","ast-featured-img":"","footer-sml-layout":"","theme-transparent-header-meta":"","adv-header-id-meta":"","stick-header-meta":"","header-above-stick-meta":"","header-main-stick-meta":"","header-below-stick-meta":"","astra-migrate-meta-layouts":"set","ast-page-background-enabled":"default","ast-page-background-meta":{"desktop":{"background-color":"var(--ast-global-color-4)","background-image":"","background-repeat":"repeat","background-position":"center center","background-size":"auto","background-attachment":"scroll","background-type":"","background-media":"","overlay-type":"","overlay-color":"","overlay-opacity":"","overlay-gradient":""},"tablet":{"background-color":"","background-image":"","background-repeat":"repeat","background-position":"center center","background-size":"auto","background-attachment":"scroll","background-type":"","background-media":"","overlay-type":"","overlay-color":"","overlay-opacity":"","overlay-gradient":""},"mobile":{"background-color":"","background-image":"","background-repeat":"repeat","background-position":"center center","background-size":"auto","background-attachment":"scroll","background-type":"","background-media":"","overlay-type":"","overlay-color":"","overlay-opacity":"","overlay-gradient":""}},"ast-content-background-meta":{"desktop":{"background-color":"var(--ast-global-color-5)","background-image":"","background-repeat":"repeat","background-position":"center center","background-size":"auto","background-attachment":"scroll","background-type":"","background-media":"","overlay-type":"","overlay-color":"","overlay-opacity":"","overlay-gradient":""},"tablet":{"background-color":"var(--ast-global-color-5)","background-image":"","background-repeat":"repeat","background-position":"center center","background-size":"auto","background-attachment":"scroll","background-type":"","background-media":"","overlay-type":"","overlay-color":"","overlay-opacity":"","overlay-gradient":""},"mobile":{"background-color":"var(--ast-global-color-5)","background-image":"","background-repeat":"repeat","background-position":"center center","background-size":"auto","background-attachment":"scroll","background-type":"","background-media":"","overlay-type":"","overlay-color":"","overlay-opacity":"","overlay-gradient":""}},"footnotes":""},"class_list":["post-1090","page","type-page","status-publish","hentry"],"post_mailing_queue_ids":[],"_links":{"self":[{"href":"https:\/\/agora.xtec.cat\/iessalvadorsegui\/wp-json\/wp\/v2\/pages\/1090","targetHints":{"allow":["GET"]}}],"collection":[{"href":"https:\/\/agora.xtec.cat\/iessalvadorsegui\/wp-json\/wp\/v2\/pages"}],"about":[{"href":"https:\/\/agora.xtec.cat\/iessalvadorsegui\/wp-json\/wp\/v2\/types\/page"}],"author":[{"embeddable":true,"href":"https:\/\/agora.xtec.cat\/iessalvadorsegui\/wp-json\/wp\/v2\/users\/12"}],"replies":[{"embeddable":true,"href":"https:\/\/agora.xtec.cat\/iessalvadorsegui\/wp-json\/wp\/v2\/comments?post=1090"}],"version-history":[{"count":4,"href":"https:\/\/agora.xtec.cat\/iessalvadorsegui\/wp-json\/wp\/v2\/pages\/1090\/revisions"}],"predecessor-version":[{"id":10011,"href":"https:\/\/agora.xtec.cat\/iessalvadorsegui\/wp-json\/wp\/v2\/pages\/1090\/revisions\/10011"}],"up":[{"embeddable":true,"href":"https:\/\/agora.xtec.cat\/iessalvadorsegui\/wp-json\/wp\/v2\/pages\/1069"}],"wp:attachment":[{"href":"https:\/\/agora.xtec.cat\/iessalvadorsegui\/wp-json\/wp\/v2\/media?parent=1090"}],"curies":[{"name":"wp","href":"https:\/\/api.w.org\/{rel}","templated":true}]}}