{"id":1088,"date":"2020-03-31T15:07:03","date_gmt":"2020-03-31T13:07:03","guid":{"rendered":"https:\/\/agora.xtec.cat\/iessalvadorsegui\/?page_id=1088"},"modified":"2023-06-02T08:58:40","modified_gmt":"2023-06-02T06:58:40","slug":"certificat-de-catala","status":"publish","type":"page","link":"https:\/\/agora.xtec.cat\/iessalvadorsegui\/secretaria\/tramits\/certificat-de-catala\/","title":{"rendered":"Certificat de catal\u00e0"},"content":{"rendered":"<p><strong>Per presentar la sol\u00b7licitud<\/strong>:<\/p>\n<ol>\n<li style=\"text-align: justify;\">Per sol\u00b7licitar el certificat de catal\u00e0, has d&#8217;omplir aquest <a href=\"https:\/\/docs.google.com\/forms\/d\/10sMxtYrQ1jE5cP2r-m_1jeVAQqFiYzVNTuinp2KgWAE\/edit\">formulari<\/a> i adjuntar-hi la documentaci\u00f3 acreditativa (indicada m\u00e9s avall)<\/li>\n<\/ol>\n<p style=\"text-align: justify;\">Es pot consultar la llista de titulacions equivalents als certificats de coneixements de catal\u00e0 de la Secretaria de Pol\u00edtica Ling\u00fc\u00edstica, en el seg\u00fcent enlla\u00e7: <a href=\"https:\/\/web.gencat.cat\/ca\/tramits\/tramits-temes\/22046-reconeixement-b2-c1-catala?category=742b7874-a82c-11e3-a972-000c29052e2c&amp;moda=1\" target=\"_blank\" rel=\"noopener noreferrer\">Titulacions equivalents als certificats de coneixements de catal\u00e0<\/a><\/p>\n<p style=\"text-align: justify;\"><strong>Documentaci\u00f3 que s&#8217;ha de presentar:<\/strong><\/p>\n<p style=\"text-align: justify;\">La documentaci\u00f3 a presentar est\u00e0 en funci\u00f3 dels estudis realitzats. En tot cas, es pot trametre el nivell corresponent de catal\u00e0 amb els seg\u00fcents documents:<\/p>\n<ul style=\"text-align: justify;\">\n<li>\u00a0 Llibre d\u2019escolaritat d\u2019educaci\u00f3 prim\u00e0ria i ESO, llibre de batxillerat, llibre d\u2019escolaritat d\u2019EGB o llibre de BUP.<\/li>\n<\/ul>\n<p>El certificat <strong>s&#8217;enviar\u00e0 al mateix correu que s&#8217;ha enviat la sol\u00b7licitud, 3 dies despr\u00e9s<\/strong> d\u2019haver -la presentat.<\/p>\n<p style=\"text-align: justify;\"><strong>Nota informativa en cas de reprendre atenci\u00f3 presencial<\/strong>: En cas de no poder fer el tr\u00e0mit presencialment, la persona que l\u2019hagi de fer ha de portar aquesta AUTORITZACI\u00d3: <a href=\"https:\/\/agora.xtec.cat\/iessalvadorsegui\/wp-content\/uploads\/usu2033\/2020\/11\/Document-autoritzaci\u00f3-realitzaci\u00f3-tr\u00e0mit.pdf\">Document autoritzaci\u00f3 realitzaci\u00f3 tr\u00e0mit<\/a>, degudament cumplimentada i acompanyada de la documentaci\u00f3 acreditativa.<\/p>\n<p><strong>En cas de dubte o problemes amb el formulari, contactar amb secretaria<span class=\"\">@salvadorsegui.ne<\/span>t<\/strong><\/p>\n","protected":false},"excerpt":{"rendered":"<p>Per presentar la sol\u00b7licitud: Per sol\u00b7licitar el certificat de catal\u00e0, has d&#8217;omplir aquest formulari i adjuntar-hi la documentaci\u00f3 acreditativa (indicada m\u00e9s avall) Es pot consultar la llista de titulacions equivalents als certificats de coneixements de catal\u00e0 de la Secretaria de Pol\u00edtica Ling\u00fc\u00edstica, en el seg\u00fcent enlla\u00e7: Titulacions equivalents als certificats de coneixements de catal\u00e0 Documentaci\u00f3 [&hellip;]<\/p>\n","protected":false},"author":12,"featured_media":0,"parent":1069,"menu_order":2,"comment_status":"closed","ping_status":"closed","template":"page-templates\/side-menu.php","meta":{"_bbp_topic_count":0,"_bbp_reply_count":0,"_bbp_total_topic_count":0,"_bbp_total_reply_count":0,"_bbp_voice_count":0,"_bbp_anonymous_reply_count":0,"_bbp_topic_count_hidden":0,"_bbp_reply_count_hidden":0,"_bbp_forum_subforum_count":0,"site-sidebar-layout":"default","site-content-layout":"","ast-site-content-layout":"","site-content-style":"default","site-sidebar-style":"default","ast-global-header-display":"","ast-banner-title-visibility":"","ast-main-header-display":"","ast-hfb-above-header-display":"","ast-hfb-below-header-display":"","ast-hfb-mobile-header-display":"","site-post-title":"","ast-breadcrumbs-content":"","ast-featured-img":"","footer-sml-layout":"","theme-transparent-header-meta":"","adv-header-id-meta":"","stick-header-meta":"","header-above-stick-meta":"","header-main-stick-meta":"","header-below-stick-meta":"","astra-migrate-meta-layouts":"default","ast-page-background-enabled":"default","ast-page-background-meta":{"desktop":{"background-color":"var(--ast-global-color-4)","background-image":"","background-repeat":"repeat","background-position":"center center","background-size":"auto","background-attachment":"scroll","background-type":"","background-media":"","overlay-type":"","overlay-color":"","overlay-opacity":"","overlay-gradient":""},"tablet":{"background-color":"","background-image":"","background-repeat":"repeat","background-position":"center center","background-size":"auto","background-attachment":"scroll","background-type":"","background-media":"","overlay-type":"","overlay-color":"","overlay-opacity":"","overlay-gradient":""},"mobile":{"background-color":"","background-image":"","background-repeat":"repeat","background-position":"center center","background-size":"auto","background-attachment":"scroll","background-type":"","background-media":"","overlay-type":"","overlay-color":"","overlay-opacity":"","overlay-gradient":""}},"ast-content-background-meta":{"desktop":{"background-color":"var(--ast-global-color-5)","background-image":"","background-repeat":"repeat","background-position":"center center","background-size":"auto","background-attachment":"scroll","background-type":"","background-media":"","overlay-type":"","overlay-color":"","overlay-opacity":"","overlay-gradient":""},"tablet":{"background-color":"var(--ast-global-color-5)","background-image":"","background-repeat":"repeat","background-position":"center center","background-size":"auto","background-attachment":"scroll","background-type":"","background-media":"","overlay-type":"","overlay-color":"","overlay-opacity":"","overlay-gradient":""},"mobile":{"background-color":"var(--ast-global-color-5)","background-image":"","background-repeat":"repeat","background-position":"center center","background-size":"auto","background-attachment":"scroll","background-type":"","background-media":"","overlay-type":"","overlay-color":"","overlay-opacity":"","overlay-gradient":""}},"footnotes":""},"class_list":["post-1088","page","type-page","status-publish","hentry"],"post_mailing_queue_ids":[],"_links":{"self":[{"href":"https:\/\/agora.xtec.cat\/iessalvadorsegui\/wp-json\/wp\/v2\/pages\/1088","targetHints":{"allow":["GET"]}}],"collection":[{"href":"https:\/\/agora.xtec.cat\/iessalvadorsegui\/wp-json\/wp\/v2\/pages"}],"about":[{"href":"https:\/\/agora.xtec.cat\/iessalvadorsegui\/wp-json\/wp\/v2\/types\/page"}],"author":[{"embeddable":true,"href":"https:\/\/agora.xtec.cat\/iessalvadorsegui\/wp-json\/wp\/v2\/users\/12"}],"replies":[{"embeddable":true,"href":"https:\/\/agora.xtec.cat\/iessalvadorsegui\/wp-json\/wp\/v2\/comments?post=1088"}],"version-history":[{"count":4,"href":"https:\/\/agora.xtec.cat\/iessalvadorsegui\/wp-json\/wp\/v2\/pages\/1088\/revisions"}],"predecessor-version":[{"id":7340,"href":"https:\/\/agora.xtec.cat\/iessalvadorsegui\/wp-json\/wp\/v2\/pages\/1088\/revisions\/7340"}],"up":[{"embeddable":true,"href":"https:\/\/agora.xtec.cat\/iessalvadorsegui\/wp-json\/wp\/v2\/pages\/1069"}],"wp:attachment":[{"href":"https:\/\/agora.xtec.cat\/iessalvadorsegui\/wp-json\/wp\/v2\/media?parent=1088"}],"curies":[{"name":"wp","href":"https:\/\/api.w.org\/{rel}","templated":true}]}}