{"id":1077,"date":"2020-03-31T14:54:48","date_gmt":"2020-03-31T12:54:48","guid":{"rendered":"https:\/\/agora.xtec.cat\/iessalvadorsegui\/?page_id=1077"},"modified":"2026-03-27T13:34:04","modified_gmt":"2026-03-27T12:34:04","slug":"matricula","status":"publish","type":"page","link":"https:\/\/agora.xtec.cat\/iessalvadorsegui\/secretaria\/preinscripcio-i-matricula\/matricula\/","title":{"rendered":"\ud83d\udfe2Matr\u00edcula"},"content":{"rendered":"<ul>\n<li><a href=\"https:\/\/agora.xtec.cat\/iessalvadorsegui\/secretaria\/preinscripcio-i-matricula\/matricula-curs-24-25-pfi-programes-de-formacio-i-insercio\/\">Matr\u00edcula curs 2026-2027\u00a0 PFI (Programes de formaci\u00f3 i inserci\u00f3)<\/a>, <strong>del 6 al 10 de juliol del 2026<\/strong><\/li>\n<\/ul>\n<ul>\n<li style=\"text-align: justify;\"><a href=\"https:\/\/agora.xtec.cat\/iessalvadorsegui\/secretaria\/preinscripcio-i-matricula\/matricula-alumnat-curs-2023-2024-alumnat-cfgm\/\">Matr\u00edcula curs 2026-2027 Cicles Formatius de Grau Mitj\u00e0<\/a>, <b>del 10 al 14 de juliol de 2026 <\/b><span style=\"font-weight: 400;\">(1a assignaci\u00f3),<\/span><b> del 24 al 28 de juliol de 2026&#8211;i <\/b><b>de l\u20191 al 3 de setembre\u00a0<\/b>(2a assignaci\u00f3)<strong><br \/><\/strong><\/li>\n<\/ul>\n<ul>\n<li style=\"text-align: justify;\"><a href=\"https:\/\/agora.xtec.cat\/iessalvadorsegui\/secretaria\/preinscripcio-i-matricula\/matricula-alumnat-curs-2023-2024-cfgs\/\">Matr\u00edcula curs 2026-2027 Cicles Formatius de Grau Superior,<\/a> <b>del 10 al 14 de juliol de 2026 <\/b><span style=\"font-weight: 400;\">(1a assignaci\u00f3),<\/span><b> del 24 al 28 de juliol de 2026&#8211;i <\/b><b>de l\u20191 al 3 de setembre\u00a0<\/b>(2a assignaci\u00f3)<\/li>\n<\/ul>\n<ul>\n<li>PROCEDIMENT <a href=\"https:\/\/agora.xtec.cat\/iessalvadorsegui\/secretaria\/preinscripcio-i-matricula\/matricula-alumnat-curs-2024-2025-alumnat-centre\/\"><strong>MATR\u00cdCULA D&#8217;ALUMNAT DEL <\/strong><\/a><b>CENTRE:<\/b>\u00a0 <strong>Actualitzaci\u00f3 pendent<\/strong><\/li>\n<\/ul>\n<p>\ud83d\udfe0 <strong>Vacants<\/strong>\u00a0 Pendent actualitzar<\/p>\n\n\n<p><\/p>\n","protected":false},"excerpt":{"rendered":"<p>Matr\u00edcula curs 2026-2027\u00a0 PFI (Programes de formaci\u00f3 i inserci\u00f3), del 6 al 10 de juliol del 2026 Matr\u00edcula curs 2026-2027 Cicles Formatius de Grau Mitj\u00e0, del 10 al 14 de juliol de 2026 (1a assignaci\u00f3), del 24 al 28 de juliol de 2026&#8211;i de l\u20191 al 3 de setembre\u00a0(2a assignaci\u00f3) Matr\u00edcula curs 2026-2027 Cicles Formatius [&hellip;]<\/p>\n","protected":false},"author":12,"featured_media":0,"parent":1067,"menu_order":8,"comment_status":"closed","ping_status":"closed","template":"","meta":{"_bbp_topic_count":0,"_bbp_reply_count":0,"_bbp_total_topic_count":0,"_bbp_total_reply_count":0,"_bbp_voice_count":0,"_bbp_anonymous_reply_count":0,"_bbp_topic_count_hidden":0,"_bbp_reply_count_hidden":0,"_bbp_forum_subforum_count":0,"site-sidebar-layout":"default","site-content-layout":"","ast-site-content-layout":"default","site-content-style":"default","site-sidebar-style":"default","ast-global-header-display":"","ast-banner-title-visibility":"","ast-main-header-display":"","ast-hfb-above-header-display":"","ast-hfb-below-header-display":"","ast-hfb-mobile-header-display":"","site-post-title":"","ast-breadcrumbs-content":"","ast-featured-img":"","footer-sml-layout":"","theme-transparent-header-meta":"","adv-header-id-meta":"","stick-header-meta":"","header-above-stick-meta":"","header-main-stick-meta":"","header-below-stick-meta":"","astra-migrate-meta-layouts":"set","ast-page-background-enabled":"default","ast-page-background-meta":{"desktop":{"background-color":"var(--ast-global-color-4)","background-image":"","background-repeat":"repeat","background-position":"center center","background-size":"auto","background-attachment":"scroll","background-type":"","background-media":"","overlay-type":"","overlay-color":"","overlay-opacity":"","overlay-gradient":""},"tablet":{"background-color":"","background-image":"","background-repeat":"repeat","background-position":"center center","background-size":"auto","background-attachment":"scroll","background-type":"","background-media":"","overlay-type":"","overlay-color":"","overlay-opacity":"","overlay-gradient":""},"mobile":{"background-color":"","background-image":"","background-repeat":"repeat","background-position":"center center","background-size":"auto","background-attachment":"scroll","background-type":"","background-media":"","overlay-type":"","overlay-color":"","overlay-opacity":"","overlay-gradient":""}},"ast-content-background-meta":{"desktop":{"background-color":"var(--ast-global-color-5)","background-image":"","background-repeat":"repeat","background-position":"center center","background-size":"auto","background-attachment":"scroll","background-type":"","background-media":"","overlay-type":"","overlay-color":"","overlay-opacity":"","overlay-gradient":""},"tablet":{"background-color":"var(--ast-global-color-5)","background-image":"","background-repeat":"repeat","background-position":"center center","background-size":"auto","background-attachment":"scroll","background-type":"","background-media":"","overlay-type":"","overlay-color":"","overlay-opacity":"","overlay-gradient":""},"mobile":{"background-color":"var(--ast-global-color-5)","background-image":"","background-repeat":"repeat","background-position":"center center","background-size":"auto","background-attachment":"scroll","background-type":"","background-media":"","overlay-type":"","overlay-color":"","overlay-opacity":"","overlay-gradient":""}},"footnotes":""},"class_list":["post-1077","page","type-page","status-publish","hentry"],"post_mailing_queue_ids":[],"_links":{"self":[{"href":"https:\/\/agora.xtec.cat\/iessalvadorsegui\/wp-json\/wp\/v2\/pages\/1077","targetHints":{"allow":["GET"]}}],"collection":[{"href":"https:\/\/agora.xtec.cat\/iessalvadorsegui\/wp-json\/wp\/v2\/pages"}],"about":[{"href":"https:\/\/agora.xtec.cat\/iessalvadorsegui\/wp-json\/wp\/v2\/types\/page"}],"author":[{"embeddable":true,"href":"https:\/\/agora.xtec.cat\/iessalvadorsegui\/wp-json\/wp\/v2\/users\/12"}],"replies":[{"embeddable":true,"href":"https:\/\/agora.xtec.cat\/iessalvadorsegui\/wp-json\/wp\/v2\/comments?post=1077"}],"version-history":[{"count":5,"href":"https:\/\/agora.xtec.cat\/iessalvadorsegui\/wp-json\/wp\/v2\/pages\/1077\/revisions"}],"predecessor-version":[{"id":11071,"href":"https:\/\/agora.xtec.cat\/iessalvadorsegui\/wp-json\/wp\/v2\/pages\/1077\/revisions\/11071"}],"up":[{"embeddable":true,"href":"https:\/\/agora.xtec.cat\/iessalvadorsegui\/wp-json\/wp\/v2\/pages\/1067"}],"wp:attachment":[{"href":"https:\/\/agora.xtec.cat\/iessalvadorsegui\/wp-json\/wp\/v2\/media?parent=1077"}],"curies":[{"name":"wp","href":"https:\/\/api.w.org\/{rel}","templated":true}]}}