{"id":1075,"date":"2020-03-31T14:54:17","date_gmt":"2020-03-31T12:54:17","guid":{"rendered":"https:\/\/agora.xtec.cat\/iessalvadorsegui\/?page_id=1075"},"modified":"2026-03-27T12:46:18","modified_gmt":"2026-03-27T11:46:18","slug":"preinscripcio","status":"publish","type":"page","link":"https:\/\/agora.xtec.cat\/iessalvadorsegui\/secretaria\/preinscripcio-i-matricula\/preinscripcio\/","title":{"rendered":"\ud83d\udfe1Preinscripci\u00f3"},"content":{"rendered":"<p>En els enlla\u00e7os seg\u00fcents, trobar\u00e0s la informaci\u00f3 per a la preinscripci\u00f3 al curs 2026-2027<\/p>\n<table style=\"border-collapse: collapse; width: 100%; height: 47px;\">\n<tbody>\n<tr style=\"height: 47px;\">\n<td style=\"width: 20%; border-style: hidden; background-color: #f0e4e8; height: 47px; text-align: center;\"><span style=\"color: #000000;\"><a style=\"color: #000000;\" href=\"https:\/\/agora.xtec.cat\/iessalvadorsegui\/secretaria\/preinscripcio-i-matricula\/informacio-de-la-preinscripcio-als-cicles-formatius-de-grau-mitja-cfgm\/\">Cicles Formatius de Grau Mitj\u00e0 (CFGM)<\/a><\/span><a href=\"https:\/\/agora.xtec.cat\/iessalvadorsegui\/secretaria\/preinscripcio-i-matricula\/informacio-de-la-preinscripcio-als-cicles-formatius-de-grau-mitja-cfgm\/\"><img loading=\"lazy\" decoding=\"async\" class=\"aligncenter wp-image-7118\" src=\"https:\/\/agora.xtec.cat\/iessalvadorsegui\/wp-content\/uploads\/usu2033\/2023\/03\/click-150x150.png\" alt=\"Cicles Formatius de Grau Mitj\u00e0 (CFGM)\" width=\"50\" height=\"50\" srcset=\"https:\/\/agora.xtec.cat\/iessalvadorsegui\/wp-content\/uploads\/usu2033\/2023\/03\/click-150x150.png 150w, https:\/\/agora.xtec.cat\/iessalvadorsegui\/wp-content\/uploads\/usu2033\/2023\/03\/click-300x300.png 300w, https:\/\/agora.xtec.cat\/iessalvadorsegui\/wp-content\/uploads\/usu2033\/2023\/03\/click.png 512w\" sizes=\"auto, (max-width: 50px) 100vw, 50px\" \/><\/a><\/td>\n<td style=\"width: 5%; border-style: hidden; height: 47px;\"><\/td>\n<td style=\"width: 20%; border-style: hidden; height: 47px; background-color: #cee0df; text-align: center;\"><span style=\"color: #000000;\"><a style=\"color: #000000;\" href=\"https:\/\/agora.xtec.cat\/iessalvadorsegui\/secretaria\/preinscripcio-i-matricula\/informacio-de-la-preinscripcio-als-cicles-formatius-de-grau-superior-cfgs\/\">Cicles Formatius de Grau Superior (CFGS)<\/a><\/span><a href=\"https:\/\/agora.xtec.cat\/iessalvadorsegui\/secretaria\/preinscripcio-i-matricula\/informacio-de-la-preinscripcio-als-cicles-formatius-de-grau-superior-cfgs\/\"><img loading=\"lazy\" decoding=\"async\" class=\"aligncenter wp-image-7118\" src=\"https:\/\/agora.xtec.cat\/iessalvadorsegui\/wp-content\/uploads\/usu2033\/2023\/03\/click-150x150.png\" alt=\"Cicles Formatius de Grau Superior (CFGS)\" width=\"50\" height=\"50\" srcset=\"https:\/\/agora.xtec.cat\/iessalvadorsegui\/wp-content\/uploads\/usu2033\/2023\/03\/click-150x150.png 150w, https:\/\/agora.xtec.cat\/iessalvadorsegui\/wp-content\/uploads\/usu2033\/2023\/03\/click-300x300.png 300w, https:\/\/agora.xtec.cat\/iessalvadorsegui\/wp-content\/uploads\/usu2033\/2023\/03\/click.png 512w\" sizes=\"auto, (max-width: 50px) 100vw, 50px\" \/><\/a><\/td>\n<td style=\"width: 5%; border-style: hidden; height: 47px;\"><\/td>\n<td style=\"width: 20%; border-style: hidden; height: 47px; background-color: #e3d1cf; text-align: center;\"><span style=\"color: #000000;\"><a style=\"color: #000000;\" href=\"https:\/\/agora.xtec.cat\/iessalvadorsegui\/secretaria\/preinscripcio-i-matricula\/informacio-dels-programes-de-formacio-i-insercio-pfi\/\">Programes de Formaci\u00f3 i Inserci\u00f3 (PFI)<\/a><\/span><a href=\"https:\/\/agora.xtec.cat\/iessalvadorsegui\/secretaria\/preinscripcio-i-matricula\/informacio-dels-programes-de-formacio-i-insercio-pfi\/\"><img loading=\"lazy\" decoding=\"async\" class=\"aligncenter wp-image-7118\" src=\"https:\/\/agora.xtec.cat\/iessalvadorsegui\/wp-content\/uploads\/usu2033\/2023\/03\/click-150x150.png\" alt=\"Programes de Formaci\u00f3 i Inserci\u00f3 (PFI)\" width=\"50\" height=\"50\" srcset=\"https:\/\/agora.xtec.cat\/iessalvadorsegui\/wp-content\/uploads\/usu2033\/2023\/03\/click-150x150.png 150w, https:\/\/agora.xtec.cat\/iessalvadorsegui\/wp-content\/uploads\/usu2033\/2023\/03\/click-300x300.png 300w, https:\/\/agora.xtec.cat\/iessalvadorsegui\/wp-content\/uploads\/usu2033\/2023\/03\/click.png 512w\" sizes=\"auto, (max-width: 50px) 100vw, 50px\" \/><\/a><\/td>\n<\/tr>\n<\/tbody>\n<\/table>\n<p>Tamb\u00e9 trobar\u00e0s la informaci\u00f3 referent a la preinscripci\u00f3 als ensenyaments postobligatoris\u00a0 a: <a href=\"https:\/\/preinscripcio.gencat.cat\/ca\/inici\/\" target=\"_blank\" rel=\"noreferrer noopener\">preinscripcio.gencat.cat<\/a><\/p>\n<p>M\u00e9s informaci\u00f3 respecte als teus futurs estudis a <a href=\"https:\/\/triaeducativa.gencat.cat\/ca\/inici\/\">triaeducativa.cat<\/a><\/p>\n","protected":false},"excerpt":{"rendered":"<p>En els enlla\u00e7os seg\u00fcents, trobar\u00e0s la informaci\u00f3 per a la preinscripci\u00f3 al curs 2026-2027 Cicles Formatius de Grau Mitj\u00e0 (CFGM) Cicles Formatius de Grau Superior (CFGS) Programes de Formaci\u00f3 i Inserci\u00f3 (PFI) Tamb\u00e9 trobar\u00e0s la informaci\u00f3 referent a la preinscripci\u00f3 als ensenyaments postobligatoris\u00a0 a: preinscripcio.gencat.cat M\u00e9s informaci\u00f3 respecte als teus futurs estudis a triaeducativa.cat<\/p>\n","protected":false},"author":12,"featured_media":0,"parent":1067,"menu_order":1,"comment_status":"closed","ping_status":"closed","template":"","meta":{"_bbp_topic_count":0,"_bbp_reply_count":0,"_bbp_total_topic_count":0,"_bbp_total_reply_count":0,"_bbp_voice_count":0,"_bbp_anonymous_reply_count":0,"_bbp_topic_count_hidden":0,"_bbp_reply_count_hidden":0,"_bbp_forum_subforum_count":0,"site-sidebar-layout":"default","site-content-layout":"","ast-site-content-layout":"default","site-content-style":"default","site-sidebar-style":"default","ast-global-header-display":"","ast-banner-title-visibility":"","ast-main-header-display":"","ast-hfb-above-header-display":"","ast-hfb-below-header-display":"","ast-hfb-mobile-header-display":"","site-post-title":"","ast-breadcrumbs-content":"","ast-featured-img":"","footer-sml-layout":"","theme-transparent-header-meta":"","adv-header-id-meta":"","stick-header-meta":"","header-above-stick-meta":"","header-main-stick-meta":"","header-below-stick-meta":"","astra-migrate-meta-layouts":"set","ast-page-background-enabled":"default","ast-page-background-meta":{"desktop":{"background-color":"var(--ast-global-color-4)","background-image":"","background-repeat":"repeat","background-position":"center center","background-size":"auto","background-attachment":"scroll","background-type":"","background-media":"","overlay-type":"","overlay-color":"","overlay-opacity":"","overlay-gradient":""},"tablet":{"background-color":"","background-image":"","background-repeat":"repeat","background-position":"center center","background-size":"auto","background-attachment":"scroll","background-type":"","background-media":"","overlay-type":"","overlay-color":"","overlay-opacity":"","overlay-gradient":""},"mobile":{"background-color":"","background-image":"","background-repeat":"repeat","background-position":"center center","background-size":"auto","background-attachment":"scroll","background-type":"","background-media":"","overlay-type":"","overlay-color":"","overlay-opacity":"","overlay-gradient":""}},"ast-content-background-meta":{"desktop":{"background-color":"var(--ast-global-color-5)","background-image":"","background-repeat":"repeat","background-position":"center center","background-size":"auto","background-attachment":"scroll","background-type":"","background-media":"","overlay-type":"","overlay-color":"","overlay-opacity":"","overlay-gradient":""},"tablet":{"background-color":"var(--ast-global-color-5)","background-image":"","background-repeat":"repeat","background-position":"center center","background-size":"auto","background-attachment":"scroll","background-type":"","background-media":"","overlay-type":"","overlay-color":"","overlay-opacity":"","overlay-gradient":""},"mobile":{"background-color":"var(--ast-global-color-5)","background-image":"","background-repeat":"repeat","background-position":"center center","background-size":"auto","background-attachment":"scroll","background-type":"","background-media":"","overlay-type":"","overlay-color":"","overlay-opacity":"","overlay-gradient":""}},"footnotes":""},"class_list":["post-1075","page","type-page","status-publish","hentry"],"post_mailing_queue_ids":[],"_links":{"self":[{"href":"https:\/\/agora.xtec.cat\/iessalvadorsegui\/wp-json\/wp\/v2\/pages\/1075","targetHints":{"allow":["GET"]}}],"collection":[{"href":"https:\/\/agora.xtec.cat\/iessalvadorsegui\/wp-json\/wp\/v2\/pages"}],"about":[{"href":"https:\/\/agora.xtec.cat\/iessalvadorsegui\/wp-json\/wp\/v2\/types\/page"}],"author":[{"embeddable":true,"href":"https:\/\/agora.xtec.cat\/iessalvadorsegui\/wp-json\/wp\/v2\/users\/12"}],"replies":[{"embeddable":true,"href":"https:\/\/agora.xtec.cat\/iessalvadorsegui\/wp-json\/wp\/v2\/comments?post=1075"}],"version-history":[{"count":6,"href":"https:\/\/agora.xtec.cat\/iessalvadorsegui\/wp-json\/wp\/v2\/pages\/1075\/revisions"}],"predecessor-version":[{"id":11051,"href":"https:\/\/agora.xtec.cat\/iessalvadorsegui\/wp-json\/wp\/v2\/pages\/1075\/revisions\/11051"}],"up":[{"embeddable":true,"href":"https:\/\/agora.xtec.cat\/iessalvadorsegui\/wp-json\/wp\/v2\/pages\/1067"}],"wp:attachment":[{"href":"https:\/\/agora.xtec.cat\/iessalvadorsegui\/wp-json\/wp\/v2\/media?parent=1075"}],"curies":[{"name":"wp","href":"https:\/\/api.w.org\/{rel}","templated":true}]}}