{"id":1069,"date":"2020-03-31T14:33:57","date_gmt":"2020-03-31T12:33:57","guid":{"rendered":"https:\/\/agora.xtec.cat\/iessalvadorsegui\/?page_id=1069"},"modified":"2026-02-27T10:00:11","modified_gmt":"2026-02-27T09:00:11","slug":"tramits","status":"publish","type":"page","link":"https:\/\/agora.xtec.cat\/iessalvadorsegui\/secretaria\/tramits\/","title":{"rendered":"Tr\u00e0mits"},"content":{"rendered":"<p style=\"text-align: justify;\">Des del men\u00fa de navegaci\u00f3 podr\u00e0s accedir a la informaci\u00f3 relacionada amb:<\/p>\n\n\n<div class=\"wp-block-group has-medium-font-size is-layout-grid wp-container-core-group-is-layout-3 wp-block-group-is-layout-grid\" style=\"border-radius:0px;min-height:0px;margin-top:var(--wp--preset--spacing--80);margin-bottom:var(--wp--preset--spacing--80);padding-top:0;padding-right:var(--wp--preset--spacing--50);padding-bottom:0;padding-left:var(--wp--preset--spacing--50);line-height:0.9\">\n<figure class=\"wp-block-image has-custom-border is-style-default:hover {  transform: scale(0.95); transition: transform 0.3s ease; }\" style=\"margin-top: 0; margin-bottom: 0;\"><a href=\"https:\/\/agora.xtec.cat\/iessalvadorsegui\/certificats\/\"><img loading=\"lazy\" decoding=\"async\" class=\"wp-image-10717\" style=\"border-style: none; border-width: 0px; object-fit: cover;\" src=\"https:\/\/agora.xtec.cat\/iessalvadorsegui\/wp-content\/uploads\/usu2033\/2026\/02\/sello-1.png\" alt=\"\" width=\"170\" height=\"170\" srcset=\"https:\/\/agora.xtec.cat\/iessalvadorsegui\/wp-content\/uploads\/usu2033\/2026\/02\/sello-1.png 512w, https:\/\/agora.xtec.cat\/iessalvadorsegui\/wp-content\/uploads\/usu2033\/2026\/02\/sello-1-300x300.png 300w, https:\/\/agora.xtec.cat\/iessalvadorsegui\/wp-content\/uploads\/usu2033\/2026\/02\/sello-1-150x150.png 150w\" sizes=\"auto, (max-width: 170px) 100vw, 170px\" \/><\/a>\n<figcaption class=\"wp-element-caption\"><strong> <br>Certificats<\/strong><\/figcaption>\n<\/figure>\n\n\n\n<figure class=\"wp-block-image\"><a href=\"https:\/\/agora.xtec.cat\/iessalvadorsegui\/secretaria\/tramits\/tramitacio-titol\/\"><img loading=\"lazy\" decoding=\"async\" class=\"wp-image-10719\" src=\"https:\/\/agora.xtec.cat\/iessalvadorsegui\/wp-content\/uploads\/usu2033\/2026\/02\/certificado-1-1.png\" alt=\"\" width=\"169\" height=\"169\" srcset=\"https:\/\/agora.xtec.cat\/iessalvadorsegui\/wp-content\/uploads\/usu2033\/2026\/02\/certificado-1-1.png 512w, https:\/\/agora.xtec.cat\/iessalvadorsegui\/wp-content\/uploads\/usu2033\/2026\/02\/certificado-1-1-300x300.png 300w, https:\/\/agora.xtec.cat\/iessalvadorsegui\/wp-content\/uploads\/usu2033\/2026\/02\/certificado-1-1-150x150.png 150w\" sizes=\"auto, (max-width: 169px) 100vw, 169px\" \/><\/a>\n<figcaption class=\"wp-element-caption\"><strong> <br>Tr\u00e0mit t\u00edtol<\/strong><\/figcaption>\n<\/figure>\n\n\n\n<figure class=\"wp-block-image\"><a href=\"https:\/\/agora.xtec.cat\/iessalvadorsegui\/baixes-canvi-de-torn-i-matricules\/\"><img loading=\"lazy\" decoding=\"async\" class=\"wp-image-10720\" src=\"https:\/\/agora.xtec.cat\/iessalvadorsegui\/wp-content\/uploads\/usu2033\/2026\/02\/menos.png\" alt=\"\" width=\"170\" height=\"170\" srcset=\"https:\/\/agora.xtec.cat\/iessalvadorsegui\/wp-content\/uploads\/usu2033\/2026\/02\/menos.png 512w, https:\/\/agora.xtec.cat\/iessalvadorsegui\/wp-content\/uploads\/usu2033\/2026\/02\/menos-300x300.png 300w, https:\/\/agora.xtec.cat\/iessalvadorsegui\/wp-content\/uploads\/usu2033\/2026\/02\/menos-150x150.png 150w\" sizes=\"auto, (max-width: 170px) 100vw, 170px\" \/><\/a>\n<figcaption class=\"wp-element-caption\"><strong> <br>Baixes \/ Canvi torn \/ Anul\u00b7laci\u00f3 matr\u00edcula<\/strong><\/figcaption>\n<\/figure>\n\n\n\n<figure class=\"wp-block-image size-full\"><a href=\"https:\/\/agora.xtec.cat\/iessalvadorsegui\/tramits-titols\/\"><img loading=\"lazy\" decoding=\"async\" class=\"wp-image-10712\" src=\"https:\/\/agora.xtec.cat\/iessalvadorsegui\/wp-content\/uploads\/usu2033\/2026\/02\/validacion.png\" alt=\"\" width=\"171\" height=\"171\" srcset=\"https:\/\/agora.xtec.cat\/iessalvadorsegui\/wp-content\/uploads\/usu2033\/2026\/02\/validacion.png 512w, https:\/\/agora.xtec.cat\/iessalvadorsegui\/wp-content\/uploads\/usu2033\/2026\/02\/validacion-300x300.png 300w, https:\/\/agora.xtec.cat\/iessalvadorsegui\/wp-content\/uploads\/usu2033\/2026\/02\/validacion-150x150.png 150w\" sizes=\"auto, (max-width: 171px) 100vw, 171px\" \/><\/a>\n<figcaption class=\"wp-element-caption\"><strong> <br>Tr\u00e0mits<\/strong> <strong>departament<\/strong><\/figcaption>\n<\/figure>\n\n\n\n<div class=\"wp-block-group is-layout-grid wp-container-core-group-is-layout-1 wp-block-group-is-layout-grid\">\n<figure class=\"wp-block-image size-full\"><a href=\"https:\/\/agora.xtec.cat\/iessalvadorsegui\/secretaria\/tramits\/convalidacions\/\"><img loading=\"lazy\" decoding=\"async\" class=\"wp-image-10713\" src=\"https:\/\/agora.xtec.cat\/iessalvadorsegui\/wp-content\/uploads\/usu2033\/2026\/02\/recompensa.png\" alt=\"\" width=\"169\" height=\"169\" srcset=\"https:\/\/agora.xtec.cat\/iessalvadorsegui\/wp-content\/uploads\/usu2033\/2026\/02\/recompensa.png 512w, https:\/\/agora.xtec.cat\/iessalvadorsegui\/wp-content\/uploads\/usu2033\/2026\/02\/recompensa-300x300.png 300w, https:\/\/agora.xtec.cat\/iessalvadorsegui\/wp-content\/uploads\/usu2033\/2026\/02\/recompensa-150x150.png 150w\" sizes=\"auto, (max-width: 169px) 100vw, 169px\" \/><\/a>\n<figcaption class=\"wp-element-caption\"><strong> <br>Convalidacions<\/strong><\/figcaption>\n<\/figure>\n<\/div>\n\n\n\n<div class=\"wp-block-group is-layout-grid wp-container-core-group-is-layout-2 wp-block-group-is-layout-grid\">\n<figure class=\"wp-block-image size-full has-custom-border\" style=\"margin: 0;\"><a href=\"https:\/\/agora.xtec.cat\/iessalvadorsegui\/secretaria\/tramits\/instancia-a-secretaria\/\"><img loading=\"lazy\" decoding=\"async\" class=\"wp-image-10718\" style=\"border-style: none; border-width: 0px; border-radius: 0px;\" src=\"https:\/\/agora.xtec.cat\/iessalvadorsegui\/wp-content\/uploads\/usu2033\/2026\/02\/caso.png\" alt=\"\" width=\"170\" height=\"170\" srcset=\"https:\/\/agora.xtec.cat\/iessalvadorsegui\/wp-content\/uploads\/usu2033\/2026\/02\/caso.png 512w, https:\/\/agora.xtec.cat\/iessalvadorsegui\/wp-content\/uploads\/usu2033\/2026\/02\/caso-300x300.png 300w, https:\/\/agora.xtec.cat\/iessalvadorsegui\/wp-content\/uploads\/usu2033\/2026\/02\/caso-150x150.png 150w\" sizes=\"auto, (max-width: 170px) 100vw, 170px\" \/><\/a>\n<figcaption class=\"wp-element-caption\"><strong> <br \/>Inst\u00e0ncia<\/strong><\/figcaption>\n<\/figure>\n<\/div>\n<\/div>\n\n\n\n<ul class=\"wp-block-list\">\n<li><a href=\"https:\/\/agora.xtec.cat\/iessalvadorsegui\/secretaria\/tramits\/complecio-destudis-de-formacio-professional\/\">Compleci\u00f3 estudis<\/a><\/li>\n<\/ul>\n\n\n\n<p><\/p>\n\n\n\n<p><\/p>\n\n\n\n<p style=\"font-size:15px\"><a href=\"https:\/\/www.flaticon.es\/\" data-type=\"link\" data-id=\"https:\/\/www.flaticon.es\/\"><em>Icones dissenyades per Freepik<\/em>&#8211;<em>Flaticon<\/em><\/a><\/p>\n\n\n\n<p><\/p>\n","protected":false},"excerpt":{"rendered":"<p>Des del men\u00fa de navegaci\u00f3 podr\u00e0s accedir a la informaci\u00f3 relacionada amb: Certificats Tr\u00e0mit t\u00edtol Baixes \/ Canvi torn \/ Anul\u00b7laci\u00f3 matr\u00edcula Tr\u00e0mits departament Convalidacions Inst\u00e0ncia Icones dissenyades per Freepik&#8211;Flaticon<\/p>\n","protected":false},"author":12,"featured_media":0,"parent":1213,"menu_order":3,"comment_status":"closed","ping_status":"closed","template":"","meta":{"_bbp_topic_count":0,"_bbp_reply_count":0,"_bbp_total_topic_count":0,"_bbp_total_reply_count":0,"_bbp_voice_count":0,"_bbp_anonymous_reply_count":0,"_bbp_topic_count_hidden":0,"_bbp_reply_count_hidden":0,"_bbp_forum_subforum_count":0,"site-sidebar-layout":"default","site-content-layout":"","ast-site-content-layout":"default","site-content-style":"default","site-sidebar-style":"default","ast-global-header-display":"","ast-banner-title-visibility":"","ast-main-header-display":"","ast-hfb-above-header-display":"","ast-hfb-below-header-display":"","ast-hfb-mobile-header-display":"","site-post-title":"","ast-breadcrumbs-content":"","ast-featured-img":"","footer-sml-layout":"","theme-transparent-header-meta":"","adv-header-id-meta":"","stick-header-meta":"","header-above-stick-meta":"","header-main-stick-meta":"","header-below-stick-meta":"","astra-migrate-meta-layouts":"set","ast-page-background-enabled":"default","ast-page-background-meta":{"desktop":{"background-color":"var(--ast-global-color-4)","background-image":"","background-repeat":"repeat","background-position":"center center","background-size":"auto","background-attachment":"scroll","background-type":"","background-media":"","overlay-type":"","overlay-color":"","overlay-opacity":"","overlay-gradient":""},"tablet":{"background-color":"","background-image":"","background-repeat":"repeat","background-position":"center center","background-size":"auto","background-attachment":"scroll","background-type":"","background-media":"","overlay-type":"","overlay-color":"","overlay-opacity":"","overlay-gradient":""},"mobile":{"background-color":"","background-image":"","background-repeat":"repeat","background-position":"center center","background-size":"auto","background-attachment":"scroll","background-type":"","background-media":"","overlay-type":"","overlay-color":"","overlay-opacity":"","overlay-gradient":""}},"ast-content-background-meta":{"desktop":{"background-color":"var(--ast-global-color-5)","background-image":"","background-repeat":"repeat","background-position":"center center","background-size":"auto","background-attachment":"scroll","background-type":"","background-media":"","overlay-type":"","overlay-color":"","overlay-opacity":"","overlay-gradient":""},"tablet":{"background-color":"var(--ast-global-color-5)","background-image":"","background-repeat":"repeat","background-position":"center center","background-size":"auto","background-attachment":"scroll","background-type":"","background-media":"","overlay-type":"","overlay-color":"","overlay-opacity":"","overlay-gradient":""},"mobile":{"background-color":"var(--ast-global-color-5)","background-image":"","background-repeat":"repeat","background-position":"center center","background-size":"auto","background-attachment":"scroll","background-type":"","background-media":"","overlay-type":"","overlay-color":"","overlay-opacity":"","overlay-gradient":""}},"footnotes":""},"class_list":["post-1069","page","type-page","status-publish","hentry"],"post_mailing_queue_ids":[],"_links":{"self":[{"href":"https:\/\/agora.xtec.cat\/iessalvadorsegui\/wp-json\/wp\/v2\/pages\/1069","targetHints":{"allow":["GET"]}}],"collection":[{"href":"https:\/\/agora.xtec.cat\/iessalvadorsegui\/wp-json\/wp\/v2\/pages"}],"about":[{"href":"https:\/\/agora.xtec.cat\/iessalvadorsegui\/wp-json\/wp\/v2\/types\/page"}],"author":[{"embeddable":true,"href":"https:\/\/agora.xtec.cat\/iessalvadorsegui\/wp-json\/wp\/v2\/users\/12"}],"replies":[{"embeddable":true,"href":"https:\/\/agora.xtec.cat\/iessalvadorsegui\/wp-json\/wp\/v2\/comments?post=1069"}],"version-history":[{"count":6,"href":"https:\/\/agora.xtec.cat\/iessalvadorsegui\/wp-json\/wp\/v2\/pages\/1069\/revisions"}],"predecessor-version":[{"id":10866,"href":"https:\/\/agora.xtec.cat\/iessalvadorsegui\/wp-json\/wp\/v2\/pages\/1069\/revisions\/10866"}],"up":[{"embeddable":true,"href":"https:\/\/agora.xtec.cat\/iessalvadorsegui\/wp-json\/wp\/v2\/pages\/1213"}],"wp:attachment":[{"href":"https:\/\/agora.xtec.cat\/iessalvadorsegui\/wp-json\/wp\/v2\/media?parent=1069"}],"curies":[{"name":"wp","href":"https:\/\/api.w.org\/{rel}","templated":true}]}}