{"id":1060,"date":"2020-03-31T14:23:37","date_gmt":"2020-03-31T12:23:37","guid":{"rendered":"https:\/\/agora.xtec.cat\/iessalvadorsegui\/?page_id=1060"},"modified":"2026-03-17T18:46:27","modified_gmt":"2026-03-17T17:46:27","slug":"estudis","status":"publish","type":"page","link":"https:\/\/agora.xtec.cat\/iessalvadorsegui\/estudis\/","title":{"rendered":"Estudis"},"content":{"rendered":"\n<div class=\"wp-block-getwid-advanced-heading\"><span class=\"wp-block-getwid-advanced-heading__content\" style=\"font-family:&quot;Montserrat&quot;;font-weight:normal\">Des del men\u00fa de navegaci\u00f3 podr\u00e0s accedir a les formacions que es fan al centre. Estan agrupades en fam\u00edlies professionals, seguint la seg\u00fcent classificaci\u00f3:<br><\/span><\/div>\n\n\n\n<figure class=\"wp-block-table\"><table class=\"has-fixed-layout\"><thead><tr><th><a href=\"https:\/\/agora.xtec.cat\/iessalvadorsegui\/categoria\/fabricaciomecanica\/\" data-type=\"category\" data-id=\"180\">FABRICACI\u00d3 MEC\u00c0NICA<\/a><\/th><th><a href=\"https:\/\/agora.xtec.cat\/iessalvadorsegui\/categoria\/imatgepersonal\/\" data-type=\"category\" data-id=\"106\">IMATGE PERSONAL<\/a><\/th><th><strong><a href=\"https:\/\/agora.xtec.cat\/iessalvadorsegui\/categoria\/sanitat\/\">SANITAT<\/a><\/strong><\/th><th><strong><a href=\"https:\/\/agora.xtec.cat\/iessalvadorsegui\/categoria\/serveissocioculturalsialacomunitat\/\">SERVEIS SOCIOCULTURALS i A LA COMUNITAT<\/a><\/strong><\/th><\/tr><\/thead><tbody><tr><td><a href=\"https:\/\/agora.xtec.cat\/iessalvadorsegui\/estudis\/cfgs-optica-dullera\/\">CFGS \u00d2ptica d\u2019ullera<\/a><\/td><td><a href=\"https:\/\/agora.xtec.cat\/iessalvadorsegui\/estudis\/cfgm-estetica-i-bellesa\/\">CFGM Est\u00e8tica i bellesa<\/a><\/td><td><a href=\"https:\/\/agora.xtec.cat\/iessalvadorsegui\/estudis\/cfgm-cures-auxiliars-dinfermeria\/\">CFGM Cures auxiliars d\u2019infermeria<\/a><\/td><td><a href=\"https:\/\/agora.xtec.cat\/iessalvadorsegui\/estudis\/cfgm-atencio-a-persones-en-situacio-de-dependencia\/\">CFGM Atenci\u00f3 a persones en situaci\u00f3 de depend\u00e8ncia<\/a><\/td><\/tr><tr><td>&nbsp;<\/td><td><a href=\"https:\/\/agora.xtec.cat\/iessalvadorsegui\/estudis\/cfgm-perruqueria-i-cosmetica-capillar-2\/\">CFGM Perruqueria i cosm\u00e8tica capil\u00b7lar<\/a><\/td><td><a href=\"https:\/\/agora.xtec.cat\/iessalvadorsegui\/estudis\/cfgs-audiologia-protetica\/\">CFGS Audiologia prot\u00e8tica<\/a><\/td><td><a href=\"https:\/\/agora.xtec.cat\/iessalvadorsegui\/estudis\/cfgs-animacio-sociocultural-i-turistica\/\">CFGS Animaci\u00f3 sociocultural i tur\u00edstica<\/a><\/td><\/tr><tr><td>&nbsp;<\/td><td><a href=\"https:\/\/agora.xtec.cat\/iessalvadorsegui\/estudis\/cfgs-estetica-integral-i-benestar\/\">CFGS Est\u00e8tica integral i benestar<\/a><\/td><td><a href=\"https:\/\/agora.xtec.cat\/iessalvadorsegui\/estudis\/cfgs-higiene-bucodental\/\">CFGS Higiene bucodental<\/a><\/td><td><a href=\"https:\/\/agora.xtec.cat\/iessalvadorsegui\/estudis\/cfgs-educacio-infantil\/\">CFGS Educaci\u00f3 infantil<\/a><\/td><\/tr><tr><td>&nbsp;<\/td><td><a href=\"https:\/\/agora.xtec.cat\/iessalvadorsegui\/estudis\/cfgs-estilisme-i-direccio-de-perruqueria\/\">CFGS Estilisme i direcci\u00f3 de perruqueria<\/a><\/td><td><a href=\"https:\/\/agora.xtec.cat\/iessalvadorsegui\/estudis\/cfgs-ortoprotesi-i-productes-de-suport\/\">CFGS Ortopr\u00f2tesi i productes de suport<\/a><\/td><td><a href=\"https:\/\/agora.xtec.cat\/iessalvadorsegui\/estudis\/cfgs-integracio-social\/\">CFGS Integraci\u00f3 social<\/a><\/td><\/tr><tr><td>&nbsp;<\/td><td><a href=\"https:\/\/agora.xtec.cat\/iessalvadorsegui\/estudis\/cfgs-termalisme-i-benestar\/\">CFGS Termalisme i Benestar<\/a><\/td><td><a href=\"https:\/\/agora.xtec.cat\/iessalvadorsegui\/estudis\/cfgs-protesis-dentals\/\">CFGS Pr\u00f2tesis dentals<\/a><\/td><td>&nbsp;<\/td><\/tr><tr><td>&nbsp;<\/td><td><a href=\"https:\/\/agora.xtec.cat\/iessalvadorsegui\/estudis\/pfi-auxiliar-en-imatge-personal\/\">PFI Auxiliar d\u2019imatge personal: perruqueria i est\u00e8tica<\/a><\/td><td>&nbsp;<\/td><td>&nbsp;<\/td><\/tr><\/tbody><\/table><\/figure>\n","protected":false},"excerpt":{"rendered":"<p>FABRICACI\u00d3 MEC\u00c0NICA IMATGE PERSONAL SANITAT SERVEIS SOCIOCULTURALS i A LA COMUNITAT CFGS \u00d2ptica d\u2019ullera CFGM Est\u00e8tica i bellesa CFGM Cures auxiliars d\u2019infermeria CFGM Atenci\u00f3 a persones en situaci\u00f3 de depend\u00e8ncia &nbsp; CFGM Perruqueria i cosm\u00e8tica capil\u00b7lar CFGS Audiologia prot\u00e8tica CFGS Animaci\u00f3 sociocultural i tur\u00edstica &nbsp; CFGS Est\u00e8tica integral i benestar CFGS Higiene bucodental CFGS Educaci\u00f3 [&hellip;]<\/p>\n","protected":false},"author":1,"featured_media":0,"parent":0,"menu_order":0,"comment_status":"closed","ping_status":"closed","template":"","meta":{"_bbp_topic_count":0,"_bbp_reply_count":0,"_bbp_total_topic_count":0,"_bbp_total_reply_count":0,"_bbp_voice_count":0,"_bbp_anonymous_reply_count":0,"_bbp_topic_count_hidden":0,"_bbp_reply_count_hidden":0,"_bbp_forum_subforum_count":0,"site-sidebar-layout":"default","site-content-layout":"","ast-site-content-layout":"default","site-content-style":"default","site-sidebar-style":"default","ast-global-header-display":"","ast-banner-title-visibility":"","ast-main-header-display":"","ast-hfb-above-header-display":"","ast-hfb-below-header-display":"","ast-hfb-mobile-header-display":"","site-post-title":"","ast-breadcrumbs-content":"","ast-featured-img":"","footer-sml-layout":"","theme-transparent-header-meta":"","adv-header-id-meta":"","stick-header-meta":"","header-above-stick-meta":"","header-main-stick-meta":"","header-below-stick-meta":"","astra-migrate-meta-layouts":"set","ast-page-background-enabled":"default","ast-page-background-meta":{"desktop":{"background-color":"var(--ast-global-color-4)","background-image":"","background-repeat":"repeat","background-position":"center center","background-size":"auto","background-attachment":"scroll","background-type":"","background-media":"","overlay-type":"","overlay-color":"","overlay-opacity":"","overlay-gradient":""},"tablet":{"background-color":"","background-image":"","background-repeat":"repeat","background-position":"center center","background-size":"auto","background-attachment":"scroll","background-type":"","background-media":"","overlay-type":"","overlay-color":"","overlay-opacity":"","overlay-gradient":""},"mobile":{"background-color":"","background-image":"","background-repeat":"repeat","background-position":"center center","background-size":"auto","background-attachment":"scroll","background-type":"","background-media":"","overlay-type":"","overlay-color":"","overlay-opacity":"","overlay-gradient":""}},"ast-content-background-meta":{"desktop":{"background-color":"var(--ast-global-color-5)","background-image":"","background-repeat":"repeat","background-position":"center center","background-size":"auto","background-attachment":"scroll","background-type":"","background-media":"","overlay-type":"","overlay-color":"","overlay-opacity":"","overlay-gradient":""},"tablet":{"background-color":"var(--ast-global-color-5)","background-image":"","background-repeat":"repeat","background-position":"center center","background-size":"auto","background-attachment":"scroll","background-type":"","background-media":"","overlay-type":"","overlay-color":"","overlay-opacity":"","overlay-gradient":""},"mobile":{"background-color":"var(--ast-global-color-5)","background-image":"","background-repeat":"repeat","background-position":"center center","background-size":"auto","background-attachment":"scroll","background-type":"","background-media":"","overlay-type":"","overlay-color":"","overlay-opacity":"","overlay-gradient":""}},"footnotes":""},"class_list":["post-1060","page","type-page","status-publish","hentry"],"post_mailing_queue_ids":[],"_links":{"self":[{"href":"https:\/\/agora.xtec.cat\/iessalvadorsegui\/wp-json\/wp\/v2\/pages\/1060","targetHints":{"allow":["GET"]}}],"collection":[{"href":"https:\/\/agora.xtec.cat\/iessalvadorsegui\/wp-json\/wp\/v2\/pages"}],"about":[{"href":"https:\/\/agora.xtec.cat\/iessalvadorsegui\/wp-json\/wp\/v2\/types\/page"}],"author":[{"embeddable":true,"href":"https:\/\/agora.xtec.cat\/iessalvadorsegui\/wp-json\/wp\/v2\/users\/1"}],"replies":[{"embeddable":true,"href":"https:\/\/agora.xtec.cat\/iessalvadorsegui\/wp-json\/wp\/v2\/comments?post=1060"}],"version-history":[{"count":6,"href":"https:\/\/agora.xtec.cat\/iessalvadorsegui\/wp-json\/wp\/v2\/pages\/1060\/revisions"}],"predecessor-version":[{"id":11007,"href":"https:\/\/agora.xtec.cat\/iessalvadorsegui\/wp-json\/wp\/v2\/pages\/1060\/revisions\/11007"}],"wp:attachment":[{"href":"https:\/\/agora.xtec.cat\/iessalvadorsegui\/wp-json\/wp\/v2\/media?parent=1060"}],"curies":[{"name":"wp","href":"https:\/\/api.w.org\/{rel}","templated":true}]}}