{"id":1043,"date":"2020-03-31T13:52:41","date_gmt":"2020-03-31T11:52:41","guid":{"rendered":"https:\/\/agora.xtec.cat\/iessalvadorsegui\/?page_id=1043"},"modified":"2026-03-03T11:11:09","modified_gmt":"2026-03-03T10:11:09","slug":"cfgs-estetica-integral-i-benestar","status":"publish","type":"page","link":"https:\/\/agora.xtec.cat\/iessalvadorsegui\/estudis\/cfgs-estetica-integral-i-benestar\/","title":{"rendered":"CFGS Est\u00e8tica integral i benestar"},"content":{"rendered":"\n<p>Cicle Formatiu de Grau Superior en Imatge Personal amb formaci\u00f3 dual<\/p>\n\n\n\n<p>El <strong>CFGS en Est\u00e8tica Integral i Benestar<\/strong> \u00e9s un cicle formatiu de grau superior de la fam\u00edlia professional d\u2019Imatge Personal que prepara professionals qualificats en l\u2019\u00e0mbit dels tractaments est\u00e8tics facials i corporals, la cosm\u00e8tica avan\u00e7ada i el benestar integral.<\/p>\n\n\n\n<p>Aquests <strong>estudis d\u2019est\u00e8tica de grau superior<\/strong> capaciten l\u2019alumnat per dissenyar, aplicar i supervisar protocols d\u2019est\u00e8tica integral, t\u00e8cniques de maquillatge professional, tractaments corporals especialitzats i assessorament est\u00e8tic personalitzat. El programa combina coneixements cient\u00edfics, compet\u00e8ncies t\u00e8cniques i habilitats d\u2019atenci\u00f3 al client, imprescindibles per al desenvolupament professional en el sector de la imatge personal i el benestar.<\/p>\n\n\n\n<p>La metodologia formativa es basa en un aprenentatge pr\u00e0ctic en tallers equipats amb tecnologia professional. El cicle incorpora <strong>modalitat de formaci\u00f3 dual i <a href=\"https:\/\/agora.xtec.cat\/iessalvadorsegui\/estudis\/cfgs-estetica-integral-i-benestar\/fp-dual-al-cfgs-estetica-integral-i-benestar\/\">dual intensiva<\/a><\/strong>, fet que permet compaginar la formaci\u00f3 al centre educatiu amb l\u2019activitat professional remunerada en empreses del sector. Aquest model refor\u00e7a l\u2019experi\u00e8ncia real, la connexi\u00f3 amb el teixit empresarial i millora significativament la inserci\u00f3 laboral.<\/p>\n\n\n\n<p>Aquest <strong>cicle superior d\u2019est\u00e8tica amb formaci\u00f3 dual<\/strong> est\u00e0 dirigit a persones amb inter\u00e8s per la bellesa, la salut est\u00e8tica i el benestar, que vulguin accedir a una titulaci\u00f3 oficial amb alta demanda en el mercat laboral.<\/p>\n\n\n\n<hr class=\"wp-block-separator has-alpha-channel-opacity\"\/>\n\n\n\n<p><\/p>\n\n\n<table style=\"width: 100%; border-collapse: collapse; border-style: none; height: 343px;\">\n<tbody>\n<tr style=\"height: 23px;\">\n<td style=\"width: 33.3333%; border-style: none; text-align: center; height: 23px;\">Flyer (clicar a la imatge per visualitzar-ho)<\/td>\n<td style=\"width: 33%; border-style: none; text-align: center; height: 23px;\">Resum del CFGS Est\u00e8tica integral i benestar<\/td>\n<\/tr>\n<tr style=\"height: 320px;\">\n<td style=\"width: 33.3333%; border-style: none; text-align: center; height: 320px;\"><a href=\"https:\/\/agora.xtec.cat\/iessalvadorsegui\/wp-content\/uploads\/usu2033\/2024\/04\/Flyer-GFGS-Estetica-integral-benestar.pdf\"><img loading=\"lazy\" decoding=\"async\" class=\"aligncenter wp-image-8190 size-medium\" src=\"https:\/\/agora.xtec.cat\/iessalvadorsegui\/wp-content\/uploads\/usu2033\/2024\/04\/IconaPDF-EST-211x300.png\" alt=\"\" width=\"211\" height=\"300\" srcset=\"https:\/\/agora.xtec.cat\/iessalvadorsegui\/wp-content\/uploads\/usu2033\/2024\/04\/IconaPDF-EST-211x300.png 211w, https:\/\/agora.xtec.cat\/iessalvadorsegui\/wp-content\/uploads\/usu2033\/2024\/04\/IconaPDF-EST.png 554w\" sizes=\"auto, (max-width: 211px) 100vw, 211px\" \/><\/a><\/td>\n<td style=\"width: 33%; border-style: none; text-align: center; height: 320px;\"><iframe loading=\"lazy\" title=\"YouTube video player\" src=\"\/\/www.youtube.com\/embed\/aWBNz3gpmLw?si=hDCaXM-cxZaq9Lnc\" width=\"560\" height=\"315\" frameborder=\"0\" allowfullscreen=\"allowfullscreen\"><\/iframe><\/td>\n<\/tr>\n<\/tbody>\n<\/table>","protected":false},"excerpt":{"rendered":"<p>Cicle Formatiu de Grau Superior en Imatge Personal amb formaci\u00f3 dual El CFGS en Est\u00e8tica Integral i Benestar \u00e9s un cicle formatiu de grau superior de la fam\u00edlia professional d\u2019Imatge Personal que prepara professionals qualificats en l\u2019\u00e0mbit dels tractaments est\u00e8tics facials i corporals, la cosm\u00e8tica avan\u00e7ada i el benestar integral. Aquests estudis d\u2019est\u00e8tica de grau [&hellip;]<\/p>\n","protected":false},"author":1,"featured_media":0,"parent":1060,"menu_order":0,"comment_status":"closed","ping_status":"closed","template":"","meta":{"_bbp_topic_count":0,"_bbp_reply_count":0,"_bbp_total_topic_count":0,"_bbp_total_reply_count":0,"_bbp_voice_count":0,"_bbp_anonymous_reply_count":0,"_bbp_topic_count_hidden":0,"_bbp_reply_count_hidden":0,"_bbp_forum_subforum_count":0,"site-sidebar-layout":"default","site-content-layout":"","ast-site-content-layout":"default","site-content-style":"default","site-sidebar-style":"default","ast-global-header-display":"","ast-banner-title-visibility":"","ast-main-header-display":"","ast-hfb-above-header-display":"","ast-hfb-below-header-display":"","ast-hfb-mobile-header-display":"","site-post-title":"","ast-breadcrumbs-content":"","ast-featured-img":"","footer-sml-layout":"","theme-transparent-header-meta":"","adv-header-id-meta":"","stick-header-meta":"","header-above-stick-meta":"","header-main-stick-meta":"","header-below-stick-meta":"","astra-migrate-meta-layouts":"set","ast-page-background-enabled":"default","ast-page-background-meta":{"desktop":{"background-color":"var(--ast-global-color-4)","background-image":"","background-repeat":"repeat","background-position":"center center","background-size":"auto","background-attachment":"scroll","background-type":"","background-media":"","overlay-type":"","overlay-color":"","overlay-opacity":"","overlay-gradient":""},"tablet":{"background-color":"","background-image":"","background-repeat":"repeat","background-position":"center center","background-size":"auto","background-attachment":"scroll","background-type":"","background-media":"","overlay-type":"","overlay-color":"","overlay-opacity":"","overlay-gradient":""},"mobile":{"background-color":"","background-image":"","background-repeat":"repeat","background-position":"center center","background-size":"auto","background-attachment":"scroll","background-type":"","background-media":"","overlay-type":"","overlay-color":"","overlay-opacity":"","overlay-gradient":""}},"ast-content-background-meta":{"desktop":{"background-color":"var(--ast-global-color-5)","background-image":"","background-repeat":"repeat","background-position":"center center","background-size":"auto","background-attachment":"scroll","background-type":"","background-media":"","overlay-type":"","overlay-color":"","overlay-opacity":"","overlay-gradient":""},"tablet":{"background-color":"var(--ast-global-color-5)","background-image":"","background-repeat":"repeat","background-position":"center center","background-size":"auto","background-attachment":"scroll","background-type":"","background-media":"","overlay-type":"","overlay-color":"","overlay-opacity":"","overlay-gradient":""},"mobile":{"background-color":"var(--ast-global-color-5)","background-image":"","background-repeat":"repeat","background-position":"center center","background-size":"auto","background-attachment":"scroll","background-type":"","background-media":"","overlay-type":"","overlay-color":"","overlay-opacity":"","overlay-gradient":""}},"footnotes":""},"class_list":["post-1043","page","type-page","status-publish","hentry"],"post_mailing_queue_ids":[],"_links":{"self":[{"href":"https:\/\/agora.xtec.cat\/iessalvadorsegui\/wp-json\/wp\/v2\/pages\/1043","targetHints":{"allow":["GET"]}}],"collection":[{"href":"https:\/\/agora.xtec.cat\/iessalvadorsegui\/wp-json\/wp\/v2\/pages"}],"about":[{"href":"https:\/\/agora.xtec.cat\/iessalvadorsegui\/wp-json\/wp\/v2\/types\/page"}],"author":[{"embeddable":true,"href":"https:\/\/agora.xtec.cat\/iessalvadorsegui\/wp-json\/wp\/v2\/users\/1"}],"replies":[{"embeddable":true,"href":"https:\/\/agora.xtec.cat\/iessalvadorsegui\/wp-json\/wp\/v2\/comments?post=1043"}],"version-history":[{"count":6,"href":"https:\/\/agora.xtec.cat\/iessalvadorsegui\/wp-json\/wp\/v2\/pages\/1043\/revisions"}],"predecessor-version":[{"id":10905,"href":"https:\/\/agora.xtec.cat\/iessalvadorsegui\/wp-json\/wp\/v2\/pages\/1043\/revisions\/10905"}],"up":[{"embeddable":true,"href":"https:\/\/agora.xtec.cat\/iessalvadorsegui\/wp-json\/wp\/v2\/pages\/1060"}],"wp:attachment":[{"href":"https:\/\/agora.xtec.cat\/iessalvadorsegui\/wp-json\/wp\/v2\/media?parent=1043"}],"curies":[{"name":"wp","href":"https:\/\/api.w.org\/{rel}","templated":true}]}}