{"id":1039,"date":"2020-03-31T13:52:05","date_gmt":"2020-03-31T11:52:05","guid":{"rendered":"https:\/\/agora.xtec.cat\/iessalvadorsegui\/?page_id=1039"},"modified":"2026-01-28T19:27:58","modified_gmt":"2026-01-28T18:27:58","slug":"cfgm-estetica-i-bellesa","status":"publish","type":"page","link":"https:\/\/agora.xtec.cat\/iessalvadorsegui\/estudis\/cfgm-estetica-i-bellesa\/","title":{"rendered":"CFGM Est\u00e8tica i bellesa"},"content":{"rendered":"\n<p>\u00a0El <strong>Cicle Formatiu de Grau Mitj\u00e0 d\u2019Est\u00e8tica i Bellesa<\/strong> de l\u2019Institut Salvador Segu\u00ed ofereix una formaci\u00f3 pr\u00e0ctica i propera al m\u00f3n laboral, pensada per a l\u2019alumnat que vol formar-se com a professional del sector de la imatge personal. Al llarg de <strong>dos cursos<\/strong>, els i les estudiants aprenen a realitzar tractaments est\u00e8tics facials i corporals, maquillatge, depilaci\u00f3, manicura, pedicura i altres serveis de bellesa, utilitzant material i equipaments propis d\u2019un entorn professional.<\/p>\n\n\n\n<p>La formaci\u00f3 combina classes te\u00f2riques amb molta pr\u00e0ctica en tallers, fet que permet adquirir seguretat, autonomia i habilitats reals per al futur professional. A m\u00e9s, el cicle inclou <strong>pr\u00e0ctiques en empreses<\/strong>, que faciliten el primer contacte amb el m\u00f3n laboral i ajuden a con\u00e8ixer de primera m\u00e0 el funcionament dels centres d\u2019est\u00e8tica i bellesa.<\/p>\n\n\n\n<p>A l\u2019INS Salvador Segu\u00ed tamb\u00e9 donem molta import\u00e0ncia a la <strong>conviv\u00e8ncia, el respecte i el treball en equip<\/strong>. El cicle es desenvolupa en un ambient proper i acollidor, on es fomenten les bones relacions, la responsabilitat, la comunicaci\u00f3 i l\u2019atenci\u00f3 correcta al client, valors essencials tant dins del centre com en l\u2019\u00e0mbit professional.<\/p>\n\n\n\n<p>Aquest cicle prepara l\u2019alumnat per incorporar-se al m\u00f3n laboral com a esteticista, maquillador o maquilladora, especialista en mans i peus o assessor\/a en productes cosm\u00e8tics, i tamb\u00e9 obre la porta a continuar formant-se en estudis de grau superior relacionats amb la imatge personal.<\/p>\n\n\n\n<figure class=\"wp-block-table\"><table class=\"has-fixed-layout\"><tbody><tr><td>Flyer (clicar a la imatge per visualitzar-ho)<\/td><td>Resum del CFGM Est\u00e8tica i bellesa<\/td><\/tr><tr><td><figure><a href=\"https:\/\/agora.xtec.cat\/iessalvadorsegui\/wp-content\/uploads\/usu2033\/2024\/04\/Flyer-GFGM-Estetica-i-bellesa.pdf\"><img loading=\"lazy\" decoding=\"async\" class=\"aligncenter wp-image-8202 size-medium\" src=\"https:\/\/agora.xtec.cat\/iessalvadorsegui\/wp-content\/uploads\/usu2033\/2024\/04\/IconaPDF-EIB-211x300.png\" alt=\"\" width=\"211\" height=\"300\" srcset=\"https:\/\/agora.xtec.cat\/iessalvadorsegui\/wp-content\/uploads\/usu2033\/2024\/04\/IconaPDF-EIB-211x300.png 211w, https:\/\/agora.xtec.cat\/iessalvadorsegui\/wp-content\/uploads\/usu2033\/2024\/04\/IconaPDF-EIB.png 553w\" sizes=\"auto, (max-width: 211px) 100vw, 211px\" \/><\/a><\/figure><\/td><td><iframe loading=\"lazy\" title=\"YouTube video player\" src=\"\/\/www.youtube.com\/embed\/YpXdNuaEGSo?si=CI8c4JTJNEmN9jS6\" width=\"560\" height=\"315\" frameborder=\"0\" allowfullscreen=\"allowfullscreen\"><\/iframe><\/td><\/tr><\/tbody><\/table><\/figure>\n\n\n\n<p>&nbsp;<\/p>\n","protected":false},"excerpt":{"rendered":"<p>\u00a0El Cicle Formatiu de Grau Mitj\u00e0 d\u2019Est\u00e8tica i Bellesa de l\u2019Institut Salvador Segu\u00ed ofereix una formaci\u00f3 pr\u00e0ctica i propera al m\u00f3n laboral, pensada per a l\u2019alumnat que vol formar-se com a professional del sector de la imatge personal. Al llarg de dos cursos, els i les estudiants aprenen a realitzar tractaments est\u00e8tics facials i corporals, [&hellip;]<\/p>\n","protected":false},"author":1,"featured_media":0,"parent":1060,"menu_order":0,"comment_status":"closed","ping_status":"closed","template":"","meta":{"_bbp_topic_count":0,"_bbp_reply_count":0,"_bbp_total_topic_count":0,"_bbp_total_reply_count":0,"_bbp_voice_count":0,"_bbp_anonymous_reply_count":0,"_bbp_topic_count_hidden":0,"_bbp_reply_count_hidden":0,"_bbp_forum_subforum_count":0,"site-sidebar-layout":"default","site-content-layout":"","ast-site-content-layout":"default","site-content-style":"default","site-sidebar-style":"default","ast-global-header-display":"","ast-banner-title-visibility":"","ast-main-header-display":"","ast-hfb-above-header-display":"","ast-hfb-below-header-display":"","ast-hfb-mobile-header-display":"","site-post-title":"","ast-breadcrumbs-content":"","ast-featured-img":"","footer-sml-layout":"","theme-transparent-header-meta":"","adv-header-id-meta":"","stick-header-meta":"","header-above-stick-meta":"","header-main-stick-meta":"","header-below-stick-meta":"","astra-migrate-meta-layouts":"set","ast-page-background-enabled":"default","ast-page-background-meta":{"desktop":{"background-color":"var(--ast-global-color-4)","background-image":"","background-repeat":"repeat","background-position":"center center","background-size":"auto","background-attachment":"scroll","background-type":"","background-media":"","overlay-type":"","overlay-color":"","overlay-opacity":"","overlay-gradient":""},"tablet":{"background-color":"","background-image":"","background-repeat":"repeat","background-position":"center center","background-size":"auto","background-attachment":"scroll","background-type":"","background-media":"","overlay-type":"","overlay-color":"","overlay-opacity":"","overlay-gradient":""},"mobile":{"background-color":"","background-image":"","background-repeat":"repeat","background-position":"center center","background-size":"auto","background-attachment":"scroll","background-type":"","background-media":"","overlay-type":"","overlay-color":"","overlay-opacity":"","overlay-gradient":""}},"ast-content-background-meta":{"desktop":{"background-color":"var(--ast-global-color-5)","background-image":"","background-repeat":"repeat","background-position":"center center","background-size":"auto","background-attachment":"scroll","background-type":"","background-media":"","overlay-type":"","overlay-color":"","overlay-opacity":"","overlay-gradient":""},"tablet":{"background-color":"var(--ast-global-color-5)","background-image":"","background-repeat":"repeat","background-position":"center center","background-size":"auto","background-attachment":"scroll","background-type":"","background-media":"","overlay-type":"","overlay-color":"","overlay-opacity":"","overlay-gradient":""},"mobile":{"background-color":"var(--ast-global-color-5)","background-image":"","background-repeat":"repeat","background-position":"center center","background-size":"auto","background-attachment":"scroll","background-type":"","background-media":"","overlay-type":"","overlay-color":"","overlay-opacity":"","overlay-gradient":""}},"footnotes":""},"class_list":["post-1039","page","type-page","status-publish","hentry"],"post_mailing_queue_ids":[],"_links":{"self":[{"href":"https:\/\/agora.xtec.cat\/iessalvadorsegui\/wp-json\/wp\/v2\/pages\/1039","targetHints":{"allow":["GET"]}}],"collection":[{"href":"https:\/\/agora.xtec.cat\/iessalvadorsegui\/wp-json\/wp\/v2\/pages"}],"about":[{"href":"https:\/\/agora.xtec.cat\/iessalvadorsegui\/wp-json\/wp\/v2\/types\/page"}],"author":[{"embeddable":true,"href":"https:\/\/agora.xtec.cat\/iessalvadorsegui\/wp-json\/wp\/v2\/users\/1"}],"replies":[{"embeddable":true,"href":"https:\/\/agora.xtec.cat\/iessalvadorsegui\/wp-json\/wp\/v2\/comments?post=1039"}],"version-history":[{"count":6,"href":"https:\/\/agora.xtec.cat\/iessalvadorsegui\/wp-json\/wp\/v2\/pages\/1039\/revisions"}],"predecessor-version":[{"id":10439,"href":"https:\/\/agora.xtec.cat\/iessalvadorsegui\/wp-json\/wp\/v2\/pages\/1039\/revisions\/10439"}],"up":[{"embeddable":true,"href":"https:\/\/agora.xtec.cat\/iessalvadorsegui\/wp-json\/wp\/v2\/pages\/1060"}],"wp:attachment":[{"href":"https:\/\/agora.xtec.cat\/iessalvadorsegui\/wp-json\/wp\/v2\/media?parent=1039"}],"curies":[{"name":"wp","href":"https:\/\/api.w.org\/{rel}","templated":true}]}}