{"id":921,"date":"2021-01-12T18:04:02","date_gmt":"2021-01-12T17:04:02","guid":{"rendered":"https:\/\/agora.xtec.cat\/iessalvadorespriu-salt\/?page_id=921"},"modified":"2024-06-15T16:50:48","modified_gmt":"2024-06-15T14:50:48","slug":"com","status":"publish","type":"page","link":"https:\/\/agora.xtec.cat\/iessalvadorespriu-salt\/serveis\/com\/","title":{"rendered":"Comunicaci\u00f3 i Entorn"},"content":{"rendered":"<p><a href=\"https:\/\/agora.xtec.cat\/iessalvadorespriu-salt\/wp-content\/uploads\/usu2103\/2023\/02\/WWD_Communication.jpg\"><img loading=\"lazy\" decoding=\"async\" class=\"alignright size-medium wp-image-4007\" src=\"https:\/\/agora.xtec.cat\/iessalvadorespriu-salt\/wp-content\/uploads\/usu2103\/2023\/02\/WWD_Communication-217x300.jpg\" alt=\"\" width=\"217\" height=\"300\" srcset=\"https:\/\/agora.xtec.cat\/iessalvadorespriu-salt\/wp-content\/uploads\/usu2103\/2023\/02\/WWD_Communication-217x300.jpg 217w, https:\/\/agora.xtec.cat\/iessalvadorespriu-salt\/wp-content\/uploads\/usu2103\/2023\/02\/WWD_Communication-739x1024.jpg 739w, https:\/\/agora.xtec.cat\/iessalvadorespriu-salt\/wp-content\/uploads\/usu2103\/2023\/02\/WWD_Communication-768x1064.jpg 768w, https:\/\/agora.xtec.cat\/iessalvadorespriu-salt\/wp-content\/uploads\/usu2103\/2023\/02\/WWD_Communication.jpg 800w\" sizes=\"auto, (max-width: 217px) 100vw, 217px\" \/><\/a>El centre compta amb una <strong>Coordinaci\u00f3 i Comissi\u00f3 de Comunicaci\u00f3<\/strong>. Les seves funcions i compet\u00e8ncies inclouen tant la transmissi\u00f3 del que es fa a l&#8217;Institut cap a fora (amb la gesti\u00f3 operativament intel\u00b7ligent de les xarxes socials, la web, les relacions amb la premsa i els mitjans, etc.),<strong> la comunicaci\u00f3 p\u00fablica<\/strong>, com tamb\u00e9 el seguiment i la millora de la flu\u00efdesa i l&#8217;efic\u00e0cia de la <strong>comunicaci\u00f3 interna<\/strong>.<\/p>\n<p>Actualment, s&#8217;est\u00e0 implementant una s\u00e8rie de processos i de bases per anar millorant de manera constant i evidenciable: una l\u00ednia gr\u00e0fica coherent, l&#8217;atenci\u00f3 als processos de gesti\u00f3 de la informaci\u00f3, la visibilitat a les diferents xarxes socials, l&#8217;arxiu textual i audiovisual del centre, les pantalles amb la seva funci\u00f3 tant informativa com motivadora, l&#8217;atenci\u00f3 als clients (fam\u00edlies i alumnes, i la comunitat i l&#8217;entorn), etc.<\/p>\n<p>Les principals <strong>xarxes socials<\/strong> del centre s\u00f3n: <a href=\"https:\/\/x.com\/espriusalt\" target=\"_blank\" rel=\"noopener\">Twitter<\/a>, <a href=\"https:\/\/www.instagram.com\/espriusalt\/\" target=\"_blank\" rel=\"noopener\">Instagram<\/a>, <a href=\"https:\/\/www.facebook.com\/espriusalt\" target=\"_blank\" rel=\"noopener\">Facebook<\/a>,&#8230; per\u00f2 tamb\u00e9 tenim canals a <a href=\"https:\/\/vimeo.com\/espriutv\" target=\"_blank\" rel=\"noopener\">Vimeo<\/a> i a <a href=\"https:\/\/www.youtube.com\/channel\/UCbuG4prFClZYEdMxiZ0ABVQ\" target=\"_blank\" rel=\"noopener\">Youtube<\/a> aix\u00ed com algunes intervencions a TikTok i \u00e0mbits innovadors.<\/p>\n<p><strong>Refer\u00e8ncies<\/strong><\/p>\n<ul>\n<li style=\"list-style-type: none;\">\n<ul>\n<li><a href=\"https:\/\/x.com\/espriusalt\" target=\"_blank\" rel=\"noopener\">Twitter<\/a><\/li>\n<li><a href=\"https:\/\/www.instagram.com\/espriusalt\/\" target=\"_blank\" rel=\"noopener\">Instagram<\/a><\/li>\n<li><a href=\"https:\/\/www.facebook.com\/espriusalt\" target=\"_blank\" rel=\"noopener\">Facebook<\/a><\/li>\n<li><a href=\"https:\/\/docs.google.com\/spreadsheets\/d\/e\/2PACX-1vQjcPq6PrHibPPCsDrBtAnPJY_UQc8DBr83OpOhzXenFfMv6E1zABp2UpMKIVH7Y9ErYKsGrV9AYPce\/pubhtml?gid=1469929390&amp;single=true\" target=\"_blank\" rel=\"noopener\">Recull de premsa<\/a><\/li>\n<li><a href=\"https:\/\/vimeo.com\/espriutv\" target=\"_blank\" rel=\"noopener\">Espriu TV a Vimeo<\/a><\/li>\n<li><a href=\"https:\/\/www.youtube.com\/channel\/UCbuG4prFClZYEdMxiZ0ABVQ\" target=\"_blank\" rel=\"noopener\">Espriu TV a Youtube<\/a><\/li>\n<\/ul>\n<\/li>\n<\/ul>\n<hr \/>\n<p><span style=\"color: #0000ff;\"><strong>Refer\u00e8ncia<\/strong>: V1-24 (1\/5\/24). CCOM. Aquesta p\u00e0gina pot quedar obsoleta un cop impresa<\/span><\/p>\n","protected":false},"excerpt":{"rendered":"<p><a href=\"https:\/\/agora.xtec.cat\/iessalvadorespriu-salt\/wp-content\/uploads\/usu2103\/2023\/02\/WWD_Communication.jpg\"><\/a>El centre compta amb una Coordinaci\u00f3 i Comissi\u00f3 de Comunicaci\u00f3. Les seves funcions i compet\u00e8ncies inclouen tant la transmissi\u00f3 del que es fa a l&#8217;Institut cap a fora (amb la gesti\u00f3 operativament intel\u00b7ligent de les xarxes socials, la web, les relacions amb la premsa&hellip;  <a href=\"https:\/\/agora.xtec.cat\/iessalvadorespriu-salt\/serveis\/com\/\" title=\"Read Comunicaci\u00f3 i Entorn\">Llegeix m\u00e9s\u00bb<\/a><\/p>\n","protected":false},"author":9,"featured_media":0,"parent":63,"menu_order":0,"comment_status":"closed","ping_status":"closed","template":"page-templates\/side-menu.php","meta":{"_bbp_topic_count":0,"_bbp_reply_count":0,"_bbp_total_topic_count":0,"_bbp_total_reply_count":0,"_bbp_voice_count":0,"_bbp_anonymous_reply_count":0,"_bbp_topic_count_hidden":0,"_bbp_reply_count_hidden":0,"_bbp_forum_subforum_count":0,"footnotes":""},"class_list":["post-921","page","type-page","status-publish","hentry"],"post_mailing_queue_ids":[],"_links":{"self":[{"href":"https:\/\/agora.xtec.cat\/iessalvadorespriu-salt\/wp-json\/wp\/v2\/pages\/921","targetHints":{"allow":["GET"]}}],"collection":[{"href":"https:\/\/agora.xtec.cat\/iessalvadorespriu-salt\/wp-json\/wp\/v2\/pages"}],"about":[{"href":"https:\/\/agora.xtec.cat\/iessalvadorespriu-salt\/wp-json\/wp\/v2\/types\/page"}],"author":[{"embeddable":true,"href":"https:\/\/agora.xtec.cat\/iessalvadorespriu-salt\/wp-json\/wp\/v2\/users\/9"}],"replies":[{"embeddable":true,"href":"https:\/\/agora.xtec.cat\/iessalvadorespriu-salt\/wp-json\/wp\/v2\/comments?post=921"}],"version-history":[{"count":6,"href":"https:\/\/agora.xtec.cat\/iessalvadorespriu-salt\/wp-json\/wp\/v2\/pages\/921\/revisions"}],"predecessor-version":[{"id":5703,"href":"https:\/\/agora.xtec.cat\/iessalvadorespriu-salt\/wp-json\/wp\/v2\/pages\/921\/revisions\/5703"}],"up":[{"embeddable":true,"href":"https:\/\/agora.xtec.cat\/iessalvadorespriu-salt\/wp-json\/wp\/v2\/pages\/63"}],"wp:attachment":[{"href":"https:\/\/agora.xtec.cat\/iessalvadorespriu-salt\/wp-json\/wp\/v2\/media?parent=921"}],"curies":[{"name":"wp","href":"https:\/\/api.w.org\/{rel}","templated":true}]}}