{"id":712,"date":"2020-11-09T12:34:07","date_gmt":"2020-11-09T11:34:07","guid":{"rendered":"https:\/\/agora.xtec.cat\/iessalvadorespriu-salt\/?page_id=712"},"modified":"2022-04-18T19:11:50","modified_gmt":"2022-04-18T17:11:50","slug":"privadesa","status":"publish","type":"page","link":"https:\/\/agora.xtec.cat\/iessalvadorespriu-salt\/privadesa\/","title":{"rendered":"Pol\u00edtica de privadesa"},"content":{"rendered":"<p><strong>Dades identificatives de qui som<\/strong><\/p>\n<ul>\n<li style=\"list-style-type: none;\">\n<ul>\n<li>Nom: Institut Salvador Espriu<\/li>\n<li>Web: EspriuSalt.cat<\/li>\n<li>Titular: Institut Salvador Espriu<\/li>\n<li>NIF: Q6755004F<\/li>\n<li>Correu electr\u00f2nic: b7300203@xtec.cat<\/li>\n<li>Adre\u00e7a: Folch i Torres, 4 &#8211; 17190 Salt (Girona)<\/li>\n<li>Tel\u00e8fon: 972240246<\/li>\n<li>Finalitat del lloc web: informativa<\/li>\n<\/ul>\n<\/li>\n<\/ul>\n<p><strong>Quines dades personals recollim i per qu\u00e8<\/strong><br \/>\n<strong>Comentaris<\/strong><\/p>\n<ul>\n<li style=\"list-style-type: none;\">\n<ul>\n<li>Quan els visitants deixen comentaris a la web, recollim les dades que es mostren al formulari de contacte, aix\u00ed com l\u2019adre\u00e7a IP del visitant i la cadena de l\u2019agent de l\u2019usuari del navegador per ajudar a la detecci\u00f3 de missatges brossa.<\/li>\n<li>Una cadena anonimitzada creada a partir del correu electr\u00f2nic (tamb\u00e9 nomenat un hash) pot proporcionar-se al servei Gravatar per veure si l\u2019esteu usant. La pol\u00edtica de privadesa del servei Gravatar est\u00e0 disponible aqu\u00ed: https:\/\/automattic.com\/privacy\/. Una vegada aprovat el comentari, la imatge del vostre perfil \u00e9s visible al p\u00fablic al context del comentari.<\/li>\n<\/ul>\n<\/li>\n<\/ul>\n<p><strong>M\u00e8dia<\/strong><\/p>\n<ul>\n<li style=\"list-style-type: none;\">\n<ul>\n<li>Si pugeu imatges al lloc web, heu d\u2019evitar pujar imatges que incloguin dades de geolocalitzaci\u00f3 (EXIF GPS) incrustades. Els visitants del lloc web poden descarregar i extreure qualsevol informaci\u00f3 de les imatges de la web.<\/li>\n<li>Les imatges del web s\u00f3n propietat de l&#8217;Institut\u00a0 Salvador Espriu i no poden ser utilitzades sense perm\u00eds.<\/li>\n<\/ul>\n<\/li>\n<\/ul>\n<p><strong>Formularis de contacte<\/strong><br \/>\n<strong>Galetes<\/strong><\/p>\n<ul>\n<li style=\"list-style-type: none;\">\n<ul>\n<li>Si deixeu un comentari en la p\u00e0gina web, podeu optar per desar el nom, l\u2019adre\u00e7a de correu electr\u00f2nic i la p\u00e0gina web en les galetes. Aix\u00f2 \u00e9s per la vostra comoditat perqu\u00e8 no h\u00e0geu d\u2019emplenar les dades de nou quan feu un altre comentari. Aquestes galetes duraran un any.<\/li>\n<li>Si teniu un compte i inicieu sessi\u00f3 en aquesta p\u00e0gina web, es definir\u00e0 una galeta temporal per determinar si el navegador accepta galetes. Aquesta galeta no cont\u00e9 dades personals i es descartar\u00e0 quan tanqueu el navegador.<\/li>\n<li>Quan inicieu sessi\u00f3, tamb\u00e9 es configuraran diverses galetes per desar la informaci\u00f3 d\u2019inici de sessi\u00f3 i les opcions de visualitzaci\u00f3 de la pantalla. Les galeres d\u2019inici de sessi\u00f3 duren dos dies, i les galetes de les opcions de pantalla duren un any. Si seleccioneu \u201cRecordeu-me\u201d, l\u2019inici de sessi\u00f3 persistir\u00e0 durant dues setmanes. Si finalitzeu la sessi\u00f3, les galetes d\u2019inici de sessi\u00f3 seran suprimides.<\/li>\n<li>Si editeu o publiqueu un article, una galeta addicional es desar\u00e0 al navegador. Aquesta galeta no inclou dades personals i simplement indica l\u2019identificador de l\u2019entrada que acabeu d\u2019editar. Expira despr\u00e9s d\u20191 dia.<\/li>\n<\/ul>\n<\/li>\n<\/ul>\n<p><strong>Contingut incrustat d\u2019altres llocs web<\/strong><\/p>\n<ul>\n<li style=\"list-style-type: none;\">\n<ul>\n<li>Els articles en aquesta p\u00e0gina web inclou contingut incrustat (per exemple, v\u00eddeos, imatges, articles, etc.). El contingut incrustat des d\u2019altres p\u00e0gines web es comporta exactament de la mateixa manera com si el visitant estigu\u00e9s visitant l\u2019altra p\u00e0gina web.<\/li>\n<li>Aquestes p\u00e0gines web poden recollir dades sobre v\u00f3s, fer servir galetes, incrustar seguiment addicional de terceres parts, i monitorar la interacci\u00f3 amb el contingut incrustat, incloent-hi la tra\u00e7a de la interacci\u00f3 amb el contingut incrustat si teniu un compte i heu iniciat sessi\u00f3 en aquesta p\u00e0gina web.<\/li>\n<\/ul>\n<\/li>\n<\/ul>\n<p><strong>Anal\u00edtiques<\/strong><\/p>\n<ul>\n<li style=\"list-style-type: none;\">\n<ul>\n<li>Aquest lloc mesura el tr\u00e0nsit amb solucions que utilitzen cookies per analitzar el que succeeix a les nostres p\u00e0gines. Actualment utilitzem Google Analytics per al mesurament del tr\u00e0nsit d\u2019aquest lloc. Les dades d\u2019Analytics per aquest lloc tenen la IP \u2018anonimitzada\u2019 el que vol dir que no es pot tra\u00e7ar la visita. Pot veure m\u00e9s informaci\u00f3 sobre la pol\u00edtica aqu\u00ed:\n<ul>\n<li>Com utilitza Google les dades que recopila en els llocs web<\/li>\n<li>Google (Analytics): Pol\u00edtica de Privadesa de Google Analytics (si vols pots desactivar el seguiment d\u2019Analytics mitjan\u00e7ant aquest complement per al navegador ofert per Google)<\/li>\n<\/ul>\n<\/li>\n<\/ul>\n<\/li>\n<\/ul>\n<p><strong>Amb qui compartim les vostres dades<\/strong><\/p>\n<ul>\n<li style=\"list-style-type: none;\">\n<ul>\n<li>L&#8217;Institut Salvador Espriu no cedir\u00e0 les dades personals dels usuaris a cap tercer sense una base jur\u00eddica que legitimi aquest tractament.<\/li>\n<li>Compartim dades anonimitzades amb Google (Anal\u00edtica) per millorar el nostre servei.<\/li>\n<\/ul>\n<\/li>\n<\/ul>\n<p><strong>Quant de temps retenim les dades<\/strong><\/p>\n<ul>\n<li style=\"list-style-type: none;\">\n<ul>\n<li>Si deixeu un comentari, el comentari i les seves dades meta es retenen indefinidament. Aix\u00f2 \u00e9s per poder recon\u00e8ixer i aprovar autom\u00e0ticament qualsevol comentari de seguiment en lloc de mantenir-los en la cua de moderaci\u00f3.<\/li>\n<li>Per als usuaris que es registren en la web (si hi ha), tamb\u00e9 emmagatzemem la informaci\u00f3 personal que proporcionen al seu perfil d\u2019usuari. Tots els usuaris poden veure, editar o suprimir la seva informaci\u00f3 personal en qualsevol moment (excepte que no poden canviar el seu nom d\u2019usuari). Els administradors de la p\u00e0gina web poden tamb\u00e9 editar aquesta informaci\u00f3.<\/li>\n<\/ul>\n<\/li>\n<\/ul>\n<p><strong>Quins drets teniu sobre les vostres dades<\/strong><\/p>\n<ul>\n<li style=\"list-style-type: none;\">\n<ul>\n<li>Si teniu un compte en aquest lloc web o hi heu deixat comentaris, podeu demanar que us enviem un fitxer d\u2019exportaci\u00f3 de les vostres dades personals, incloent-hi totes les dades que ens h\u00e0geu proporcionat. Tamb\u00e9 podeu demanar que esborrem qualsevol dada personal vostra que tinguem. Aix\u00f2 no inclou les dades que estiguem obligats a conservar amb prop\u00f2sits administratius, legals o de seguretat.<\/li>\n<\/ul>\n<\/li>\n<\/ul>\n","protected":false},"excerpt":{"rendered":"<p>Dades identificatives de qui som<\/p>\n<ul>\n<li style=\"list-style-type: none;\">\n<ul>\n<li>Nom: Institut Salvador Espriu<\/li>\n<li>Web: EspriuSalt.cat<\/li>\n<li>Titular: Institut Salvador Espriu<\/li>\n<li>NIF: Q6755004F<\/li>\n<li>Correu electr\u00f2nic: b7300203@xtec.cat<\/li>\n<li>Adre\u00e7a: Folch i Torres, 4 &#8211; 17190 Salt (Girona)<\/li>\n<li>Tel\u00e8fon: 972240246<\/li>\n<li>Finalitat del lloc web: informativa<\/li>\n<\/ul>\n<\/li>\n<\/ul>\n<p>Quines dades personals recollim i per qu\u00e8<br \/>\nComentaris<\/p>\n<ul>\n<li style=\"list-style-type: none;\">\n<ul>\n<li>Quan els visitants deixen comentaris a la web,&hellip;  <a href=\"https:\/\/agora.xtec.cat\/iessalvadorespriu-salt\/privadesa\/\" title=\"Read Pol\u00edtica de privadesa\">Llegeix m\u00e9s\u00bb<\/a><br \/>\n","protected":false},"author":10,"featured_media":0,"parent":0,"menu_order":0,"comment_status":"closed","ping_status":"closed","template":"","meta":{"_bbp_topic_count":0,"_bbp_reply_count":0,"_bbp_total_topic_count":0,"_bbp_total_reply_count":0,"_bbp_voice_count":0,"_bbp_anonymous_reply_count":0,"_bbp_topic_count_hidden":0,"_bbp_reply_count_hidden":0,"_bbp_forum_subforum_count":0,"footnotes":""},"class_list":["post-712","page","type-page","status-publish","hentry"],"post_mailing_queue_ids":[],"_links":{"self":[{"href":"https:\/\/agora.xtec.cat\/iessalvadorespriu-salt\/wp-json\/wp\/v2\/pages\/712","targetHints":{"allow":["GET"]}}],"collection":[{"href":"https:\/\/agora.xtec.cat\/iessalvadorespriu-salt\/wp-json\/wp\/v2\/pages"}],"about":[{"href":"https:\/\/agora.xtec.cat\/iessalvadorespriu-salt\/wp-json\/wp\/v2\/types\/page"}],"author":[{"embeddable":true,"href":"https:\/\/agora.xtec.cat\/iessalvadorespriu-salt\/wp-json\/wp\/v2\/users\/10"}],"replies":[{"embeddable":true,"href":"https:\/\/agora.xtec.cat\/iessalvadorespriu-salt\/wp-json\/wp\/v2\/comments?post=712"}],"version-history":[{"count":3,"href":"https:\/\/agora.xtec.cat\/iessalvadorespriu-salt\/wp-json\/wp\/v2\/pages\/712\/revisions"}],"predecessor-version":[{"id":3043,"href":"https:\/\/agora.xtec.cat\/iessalvadorespriu-salt\/wp-json\/wp\/v2\/pages\/712\/revisions\/3043"}],"wp:attachment":[{"href":"https:\/\/agora.xtec.cat\/iessalvadorespriu-salt\/wp-json\/wp\/v2\/media?parent=712"}],"curies":[{"name":"wp","href":"https:\/\/api.w.org\/{rel}","templated":true}]}}