{"id":6930,"date":"2025-10-01T12:30:16","date_gmt":"2025-10-01T10:30:16","guid":{"rendered":"https:\/\/agora.xtec.cat\/iessalvadorespriu-salt\/?page_id=6930"},"modified":"2026-03-06T12:25:47","modified_gmt":"2026-03-06T11:25:47","slug":"complecio-cfgm","status":"publish","type":"page","link":"https:\/\/agora.xtec.cat\/iessalvadorespriu-salt\/secretaria\/matricula\/complecio-cfgm\/","title":{"rendered":"Compleci\u00f3 CFGM"},"content":{"rendered":"<p><span style=\"color: #0000ff;\"><strong>Procediment de compleci\u00f3 dels CFGM del pla d&#8217;estudis extingit el curs 24-25<\/strong><\/span><\/p>\n<p>Les persones que haguessin cursat un CFGM al nostre Institut amb curr\u00edculum anterior al del curs 2024-25 i no l&#8217;haguessin finalitzat, tenen l&#8217;opci\u00f3 de finalitzar-lo <strong>mitjan\u00e7ant el procediment de compleci\u00f3<\/strong>. Aquest procediment dona l&#8217;opci\u00f3, durant aquest curs i el seg\u00fcent, d&#8217;aprovar les mat\u00e8ries pendents mitjan\u00e7ant <strong>proves o activitats avaluatives que es faran en dues convocat\u00f2ries<\/strong>, el mes de novembre i el mes d&#8217;abril. En aquest procediment <strong>no hi ha l&#8217;opci\u00f3 d&#8217;assist\u00e8ncia a classe.<\/strong><\/p>\n<p><strong>Matr\u00edcula<\/strong><br \/>\n<span style=\"color: #ff0000;\">De l&#8217;1 al 15 d&#8217;octubre. Permet participar en les convocat\u00f2ries de novembre i d&#8217;abril<\/span><br \/>\n<strong>De l&#8217;1 al 15 de mar\u00e7.<\/strong> Permet participar en la convocat\u00f2ria d&#8217;abril.<\/p>\n<p><strong>Calendari d&#8217;ex\u00e0mens<\/strong> (es concretar\u00e0 oportunament)<br \/>\n<span style=\"color: #ff0000;\">Convocat\u00f2ria de novembre: entre el 17 i el 28<\/span><br \/>\nConvocat\u00f2ria d&#8217;abril: entre el 20 i el 30 &#8211; Horari d&#8217;ex\u00e0mens compleci\u00f3<\/p>\n<p>Per <strong>inscriure&#8217;s<\/strong> en el procediment de compleci\u00f3:<\/p>\n<ul>\n<li style=\"list-style-type: none;\">\n<ul>\n<li><a href=\"https:\/\/forms.gle\/fnRvX2bQYFWT8gZQ8\" target=\"_blank\" rel=\"noopener\"><strong>cal omplir aquest formulari<\/strong><\/a> i<\/li>\n<li>pagar l&#8217;<strong>asseguran\u00e7a<\/strong> (\u20ac1,12), que es cobrar\u00e0 a Oficines, amb un rebut que s&#8217;emetr\u00e0 (data l\u00edmit de pagament: 15\/04)<\/li>\n<\/ul>\n<\/li>\n<\/ul>\n<p><em>V01-26 (02\/03\/26). CE2. Aquesta informaci\u00f3 pot quedar obsoleta un cop impresa<\/em><\/p>\n","protected":false},"excerpt":{"rendered":"<p>Procediment de compleci\u00f3 dels CFGM del pla d&#8217;estudis extingit el curs 24-25<br \/>\nLes persones que haguessin cursat un CFGM al nostre Institut amb curr\u00edculum anterior al del curs 2024-25 i no l&#8217;haguessin finalitzat, tenen l&#8217;opci\u00f3 de finalitzar-lo mitjan\u00e7ant el procediment de compleci\u00f3. Aquest procediment dona l&#8217;opci\u00f3,&hellip;  <a href=\"https:\/\/agora.xtec.cat\/iessalvadorespriu-salt\/secretaria\/matricula\/complecio-cfgm\/\" title=\"Read Compleci\u00f3 CFGM\">Llegeix m\u00e9s\u00bb<\/a><\/p>\n","protected":false},"author":9,"featured_media":0,"parent":1069,"menu_order":10,"comment_status":"closed","ping_status":"closed","template":"page-templates\/side-menu.php","meta":{"_bbp_topic_count":0,"_bbp_reply_count":0,"_bbp_total_topic_count":0,"_bbp_total_reply_count":0,"_bbp_voice_count":0,"_bbp_anonymous_reply_count":0,"_bbp_topic_count_hidden":0,"_bbp_reply_count_hidden":0,"_bbp_forum_subforum_count":0,"footnotes":""},"class_list":["post-6930","page","type-page","status-publish","hentry"],"post_mailing_queue_ids":[],"_links":{"self":[{"href":"https:\/\/agora.xtec.cat\/iessalvadorespriu-salt\/wp-json\/wp\/v2\/pages\/6930","targetHints":{"allow":["GET"]}}],"collection":[{"href":"https:\/\/agora.xtec.cat\/iessalvadorespriu-salt\/wp-json\/wp\/v2\/pages"}],"about":[{"href":"https:\/\/agora.xtec.cat\/iessalvadorespriu-salt\/wp-json\/wp\/v2\/types\/page"}],"author":[{"embeddable":true,"href":"https:\/\/agora.xtec.cat\/iessalvadorespriu-salt\/wp-json\/wp\/v2\/users\/9"}],"replies":[{"embeddable":true,"href":"https:\/\/agora.xtec.cat\/iessalvadorespriu-salt\/wp-json\/wp\/v2\/comments?post=6930"}],"version-history":[{"count":6,"href":"https:\/\/agora.xtec.cat\/iessalvadorespriu-salt\/wp-json\/wp\/v2\/pages\/6930\/revisions"}],"predecessor-version":[{"id":7335,"href":"https:\/\/agora.xtec.cat\/iessalvadorespriu-salt\/wp-json\/wp\/v2\/pages\/6930\/revisions\/7335"}],"up":[{"embeddable":true,"href":"https:\/\/agora.xtec.cat\/iessalvadorespriu-salt\/wp-json\/wp\/v2\/pages\/1069"}],"wp:attachment":[{"href":"https:\/\/agora.xtec.cat\/iessalvadorespriu-salt\/wp-json\/wp\/v2\/media?parent=6930"}],"curies":[{"name":"wp","href":"https:\/\/api.w.org\/{rel}","templated":true}]}}