{"id":63,"date":"2014-09-18T10:06:31","date_gmt":"2014-09-18T08:06:31","guid":{"rendered":"http:\/\/agora.xtec.cat\/iessalvadorespriu-salt\/?page_id=63"},"modified":"2025-11-02T10:59:38","modified_gmt":"2025-11-02T09:59:38","slug":"serveis","status":"publish","type":"page","link":"https:\/\/agora.xtec.cat\/iessalvadorespriu-salt\/serveis\/","title":{"rendered":"Serveis i activitats"},"content":{"rendered":"<p><a href=\"https:\/\/agora.xtec.cat\/iessalvadorespriu-salt\/wp-content\/uploads\/usu2103\/2021\/04\/img_20190329-111343_cole-k1tE-U461319617161uuE-1126x636@RAC1-Web.jpeg\"><img loading=\"lazy\" decoding=\"async\" class=\"alignright wp-image-1822\" src=\"https:\/\/agora.xtec.cat\/iessalvadorespriu-salt\/wp-content\/uploads\/usu2103\/2021\/04\/img_20190329-111343_cole-k1tE-U461319617161uuE-1126x636@RAC1-Web-300x170.jpeg\" alt=\"\" width=\"432\" height=\"245\" srcset=\"https:\/\/agora.xtec.cat\/iessalvadorespriu-salt\/wp-content\/uploads\/usu2103\/2021\/04\/img_20190329-111343_cole-k1tE-U461319617161uuE-1126x636@RAC1-Web-300x170.jpeg 300w, https:\/\/agora.xtec.cat\/iessalvadorespriu-salt\/wp-content\/uploads\/usu2103\/2021\/04\/img_20190329-111343_cole-k1tE-U461319617161uuE-1126x636@RAC1-Web-768x435.jpeg 768w, https:\/\/agora.xtec.cat\/iessalvadorespriu-salt\/wp-content\/uploads\/usu2103\/2021\/04\/img_20190329-111343_cole-k1tE-U461319617161uuE-1126x636@RAC1-Web-1024x579.jpeg 1024w, https:\/\/agora.xtec.cat\/iessalvadorespriu-salt\/wp-content\/uploads\/usu2103\/2021\/04\/img_20190329-111343_cole-k1tE-U461319617161uuE-1126x636@RAC1-Web.jpeg 1124w\" sizes=\"auto, (max-width: 432px) 100vw, 432px\" \/><\/a>Un centre educatiu <strong>\u00e9s molt m\u00e9s que un edifici i que uns centenars d&#8217;estudiants<\/strong> que hi estan matriculats. Ofereix un munt de possibilitats a tota la comunitat educativa i al seu entorn.<\/p>\n<p>Aquests serveis i <strong>les ofertes complement\u00e0ries<\/strong> es van organitzant a poc a poc, amb seny i mesura, per tal de cr\u00e9ixer org\u00e0nicament.<\/p>\n<p>Aqu\u00ed les podreu anar consultant. Per exemple, hi trobareu: <a href=\"https:\/\/agora.xtec.cat\/iessalvadorespriu-salt\/serveis\/biblioteca\/\" target=\"_blank\" rel=\"noopener\">Biblioteca<\/a>, Acredita&#8217;t, Borsa de treball, Mentoria social, <a href=\"https:\/\/www.udg.edu\/ca\/compromis-social\/arees\/voluntariat\/inscriu-te\" target=\"_blank\" rel=\"noopener\">Voluntariat per a universitaris de la UdG<\/a>, Serveis de progr\u00e9s en la digitalitzaci\u00f3 per a les fam\u00edlies, etc.<\/p>\n<p>Alguns exemples:<\/p>\n<ul>\n<li style=\"list-style-type: none;\">\n<ul>\n<li>Les <a href=\"https:\/\/drive.google.com\/file\/d\/1U8ohEmehHOXYAWWL-SlDr6kyP41JinJl\/view\" target=\"_blank\" rel=\"noopener\">assignatures OPT d&#8217;ESO3<\/a> s\u00f3n APS.<\/li>\n<li>Fem <a href=\"https:\/\/agora.xtec.cat\/iessalvadorespriu-salt\/serveis\/orientacio-academica-i-professional\/\" target=\"_blank\" rel=\"noopener\">orientaci\u00f3 acad\u00e8mica i professional<\/a><\/li>\n<li>Tenim una <a href=\"https:\/\/agora.xtec.cat\/iessalvadorespriu-salt\/serveis\/biblioteca\/\" target=\"_blank\" rel=\"noopener\">Biblioteca escolar<\/a><\/li>\n<li>Es promouen for\u00e7a activitats extraescolars:\n<ul>\n<li>compet\u00e8ncia lectora ESO1 i ESO2<\/li>\n<li>compet\u00e8ncia escrita ESO1 i ESO2<\/li>\n<li>excel\u00b7l\u00e8ncia i innovaci\u00f3 ESO1 (Dona ales a la teva curiositat)<\/li>\n<li>ampliaci\u00f3 o refor\u00e7 angl\u00e8s, a tota l&#8217;ESO (Speak up!)<\/li>\n<li>refor\u00e7 escolar ESO3 i ESO4<\/li>\n<li>\u00e0rab<\/li>\n<li>escacs<\/li>\n<li>esports<\/li>\n<\/ul>\n<\/li>\n<li>altres<\/li>\n<\/ul>\n<\/li>\n<li>Hi ha algun espai informatiu i d&#8217;ajuda (<strong>no<\/strong> oficial), per a:\n<ul>\n<li>\u00a0<a href=\"https:\/\/padlet.com\/Recursos_Espriu\/oferta_llibres\" target=\"_blank\" rel=\"noopener\">cessi\u00f3 de llibres d&#8217;estudis postobligatoris<\/a>. Llegiu b\u00e9 les observacions<\/li>\n<li>altres<\/li>\n<\/ul>\n<\/li>\n<\/ul>\n<p><strong>Seguim!<\/strong><\/p>\n","protected":false},"excerpt":{"rendered":"<p><a href=\"https:\/\/agora.xtec.cat\/iessalvadorespriu-salt\/wp-content\/uploads\/usu2103\/2021\/04\/img_20190329-111343_cole-k1tE-U461319617161uuE-1126x636@RAC1-Web.jpeg\"><\/a>Un centre educatiu \u00e9s molt m\u00e9s que un edifici i que uns centenars d&#8217;estudiants que hi estan matriculats. Ofereix un munt de possibilitats a tota la comunitat educativa i al seu entorn.<br \/>\nAquests serveis i les ofertes complement\u00e0ries es van organitzant a poc a poc,&hellip;  <a href=\"https:\/\/agora.xtec.cat\/iessalvadorespriu-salt\/serveis\/\" title=\"Read Serveis i activitats\">Llegeix m\u00e9s\u00bb<\/a><\/p>\n","protected":false},"author":1,"featured_media":0,"parent":0,"menu_order":0,"comment_status":"closed","ping_status":"closed","template":"page-templates\/side-menu.php","meta":{"_bbp_topic_count":0,"_bbp_reply_count":0,"_bbp_total_topic_count":0,"_bbp_total_reply_count":0,"_bbp_voice_count":0,"_bbp_anonymous_reply_count":0,"_bbp_topic_count_hidden":0,"_bbp_reply_count_hidden":0,"_bbp_forum_subforum_count":0,"footnotes":""},"class_list":["post-63","page","type-page","status-publish","hentry"],"post_mailing_queue_ids":[],"_links":{"self":[{"href":"https:\/\/agora.xtec.cat\/iessalvadorespriu-salt\/wp-json\/wp\/v2\/pages\/63","targetHints":{"allow":["GET"]}}],"collection":[{"href":"https:\/\/agora.xtec.cat\/iessalvadorespriu-salt\/wp-json\/wp\/v2\/pages"}],"about":[{"href":"https:\/\/agora.xtec.cat\/iessalvadorespriu-salt\/wp-json\/wp\/v2\/types\/page"}],"author":[{"embeddable":true,"href":"https:\/\/agora.xtec.cat\/iessalvadorespriu-salt\/wp-json\/wp\/v2\/users\/1"}],"replies":[{"embeddable":true,"href":"https:\/\/agora.xtec.cat\/iessalvadorespriu-salt\/wp-json\/wp\/v2\/comments?post=63"}],"version-history":[{"count":4,"href":"https:\/\/agora.xtec.cat\/iessalvadorespriu-salt\/wp-json\/wp\/v2\/pages\/63\/revisions"}],"predecessor-version":[{"id":7003,"href":"https:\/\/agora.xtec.cat\/iessalvadorespriu-salt\/wp-json\/wp\/v2\/pages\/63\/revisions\/7003"}],"wp:attachment":[{"href":"https:\/\/agora.xtec.cat\/iessalvadorespriu-salt\/wp-json\/wp\/v2\/media?parent=63"}],"curies":[{"name":"wp","href":"https:\/\/api.w.org\/{rel}","templated":true}]}}